{"id":1002,"date":"2018-08-22T18:04:37","date_gmt":"2018-08-22T18:04:37","guid":{"rendered":"https:\/\/catolicadeanapolis.edu.br\/biblioteca\/?page_id=1002"},"modified":"2019-11-07T13:08:08","modified_gmt":"2019-11-07T13:08:08","slug":"teologia-2017","status":"publish","type":"page","link":"https:\/\/catolicadeanapolis.edu.br\/biblioteca\/?page_id=1002","title":{"rendered":"Teologia 2017"},"content":{"rendered":"<p>1-\u00a0<a href=\"https:\/\/catolicadeanapolis.edu.br\/biblioteca\/wp-content\/uploads\/2018\/08\/CLAUDIVINO-GOMES-DA-SILVA-2017.pdf\">A MISERIC\u00d3RDIA DIVINA NA CARTA ENC\u00cdCLICA DIVES IN MISERICORDIA<\/a>:\u00a0 <span class=\"fontstyle0\">CLAUDIVINO GOMES DA SILVA<\/span>\u00a0.<\/p>\n<p>2-\u00a0<a href=\"https:\/\/catolicadeanapolis.edu.br\/biblioteca\/wp-content\/uploads\/2018\/08\/EDIMAR-JOS\u00c9-DE-MORAIS-2017.pdf\">ATUALIDADE DA EXORTA\u00c7\u00c3O APOST\u00d3LICA RECONCILIATIO ET PAENITENTIA DE S\u00c3O JO\u00c3O PAULO II, VIV\u00caNCIA NO ANO JUBILAR DA MISERIC\u00d3RDIA (2015 -2016)<\/a>\u00a0:\u00a0 <span class=\"fontstyle0\">EDIMAR JOS\u00c9 DE MORAIS<\/span>\u00a0.<\/p>\n<p>3-\u00a0<a href=\"https:\/\/catolicadeanapolis.edu.br\/biblioteca\/wp-content\/uploads\/2018\/08\/JO\u00c3O-DA-CRUZ-BATISTA-2017.pdf\">MARIA ESTRELA DA EVANGELIZA\u00c7\u00c3O P\u00d3S CONC\u00cdLIO VATICANO II<\/a>\u00a0: JO\u00c3O DA CRUZ BATISTA.<\/p>\n<p>4-\u00a0<a href=\"https:\/\/catolicadeanapolis.edu.br\/biblioteca\/wp-content\/uploads\/2018\/08\/CARLOS-ALBERTO-DE-SOUZA-SANTOS-2017.pdf\">A RELEV\u00c2NCIA DA RELIGI\u00c3O CRIST\u00c3 NA RECUPERA\u00c7\u00c3O DE DETENTOS<\/a>\u00a0: CARLOS ALBERTO DE SOUZA SANTOS<\/p>\n<p>5-\u00a0<a href=\"https:\/\/catolicadeanapolis.edu.br\/biblioteca\/wp-content\/uploads\/2018\/08\/DENILSON-GON\u00c7ALVES-DOS-SANTOS-2017.pdf\">ADORA\u00c7\u00c3O DO SANTO SACRIF\u00cdCIO DA MISSA SEGUNDO OS QUATRO FINS EM S\u00c3O PEDRO JULI\u00c3O EYMARD<\/a>\u00a0:\u00a0 <span class=\"fontstyle0\">DENILSON GON\u00c7ALVES DOS SANTOS<\/span><\/p>\n<p>6-\u00a0<a href=\"https:\/\/catolicadeanapolis.edu.br\/biblioteca\/wp-content\/uploads\/2018\/08\/IVANILDO-JOS\u00c9-DOS-SANTOS-2017.pdf\">A DIGNIDADE DA PESSOA HUMANA, SEGUNDO O MAGIST\u00c9RIO DA IGREJA, NA VIS\u00c3O DE S\u00c3O JO\u00c3O PAULO II<\/a>\u00a0:\u00a0 <span class=\"fontstyle0\">IVANILDO JOS\u00c9 DOS SANTOS<\/span><\/p>\n<p>7-\u00a0<a href=\"https:\/\/catolicadeanapolis.edu.br\/biblioteca\/wp-content\/uploads\/2018\/08\/GISELLE-FREITAS-PRAXEDES-2017.pdf\">A FORMA\u00c7\u00c3O INTEGRADA DA PESSOA HUMANA \u00c0 LUZ DO MIST\u00c9RIO DA ENCARNA\u00c7\u00c3O: ASPECTOS TEOL\u00d3GICOS, ANTROPOL\u00d3GICOS E PSICOL\u00d3GICOS<\/a>\u00a0:\u00a0 <span class=\"fontstyle0\">GISELLE FREITAS PRAXEDES<\/span><\/p>\n<p>8-\u00a0<a href=\"https:\/\/catolicadeanapolis.edu.br\/biblioteca\/wp-content\/uploads\/2018\/08\/RICARDO-JOS\u00c9-EVANGELISTA-2017.pdf\">AS CARTAS DE SANTO IN\u00c1CIO DE ANTIOQUIA E OS ELEMENTOS ESSENCIAIS DA F\u00c9 CRIST\u00c3<\/a>\u00a0:\u00a0 <span class=\"fontstyle0\">RICARDO JOS\u00c9 EVANGELISTA<\/span>\u00a0.<\/p>\n","protected":false},"excerpt":{"rendered":"<p>1-\u00a0A MISERIC\u00d3RDIA DIVINA NA CARTA ENC\u00cdCLICA DIVES IN MISERICORDIA:\u00a0 CLAUDIVINO GOMES DA SILVA\u00a0. 2-\u00a0ATUALIDADE DA EXORTA\u00c7\u00c3O APOST\u00d3LICA RECONCILIATIO ET PAENITENTIA DE S\u00c3O JO\u00c3O PAULO II, VIV\u00caNCIA NO ANO JUBILAR DA MISERIC\u00d3RDIA (2015 -2016)\u00a0:\u00a0 EDIMAR JOS\u00c9 DE MORAIS\u00a0. 3-\u00a0MARIA ESTRELA DA EVANGELIZA\u00c7\u00c3O P\u00d3S CONC\u00cdLIO VATICANO II\u00a0: JO\u00c3O DA CRUZ BATISTA. 4-\u00a0A RELEV\u00c2NCIA DA RELIGI\u00c3O CRIST\u00c3 NA [&hellip;]<\/p>\n","protected":false},"author":4,"featured_media":0,"parent":54,"menu_order":4,"comment_status":"closed","ping_status":"closed","template":"","meta":[],"_links":{"self":[{"href":"https:\/\/catolicadeanapolis.edu.br\/biblioteca\/index.php?rest_route=\/wp\/v2\/pages\/1002"}],"collection":[{"href":"https:\/\/catolicadeanapolis.edu.br\/biblioteca\/index.php?rest_route=\/wp\/v2\/pages"}],"about":[{"href":"https:\/\/catolicadeanapolis.edu.br\/biblioteca\/index.php?rest_route=\/wp\/v2\/types\/page"}],"author":[{"embeddable":true,"href":"https:\/\/catolicadeanapolis.edu.br\/biblioteca\/index.php?rest_route=\/wp\/v2\/users\/4"}],"replies":[{"embeddable":true,"href":"https:\/\/catolicadeanapolis.edu.br\/biblioteca\/index.php?rest_route=%2Fwp%2Fv2%2Fcomments&post=1002"}],"version-history":[{"count":1,"href":"https:\/\/catolicadeanapolis.edu.br\/biblioteca\/index.php?rest_route=\/wp\/v2\/pages\/1002\/revisions"}],"predecessor-version":[{"id":1011,"href":"https:\/\/catolicadeanapolis.edu.br\/biblioteca\/index.php?rest_route=\/wp\/v2\/pages\/1002\/revisions\/1011"}],"up":[{"embeddable":true,"href":"https:\/\/catolicadeanapolis.edu.br\/biblioteca\/index.php?rest_route=\/wp\/v2\/pages\/54"}],"wp:attachment":[{"href":"https:\/\/catolicadeanapolis.edu.br\/biblioteca\/index.php?rest_route=%2Fwp%2Fv2%2Fmedia&parent=1002"}],"curies":[{"name":"wp","href":"https:\/\/api.w.org\/{rel}","templated":true}]}}