{"id":1022,"date":"2018-08-22T19:40:18","date_gmt":"2018-08-22T19:40:18","guid":{"rendered":"https:\/\/catolicadeanapolis.edu.br\/biblioteca\/?page_id=1022"},"modified":"2021-06-23T17:44:09","modified_gmt":"2021-06-23T17:44:09","slug":"filosofia-2017","status":"publish","type":"page","link":"https:\/\/catolicadeanapolis.edu.br\/biblioteca\/?page_id=1022","title":{"rendered":"Filosofia 2017"},"content":{"rendered":"<p>1-\u00a0<a href=\"https:\/\/catolicadeanapolis.edu.br\/biblioteca\/wp-content\/uploads\/2018\/08\/YGOR-ANTONIO-DE-FARIA-OLIVEIRA-2017.pdf\">A CONCEP\u00c7\u00c3O DO PRAZER NA \u00c9TICA ARISTOT\u00c9LICA.<\/a>\u00a0&#8211;\u00a0<span class=\"fontstyle0\">YGOR ANTONIO DE FARIA OLIVEIRA. &#8211; ORIENTA\u00c7\u00c3O:\u00a0<\/span><\/p>\n<p>2-\u00a0<a href=\"https:\/\/catolicadeanapolis.edu.br\/biblioteca\/wp-content\/uploads\/2018\/08\/LARISSA-DOS-SANTOS-MARTINS-2017.pdf\">AS PARTICULARIDADES DO AMOR NA OBRA FEDRO.<\/a>\u00a0&#8211;\u00a0<span class=\"fontstyle0\">LARISSA DOS SANTOS MARTINS. &#8211; ORIENTA\u00c7\u00c3O:\u00a0<\/span><\/p>\n<p>3-\u00a0<a href=\"https:\/\/catolicadeanapolis.edu.br\/biblioteca\/wp-content\/uploads\/2018\/08\/WAILTON-COELHO-DE-FARIA-2017.pdf\">O VALOR DA VIDA.<\/a>\u00a0&#8211;\u00a0<span class=\"fontstyle0\">WAILTON COELHO DE FARIA. &#8211; ORIENTA\u00c7\u00c3O:\u00a0<\/span><\/p>\n<p>4-\u00a0<a href=\"https:\/\/catolicadeanapolis.edu.br\/biblioteca\/wp-content\/uploads\/2018\/08\/DANILO-BARBOSA-DA-SILVA-2017.pdf\">AN\u00c1LISE DO TRATADO DAS PAIX\u00d5ES DE TOM\u00c1S DE AQUINO.<\/a>\u00a0&#8211;\u00a0<span class=\"fontstyle0\">DANILO BARBOSA DA SILVA. &#8211; ORIENTA\u00c7\u00c3O:\u00a0<\/span><\/p>\n<p>5-\u00a0<a href=\"https:\/\/catolicadeanapolis.edu.br\/biblioteca\/wp-content\/uploads\/2018\/08\/BRUNO-DE-JESUS-TORRES-2017.pdf\">A MENTALIDADE POR DETR\u00c1S DO DESARMAMENTISMO.<\/a>\u00a0&#8211;\u00a0<span class=\"fontstyle0\">BRUNO DE JESUS TORRES. &#8211; ORIENTA\u00c7\u00c3O:\u00a0<\/span><\/p>\n<p>6-\u00a0<a href=\"https:\/\/catolicadeanapolis.edu.br\/biblioteca\/wp-content\/uploads\/2018\/08\/GUILHERME-DOS-ANJOS-LIMA-2017.pdf\">A BELEZA COMO LINGUAGEM.<\/a>\u00a0&#8211;\u00a0<span class=\"fontstyle0\">GUILHERME DOS ANJOS LIMA. &#8211; ORIENTA\u00c7\u00c3O:\u00a0<\/span><\/p>\n<p>7-\u00a0<a href=\"https:\/\/catolicadeanapolis.edu.br\/biblioteca\/wp-content\/uploads\/2018\/08\/ISVANIRO-MIQU\u00c9IAS-DUARTE-2017.pdf\">OS FUNDAMENTOS DA TEORIA \u00c9TICA E MORAL DE KAROL WOJTYLA.<\/a>\u00a0&#8211;\u00a0<span class=\"fontstyle0\">ISVANIRO MIQU\u00c9IAS DUARTE. &#8211; ORIENTA\u00c7\u00c3O:\u00a0<\/span><\/p>\n<p>8-\u00a0<a href=\"https:\/\/catolicadeanapolis.edu.br\/biblioteca\/wp-content\/uploads\/2018\/08\/PAULO-FILIPE-DE-S\u00c1-CARVALHO2017.pdf\">A FORMA\u00c7\u00c3O DA PERSONALIDADE.<\/a>\u00a0&#8211;\u00a0<span class=\"fontstyle0\">PAULO FILIPE DE S\u00c1 CARVALHO. &#8211; ORIENTA\u00c7\u00c3O:\u00a0<\/span><\/p>\n<p>9-\u00a0<a href=\"https:\/\/catolicadeanapolis.edu.br\/biblioteca\/wp-content\/uploads\/2018\/08\/RAFAEL-BUENO-PINTO-2017.pdf\">BANALIZA\u00c7\u00c3O DO SEXO.<\/a>\u00a0&#8211; RAFAEL BUENO PINTO<span class=\"fontstyle0\">. &#8211; ORIENTA\u00c7\u00c3O:\u00a0<\/span><\/p>\n<p>10-\u00a0<a href=\"https:\/\/catolicadeanapolis.edu.br\/biblioteca\/wp-content\/uploads\/2018\/08\/EDER-SILVA-CARNEIRO-2016.pdf\">FILOSOFIA ANAL\u00cdTICA: OS LIMITES DA ABSTRA\u00c7\u00c3O E EXTERIORIZA\u00c7\u00c3O DO CONHECIMENTO.<\/a>\u00a0&#8211; EDER SILVA CARNEIRO<span class=\"fontstyle0\">. &#8211; ORIENTA\u00c7\u00c3O:\u00a0<\/span><\/p>\n<p>11-\u00a0<a href=\"https:\/\/catolicadeanapolis.edu.br\/biblioteca\/wp-content\/uploads\/2018\/08\/UESLEI-VAZ-AREDES-2017.pdf\">O CONCEITO DE MAL: ONTOL\u00d3GICO, MORAL E F\u00cdSICO SEGUNDO SANTO AGOSTINHO.<\/a>\u00a0&#8211;\u00a0<span class=\"fontstyle0\">UESLEI VAZ AREDES. &#8211; ORIENTA\u00c7\u00c3O:\u00a0<\/span><\/p>\n<p>12-\u00a0<a href=\"https:\/\/catolicadeanapolis.edu.br\/biblioteca\/wp-content\/uploads\/2018\/08\/RAIMUNDO-L\u00c1ZARO-DA-SILVA-BARROSO-2017.pdf\">A FELICIDADE EMARIST\u00d3TELES NOLIVRO \u00c9TICA A NIC\u00d4MACO RAIMUNDO L\u00c1ZARO DA SILVA BARROSO.<\/a>\u00a0&#8211;\u00a0<span class=\"fontstyle0\">RAIMUNDO L\u00c1ZARO DA SILVA BARROSO. &#8211; ORIENTA\u00c7\u00c3O:\u00a0<\/span><\/p>\n<p>13-\u00a0<a href=\"https:\/\/catolicadeanapolis.edu.br\/biblioteca\/wp-content\/uploads\/2018\/08\/LUANA-PIRES-DA-SILVA-2017.pdf\">CR\u00cdTICA DO PENSAMENTO &#8211; O QUE INTEGRA O M\u00c9TODO PAULO FREIRE.<\/a>\u00a0&#8211;\u00a0<span class=\"fontstyle0\">LUANA PIRES DA SILVA. &#8211; ORIENTA\u00c7\u00c3O:\u00a0<\/span><\/p>\n<p>14-\u00a0<a href=\"https:\/\/catolicadeanapolis.edu.br\/biblioteca\/wp-content\/uploads\/2020\/01\/EDMIR-JOS\u00c9-DA-SILVA.pdf\">A FENOMENOLOGIA E SUA CONTRIBUI\u00c7\u00c3O PARA AS CI\u00caNCIAS.<\/a>\u00a0&#8211; EDMIR JOS\u00c9 DA SILVA<span class=\"fontstyle0\">. &#8211; ORIENTA\u00c7\u00c3O:\u00a0<\/span><\/p>\n<p>15-\u00a0 <span class=\"fontstyle0\"><a href=\"https:\/\/catolicadeanapolis.edu.br\/biblioteca\/wp-content\/uploads\/2020\/02\/Pe.-LUIZ-CARLOS-LODI-DA-CRUZ-1.pdf\">A ORIGINALIDADE DA METAF\u00cdSICA DE S. TOM\u00c1S DE AQUINO.<\/a> &#8211;\u00a0 Pe. LUIZ CARLOS LODI DA CRUZ. &#8211; ORIENTA\u00c7\u00c3O: PROF\u00ba<br \/>\n<\/span><\/p>\n","protected":false},"excerpt":{"rendered":"<p>1-\u00a0A CONCEP\u00c7\u00c3O DO PRAZER NA \u00c9TICA ARISTOT\u00c9LICA.\u00a0&#8211;\u00a0YGOR ANTONIO DE FARIA OLIVEIRA. &#8211; ORIENTA\u00c7\u00c3O:\u00a0 2-\u00a0AS PARTICULARIDADES DO AMOR NA OBRA FEDRO.\u00a0&#8211;\u00a0LARISSA DOS SANTOS MARTINS. &#8211; ORIENTA\u00c7\u00c3O:\u00a0 3-\u00a0O VALOR DA VIDA.\u00a0&#8211;\u00a0WAILTON COELHO DE FARIA. &#8211; ORIENTA\u00c7\u00c3O:\u00a0 4-\u00a0AN\u00c1LISE DO TRATADO DAS PAIX\u00d5ES DE TOM\u00c1S DE AQUINO.\u00a0&#8211;\u00a0DANILO BARBOSA DA SILVA. &#8211; ORIENTA\u00c7\u00c3O:\u00a0 5-\u00a0A MENTALIDADE POR DETR\u00c1S DO DESARMAMENTISMO.\u00a0&#8211;\u00a0BRUNO DE [&hellip;]<\/p>\n","protected":false},"author":4,"featured_media":0,"parent":56,"menu_order":4,"comment_status":"closed","ping_status":"closed","template":"","meta":[],"_links":{"self":[{"href":"https:\/\/catolicadeanapolis.edu.br\/biblioteca\/index.php?rest_route=\/wp\/v2\/pages\/1022"}],"collection":[{"href":"https:\/\/catolicadeanapolis.edu.br\/biblioteca\/index.php?rest_route=\/wp\/v2\/pages"}],"about":[{"href":"https:\/\/catolicadeanapolis.edu.br\/biblioteca\/index.php?rest_route=\/wp\/v2\/types\/page"}],"author":[{"embeddable":true,"href":"https:\/\/catolicadeanapolis.edu.br\/biblioteca\/index.php?rest_route=\/wp\/v2\/users\/4"}],"replies":[{"embeddable":true,"href":"https:\/\/catolicadeanapolis.edu.br\/biblioteca\/index.php?rest_route=%2Fwp%2Fv2%2Fcomments&post=1022"}],"version-history":[{"count":5,"href":"https:\/\/catolicadeanapolis.edu.br\/biblioteca\/index.php?rest_route=\/wp\/v2\/pages\/1022\/revisions"}],"predecessor-version":[{"id":2878,"href":"https:\/\/catolicadeanapolis.edu.br\/biblioteca\/index.php?rest_route=\/wp\/v2\/pages\/1022\/revisions\/2878"}],"up":[{"embeddable":true,"href":"https:\/\/catolicadeanapolis.edu.br\/biblioteca\/index.php?rest_route=\/wp\/v2\/pages\/56"}],"wp:attachment":[{"href":"https:\/\/catolicadeanapolis.edu.br\/biblioteca\/index.php?rest_route=%2Fwp%2Fv2%2Fmedia&parent=1022"}],"curies":[{"name":"wp","href":"https:\/\/api.w.org\/{rel}","templated":true}]}}