{"id":1040,"date":"2018-08-29T17:00:28","date_gmt":"2018-08-29T17:00:28","guid":{"rendered":"https:\/\/catolicadeanapolis.edu.br\/biblioteca\/?page_id=1040"},"modified":"2020-03-16T13:16:14","modified_gmt":"2020-03-16T13:16:14","slug":"recursos-humanos-2018","status":"publish","type":"page","link":"https:\/\/catolicadeanapolis.edu.br\/biblioteca\/?page_id=1040","title":{"rendered":"Recursos Humanos 2018"},"content":{"rendered":"<p>1- <a href=\"https:\/\/catolicadeanapolis.edu.br\/biblioteca\/wp-content\/uploads\/2018\/08\/PRISCILA-DA-SILVA-NASCIMENTO-2018.pdf\">A REALIDADE DO RECRUTAMENTO E SELE\u00c7\u00c3O DE PESSOAS EM MICRO E PEQUENAS EMPRESAS DE AN\u00c1POLIS.<\/a>\u00a0&#8211; PRISCILA DA SILVA NASCIMENTO, T\u00c2NIA CARLA DA SILVA, YASMIM SHACHA SOUZA PEREIRA. &#8211; ORIENTA\u00c7\u00c3O: PROF. ESP. RODRIGO MESSIAS DE SOUZA.<\/p>\n<p>2- <a href=\"https:\/\/catolicadeanapolis.edu.br\/biblioteca\/wp-content\/uploads\/2018\/11\/TCC-Elias-Franciele-Lucimeire-e-Nayane-Final.pdf\">ESTRESSE OCUPACIONAL: UM ESTUDO DA PERCEP\u00c7\u00c3O DOS PROFESSORES DE ESCOLAS P\u00daBLICAS DA EDUCA\u00c7\u00c3O B\u00c1SICA DA REGI\u00c3O SUL DA CIDADE DE AN\u00c1POLIS\/GO<\/a>. &#8211; ELIAS OLIVEIRA ALVES, FRANCIELE DO NASCIMENTO ARA\u00daJO, LUCIMEIRE RODRIGUES MENDES, NAYANE PEREIRA SILVA. &#8211; ORIENTA\u00c7\u00c3O:\u00a0ROF. ESP. RODRIGO MESSIAS DE SOUZA.<\/p>\n<p>3- <a href=\"https:\/\/catolicadeanapolis.edu.br\/biblioteca\/wp-content\/uploads\/2019\/02\/Artigo-TCC-Concluido_-ELIEZER-DAIARLA-E-BRUNA-_1_.pdf\">INCLUS\u00c3O DO PORTADOR DE DEFICI\u00caNCIA NO MERCADO DE TRABALHO: UM ESTUDO DO PROCESSO DE RECRUTAMENTO E SELE\u00c7\u00c3O EM UMA IND\u00daSTRIA FARMAC\u00caUTICA, LOCALIZADA NO DISTRITO AGROINDUSTRIAL DE AN\u00c1POLIS \u2013 GO (DAIA).<\/a> &#8211;\u00a0BRUNA KARLA SANTOS, DAIARLA MARTINS AZEVEDO DA CRUZ, ELI\u00c9ZER MENDES RODRIGUES. &#8211; ORIENTA\u00c7\u00c3O: PROF. MES. WILTON ALVS FERREIRA J\u00daNIOR.<\/p>\n<p>4-\u00a0<a href=\"https:\/\/catolicadeanapolis.edu.br\/biblioteca\/wp-content\/uploads\/2020\/03\/MATHEUS-RODRIGUES-AGUIAR-TIAGO-CASSIANO-DA-SILVA-E-POLYANE-BENTO-CALDEIRA.pdf\">DIAGNOSTICAR O CLIMA ORGANIZACIONAL DENTRO DA EMPRESA ATENDE MAIS SUPERMERCADOS.<\/a>\u00a0&#8211;\u00a0MATHEUS RODRIGUES AGUIAR, TIAGO CASSIANO DA SILVA, POLYANE BENTO CALDEIRA. &#8211; ORIENTA\u00c7\u00c3O:\u00a0PROF. MES. WILTON ALVS FERREIRA J\u00daNIOR.<\/p>\n<p>5-\u00a0<a href=\"https:\/\/catolicadeanapolis.edu.br\/biblioteca\/wp-content\/uploads\/2020\/03\/GLEICE-THAINARA-ADORNEL-FERREIRA-KLEYTON-DE-P\u00c1DUA-MARTINS-LISBOA-e-ZILANDA-MOREIRA-DO-NASCIMENTO.pdf\">O PROCESSO DE RECRUTAMENTO E SELE\u00c7\u00c3O DE VENDEDORES NOS ESTABELECIMENTOS COMERCIAIS LOCALIZADOS NA REGI\u00c3O CENTRAL DE ANAPOLIS-GO.<\/a>\u00a0&#8211;\u00a0GLEICE THAINARA ADORNEL FERREIRA, KLEYTON DE P\u00c1DUA MARTINS LISBOA, ZILANDA MOREIRA DO NASCIMENTO. &#8211;\u00a0ORIENTA\u00c7\u00c3O:\u00a0ROF. ESP. RODRIGO MESSIAS DE SOUZA.<\/p>\n<p>6-\u00a0<a href=\"https:\/\/catolicadeanapolis.edu.br\/biblioteca\/wp-content\/uploads\/2020\/03\/DANIELLA-SILVA-DA-ROCHA-JEAN-FRAN\u00c7A-BEZERRA-E-LUCAS-FAUSTINO-GUEDERT.pdf\">TREINAMENTO E DESENVOLVIMENTO APLICADO A UMA EMPRESA DO RAMO ELETRODOM\u00c9STICO NA CIDADE DE AN\u00c1POLIS\/GO.<\/a> &#8211;\u00a0DANIELLA SILVA DA ROCHA, JEAN FRAN\u00c7A BEZERRA, LUCAS FAUSTINO GUEDERT. &#8211;\u00a0ORIENTA\u00c7\u00c3O:\u00a0ROF. ESP. RODRIGO MESSIAS DE SOUZA.<\/p>\n<p>7-\u00a0<a href=\"https:\/\/catolicadeanapolis.edu.br\/biblioteca\/wp-content\/uploads\/2020\/03\/ANTONIO-S\u00c9RGIO-BEL\u00c9M-COSTA-BRUNO-FREDERICO-SANTOS-DIONE-OLIVEIRA-CURADO-E-MARIANNY-RAQUEL-GOMES-LIMA.pdf\">A MOTIVA\u00c7\u00c3O DOS VENDEDORES NO AMBIENTE DE TRABALHO EM UMA LOJA VAREJISTA NO CENTRO DE AN\u00c1POLIS.<\/a> &#8211;\u00a0ANTONIO S\u00c9RGIO BEL\u00c9M COSTA, BRUNO FREDERICO SANTOS, DIONE OLIVEIRA CURADO, MARIANNY RAQUEL GOMES LIMA. &#8211;\u00a0ORIENTA\u00c7\u00c3O:\u00a0PROF. MES. WILTON ALVS FERREIRA J\u00daNIOR.<\/p>\n<p>8- <a href=\"https:\/\/catolicadeanapolis.edu.br\/biblioteca\/wp-content\/uploads\/2020\/03\/JERRIANE-DA-CONCEI\u00c7\u00c3O-MAGALH\u00c3ES-E-MIWA-HELOISA-DE-MOURA.pdf\">MOTIVA\u00c7\u00c3O PARA ATUA\u00c7\u00c3O DOCENTE: UM ESTUDO DA GEST\u00c3O DE CURSOS DE UMA IES DE AN\u00c1POLIS.<\/a> &#8211; JERRIANE DA CONCEI\u00c7\u00c3O MAGALH\u00c3ES, MIWA HELOISA DE MOURA. &#8211;\u00a0ORIENTA\u00c7\u00c3O:\u00a0ROF. ESP. RODRIGO MESSIAS DE SOUZA.<\/p>\n<p>9-\u00a0<a href=\"https:\/\/catolicadeanapolis.edu.br\/biblioteca\/wp-content\/uploads\/2020\/03\/ALESSANDRA-NEUSA-DA-CUNHA-RODRIGUES-E-RAFEL-REGO-FONTINELE.pdf\">O PROCESSO DE RECRUTAMENTO E SELE\u00c7\u00c3O REALIZADO PELA AMPLIAR ASSESSORIA EM DESENVOLVIMENTO HUMANO.<\/a> &#8211;\u00a0ALESSANDRA BORGES DA SILVA, NEUSA DA CUNHA RODRIGUES, RAFAEL REGO FONTINELE. &#8211;\u00a0ORIENTA\u00c7\u00c3O:\u00a0PROF. MES. WILTON ALVS FERREIRA J\u00daNIOR.<\/p>\n","protected":false},"excerpt":{"rendered":"<p>1- A REALIDADE DO RECRUTAMENTO E SELE\u00c7\u00c3O DE PESSOAS EM MICRO E PEQUENAS EMPRESAS DE AN\u00c1POLIS.\u00a0&#8211; PRISCILA DA SILVA NASCIMENTO, T\u00c2NIA CARLA DA SILVA, YASMIM SHACHA SOUZA PEREIRA. &#8211; ORIENTA\u00c7\u00c3O: PROF. ESP. RODRIGO MESSIAS DE SOUZA. 2- ESTRESSE OCUPACIONAL: UM ESTUDO DA PERCEP\u00c7\u00c3O DOS PROFESSORES DE ESCOLAS P\u00daBLICAS DA EDUCA\u00c7\u00c3O B\u00c1SICA DA REGI\u00c3O SUL DA [&hellip;]<\/p>\n","protected":false},"author":4,"featured_media":0,"parent":62,"menu_order":0,"comment_status":"closed","ping_status":"closed","template":"","meta":[],"_links":{"self":[{"href":"https:\/\/catolicadeanapolis.edu.br\/biblioteca\/index.php?rest_route=\/wp\/v2\/pages\/1040"}],"collection":[{"href":"https:\/\/catolicadeanapolis.edu.br\/biblioteca\/index.php?rest_route=\/wp\/v2\/pages"}],"about":[{"href":"https:\/\/catolicadeanapolis.edu.br\/biblioteca\/index.php?rest_route=\/wp\/v2\/types\/page"}],"author":[{"embeddable":true,"href":"https:\/\/catolicadeanapolis.edu.br\/biblioteca\/index.php?rest_route=\/wp\/v2\/users\/4"}],"replies":[{"embeddable":true,"href":"https:\/\/catolicadeanapolis.edu.br\/biblioteca\/index.php?rest_route=%2Fwp%2Fv2%2Fcomments&post=1040"}],"version-history":[{"count":5,"href":"https:\/\/catolicadeanapolis.edu.br\/biblioteca\/index.php?rest_route=\/wp\/v2\/pages\/1040\/revisions"}],"predecessor-version":[{"id":2782,"href":"https:\/\/catolicadeanapolis.edu.br\/biblioteca\/index.php?rest_route=\/wp\/v2\/pages\/1040\/revisions\/2782"}],"up":[{"embeddable":true,"href":"https:\/\/catolicadeanapolis.edu.br\/biblioteca\/index.php?rest_route=\/wp\/v2\/pages\/62"}],"wp:attachment":[{"href":"https:\/\/catolicadeanapolis.edu.br\/biblioteca\/index.php?rest_route=%2Fwp%2Fv2%2Fmedia&parent=1040"}],"curies":[{"name":"wp","href":"https:\/\/api.w.org\/{rel}","templated":true}]}}