{"id":1264,"date":"2018-11-14T10:43:43","date_gmt":"2018-11-14T10:43:43","guid":{"rendered":"https:\/\/catolicadeanapolis.edu.br\/biblioteca\/?page_id=1264"},"modified":"2022-06-21T12:26:41","modified_gmt":"2022-06-21T12:26:41","slug":"2013-2","status":"publish","type":"page","link":"https:\/\/catolicadeanapolis.edu.br\/biblioteca\/?page_id=1264","title":{"rendered":"PSICOPEDAGOGIA INSTITUCIONAL E CL\u00cdNICA 2013"},"content":{"rendered":"<p><a href=\"https:\/\/catolicadeanapolis.edu.br\/biblioteca\/wp-content\/uploads\/2018\/11\/psicopedagogia-institucional-corpo.pdf\">1- AGRESSIVIDADE A LUZ DA TEORIA PSICOPEDAG\u00d3GICA<\/a> &#8211;\u00a0CARMEM SILVIA DE SOUZA PASSOS &#8211; ORIENTADOR (A): ANA MARIA VIEIRA DE SOUZA.<\/p>\n<p><a href=\"https:\/\/catolicadeanapolis.edu.br\/biblioteca\/wp-content\/uploads\/2019\/01\/GISLAINE-ALIXANDRINA-BELTR\u00c3O.pdf\"><span class=\"fontstyle0\">2-A POSTURA FAMILIAR NA CONSTRU\u00c7\u00c3O SOCIAL E NO\u00a0<\/span><span class=\"fontstyle0\">PROCESSO DE APRENDIZAGEM DA CRIAN\u00c7A<\/span><\/a>\u00a0&#8211;\u00a0 <span class=\"fontstyle0\">GISLAINE ALIXANDRINA BELTR\u00c3O &#8211; ORIENTADORA:\u00a0 Prof. Esp. Ana Maria Vieira de Souza.<br \/>\n<\/span><\/p>\n<p><a href=\"https:\/\/catolicadeanapolis.edu.br\/biblioteca\/wp-content\/uploads\/2019\/12\/SUZANA-SOUZA-CARVALHO-FERREIRA.pdf\">3-\u00a0PSICOPEDAGOGIA INSTITUCIONAL: O PROJETO POL\u00cdTICO<\/a><br \/>\nPEDAG\u00d3GICO DA ESCOLA MUNICIPAL P.L.L.- SUZANA SOUZA CARVALHO FERREIRA.<\/p>\n<p><a href=\"https:\/\/catolicadeanapolis.edu.br\/biblioteca\/wp-content\/uploads\/2020\/01\/SUZANA-SOUZA-CARVALHO-FERREIRA.pdf\">4-\u00a0ESTUDO DE CASO EST\u00c1GIO SUPERVISIONADO EM PSICOPEDAGOGIA CL\u00cdNICA-<\/a>\u00a0SUZANA SOUZA CARVALHO FERREIRA.<\/p>\n<p><a href=\"https:\/\/catolicadeanapolis.edu.br\/biblioteca\/wp-content\/uploads\/2020\/01\/JULIANA-BEIRES-DA-SILVA-MARCELLA-APARECIDA-NEGAMINE-OLIVEIRA-SILVA.pdf\">5-\u00a0VIS\u00c3O PSICOPEDAG\u00d3GICA EM UMA INSTITUI\u00c7\u00c3O ESCOLAR-<\/a> JULIANA BEIRES DA SILVA, MARCELLA APARECIDA NAGAMINE OLIVEIRA SILVA.<\/p>\n<p><a href=\"https:\/\/catolicadeanapolis.edu.br\/biblioteca\/wp-content\/uploads\/2020\/01\/JANISCL\u00c1UDIA-SEVERINA-SILVA-JOELMA-BATISTA-COSTA-F\u00c9LIX-SANTINA-DA-SILVA-MOREIRA-ALVES.pdf\">6-\u00a0DIAGN\u00d3STICO PSICOPEDAG\u00d3GICO INSTITUCIONAL NA ESCOLA P\u00daBLICA-<\/a> JANISCL\u00c1UDIA SEVERINA SILVA, JOELMA BATISTA COSTA F\u00c9LIX, SANTINA DA SILVA MOREIRA ALVES.<\/p>\n<p><a href=\"https:\/\/catolicadeanapolis.edu.br\/biblioteca\/wp-content\/uploads\/2020\/01\/APARECIDA-DA-PENHA-DE-ALMEIDA-GIRLANE-RABELO-CONCEI\u00c7\u00c3O-LUCAS.pdf\">7- PSICOPEDAGOGIA INSTITUCIONAL: UMA BUSCA DAS DIFICULDADES ENCONTRADAS NO PROCESSO ENSINO APRENDIZAGEM-<\/a> APARECIDA DA PENHA DE ALMEIDA, GIRLANE RABELO CONCEI\u00c7\u00c3O LUCAS.<\/p>\n<p><a href=\"https:\/\/catolicadeanapolis.edu.br\/biblioteca\/wp-content\/uploads\/2020\/01\/ELIANE-CAMARGO-MARINS-IRA\u00cdDES-PEREIRA-DE-JESUS-SILVA-LET\u00cdCIA-TAHIS-OLIVEIRA.pdf\">8-\u00a0DIAGN\u00d3STICO E INTERVEN\u00c7\u00c3O: FUNDAMENTOS DA PSICOPEDAGOGIA INSTITUCIONAL-<\/a> ELIANE CAMARGO MARINS, IRAIDES PEREIRA DE JESUS SILVA, LET\u00cdCIA TAHIS OLIVEIRA.<\/p>\n<p><a href=\"https:\/\/catolicadeanapolis.edu.br\/biblioteca\/wp-content\/uploads\/2020\/01\/DINEI-OLIVEIRA-VASCO-GISLAINE-ALIXANDRINA-BELTR\u00c3O-ODELIA-MARIA-OLIVEIRA-PEREIRA.pdf\">9-\u00a0DA ESCOLA \u00c0 COMUNIDADE: AN\u00c1LISE, DIAGN\u00d3STICO E SUGEST\u00c3O DE INTERVEN\u00c7\u00d5ES A PARTIR DA PSICOPEDAGOGIA INSTITUCIONAL-<\/a> EDINEI OLIVEIRA VASCO, GISLAINE ALIXANDRINABELTR\u00c3O, ODELIA MARIA OLIVEIRA PEREIRA.<\/p>\n<p><a href=\"https:\/\/catolicadeanapolis.edu.br\/biblioteca\/wp-content\/uploads\/2020\/01\/DALVA-KAROLINE-RIBEIRO-SOARES-OLIVIA-MAIA-DA-COSTA-TAMARA-DE-LOURDES-ALVES-DOS-SANTOS.pdf\">10-\u00a0A IMPORT\u00c2NCIA DO DIAGN\u00d3STICO PSICOPEDAG\u00d3GICO INSTITUCIONAL NO PROCESSO DE ENSINO E APRENDIZAGEM-<\/a> DALVA KAROLINE RIBEIRO SOARES, OLIVIA MAIA DA COSTA, TAMARA DE LOURDES ALVES DOS SANTOS.<\/p>\n<p><a href=\"https:\/\/catolicadeanapolis.edu.br\/biblioteca\/wp-content\/uploads\/2020\/01\/CLEIDE-APARECIDA-SIM\u00d5ES-MOTA-KARLA-SILVA-LE\u00c3O-CAMARGO.pdf\">11-\u00a0INDISCIPLINA NA ESCOLA UMA ABORDAGEM INVESTIGATIVA-<\/a> CLEIDE APARECIDA SIM\u00d5ES MOTA, KARLA SILVA LE\u00c3O CAMARGO.<\/p>\n<p>12-\u00a0<a href=\"https:\/\/catolicadeanapolis.edu.br\/biblioteca\/?attachment_id=3481\">PSICOPEDAGOGIA INSTITUCIONAL: O PROJETO POL\u00cdTICO PEDAG\u00d3GICO DA ESCOLA MUNICIPAL P.L.L.<\/a> &#8211; SUZANA SOUZA CARVALHO FERREIRA. &#8211;\u00a0<span class=\"fontstyle0\">ORIENTADORA:\u00a0 Prof. Esp. Ana Maria Vieira de Souza.<\/span><\/p>\n<p>&nbsp;<\/p>\n","protected":false},"excerpt":{"rendered":"<p>1- AGRESSIVIDADE A LUZ DA TEORIA PSICOPEDAG\u00d3GICA &#8211;\u00a0CARMEM SILVIA DE SOUZA PASSOS &#8211; ORIENTADOR (A): ANA MARIA VIEIRA DE SOUZA. 2-A POSTURA FAMILIAR NA CONSTRU\u00c7\u00c3O SOCIAL E NO\u00a0PROCESSO DE APRENDIZAGEM DA CRIAN\u00c7A\u00a0&#8211;\u00a0 GISLAINE ALIXANDRINA BELTR\u00c3O &#8211; ORIENTADORA:\u00a0 Prof. Esp. Ana Maria Vieira de Souza. 3-\u00a0PSICOPEDAGOGIA INSTITUCIONAL: O PROJETO POL\u00cdTICO PEDAG\u00d3GICO DA ESCOLA MUNICIPAL P.L.L.- SUZANA [&hellip;]<\/p>\n","protected":false},"author":4,"featured_media":0,"parent":360,"menu_order":4,"comment_status":"closed","ping_status":"closed","template":"","meta":[],"_links":{"self":[{"href":"https:\/\/catolicadeanapolis.edu.br\/biblioteca\/index.php?rest_route=\/wp\/v2\/pages\/1264"}],"collection":[{"href":"https:\/\/catolicadeanapolis.edu.br\/biblioteca\/index.php?rest_route=\/wp\/v2\/pages"}],"about":[{"href":"https:\/\/catolicadeanapolis.edu.br\/biblioteca\/index.php?rest_route=\/wp\/v2\/types\/page"}],"author":[{"embeddable":true,"href":"https:\/\/catolicadeanapolis.edu.br\/biblioteca\/index.php?rest_route=\/wp\/v2\/users\/4"}],"replies":[{"embeddable":true,"href":"https:\/\/catolicadeanapolis.edu.br\/biblioteca\/index.php?rest_route=%2Fwp%2Fv2%2Fcomments&post=1264"}],"version-history":[{"count":8,"href":"https:\/\/catolicadeanapolis.edu.br\/biblioteca\/index.php?rest_route=\/wp\/v2\/pages\/1264\/revisions"}],"predecessor-version":[{"id":3522,"href":"https:\/\/catolicadeanapolis.edu.br\/biblioteca\/index.php?rest_route=\/wp\/v2\/pages\/1264\/revisions\/3522"}],"up":[{"embeddable":true,"href":"https:\/\/catolicadeanapolis.edu.br\/biblioteca\/index.php?rest_route=\/wp\/v2\/pages\/360"}],"wp:attachment":[{"href":"https:\/\/catolicadeanapolis.edu.br\/biblioteca\/index.php?rest_route=%2Fwp%2Fv2%2Fmedia&parent=1264"}],"curies":[{"name":"wp","href":"https:\/\/api.w.org\/{rel}","templated":true}]}}