{"id":1272,"date":"2018-11-14T11:31:54","date_gmt":"2018-11-14T11:31:54","guid":{"rendered":"https:\/\/catolicadeanapolis.edu.br\/biblioteca\/?page_id=1272"},"modified":"2022-06-03T12:05:25","modified_gmt":"2022-06-03T12:05:25","slug":"2011-2","status":"publish","type":"page","link":"https:\/\/catolicadeanapolis.edu.br\/biblioteca\/?page_id=1272","title":{"rendered":"GEST\u00c3O DE PESSOAS P. O. E COACHING 2011"},"content":{"rendered":"<p>1- <a href=\"https:\/\/catolicadeanapolis.edu.br\/biblioteca\/wp-content\/uploads\/2018\/11\/Especializa\u00e7\u00e3o-Gest\u00e3o-de-Pessoas.pdf\"><span class=\"fontstyle0\">LEVANTAMENTO DAS NECESSIDADES DE TREINAMENTO DA SECRETARIA ACAD\u00caMICA DE UMA UNIDADE DA UEG.<\/span><\/a>\u00a0&#8211;\u00a0 <span class=\"fontstyle0\">DIVINA LEILA DOS SANTOS, MARTA BATISTA MENDON\u00c7A, VALDINEIA MIGUEL FERNANDES. &#8211; ORIENTADOR (A): PROF. MS.\u00a0<\/span>ARTUR VANDR\u00c9 PITANGA.<\/p>\n<p><span class=\"fontstyle0\">2- <a href=\"https:\/\/catolicadeanapolis.edu.br\/biblioteca\/wp-content\/uploads\/2018\/11\/Fatores-e-efeitos-da-rotatividade-de-uma-empresa-de-constru\u00e7\u00e3o-civil-da-cidade-de-An\u00e1polis-GO.pdf\">FATORES E EFEITOS DA ROTATIVIDADE DE UMA EMPRESA DE CONSTRU\u00c7\u00c3O CIVIL DA CIDADE DE AN\u00c1POLIS \u2013 GO.<\/a> &#8211;\u00a0<\/span> N\u00c1DIA FERNANDES DE LIMA, PATR\u00cdCIA PEREIRA DE BRITO. &#8211; ORIENTADOR (A): PROF\u00aa ESP. ANA PAULA PARREIRA.<\/p>\n<p>3- <a href=\"https:\/\/catolicadeanapolis.edu.br\/biblioteca\/wp-content\/uploads\/2018\/11\/TCC-CORRIGIDO-BANCA-_2_.pdf\">PROPOSTA DE IMPLANTA\u00c7\u00c3O DE UM MODELO DE FORMUL\u00c1RIO DE ENTREVISTA DE DESLIGAMENTO PARA UMA EMPRESA DE FOTOC\u00d3PIAS<\/a>. &#8211;\u00a0JOS\u00c9LIA FATIMA CARNIELO DIAS, ROG\u00c9RIA SANTANA SILVA. &#8211; ORIENTA\u00c7\u00c3O: PROF. MS. ARTUR VANDR\u00c9 PITANGA.<\/p>\n<p>4- <a href=\"https:\/\/catolicadeanapolis.edu.br\/biblioteca\/wp-content\/uploads\/2018\/11\/TCC_BRADESCO.pdf\">MOTIVA\u00c7\u00c3O COMO FATOR DE INFLU\u00caNCIA PARA O ALCANCE DOS RESULTADOS: BANCO BRADESCO S\/A, AG\u00caNCIA 0611-4.<\/a> &#8211;\u00a0ANA PAULA PAIVA DE LIMA CARNEIRO, ANDR\u00c9IA SILVA DOS ANJOS OLIVEIRA, JO\u00c3O PAULO MONTEIRO LACERDA, RENATTA PEREIRA GONTIJO FREITAS. -ORIENTA\u00c7\u00c3O: PROF. ESP. ANA PAULA PARREIRA.<\/p>\n<p>5- <a href=\"https:\/\/catolicadeanapolis.edu.br\/biblioteca\/wp-content\/uploads\/2019\/05\/tcc-1.doc\">COMO MELHORAR A MOTIVA\u00c7\u00c3O DOS DOCENTES DE UMA ESCOLA DA EDUCA\u00c7\u00c3O INFANTIL AO ENSINO FUNDAMENTAL NUMA ESCOLA PRIVADA DE AN\u00c1POLIS.<\/a> &#8211; AMANDA FERREIRA DE MIRANDA, ANDR\u00c9IA NEVES DE S\u00c1, NAT\u00c1LIA C\u00c1RIS LUVIZOTO. &#8211; ORIENTA\u00c7\u00c3O PROF. ESP. FRANCISCO JACOB DE OLIVEIRA FILHO.<\/p>\n<p>6-\u00a0<a href=\"https:\/\/catolicadeanapolis.edu.br\/biblioteca\/wp-content\/uploads\/2020\/01\/DIVINA-LEILA-DOS-SANTOS-MARTA-BATISTA-MENDON\u00c7A-E-VALDINEIA-MIGUEL-FERNANDES-Especializa\u00e7\u00e3o-Gest\u00e3o-de-Pessoas.pdf\">LEVANTAMENTO DAS NECESSIDADES DE TREINAMENTO DA SECRETARIA ACAD\u00caMICA DE UMA UNIDADE DA UEG.<\/a> &#8211; DIVINA LEILA DOS SANTOS, MARTA BATISTA MENDON\u00c7A, VALDINEIA MIGUEL FERNANDES. &#8211; ORIENTA\u00c7\u00c3O: PROF. ME. ARTUR VANDR\u00c9 PITANGA.<\/p>\n<p>7-\u00a0<a href=\"https:\/\/catolicadeanapolis.edu.br\/biblioteca\/wp-content\/uploads\/2020\/01\/ANA-PAULA-PAIVA-DE-LIMA-CARNEIRO-ANDR\u00c9IA-SILVA-DOS-ANJOS-OLIVEIRA-JO\u00c3O-PAULO-MONTEIRO-LACERDA-E-RENATTA-PEREIRA-GONTIJO-FREITCC_BRADESCO.pdf\">MOTIVA\u00c7\u00c3O COMO FATOR DE INFLU\u00caNCIA PARA O ALCANCE DOS RESULTADOS: BANCO BRADESCO S\/A, AG\u00caNCIA 0611-4.<\/a> &#8211; ANA PAULA PAIVA DE LIMA CARNEIRO, ANDR\u00c9IA SILVA DOS ANJOS OLIVEIRA, JO\u00c3O PAULO MONTEIRO LACERDA, RENATTA PEREIRA GONTIJO FREITAS. &#8211; ORIENTA\u00c7\u00c3O: PROF\u00aa. ANA PAULA PARREIRA DA CUNHA E SILVA.<\/p>\n<p>8-\u00a0<a href=\"https:\/\/catolicadeanapolis.edu.br\/biblioteca\/wp-content\/uploads\/2020\/01\/N\u00c1DIA-FERNANDES-DE-LIMA-E-PATR\u00cdCIA-PEREIRA-DE-BRITO.pdf\">FATORES E EFEITOS DA ROTATIVIDADE DE UMA EMPRESA DE CONSTRU\u00c7\u00c3O CIVIL DA CIDADE DE AN\u00c1POLIS \u2013 GO.<\/a>\u00a0&#8211;\u00a0N\u00c1DIA FERNANDES DE LIMA, PATR\u00cdCIA PEREIRA DE BRITO. &#8211; ORIENTA\u00c7\u00c3O:\u00a0PROF\u00aa. ANA PAULA PARREIRA DA CUNHA E SILVA.<\/p>\n<p>9-\u00a0<a href=\"https:\/\/catolicadeanapolis.edu.br\/biblioteca\/wp-content\/uploads\/2020\/01\/JOS\u00c9LIA-FATIMA-CARNIELO-DIAS-E-ROG\u00c9RIA-SANTANA-SILVA-TCC-CORRIGIDO-BANCA-_2_.pdf\">PROPOSTA DE IMPLANTA\u00c7\u00c3O DE UM MODELO DE FORMUL\u00c1RIO DE ENTREVISTA DE DESLIGAMENTO PARA UMA EMPRESA DE FOTOC\u00d3PIAS.<\/a> &#8211; JOS\u00c9LIA FATIMA CARNIELO DIAS, ROG\u00c9RIA SANTANA SILVA. &#8211; ORIENTA\u00c7\u00c3O:\u00a0PROF. ME. ARTUR VANDR\u00c9 PITANGA.<\/p>\n","protected":false},"excerpt":{"rendered":"<p>1- LEVANTAMENTO DAS NECESSIDADES DE TREINAMENTO DA SECRETARIA ACAD\u00caMICA DE UMA UNIDADE DA UEG.\u00a0&#8211;\u00a0 DIVINA LEILA DOS SANTOS, MARTA BATISTA MENDON\u00c7A, VALDINEIA MIGUEL FERNANDES. &#8211; ORIENTADOR (A): PROF. MS.\u00a0ARTUR VANDR\u00c9 PITANGA. 2- FATORES E EFEITOS DA ROTATIVIDADE DE UMA EMPRESA DE CONSTRU\u00c7\u00c3O CIVIL DA CIDADE DE AN\u00c1POLIS \u2013 GO. &#8211;\u00a0 N\u00c1DIA FERNANDES DE LIMA, PATR\u00cdCIA [&hellip;]<\/p>\n","protected":false},"author":4,"featured_media":0,"parent":314,"menu_order":0,"comment_status":"closed","ping_status":"closed","template":"","meta":[],"_links":{"self":[{"href":"https:\/\/catolicadeanapolis.edu.br\/biblioteca\/index.php?rest_route=\/wp\/v2\/pages\/1272"}],"collection":[{"href":"https:\/\/catolicadeanapolis.edu.br\/biblioteca\/index.php?rest_route=\/wp\/v2\/pages"}],"about":[{"href":"https:\/\/catolicadeanapolis.edu.br\/biblioteca\/index.php?rest_route=\/wp\/v2\/types\/page"}],"author":[{"embeddable":true,"href":"https:\/\/catolicadeanapolis.edu.br\/biblioteca\/index.php?rest_route=\/wp\/v2\/users\/4"}],"replies":[{"embeddable":true,"href":"https:\/\/catolicadeanapolis.edu.br\/biblioteca\/index.php?rest_route=%2Fwp%2Fv2%2Fcomments&post=1272"}],"version-history":[{"count":11,"href":"https:\/\/catolicadeanapolis.edu.br\/biblioteca\/index.php?rest_route=\/wp\/v2\/pages\/1272\/revisions"}],"predecessor-version":[{"id":3309,"href":"https:\/\/catolicadeanapolis.edu.br\/biblioteca\/index.php?rest_route=\/wp\/v2\/pages\/1272\/revisions\/3309"}],"up":[{"embeddable":true,"href":"https:\/\/catolicadeanapolis.edu.br\/biblioteca\/index.php?rest_route=\/wp\/v2\/pages\/314"}],"wp:attachment":[{"href":"https:\/\/catolicadeanapolis.edu.br\/biblioteca\/index.php?rest_route=%2Fwp%2Fv2%2Fmedia&parent=1272"}],"curies":[{"name":"wp","href":"https:\/\/api.w.org\/{rel}","templated":true}]}}