{"id":129,"date":"2014-02-25T00:39:41","date_gmt":"2014-02-25T00:39:41","guid":{"rendered":"https:\/\/catolicadeanapolis.edu.br\/biblioteca\/?page_id=129"},"modified":"2018-12-05T10:38:41","modified_gmt":"2018-12-05T10:38:41","slug":"teologia-20131","status":"publish","type":"page","link":"https:\/\/catolicadeanapolis.edu.br\/biblioteca\/?page_id=129","title":{"rendered":"Teologia 2013"},"content":{"rendered":"<p>1.\u00a0<a href=\"https:\/\/catolicadeanapolis.edu.br\/biblioteca\/wp-content\/uploads\/2014\/02\/TCC_Final_Teologia_Miralva-Vilela_-Nov131.pdf\">A SOCIEDADE S\u00c3O VICENTE DE PAULO (S.S.V.P.) :\u00a0PRINC\u00cdPIOS, OBJETIVOS, CARIDADE E FAM\u00cdLIA VICENTINA. <\/a>Miralva Vilela Oliveira. Orientador : Frei Fl\u00e1vio Pereira Nol\u00eato. \u00a0Assunto : Sociedade S\u00e3o Vicente de Paulo<\/p>\n","protected":false},"excerpt":{"rendered":"<p>1.\u00a0A SOCIEDADE S\u00c3O VICENTE DE PAULO (S.S.V.P.) :\u00a0PRINC\u00cdPIOS, OBJETIVOS, CARIDADE E FAM\u00cdLIA VICENTINA. Miralva Vilela Oliveira. Orientador : Frei Fl\u00e1vio Pereira Nol\u00eato. \u00a0Assunto : Sociedade S\u00e3o Vicente de Paulo<\/p>\n","protected":false},"author":1,"featured_media":0,"parent":54,"menu_order":0,"comment_status":"open","ping_status":"open","template":"","meta":[],"_links":{"self":[{"href":"https:\/\/catolicadeanapolis.edu.br\/biblioteca\/index.php?rest_route=\/wp\/v2\/pages\/129"}],"collection":[{"href":"https:\/\/catolicadeanapolis.edu.br\/biblioteca\/index.php?rest_route=\/wp\/v2\/pages"}],"about":[{"href":"https:\/\/catolicadeanapolis.edu.br\/biblioteca\/index.php?rest_route=\/wp\/v2\/types\/page"}],"author":[{"embeddable":true,"href":"https:\/\/catolicadeanapolis.edu.br\/biblioteca\/index.php?rest_route=\/wp\/v2\/users\/1"}],"replies":[{"embeddable":true,"href":"https:\/\/catolicadeanapolis.edu.br\/biblioteca\/index.php?rest_route=%2Fwp%2Fv2%2Fcomments&post=129"}],"version-history":[{"count":14,"href":"https:\/\/catolicadeanapolis.edu.br\/biblioteca\/index.php?rest_route=\/wp\/v2\/pages\/129\/revisions"}],"predecessor-version":[{"id":1499,"href":"https:\/\/catolicadeanapolis.edu.br\/biblioteca\/index.php?rest_route=\/wp\/v2\/pages\/129\/revisions\/1499"}],"up":[{"embeddable":true,"href":"https:\/\/catolicadeanapolis.edu.br\/biblioteca\/index.php?rest_route=\/wp\/v2\/pages\/54"}],"wp:attachment":[{"href":"https:\/\/catolicadeanapolis.edu.br\/biblioteca\/index.php?rest_route=%2Fwp%2Fv2%2Fmedia&parent=129"}],"curies":[{"name":"wp","href":"https:\/\/api.w.org\/{rel}","templated":true}]}}