{"id":1295,"date":"2018-11-14T12:50:12","date_gmt":"2018-11-14T12:50:12","guid":{"rendered":"https:\/\/catolicadeanapolis.edu.br\/biblioteca\/?page_id=1295"},"modified":"2020-01-24T19:16:21","modified_gmt":"2020-01-24T19:16:21","slug":"2013-2","status":"publish","type":"page","link":"https:\/\/catolicadeanapolis.edu.br\/biblioteca\/?page_id=1295","title":{"rendered":"GEST\u00c3O DE PESSOAS P. O. E COACHING 2013"},"content":{"rendered":"<p>1- <a href=\"https:\/\/catolicadeanapolis.edu.br\/biblioteca\/wp-content\/uploads\/2018\/11\/A-import\u00e2ncia-das-consultorias-internas-e-externas-de-recurs.pdf\">A IMPORT\u00c2NCIA DAS CONSULTORIAS INTERNAS E EXTERNAS DE RECURSOS HUMANOS NO DESENVOLVIMENTO DOS PROCESSOS DE QUALIFICA\u00c7\u00c3O PROFISSIONAL<\/a> &#8211; Ana Em\u00edlia Borges De Oliveira, Rafaela Rodrigues De Torres &#8211; Orienta\u00e7\u00e3o: Ms. M\u00e1rcia Sumire Kurogi.<\/p>\n<p><a href=\"https:\/\/catolicadeanapolis.edu.br\/biblioteca\/wp-content\/uploads\/2018\/11\/ARTIGO-MELL-E-AURELIO-TCC.pdf\">2- A INFLU\u00caNICA DA ESTABILIDADE FUNCIONAL NA QUALIDADE DO ATENDIMENTOm PRESTADO PELO SERVIDOR ESTATUT\u00c1RIO NO \u00c2MBITO DA AG\u00caNCIA DE ATENDIMENTO DO VAPT- VUPT UNIDADE ARAGUAIA SHOPPING GOI\u00c2NIA-GO<\/a> &#8211; Aur\u00e9lio Mendanha Da Silva, Mell Nunes De \u00c1vila &#8211; Orienta\u00e7\u00e3o: Ms. M\u00e1rcia Sumire Kurogi.<\/p>\n<p><a href=\"https:\/\/catolicadeanapolis.edu.br\/biblioteca\/wp-content\/uploads\/2018\/11\/AVALIA\u00c7\u00c3O-DO-CLIMA-E-CULTURA-ORGANIZACIONAL-UM-ESTUDO-DENTRO-DA-ORGANIZA\u00c7\u00c3O-FORMATTO-ENGENHARIA-E-1.pdf\">3- AVALIA\u00c7\u00c3O DO CLIMA E CULTURA ORGANIZACIONAL: UM ESTUDO DENTRO DA ORGANIZA\u00c7\u00c3O FORMATTO ENGENHARIA EM AN\u00c1POLIS<\/a> &#8211;\u00a0Marcelle Matilde Montalv\u00e3o, Maria Helena Soares Santana, Nara Cristina de Aquino Ferreira Oliveira &#8211; Orienta\u00e7\u00e3o: Ms. M\u00e1rcia Sumire Kurogi.<\/p>\n<p><a href=\"https:\/\/catolicadeanapolis.edu.br\/biblioteca\/wp-content\/uploads\/2018\/11\/Edna-Aparecida-e-Tha\u00eds-Cordeiro.pdf\">4- A MOTIVA\u00c7\u00c3O DOS FUNCION\u00c1RIOS DA SALT MONTADORA DE VE\u00cdCULOS S\/A<\/a> -Edna Aparecida Freire De Oliveira Porto, Tha\u00eds Cordeiro Da Silva Cruz -Orienta\u00e7\u00e3o: Ms. M\u00e1rcia Sumire Kurogi.<\/p>\n<p><a href=\"https:\/\/catolicadeanapolis.edu.br\/biblioteca\/wp-content\/uploads\/2018\/11\/MONOGRAFIA-CORRIGIDA-E-CONFERIDA-GEYCE.pdf\">5- ASPECTOS CAUSADORES DA MOTIVA\u00c7\u00c3O NAS RELA\u00c7\u00d5ES DE TRABALHO<\/a> &#8211; Geyce Gracielle Alves Da Costa, Vanessa Lobo Siqueira Lopes &#8211; Orienta\u00e7\u00e3o: Ms. M\u00e1rcia Sumire Kurogi.<\/p>\n<p><a href=\"https:\/\/catolicadeanapolis.edu.br\/biblioteca\/wp-content\/uploads\/2018\/11\/MONOGRAFIA_Corrigida-2.pdf\">6- ADMINISTRA\u00c7\u00c3O DE CARGOS E SAL\u00c1RIOS \u2013 UM DIFERENCIALPARA ATRAIR E RETER OS MELHORES PROFISSIONAIS<\/a> &#8211; Alessandra Soares Da Silva, Andreia Rodrigues Gomes, Thatyane Gleria Felix &#8211; Orienta\u00e7\u00e3o: Ms. M\u00e1rcia Sumire Kurogi.<\/p>\n<p><a href=\"https:\/\/catolicadeanapolis.edu.br\/biblioteca\/wp-content\/uploads\/2018\/11\/O-Poder-da-Lideran\u00e7a-atualizado.pdf\">7- O ESTILO DE LIDERAN\u00c7A NA IND\u00daSTRIA FARMAC\u00caUTICA LAB. FARMA<\/a> &#8211;\u00a0Elisangela Xavier, Keila Cristina Carvalho, Lucimar Preguia De Moraes &#8211; Orienta\u00e7\u00e3o: Ms. M\u00e1rcia Sumire Kurogi.<\/p>\n<p><a href=\"https:\/\/catolicadeanapolis.edu.br\/biblioteca\/wp-content\/uploads\/2018\/11\/Qualidade-de-Vida-no-Trabalho-A\u00e7\u00f5es-Direcionadas-para-Promo\u00e7.pdf\">8- AN\u00c1LISE DOS FATORES DA QUALIDADE DE VIDA NO TRABALHO DE FUNCION\u00c1RIOS DE UMA IND\u00daSTRIA FABRICANTE DE PAP\u00c9IS NO SEGMENTO DE HIGIENE PESSOAL<\/a> &#8211; Cec\u00edlia Alves Dos Reis Pereira, Jos\u00e9lia Marques Cotrin Sousa, K\u00e1tia Cristina De Sousa &#8211; Orienta\u00e7\u00e3o: Ms. M\u00e1rcia Sumire Kurogi.<\/p>\n<p><a href=\"https:\/\/catolicadeanapolis.edu.br\/biblioteca\/wp-content\/uploads\/2018\/11\/RECRUTAMENTO-E-SELE\u00c7\u00c3O-POR-COMPET\u00caNCIA.pdf\">9- RECRUTAMENTO E SELE\u00c7\u00c3O POR COMPET\u00caNCIA<\/a> &#8211; Delmira Ferreira Dos Anjos Silva, Rodrinne T\u00e1tilla Nunes Ferreira, Valneima Rejane Mendon\u00e7a De Sousa &#8211; Orienta\u00e7\u00e3o: Ms. M\u00e1rcia Sumire Kurogi.<\/p>\n<p><a href=\"https:\/\/catolicadeanapolis.edu.br\/biblioteca\/wp-content\/uploads\/2018\/11\/Robson-\u00c1vila-e-Sabrina-Couto-A-import\u00e2ncia-do-trabalho-em-.pdf\">10- A IMPORT\u00c2NCIA DO TRABALHO EM EQUIPE: UMA REVIS\u00c3O DE LITERATURA<\/a> &#8211; Robson Nery \u00c1vila, Sabrina Valverde De Oliveira Couto &#8211;\u00a0Orienta\u00e7\u00e3o: Ms. M\u00e1rcia Sumire Kurogi.<\/p>\n<p><a href=\"https:\/\/catolicadeanapolis.edu.br\/biblioteca\/wp-content\/uploads\/2018\/11\/TCC-de-Gest\u00fao-de-Pessoas-Corrigido.pdf\">11- A IMPORT\u00c2NCIA DA ERGONOMIA NA MELHORIA DE QUALIDADE<\/a><br \/>\nDE VIDA NO TRABALHO &#8211; Eliene Pereira Da Silva Enes, Ludmila De Almeida &#8211;\u00a0Orienta\u00e7\u00e3o: Ms. M\u00e1rcia Sumire Kurogi.<\/p>\n<p><a href=\"https:\/\/catolicadeanapolis.edu.br\/biblioteca\/wp-content\/uploads\/2018\/11\/TCC-FINAL-para-entrega-em-janeiro.pdf\">12- GEST\u00c3O POR COMPET\u00caNCIA E SUA POSSIVEL IMPLANTA\u00c7\u00c3O NAS PEQUENAS EMPRESAS DE PEQUENO PORTE DA CIDADE DE AN\u00c1POLIS<\/a> &#8211; Cl\u00e9ubia Louredo Xavier, Elvis Da Silva, Iza Naves Rezende Rosa &#8211;\u00a0Orienta\u00e7\u00e3o: Ms. M\u00e1rcia Sumire Kurogi.<\/p>\n<p><a href=\"https:\/\/catolicadeanapolis.edu.br\/biblioteca\/wp-content\/uploads\/2018\/11\/TCC-FINAL-27-10-13-OK.pdf\">13- QUALIDADE DE VIDA NO TRABALHO DOS COLABORADORES DA LINHA DE PRODU\u00c7\u00c3O DESOSSADORES DA MARFRIG FRIGOR\u00cdFICOS DO BRASIL S\/AUNIDADE PIREN\u00d3POLIS-GO<\/a> &#8211; C\u00e9lia De F\u00e1tima Pereira Dos Anjos, M\u00f4nica Denise Rosana De Souza, Nilva Xavier Oliveira Mota &#8211;\u00a0Orienta\u00e7\u00e3o: Ms. M\u00e1rcia Sumire Kurogi.<\/p>\n<p><a href=\"https:\/\/catolicadeanapolis.edu.br\/biblioteca\/wp-content\/uploads\/2019\/05\/Artigo-definitivo.docx\">14- SINTOMAS DE ESTRESSES E SUAS CORRELA\u00c7\u00d5ES COM O AMBIENTE DE TRABALHO: UM ESTUDO COM TRABALHADORES DE UMA GR\u00c1FICA<\/a> &#8211; Ludmila Silva Santos e Maria Augusta Leal Lago &#8211; Orienta\u00e7ao:\u00a0Prof.\u00aa Ms. M\u00e1rcia Sumire Kurogi.<\/p>\n<p><a href=\"https:\/\/catolicadeanapolis.edu.br\/biblioteca\/wp-content\/uploads\/2020\/01\/ELENIR-FREIRE-FERNANDA-DUARTE-VALENTE-E-MARIANA-GON\u00c7ALVES-DA-SILVA-TCC-20.11.2013.-\u00daltima-Atualiza\u00e7\u00e3o.pdf\">15-\u00a0A RELA\u00c7\u00c3O ENTRE ABSENTE\u00cdSMO E TURNOVER EM UMA EMPRESA DO RAMO FARMAC\u00caUTICO DA CIDADE DE AN\u00c1POLIS<\/a>&#8211; ELENIR FREIRE, FERNANDA DUARTE VALENTE, MARIANA GON\u00c7ALVES DA SILVA.<\/p>\n","protected":false},"excerpt":{"rendered":"<p>1- A IMPORT\u00c2NCIA DAS CONSULTORIAS INTERNAS E EXTERNAS DE RECURSOS HUMANOS NO DESENVOLVIMENTO DOS PROCESSOS DE QUALIFICA\u00c7\u00c3O PROFISSIONAL &#8211; Ana Em\u00edlia Borges De Oliveira, Rafaela Rodrigues De Torres &#8211; Orienta\u00e7\u00e3o: Ms. M\u00e1rcia Sumire Kurogi. 2- A INFLU\u00caNICA DA ESTABILIDADE FUNCIONAL NA QUALIDADE DO ATENDIMENTOm PRESTADO PELO SERVIDOR ESTATUT\u00c1RIO NO \u00c2MBITO DA AG\u00caNCIA DE ATENDIMENTO DO [&hellip;]<\/p>\n","protected":false},"author":4,"featured_media":0,"parent":314,"menu_order":2,"comment_status":"closed","ping_status":"closed","template":"","meta":[],"_links":{"self":[{"href":"https:\/\/catolicadeanapolis.edu.br\/biblioteca\/index.php?rest_route=\/wp\/v2\/pages\/1295"}],"collection":[{"href":"https:\/\/catolicadeanapolis.edu.br\/biblioteca\/index.php?rest_route=\/wp\/v2\/pages"}],"about":[{"href":"https:\/\/catolicadeanapolis.edu.br\/biblioteca\/index.php?rest_route=\/wp\/v2\/types\/page"}],"author":[{"embeddable":true,"href":"https:\/\/catolicadeanapolis.edu.br\/biblioteca\/index.php?rest_route=\/wp\/v2\/users\/4"}],"replies":[{"embeddable":true,"href":"https:\/\/catolicadeanapolis.edu.br\/biblioteca\/index.php?rest_route=%2Fwp%2Fv2%2Fcomments&post=1295"}],"version-history":[{"count":7,"href":"https:\/\/catolicadeanapolis.edu.br\/biblioteca\/index.php?rest_route=\/wp\/v2\/pages\/1295\/revisions"}],"predecessor-version":[{"id":2682,"href":"https:\/\/catolicadeanapolis.edu.br\/biblioteca\/index.php?rest_route=\/wp\/v2\/pages\/1295\/revisions\/2682"}],"up":[{"embeddable":true,"href":"https:\/\/catolicadeanapolis.edu.br\/biblioteca\/index.php?rest_route=\/wp\/v2\/pages\/314"}],"wp:attachment":[{"href":"https:\/\/catolicadeanapolis.edu.br\/biblioteca\/index.php?rest_route=%2Fwp%2Fv2%2Fmedia&parent=1295"}],"curies":[{"name":"wp","href":"https:\/\/api.w.org\/{rel}","templated":true}]}}