{"id":1303,"date":"2018-11-17T11:50:49","date_gmt":"2018-11-17T11:50:49","guid":{"rendered":"https:\/\/catolicadeanapolis.edu.br\/biblioteca\/?page_id=1303"},"modified":"2019-11-07T13:33:39","modified_gmt":"2019-11-07T13:33:39","slug":"2009-2","status":"publish","type":"page","link":"https:\/\/catolicadeanapolis.edu.br\/biblioteca\/?page_id=1303","title":{"rendered":"EDUCA\u00c7\u00c3O INFANTIL 2009"},"content":{"rendered":"<ol>\n<li><a href=\"https:\/\/catolicadeanapolis.edu.br\/biblioteca\/wp-content\/uploads\/2018\/11\/ARTIGO-CORRIGIDO-ANA-APARECIDA-DE-SOUZA-LEAL.pdf\">A IMPORT\u00c2NCIA DO BRINCAR NA EDUCA\u00c7\u00c3O INFANTIL<\/a> &#8211;\u00a0Ana Aparecida de Souza Leal &#8211; Orientador (a):\u00a0Professora Ms. Ivana Alves Monnerat de Azevedo.<\/li>\n<li><a href=\"https:\/\/catolicadeanapolis.edu.br\/biblioteca\/wp-content\/uploads\/2018\/11\/ARTIGO-CORRIGIDO.pdf\">CANTANDO E ENCANTANDO EM TODOS OS CANTOS: A M\u00daSICA NA EDUCA\u00c7\u00c3O INFANTIL<\/a> &#8211; Ana Cristina Kr\u00fcger Silva &#8211; Orientador (a):\u00a0 professora Ms.<br \/>\nGiuliana Castro Brossi.<\/li>\n<li><a href=\"https:\/\/catolicadeanapolis.edu.br\/biblioteca\/wp-content\/uploads\/2018\/11\/ARTIGO-FINAL-RITA-MARTINS-DE-OLIVERIA.pdf\">IMPORT\u00c2NCIA DOS JOGOS NA EDUCA\u00c7\u00c3O<\/a> &#8211;\u00a0Rita Martins de Oliveira &#8211; Orientador (a) : Prof\u00aa Ms. K\u00e1tia Cilene Camargo Silva.<\/li>\n<li><a href=\"https:\/\/catolicadeanapolis.edu.br\/biblioteca\/wp-content\/uploads\/2018\/11\/Artigo-Nara.pdf\">A CONTRIBUI\u00c7\u00c3O DA LITERATURA INFANTIL PARA O DESENVOLVIMENTO DA LINGUAGEM ORAL NA EDUCA\u00c7\u00c3O INFANTIL<\/a> &#8211;\u00a0Nara Cristina Da Silva Oliveira &#8211; Orientador (a):\u00a0Prof\u00aa. Ms. Giuliana Castro Brossi.<\/li>\n<li><a href=\"https:\/\/catolicadeanapolis.edu.br\/biblioteca\/wp-content\/uploads\/2018\/11\/AVALIA\u00c7\u00c3O-NA-E.INFANTIL-definitivo.pdf\">A AVALIA\u00c7\u00c3O DA APRENDIZAGEM NA EDUCA\u00c7\u00c3O INFANTIL<\/a> &#8211;\u00a0Nilzely Maria de Sousa Reis &#8211; Orientador (a):\u00a0Prof. Joicy Mara Rezende Rolindo.<\/li>\n<li><a href=\"https:\/\/catolicadeanapolis.edu.br\/biblioteca\/wp-content\/uploads\/2018\/11\/DUCILENE-MONOGRAFIA-FORMATADA.pdf\">REFLEXOES SOBRE A PR\u00c1TICA INTERDISCIPLINAR DA EDUCA\u00c7\u00c3O INFANTIL<\/a> &#8211; Ducilene Carrijo De Mendon\u00e7a &#8211; Orientador (a):\u00a0 Prof. Ms. Edvard M. Luz.<\/li>\n<li><a href=\"https:\/\/catolicadeanapolis.edu.br\/biblioteca\/wp-content\/uploads\/2018\/11\/JOGOS-E-APRENDIZAGEM-CLEIDE.pdf\">JOGOS E BRINCADEIRAS NO PROCESSO DE ENSINO\/APRENDIZAGEM NA EDUCA\u00c7\u00c3O INFANTIL<\/a> &#8211;\u00a0Cleide de Almeida Barbosa.<\/li>\n<li><a href=\"https:\/\/catolicadeanapolis.edu.br\/biblioteca\/wp-content\/uploads\/2018\/11\/MONO-ARRUMADA.pdf\">A IMPORT\u00c2NCIA DOS CONTOS DE FADAS NO DESENVOLVIMENTO INTELECTUAL E EMOCIONAL DA CRIAN\u00c7A<\/a> &#8211;\u00a0Let\u00edcia Barbosa de Lima &#8211; Orientador (a):\u00a0Prof\u00ba. Ms. Giuliana<br \/>\nCastro Brossi.<\/li>\n<li><a href=\"https:\/\/catolicadeanapolis.edu.br\/biblioteca\/wp-content\/uploads\/2018\/11\/Mono-Formacao-Professor-Ed.-Inf.-Josy-2009.pdf\">A FORMA\u00c7\u00c3O DO PROFESSOR PARA A EDUCA\u00c7\u00c3O INFANTIL<\/a> &#8211; Josy Leila Rodrigues Calv\u00e3o &#8211; Orientador (a):\u00a0 Professor Ms. Edward M. Luz.<\/li>\n<li><a href=\"https:\/\/catolicadeanapolis.edu.br\/biblioteca\/wp-content\/uploads\/2018\/11\/MONOGRAFIA-CANTIGAS-DE-definitiva.pdf\">A IMPORT\u00c2NCIA DAS CANTIGAS DE RODA NO PROCESSO ENSINO-APRENDIZAGEM DA EDUCA\u00c7\u00c3O INFANTIL<\/a> &#8211; Elaine de Oliveira &#8211; Orientador (a):\u00a0Prof\u00ba. Ms. Giuliana<br \/>\nCastro Brossi.<\/li>\n<li><a href=\"https:\/\/catolicadeanapolis.edu.br\/biblioteca\/wp-content\/uploads\/2018\/11\/Monografia-corrigida.pdf\">A AVALIA\u00c7\u00c3O COMO CENTRO NO ENSINO FUNDAMENTAL<\/a> &#8211;\u00a0 Maria Ferreira Ara\u00fajo &#8211; Orientador (a): Professora MS. Giuliana Castro Brossi.<\/li>\n<li><a href=\"https:\/\/catolicadeanapolis.edu.br\/biblioteca\/wp-content\/uploads\/2018\/11\/monografia-da-Catolica-Neide_3_.pdf\">LEITURA NA EDUCA\u00c7\u00c3O INFANTIL: CRIAN\u00c7AS DE 5 A 6 ANOS <\/a>&#8211;\u00a0Neide Bueno Coutinho &#8211; Orientador (a):\u00a0Prof\u00ba. Ms. Giuliana Castro Brossi.<\/li>\n<li><a href=\"https:\/\/catolicadeanapolis.edu.br\/biblioteca\/wp-content\/uploads\/2018\/11\/Monografia-Familia-e-escola-Marly-abr-2009.pdf\">O PAPEL DA FAM\u00cdLIA NA AQUISI\u00c7\u00c3O DE VALORES E FORMA\u00c7\u00c3O DA CRIAN\u00c7A DE ZERO A SEIS ANOS<\/a> &#8211; Marly Rodrigues Calv\u00e3o &#8211; Orientador (a):\u00a0Prof\u00ba. Ms. Giuliana Castro Brossi.<\/li>\n<li><a href=\"https:\/\/catolicadeanapolis.edu.br\/biblioteca\/wp-content\/uploads\/2018\/11\/trabalho.pdf\">LETRAMENTO X ALFABETIZA\u00c7\u00c3O NA EDUCA\u00c7\u00c3O INFANTIL<\/a> &#8211; Rita De C\u00e1ssia Benjamim Da Luz &#8211; Orientador (a):\u00a0 Prof\u00aa. Ms. Giuliana Brossi.<\/li>\n<li><a href=\"https:\/\/catolicadeanapolis.edu.br\/biblioteca\/wp-content\/uploads\/2019\/05\/Trabalho_266_Vanusa_Aparecida1silva.pdf\">A IMPORT\u00c2NCIA DO L\u00daDICO NO DESENVOLVIMENTO DA APRENDIZAGEM ATRAV\u00c9S DA BRINCADEIRA<\/a> &#8211; Vanusa Aparecida da Silva &#8211; Orientador (a):\u00a0 Professora Mestre Giuliana Brossi.<\/li>\n<\/ol>\n","protected":false},"excerpt":{"rendered":"<p>A IMPORT\u00c2NCIA DO BRINCAR NA EDUCA\u00c7\u00c3O INFANTIL &#8211;\u00a0Ana Aparecida de Souza Leal &#8211; Orientador (a):\u00a0Professora Ms. Ivana Alves Monnerat de Azevedo. CANTANDO E ENCANTANDO EM TODOS OS CANTOS: A M\u00daSICA NA EDUCA\u00c7\u00c3O INFANTIL &#8211; Ana Cristina Kr\u00fcger Silva &#8211; Orientador (a):\u00a0 professora Ms. Giuliana Castro Brossi. IMPORT\u00c2NCIA DOS JOGOS NA EDUCA\u00c7\u00c3O &#8211;\u00a0Rita Martins de Oliveira [&hellip;]<\/p>\n","protected":false},"author":4,"featured_media":0,"parent":1301,"menu_order":0,"comment_status":"closed","ping_status":"closed","template":"","meta":[],"_links":{"self":[{"href":"https:\/\/catolicadeanapolis.edu.br\/biblioteca\/index.php?rest_route=\/wp\/v2\/pages\/1303"}],"collection":[{"href":"https:\/\/catolicadeanapolis.edu.br\/biblioteca\/index.php?rest_route=\/wp\/v2\/pages"}],"about":[{"href":"https:\/\/catolicadeanapolis.edu.br\/biblioteca\/index.php?rest_route=\/wp\/v2\/types\/page"}],"author":[{"embeddable":true,"href":"https:\/\/catolicadeanapolis.edu.br\/biblioteca\/index.php?rest_route=\/wp\/v2\/users\/4"}],"replies":[{"embeddable":true,"href":"https:\/\/catolicadeanapolis.edu.br\/biblioteca\/index.php?rest_route=%2Fwp%2Fv2%2Fcomments&post=1303"}],"version-history":[{"count":6,"href":"https:\/\/catolicadeanapolis.edu.br\/biblioteca\/index.php?rest_route=\/wp\/v2\/pages\/1303\/revisions"}],"predecessor-version":[{"id":2011,"href":"https:\/\/catolicadeanapolis.edu.br\/biblioteca\/index.php?rest_route=\/wp\/v2\/pages\/1303\/revisions\/2011"}],"up":[{"embeddable":true,"href":"https:\/\/catolicadeanapolis.edu.br\/biblioteca\/index.php?rest_route=\/wp\/v2\/pages\/1301"}],"wp:attachment":[{"href":"https:\/\/catolicadeanapolis.edu.br\/biblioteca\/index.php?rest_route=%2Fwp%2Fv2%2Fmedia&parent=1303"}],"curies":[{"name":"wp","href":"https:\/\/api.w.org\/{rel}","templated":true}]}}