{"id":1335,"date":"2018-11-20T12:10:56","date_gmt":"2018-11-20T12:10:56","guid":{"rendered":"https:\/\/catolicadeanapolis.edu.br\/biblioteca\/?page_id=1335"},"modified":"2020-03-19T12:50:35","modified_gmt":"2020-03-19T12:50:35","slug":"2013-2","status":"publish","type":"page","link":"https:\/\/catolicadeanapolis.edu.br\/biblioteca\/?page_id=1335","title":{"rendered":"EDUCA\u00c7\u00c3O INFANTIL 2013"},"content":{"rendered":"<p>1- <a href=\"https:\/\/catolicadeanapolis.edu.br\/biblioteca\/wp-content\/uploads\/2018\/11\/A-arte-de-contar-hist\u00f3ria-e-sua-import\u00e2ncia-na-educa\u00e7\u00e3o-infa.pdf\">A ARTE DE CONTAR HIST\u00d3RIA E SUA IMPORT\u00c2NCIA NA EDUCA\u00c7\u00c3O INFANTIL.<\/a>\u00a0&#8211; GLEICE LOUREDO GUIAES VIANA, NILVA DE MORAES PRIMO. &#8211; ORIENTA\u00c7\u00c3O: PROF\u00aa. ME. K\u00c1TIA CILENE CAMARGO SILVA.<\/p>\n<p><span style=\"font-size: 1rem;\">2-<\/span><span style=\"font-size: 1rem;\">\u00a0<\/span><a style=\"font-size: 1rem;\" href=\"https:\/\/catolicadeanapolis.edu.br\/biblioteca\/wp-content\/uploads\/2018\/11\/A-M\u00fasica-na-Educa\u00e7\u00e3o-Infantil.pdf\">A M\u00daSICA NA EDUCA\u00c7\u00c3O I<\/a><a style=\"font-size: 1rem;\" href=\"https:\/\/catolicadeanapolis.edu.br\/biblioteca\/wp-content\/uploads\/2018\/11\/A-M\u00fasica-na-Educa\u00e7\u00e3o-Infantil.pdf\">NFANTIL NUMA PERSPECTIVA DA MOTRICIDADE: UMA ABORDAGEM CONCEITUAL, HIST\u00d3RICA E LEGAL.<\/a>\u00a0&#8211; IZAURA INGRIED DA SILVA, MARIA SOCORRO ALVES. &#8211;\u00a0ORIENTA\u00c7\u00c3O: PROF\u00aa. ME. K\u00c1TIA CILENE CAMARGO SILVA.<\/p>\n<p>3- <a href=\"https:\/\/catolicadeanapolis.edu.br\/biblioteca\/wp-content\/uploads\/2018\/11\/ARTIGO-ELIZA.pdf\">O CUIDAR E EDUCAR NO PER\u00cdODO DE SEIS MESES AOS DOIS\u00a0ANOS.<\/a>\u00a0&#8211; ELIZA NERES DOS S. MENDON\u00c7A, GRACIANA ANDRADE GOMES. &#8211; ORIENTA\u00c7\u00c3O:\u00a0PROF\u00aa. ME. K\u00c1TIA CILENE CAMARGO SILVA.<\/p>\n<p>4- <a href=\"https:\/\/catolicadeanapolis.edu.br\/biblioteca\/wp-content\/uploads\/2018\/11\/ARTIGO-LUCIANE-E-MARILEIDE.pdf\">A IMPORT\u00c2NCIA DA PSICOMOTRICIDADE NO DESENVOLVIMENTO DAS CRIAN\u00c7AS NA EDUCA\u00c7\u00c3O INFANTIL.<\/a> &#8211; LUCIANE NUNES RABELO MAIA, MARILEIDE OLIVEIRA MARTINS BRITO. &#8211;\u00a0ORIENTA\u00c7\u00c3O:\u00a0PROF\u00aa. ME. K\u00c1TIA CILENE CAMARGO SILVA.<\/p>\n<p>5- <a href=\"https:\/\/catolicadeanapolis.edu.br\/biblioteca\/wp-content\/uploads\/2018\/11\/Artigo-R\u00fabia-e-Silvia-Educa\u00e7\u00e3o-Infantil.pdf\">A IMPORT\u00c2NCIA DA LITERATURA NA EDUCA\u00c7\u00c3O INFANTIL.<\/a> &#8211; RUBIA C\u00c9LIA DE MAGALH\u00c3ES ADORNO, SILVIA DE C\u00c1SSIA MAGALH\u00c3ES. &#8211;\u00a0ORIENTA\u00c7\u00c3O:\u00a0PROF\u00aa. ME. K\u00c1TIA CILENE CAMARGO SILVA.<\/p>\n<p>6- <a href=\"https:\/\/catolicadeanapolis.edu.br\/biblioteca\/wp-content\/uploads\/2018\/11\/Artigo.pdf\">O PERFIL DO PROFESSOR DA EDUCA\u00c7\u00c3O INFANTIL.<\/a> &#8211; MICHELLE ALVES DA SILVA SOUSA, TATIANE BIAGE WIND. &#8211;\u00a0ORIENTA\u00c7\u00c3O:\u00a0PROF\u00aa. ME. K\u00c1TIA CILENE CAMARGO SILVA.<\/p>\n<p>7- <a href=\"https:\/\/catolicadeanapolis.edu.br\/biblioteca\/wp-content\/uploads\/2018\/11\/Contribui\u00e7\u00f5es-da-literatura-no-desenvolvimento-da-oralidade-infantil.pdf-M\u00e1rcia-Andrade.pdf\">CONTRIBUI\u00c7\u00d5ES DA LITERATURA NO DESENVOLVIMENTO DA ORALIDADE\u00a0INFANTIL: RELATO DE UMA EXPERI\u00caNCIA.<\/a> &#8211; M\u00c1RCIA ANDRADE VICENTE LUCAS. &#8211;\u00a0ORIENTA\u00c7\u00c3O:\u00a0PROF\u00aa. ME. K\u00c1TIA CILENE CAMARGO SILVA.<\/p>\n<p>8- <a href=\"https:\/\/catolicadeanapolis.edu.br\/biblioteca\/wp-content\/uploads\/2018\/11\/Trabalho-Revisado.pdf\">A IMPORT\u00c2NCIA DOS JOGOS E BRINCADEIRAS NA EDUCA\u00c7\u00c3O\u00a0INFANTIL.<\/a>\u00a0&#8211; CARLA JULIANA BRITO DA SILVA, MARIA DAS DORES MIGUEL DA SILVA BESSA. &#8211;\u00a0\u00a0ORIENTA\u00c7\u00c3O:\u00a0PROF\u00aa. ME. K\u00c1TIA CILENE CAMARGO SILVA.<\/p>\n<p>9- <a style=\"font-size: 1rem;\" href=\"https:\/\/catolicadeanapolis.edu.br\/biblioteca\/wp-content\/uploads\/2019\/05\/Eliza-Neres-dos-S.-Mendon\u00e7a.pdf\">O CUIDAR E EDUCAR NO PER\u00cdODO DE SEIS MESES AOS DOIS\u00a0ANOS.<\/a><span style=\"font-size: 1rem;\">\u00a0&#8211; ELIZA NERES DOS S. MENDON\u00c7A, GRACIANA ANDRADE GOMES. &#8211;\u00a0\u00a0ORIENTA\u00c7\u00c3O: PROF\u00aa. ME. K\u00c1TIA CILENE CAMARGO SILVA.<\/span><\/p>\n<p>10- <a href=\"https:\/\/catolicadeanapolis.edu.br\/biblioteca\/wp-content\/uploads\/2019\/05\/ARTIGO-ADENIZE.doc\">A IMPORT\u00c2NCIA DO L\u00daDICO NA EDUCA\u00c7\u00c3O INFANTIL.<\/a> &#8211; ADENISE DA SILVA ALVES SOUSA, LILIANE SOARES MOREIRA E SHEILA BATISTA DE ALMEIDA PEREIRA. &#8211;\u00a0<span style=\"font-size: 1rem;\">ORIENTA\u00c7\u00c3O: PROF\u00aa. ME. K\u00c1TIA CILENE CAMARGO SILVA.<\/span><\/p>\n<p>11- <a href=\"https:\/\/catolicadeanapolis.edu.br\/biblioteca\/wp-content\/uploads\/2019\/05\/hoje.docx\">A HIST\u00d3RIA DA EDUCA\u00c7\u00c3O INFANTIL.<\/a> &#8211; ALDENIRA FELIX, ANAL\u00da MISSIAS DE FARIA. &#8211;\u00a0<span style=\"font-size: 1rem;\">ORIENTA\u00c7\u00c3O: PROF\u00aa. ME. K\u00c1TIA CILENE CAMARGO SILVA.<\/span><\/p>\n<p>12-\u00a0<a href=\"https:\/\/catolicadeanapolis.edu.br\/biblioteca\/wp-content\/uploads\/2020\/03\/Herine-Canedo-Barbosa-Sueli-Maria-de-Melo.pdf\">INCLUS\u00c3O DIGITAL NA EDUCA\u00c7\u00c3O INFANTIL. &#8211; HERINE CANEDO BARBOSA, SUELI MARIA DE MELO.<\/a> &#8211; ORIENTA\u00c7\u00c3O:\u00a0<span style=\"font-size: 1rem;\"> PROF\u00aa. ME. K\u00c1TIA CILENE CAMARGO SILVA.<\/span><\/p>\n<p>&nbsp;<\/p>\n","protected":false},"excerpt":{"rendered":"<p>1- A ARTE DE CONTAR HIST\u00d3RIA E SUA IMPORT\u00c2NCIA NA EDUCA\u00c7\u00c3O INFANTIL.\u00a0&#8211; GLEICE LOUREDO GUIAES VIANA, NILVA DE MORAES PRIMO. &#8211; ORIENTA\u00c7\u00c3O: PROF\u00aa. ME. K\u00c1TIA CILENE CAMARGO SILVA. 2-\u00a0A M\u00daSICA NA EDUCA\u00c7\u00c3O INFANTIL NUMA PERSPECTIVA DA MOTRICIDADE: UMA ABORDAGEM CONCEITUAL, HIST\u00d3RICA E LEGAL.\u00a0&#8211; IZAURA INGRIED DA SILVA, MARIA SOCORRO ALVES. &#8211;\u00a0ORIENTA\u00c7\u00c3O: PROF\u00aa. ME. K\u00c1TIA CILENE [&hellip;]<\/p>\n","protected":false},"author":4,"featured_media":0,"parent":1301,"menu_order":0,"comment_status":"closed","ping_status":"closed","template":"","meta":[],"_links":{"self":[{"href":"https:\/\/catolicadeanapolis.edu.br\/biblioteca\/index.php?rest_route=\/wp\/v2\/pages\/1335"}],"collection":[{"href":"https:\/\/catolicadeanapolis.edu.br\/biblioteca\/index.php?rest_route=\/wp\/v2\/pages"}],"about":[{"href":"https:\/\/catolicadeanapolis.edu.br\/biblioteca\/index.php?rest_route=\/wp\/v2\/types\/page"}],"author":[{"embeddable":true,"href":"https:\/\/catolicadeanapolis.edu.br\/biblioteca\/index.php?rest_route=\/wp\/v2\/users\/4"}],"replies":[{"embeddable":true,"href":"https:\/\/catolicadeanapolis.edu.br\/biblioteca\/index.php?rest_route=%2Fwp%2Fv2%2Fcomments&post=1335"}],"version-history":[{"count":11,"href":"https:\/\/catolicadeanapolis.edu.br\/biblioteca\/index.php?rest_route=\/wp\/v2\/pages\/1335\/revisions"}],"predecessor-version":[{"id":2820,"href":"https:\/\/catolicadeanapolis.edu.br\/biblioteca\/index.php?rest_route=\/wp\/v2\/pages\/1335\/revisions\/2820"}],"up":[{"embeddable":true,"href":"https:\/\/catolicadeanapolis.edu.br\/biblioteca\/index.php?rest_route=\/wp\/v2\/pages\/1301"}],"wp:attachment":[{"href":"https:\/\/catolicadeanapolis.edu.br\/biblioteca\/index.php?rest_route=%2Fwp%2Fv2%2Fmedia&parent=1335"}],"curies":[{"name":"wp","href":"https:\/\/api.w.org\/{rel}","templated":true}]}}