{"id":1406,"date":"2018-11-22T12:18:47","date_gmt":"2018-11-22T12:18:47","guid":{"rendered":"https:\/\/catolicadeanapolis.edu.br\/biblioteca\/?page_id=1406"},"modified":"2021-06-28T18:24:53","modified_gmt":"2021-06-28T18:24:53","slug":"2018-2","status":"publish","type":"page","link":"https:\/\/catolicadeanapolis.edu.br\/biblioteca\/?page_id=1406","title":{"rendered":"GEST\u00c3O DE PESSOAS P. O. E COACHING 2018"},"content":{"rendered":"<p>1-\u00a0 <a href=\"https:\/\/catolicadeanapolis.edu.br\/biblioteca\/wp-content\/uploads\/2019\/05\/1-PDF-TCC-Cleide-e-Lorena-10-05-2018-p\u00f3s-banca-1.pdf\">PERFIL DE FORMA\u00c7\u00c3O ACAD\u00caMICA DOS PROFESSORES DE UM CURSO DE EST\u00c9TICA E COSM\u00c9TICA<\/a> &#8211; Cleide Gomes de Ara\u00fajo e Lorena Rodrigues de Melo &#8211; Orientador\/a:\u00a0 Ma. Allyne Farinha Chaveiro.<\/p>\n<p>2-<a href=\"https:\/\/catolicadeanapolis.edu.br\/biblioteca\/wp-content\/uploads\/2019\/05\/A-PREOCUPA\u00c7\u00c3O-DOS-COLABORADORES-DE-UMA-EMPRESA-ANAPOLINA-ACERCA-DA-MOTIVA\u00c7\u00c3O-NO-AMBIENTE-DE-TRABALHO.pdf\"> A PREOCUPA\u00c7\u00c3O DOS COLABORADORES DE UMA EMPRESA ANAPOLINA ACERCA DA MOTIVA\u00c7\u00c3O NO AMBIENTE DE TRABALHO<\/a> &#8211; Paulo Rossi Oliveira Silva, Paulo Vitor Cardoso de Morais e\u00a0 Raquel Duarte &#8211; Orientador\/a: Prof. Mauricio Resende Rodovalho.<\/p>\n<p>3-\u00a0 <a href=\"https:\/\/catolicadeanapolis.edu.br\/biblioteca\/wp-content\/uploads\/2019\/05\/artigo-final-juliana-e-thelma-ok-sumario-1.pdf\">A SISTEM\u00c1TICA DE ATENDIMENTO NA UNIDADE B\u00c1SICA DE SA\u00daDE DE PILAR DE GOI\u00c1S<\/a> &#8211; Juliana Barcelos Rodrigues e Maria Thelma de Pio Louzada &#8211; Orientador\/a: Prof.\u00a0 Wilton Alves Ferreira J\u00fanior.<\/p>\n<p>4-\u00a0<a href=\"https:\/\/catolicadeanapolis.edu.br\/biblioteca\/wp-content\/uploads\/2019\/05\/Corre\u00e7\u00e3o-final-Tcc-Victor-Atualizado.pdf\"> OS DESAFIOS DA INCLUS\u00c3O: COMO A SOCIEDADE ACOLHE O ACAD\u00caMICO COM DEFICI\u00caNCIA VISUAL<\/a> &#8211; Victor Moura Lustosa Pinheiro &#8211; Orientador\/a:\u00a0 Prof. Wilian C\u00e2ndido.<\/p>\n<p>5-\u00a0 <a href=\"https:\/\/catolicadeanapolis.edu.br\/biblioteca\/wp-content\/uploads\/2019\/05\/GRACE-CASSIA.pdf\">GEST\u00c3O DE PESSOAS: REFLEXOS NO TRABALHO DO DOCENTE E DIRIGENTE DAS INSTITUI\u00c7\u00d5ES PRIVADAS DE ENSINO SUPERIOR DO MUNIC\u00cdPIO DE AN\u00c1POLIS-GO<\/a> &#8211; C\u00e1ssia Cristina de Oliveira Sonoda e Grace Christina de Souza Santos &#8211; Orientador\/a:\u00a0 Prof. Alyne Chaveiro Farinha.<\/p>\n<p>6-\u00a0 <a href=\"https:\/\/catolicadeanapolis.edu.br\/biblioteca\/wp-content\/uploads\/2019\/05\/TCC-Trajano-Vers\u00e3o-III.pdf\">UMA VIS\u00c3O PELOS OLHOS DE QUEM N\u00c3O V\u00ca: O ESTUDO DE CASO DA INCLUS\u00c3O DO DISCENTE NO ENSINO SUPERIOR<\/a> &#8211; Trajano Martins Rezende &#8211; Orientador\/a:\u00a0 Prof. Wilian C\u00e2ndido.<\/p>\n<p>7-\u00a0 <a href=\"https:\/\/catolicadeanapolis.edu.br\/biblioteca\/wp-content\/uploads\/2019\/05\/TCC-Elias-Franciele-Lucimeire-e-Nayane-Final.pdf\">ESTRESSE OCUPACIONAL: UM ESTUDO DA PERCEP\u00c7\u00c3O DOS PROFESSORES DE ESCOLAS P\u00daBLICAS DA EDUCA\u00c7\u00c3O B\u00c1SICA DA REGI\u00c3O SUL DA CIDADE DE AN\u00c1POLIS\/GO<\/a> &#8211; Elias Oliveira Alves, Franciele do Nascimento Ara\u00fajo, Lucimeire Rodrigues Mendes e Nayane pereira Silva &#8211; Orientador\/a:\u00a0 Prof. Rodrigo Messias de Souza.<\/p>\n<p>8-\u00a0 <a href=\"https:\/\/catolicadeanapolis.edu.br\/biblioteca\/wp-content\/uploads\/2019\/05\/TEORIA-E-PR\u00c1TICA-NA-FORMA\u00c7\u00c3O-DOS-DISCENTES-SUA-EFIC\u00c1CIA-NA-PERCEP\u00c7\u00c3O-DOS-BACHAR\u00c9IS-EM-AGRONOMIA.pdf\">TEORIA E PR\u00c1TICA NA FORMA\u00c7\u00c3O DOS DISCENTES: SUA EFIC\u00c1CIA NA PERCEP\u00c7\u00c3O DOS BACHAR\u00c9IS EM AGRONOMIA<\/a> &#8211; Fernando Ribeiro Teles de Camargo e Milanna Paula Cabral Nunes- Orientador\/a: Prof.\u00a0 Wiliam C\u00e2ndido Corr\u00eaa.<\/p>\n<p>9-\u00a0<a href=\"https:\/\/catolicadeanapolis.edu.br\/biblioteca\/wp-content\/uploads\/2020\/01\/RENATO-DE-LIMA-LOPES-TCC_.pdf\">GEST\u00c3O POR COMPET\u00caNCIA NO SERVI\u00c7O P\u00daBLICO MUNICIPAL-\u00a0<\/a>RENATO DE LIMA LOPES.<\/p>\n<p>10- <a href=\"https:\/\/catolicadeanapolis.edu.br\/biblioteca\/wp-content\/uploads\/2020\/01\/JULIANA-FERNANDES-BARCELOS-RODRIGUES-MARIA-THELMA-DE-PIO-LOUZADA.pdf\">A SISTEM\u00c1TICA DE ATENDIMENTO NA UNIDADE B\u00c1SICA DE SA\u00daDE DE PILAR DE GOI\u00c1S-<\/a>\u00a0\u00a0JULIANA FERNANDES BARCELOS RODRIGUES, MARIA THELMA DE PIO LOUZADA.<\/p>\n<p>11- <a href=\"https:\/\/catolicadeanapolis.edu.br\/biblioteca\/wp-content\/uploads\/2020\/01\/GISLENE-SILVA-MAIA-E-RODRIGO-PEREIRA-BORGES.pdf\">AVALIA\u00c7\u00c3O DE DESEMPENHO DE COLABORADORES E SUAS CONTRIBUI\u00c7\u00d5ES PARA AS ORGANIZA\u00c7\u00d5ES: UM ESTUDO DE CASO EM UMA EMPRESA DE SA\u00daDE SUPLEMENTAR LOCALIZADA EM GOI\u00c2NIA-GO-<\/a>\u00a0GISLENE SILVA MAIA, RODRIGO PEREIRA BORGES.<\/p>\n<p>12- <a href=\"https:\/\/catolicadeanapolis.edu.br\/biblioteca\/wp-content\/uploads\/2020\/01\/GABRIELA-MOREIRA-ALVES-E-NOEMI-MENDES-PIMENTEL.pdf\">ENEAGRAMA PARA L\u00cdDERES: UMA REVIS\u00c3O BIBLIOGR\u00c1FICA-\u00a0<\/a>GABRIELA MOREIRA ALVES, NOEMI MENDES PIMENTEL.<\/p>\n<p>13- <a href=\"https:\/\/catolicadeanapolis.edu.br\/biblioteca\/wp-content\/uploads\/2020\/01\/FL\u00c1VIA-CRISTIANE-RIBEIRO-MOREIRA-HELLEN-CRISTINA-MOREIRA-E-MARLENE-MARIA-ALVES-TCC-ASS\u00c9DIO-MORAL-E-SEXUAL-NO-TRABALHO-DA-MULHER-QUESTION\u00c1RIO-.pdf\">ASS\u00c9DIO MORAL E SEXUAL NO TRABALHO DA MULHER-<\/a> FL\u00c1VIA CRISTIANE RIBEIRO MOREIRA, HELLEN CRISTINA MOREIRA, MARLENE MARIA ALVES.<\/p>\n<p>14-\u00a0<a href=\"https:\/\/catolicadeanapolis.edu.br\/biblioteca\/wp-content\/uploads\/2020\/01\/EDLAINE-PEDRA-SILVA-FACULDADE-CATOLICA-DE-ANAPOLIS.pdf\">O LEVANTAMENTO DAS CAUSAS E CONSEQU\u00caNCIAS DA ROTATIVIDADE DE PESSOAS EM UMA IND\u00daSTRIA FARMAC\u00caUTICA DE AN\u00c1POLIS, GO-\u00a0<\/a>EDLAINE PEDRA SILVA.<\/p>\n<p>15-\u00a0<a href=\"https:\/\/catolicadeanapolis.edu.br\/biblioteca\/wp-content\/uploads\/2020\/01\/DENISE-FERREIRA-DOS-SANTOS-LUARA-SILVA-DE-MELO-COSTA-E-NAYARA-GOMES-DE-MORAES.pdf\">PSICOLOGIA ORGANIZACIONAL E DO TRABALHO E O COACHING NAS ORGANIZA\u00c7\u00d5ES: UM ESTUDO TE\u00d3RICO DE COMPARA\u00c7\u00c3O CONCEITUAL-<\/a>\u00a0DENISE FERREIRA DOS SANTOS, LUARA SILVA DE MELO COSTA, NAYARA GOMES DE MORAES.<\/p>\n<p>16-\u00a0<a href=\"https:\/\/catolicadeanapolis.edu.br\/biblioteca\/wp-content\/uploads\/2020\/01\/CRISTIANE-EUNICE-ELIAS-DE-SOUZA-DARA-MOTA-SANTANA-INGRID-CARVALHO-DE-ANDRADE-E-TALIENE-ALVES-DE-CARVALHO.pdf\">AVALIA\u00c7\u00c3O DO CLIMA ORGANIZACIONAL NA EMPRESA DE TRANSPORTES EMAPARECIDA DE GOI\u00c2NIA-GO-<\/a>\u00a0CRISTIANE EUNICE ELIAS DE SOUZA, DARA MOTA SANTANA, INGRID CARVALHO DE ANDRADE, TALIENE ALVES DE CARVALHO.<\/p>\n<p>17-\u00a0<a href=\"https:\/\/catolicadeanapolis.edu.br\/biblioteca\/wp-content\/uploads\/2020\/01\/CARLA-LARISSA-FERREIR-KARLA-PATR\u00cdCIA-DE-OLIVEIRA-E-JOYCE-AMARAL-SILVA-MULLER.pdf\">ESTRESSE: TRANSTORNOS NO AMBIENTE ORGANIZACIONAL-<\/a>\u00a0CARLA LARISSA FERREIRA, KARLA PATR\u00cdCIA DE OLIVEIRA, JOYCE AMARAL SILVA MULLER.<\/p>\n<p>18-\u00a0<a href=\"https:\/\/catolicadeanapolis.edu.br\/biblioteca\/wp-content\/uploads\/2020\/01\/ANA-PAULA-EVANGELISTA-COSTA-E-THAYS-CAROLINA-LINHARES-LOPES-CAT\u00d3LICA-ANA-PAULA-EVANGELISTA.pdf\">AS TR\u00caS PRINCIPAIS MEDIDAS DO COMPROMETIMENTO ORGANIZACIONAL-<\/a>\u00a0ANA PAULA EVANGELISTA COSTA, THAYS CAROLINA LINHARES LOPES.<\/p>\n<p>19-\u00a0<a href=\"https:\/\/catolicadeanapolis.edu.br\/biblioteca\/wp-content\/uploads\/2021\/06\/THIAGO-NASCIMENTO-SILVA.pdf\">DOEN\u00c7AS MENTAIS E SEU IMPACTO NAS ORGANIZA\u00c7\u00d5ES: IMPORT\u00c2NCIA DO OLHAR ATENTO PELA GEST\u00c3O DE PESSOAS.<\/a> &#8211;\u00a0THIAGO NASCIMENTO SILVA. &#8211; ORIENTA\u00c7\u00c3O: PROF\u00aa MA. JULIANA PEREIRA FREITAS.<\/p>\n<p>20-\u00a0<a href=\"https:\/\/catolicadeanapolis.edu.br\/biblioteca\/wp-content\/uploads\/2021\/06\/LORENA-DINIZ-LINHARES-E-SOUZA-CARVALHEDO-LUIZ-CARLOS-BORGES-LEAL-J\u00daNIOR-SANTHIAGO-JOS\u00c9-DE-OLIVEIRA-PERES.pdf\">ESTUDO DE CLIMA ORGANIZACIONAL EM UM LABORAT\u00d3RIO FARMAC\u00caUTICO.<\/a> &#8211;\u00a0LORENA DINIZ LINHARES E SOUZA CARVALHEDO, LUIZ CARLOS BORGES LEAL J\u00daNIOR, SANTHIAGO JOS\u00c9 DE OLIVEIRA PERES. &#8211; ORIENTA\u00c7\u00c3O: PROF\u00aa MS. MARISA ROVEDA.<\/p>\n<p>21-\u00a0<a href=\"https:\/\/catolicadeanapolis.edu.br\/biblioteca\/wp-content\/uploads\/2021\/06\/POLYANA-FERREIRA-FRAN\u00c7A-WILLIAM-BORGES-FERNANDES.pdf\">PROGRAMAS DE QUALIDADE DE VIDA NO TRABALHO E SUA RELA\u00c7\u00c3O COM A SA\u00daDE E PRODUTIVIDADE DO TRABALHADOR.<\/a> &#8211;\u00a0POLYANA FERREIRA FRAN\u00c7A, WILLIAM BORGES FERNANDES. &#8211;\u00a0ORIENTA\u00c7\u00c3O: PROF\u00aa MA. JULIANA PEREIRA FREITAS.<\/p>\n<p>22-\u00a0<a href=\"https:\/\/catolicadeanapolis.edu.br\/biblioteca\/wp-content\/uploads\/2021\/06\/GEISA-KAROLINE-SILVA-JACKELLINY-VASCONCELOS-SOUSA-POLLYANA-AKEMI-MORIBAYASHI-MARQUES.pdf\">PESQUISA PARA O LEVANTAMENTO DO CLIMA ORGANIZACIONAL NO SETOR DE CONTROLE DE QUALIDADE DE UMA EMPRESA DO RAMO FARMAC\u00caUTICO.<\/a> &#8211;\u00a0GEISA KAROLINE SILVA, JACKELLINY VASCONCELOS SOUSA, POLLYANA AKEMI MORIBAYASHI MARQUES. &#8211;\u00a0ORIENTA\u00c7\u00c3O: PROF\u00aa MS. MARISA ROVEDA.<\/p>\n<p>23-\u00a0<a href=\"https:\/\/catolicadeanapolis.edu.br\/biblioteca\/wp-content\/uploads\/2021\/06\/JACQUELINE-DE-MELO-FILGUEIRA-KELLY-TATIANE-DA-MATA-DOS-SANTOS-LETICIA-RODRIGUES-DOS-SANTOS-VEN\u00c2NCIO-BATISTA-DO-NASCIMENTO.pdf\">A INCID\u00caNCIA DA S\u00cdNDROME DE BURNOUT EM DOCENTES DA EDUCA\u00c7\u00c3O INFANTIL DA REDE P\u00daBLICA: REVIS\u00c3O BIBLIOGR\u00c1FICA.<\/a> &#8211;\u00a0JACQUELINE DE MELO FILGUEIRA, KELLY TATIANE DA MATA DOS SANTOS, LETICIA RODRIGUES DOS SANTOS, VEN\u00c2NCIO BATISTA DO NASCIMENTO. &#8211;\u00a0ORIENTA\u00c7\u00c3O: PROF\u00aa MA. JULIANA PEREIRA FREITAS.<\/p>\n<p>24-\u00a0<a href=\"https:\/\/catolicadeanapolis.edu.br\/biblioteca\/wp-content\/uploads\/2021\/06\/FLAVIANE-PARREIRA-PINTO-JULIANA-TEODORO-DA-CUNHA.pdf\">A RELEV\u00c2NCIA DO L\u00cdDER NA MOTIVA\u00c7\u00c3O E DESENVOLVIMENTO DE EQUIPES.<\/a> &#8211;\u00a0FLAVIANE PARREIRA PINTO, JULIANA TEODORO DA CUNHA. &#8211;\u00a0ORIENTA\u00c7\u00c3O: PROF\u00aa MS. MARISA ROVEDA.<\/p>\n<p>25-\u00a0<a href=\"https:\/\/catolicadeanapolis.edu.br\/biblioteca\/wp-content\/uploads\/2021\/06\/DANIELA-SARDINHA-DA-COSTA-CARVALHO-JHENTHUELLE-FERNANDES-GARCIA-LEANDRO-ALVES-EVANGELISTA.pdf\">A LIDERAN\u00c7A COMO FATOR ESTRAT\u00c9GICO NO SETOR DE DESENVOLVIMENTO ANAL\u00cdTICO: ESTUDO DESCRITIVO EM UMA IND\u00daSTRIA DA \u00c1REA FARMAC\u00caUTICA.<\/a> &#8211;\u00a0DANIELA SARDINHA DA COSTA CARVALHO, JHENTHUELLE FERNANDES GARCIA, LEANDRO ALVES EVANGELISTA. &#8211; ORIENTA\u00c7\u00c3O: PROF\u00ba ME. MAUR\u00cdCIO RODOVALHO.<\/p>\n<p>26-\u00a0<a href=\"https:\/\/catolicadeanapolis.edu.br\/biblioteca\/wp-content\/uploads\/2021\/06\/BRUNA-STUMPF-CARNEIRO-JULIANA-PEREIRA-DA-COSTA-SPINDULA-MARCOS-T\u00daLIO-ALVES-CAMELO.pdf\">O L\u00cdDER E SUA INFLU\u00caNCIA NA SA\u00daDE PSICOL\u00d3GICA DOS COLABORADORES.<\/a> &#8211;\u00a0BRUNA STUMPF CARNEIRO, JULIANA PEREIRA DA COSTA SPINDULA, MARCOS T\u00daLIO ALVES CAMELO. &#8211;\u00a0ORIENTA\u00c7\u00c3O: PROF\u00aa MA. JULIANA PEREIRA FREITAS.<\/p>\n<p>27-\u00a0<a href=\"https:\/\/catolicadeanapolis.edu.br\/biblioteca\/wp-content\/uploads\/2021\/06\/ANA-CAROLINA-GALV\u00c3O-GIL-ALELUIA-JOB-THIAGO-MARTINS-DA-SILVA-LAIZ-GALV\u00c3O-LIMA-ABREU.pdf\">PROPOSTA DE IMPLEMENTA\u00c7\u00c3O DE UM PROGRAMA DE CAPACITA\u00c7\u00c3O PEGAG\u00d3GICA COMO FERRAMENTA DE OTIMIZA\u00c7\u00c3O DO PROCESSO DE ENSINO DE UMA ESCOLA T\u00c9CNICA DE ENFERMAGEM DA CIDADE DE AN\u00c1POLIS-GO.<\/a> &#8211;\u00a0ANA CAROLINA GALV\u00c3O GIL ALELUIA, JOB THIAGO MARTINS DA SILVA, LAIZ GALV\u00c3O LIMA ABREU. &#8211;\u00a0ORIENTA\u00c7\u00c3O: PROF\u00aa MA. JULIANA PEREIRA FREITAS.<\/p>\n<p>28-\u00a0<a href=\"https:\/\/catolicadeanapolis.edu.br\/biblioteca\/wp-content\/uploads\/2021\/06\/ALESSANDRA-GOMES-DOS-SANTOS-MARIA-CRISTINA-DE-SOUZA-RAFAELE-CRISTINA-SANTA-CRUZ-GOMES.pdf\">A EFICI\u00caNCIA DA COMUNICA\u00c7\u00c3O NO EXERC\u00cdCIO DA GEST\u00c3O.<\/a> &#8211;\u00a0ALESSANDRA GOMES DOS SANTOS, MARIA CRISTINA DE SOUZA, RAFAELE CRISTINA SANTA CRUZ GOMES. &#8211;\u00a0ORIENTA\u00c7\u00c3O: PROF\u00aa MS. MARISA ROVEDA.<\/p>\n<p>&nbsp;<\/p>\n<p>&nbsp;<\/p>\n<p>&nbsp;<\/p>\n<p>&nbsp;<\/p>\n<p>&nbsp;<\/p>\n<p>&nbsp;<\/p>\n<p>&nbsp;<\/p>\n","protected":false},"excerpt":{"rendered":"<p>1-\u00a0 PERFIL DE FORMA\u00c7\u00c3O ACAD\u00caMICA DOS PROFESSORES DE UM CURSO DE EST\u00c9TICA E COSM\u00c9TICA &#8211; Cleide Gomes de Ara\u00fajo e Lorena Rodrigues de Melo &#8211; Orientador\/a:\u00a0 Ma. Allyne Farinha Chaveiro. 2- A PREOCUPA\u00c7\u00c3O DOS COLABORADORES DE UMA EMPRESA ANAPOLINA ACERCA DA MOTIVA\u00c7\u00c3O NO AMBIENTE DE TRABALHO &#8211; Paulo Rossi Oliveira Silva, Paulo Vitor Cardoso de [&hellip;]<\/p>\n","protected":false},"author":4,"featured_media":0,"parent":314,"menu_order":7,"comment_status":"closed","ping_status":"closed","template":"","meta":[],"_links":{"self":[{"href":"https:\/\/catolicadeanapolis.edu.br\/biblioteca\/index.php?rest_route=\/wp\/v2\/pages\/1406"}],"collection":[{"href":"https:\/\/catolicadeanapolis.edu.br\/biblioteca\/index.php?rest_route=\/wp\/v2\/pages"}],"about":[{"href":"https:\/\/catolicadeanapolis.edu.br\/biblioteca\/index.php?rest_route=\/wp\/v2\/types\/page"}],"author":[{"embeddable":true,"href":"https:\/\/catolicadeanapolis.edu.br\/biblioteca\/index.php?rest_route=\/wp\/v2\/users\/4"}],"replies":[{"embeddable":true,"href":"https:\/\/catolicadeanapolis.edu.br\/biblioteca\/index.php?rest_route=%2Fwp%2Fv2%2Fcomments&post=1406"}],"version-history":[{"count":18,"href":"https:\/\/catolicadeanapolis.edu.br\/biblioteca\/index.php?rest_route=\/wp\/v2\/pages\/1406\/revisions"}],"predecessor-version":[{"id":3189,"href":"https:\/\/catolicadeanapolis.edu.br\/biblioteca\/index.php?rest_route=\/wp\/v2\/pages\/1406\/revisions\/3189"}],"up":[{"embeddable":true,"href":"https:\/\/catolicadeanapolis.edu.br\/biblioteca\/index.php?rest_route=\/wp\/v2\/pages\/314"}],"wp:attachment":[{"href":"https:\/\/catolicadeanapolis.edu.br\/biblioteca\/index.php?rest_route=%2Fwp%2Fv2%2Fmedia&parent=1406"}],"curies":[{"name":"wp","href":"https:\/\/api.w.org\/{rel}","templated":true}]}}