{"id":1412,"date":"2018-11-22T12:35:40","date_gmt":"2018-11-22T12:35:40","guid":{"rendered":"https:\/\/catolicadeanapolis.edu.br\/biblioteca\/?page_id=1412"},"modified":"2020-03-16T14:03:53","modified_gmt":"2020-03-16T14:03:53","slug":"2012-2","status":"publish","type":"page","link":"https:\/\/catolicadeanapolis.edu.br\/biblioteca\/?page_id=1412","title":{"rendered":"GEST\u00c3O P\u00daBLICA 2012"},"content":{"rendered":"<p>1- <a href=\"https:\/\/catolicadeanapolis.edu.br\/biblioteca\/wp-content\/uploads\/2018\/11\/Monografia.pdf\">AN\u00c1LISE DA QUALIDADE DE VIDA NO TRABALHO DOS POLICIAIS MILITARES DO ESTADO DE GOI\u00c1S LOTADOS NO 4\u00b0 BATALH\u00c3O DA POL\u00cdCIA MILITAR DE AN\u00c1POLIS.<\/a> &#8211; AMANDA NEVES ABDALA, MARCOS FERREIRA DA SILVA. &#8211; ORIENTA\u00c7\u00c3O: PROF. WILTON ALVES FERREIRA J\u00daNIOR.<\/p>\n<p>2- <a href=\"https:\/\/catolicadeanapolis.edu.br\/biblioteca\/wp-content\/uploads\/2018\/11\/Artigo-Aline-Dalva-corrigido.pdf\">LICITA\u00c7\u00c3O: POL\u00cdTICA DE COMPRAS NA GEST\u00c3O P\u00daBLICA DA PREFEITURA DE CAMPO LIMPO DE GOI\u00c1S.<\/a> &#8211; ALINE CRISPIM CARVALHO JACINTO, DALVA MARIA DE CARVALHO. &#8211;\u00a0ORIENTA\u00c7\u00c3O: PROF. WILTON ALVES FERREIRA J\u00daNIOR.<\/p>\n<p>3- <a href=\"https:\/\/catolicadeanapolis.edu.br\/biblioteca\/wp-content\/uploads\/2018\/11\/Evelyn-Caroline-Lemos-Lopes-Gest\u00e3o-P\u00fablica.pdf\">A\u00c7\u00d5ES P\u00daBLICAS E LEGISLA\u00c7\u00d5ES PARA O COMBATE DO TURISMO SEXUAL EM PIREN\u00d3POLIS- GOI\u00c1S.<\/a> &#8211; EVELYN CAROLINE LEMOS LOPES. &#8211;\u00a0ORIENTA\u00c7\u00c3O: PROF. WILTON ALVES FERREIRA J\u00daNIOR.<\/p>\n<p>4- <a href=\"https:\/\/catolicadeanapolis.edu.br\/biblioteca\/wp-content\/uploads\/2018\/11\/MONOGRAFIA-CORRE\u00c7\u00c3O-JUNHO-2013.pdf\">ADMINISTRA\u00c7\u00c3O P\u00daBLICA E A REFORMA DO ESTADO NO BRASIL.<\/a> &#8211; JOSEMILTON FERREIRA DE SOUSA. &#8211;\u00a0ORIENTA\u00c7\u00c3O: PROF. WILTON ALVES FERREIRA J\u00daNIOR.<\/p>\n<p>5- <a href=\"https:\/\/catolicadeanapolis.edu.br\/biblioteca\/wp-content\/uploads\/2018\/11\/MONOGRAFIA-PRONTA-PARA-IMPRESS\u00c3O-28.11.2012.pdf\">UM ESTUDO SOBRE A REDE LOCAL DE ATEN\u00c7\u00c3O \u00c0 CRIAN\u00c7A E AO ADOLESCENTE DO MUNIC\u00cdPIO DE AN\u00c1POLIS.<\/a> &#8211; ANDREIA LOPES COELHO GOMES, JOSU\u00c9 GON\u00c7ALVES COSTA. &#8211;\u00a0ORIENTA\u00c7\u00c3O: PROF. WILTON ALVES FERREIRA J\u00daNIOR.<\/p>\n<p>6- <a href=\"https:\/\/catolicadeanapolis.edu.br\/biblioteca\/wp-content\/uploads\/2018\/11\/T-C-C-Um-exame-da-efetividade-do-Sistema-de-Controle-Inte.pdf\">UM EXAME DA EFETIVIDADE DO SISTEMA DE CONTROLE INTERNO NO MUNIC\u00cdPIO DE TEREZ\u00d3POLIS DE GOI\u00c1S.<\/a> &#8211; PAULO C\u00c9SAR MODESTO SILVA. &#8211;\u00a0ORIENTA\u00c7\u00c3O: PROF. WILTON ALVES FERREIRA J\u00daNIOR.<\/p>\n<p>7- <a href=\"https:\/\/catolicadeanapolis.edu.br\/biblioteca\/wp-content\/uploads\/2018\/11\/TCC-12-36-Corrigido.pdf\">INVESTIMENTOS P\u00daBLICOS EM PARQUES URBANOS E \u00c1REAS DE LAZER NO MUNIC\u00cdPIO DE AN\u00c1POLIS NO PER\u00cdODO 2010\/2012.<\/a>\u00a0&#8211; \u00c9LIO SILVA, VAL\u00c9RIA MARIA LEAL FERNANDES. &#8211;\u00a0ORIENTA\u00c7\u00c3O: PROF. WILTON ALVES FERREIRA J\u00daNIOR.<\/p>\n<p>8- <a href=\"https:\/\/catolicadeanapolis.edu.br\/biblioteca\/wp-content\/uploads\/2018\/11\/TCC-25_09_2012.pdf\">PERFIL DOS USU\u00c1RIOS E BENEF\u00cdCIOS DO PROGRAMA BOLSA FAM\u00cdLIA NO MUNIC\u00cdPIO DE AN\u00c1POLIS.<\/a> &#8211; NAASSON LAUREANO DA COSTA, PRISCILA TURCIO LADEIRA. &#8211;\u00a0ORIENTA\u00c7\u00c3O: PROF. WILTON ALVES FERREIRA J\u00daNIOR.<\/p>\n<p>9- <a href=\"https:\/\/catolicadeanapolis.edu.br\/biblioteca\/wp-content\/uploads\/2018\/11\/Tcc-Ailton-e-Am\u00e1lia-pronto-encaderna\u00e7\u00e3o.pdf\">AN\u00c1LISE DA RELA\u00c7\u00c3O INTERPESSOAL ENTRE GESTORES E SERVIDORES: UM ESTUDO DA \u00c9TICA NAS RELA\u00c7\u00d5ES HUMANAS NO TRABALHO.<\/a> &#8211; AILTON ALVES DE SOUSA, AM\u00c1LIA DA PENHA ALVES MOREIRA CARVALHO. &#8211;\u00a0ORIENTA\u00c7\u00c3O: PROF. WILTON ALVES FERREIRA J\u00daNIOR.<\/p>\n<p>10- <a style=\"font-size: 1rem;\" href=\"https:\/\/catolicadeanapolis.edu.br\/biblioteca\/wp-content\/uploads\/2019\/05\/Evelyn-Caroline-Lemos-Lopes-Gest\u00e3o-P\u00fablica.pdf\">A\u00c7\u00d5ES P\u00daBLICAS E LEGISLA\u00c7\u00d5ES PARA O COMBATE DO TURISMO SEXUAL EM PIREN\u00d3POLIS\/GO.<\/a><span style=\"font-size: 1rem;\"> &#8211; EVELYN CAROLINE LEMOS LOPES. &#8211;\u00a0ORIENTA\u00c7\u00c3O: PROF. WILTON ALVES FERREIRA J\u00daNIOR.<\/span><\/p>\n<p>11- <a style=\"font-size: 1rem;\" href=\"https:\/\/catolicadeanapolis.edu.br\/biblioteca\/wp-content\/uploads\/2019\/05\/Paulo-Cezar-N.-dos-santos.pdf\">A\u00c7\u00d5ES P\u00daBLICAS DESENVOLVIDAS NA CIDADE DE AN\u00c1POLIS EM RELA\u00c7\u00c3O AO MEIO AMBIENTE.<\/a><span style=\"font-size: 1rem;\"> &#8211; C\u00c9SAR WALMOR DA SILVA LEIDENS, FL\u00c1VIA MARIA GON\u00c7ALVES. &#8211;\u00a0ORIENTA\u00c7\u00c3O: PROF. WILTON ALVES FERREIRA J\u00daNIOR.<\/span><\/p>\n<p>12-<a href=\"https:\/\/catolicadeanapolis.edu.br\/biblioteca\/wp-content\/uploads\/2020\/03\/K\u00c1TIA-DOS-SANTOS-SILVA-E-SANDRA-VAL\u00c9RIA-PONTES-SILVA-FACULDADE-CAT\u00d3LICA-DE-AN\u00c1POLIS.pdf\">EVOLU\u00c7\u00c3O HIST\u00d3RICA DOS MODELOS ADMINISTRATIVOS DA GEST\u00c3O P\u00daBLICA DO BRASIL E O PRINC\u00cdPIO DA EFICI\u00caNCIA APLICADO NO SERVI\u00c7O DO R\u00c1PIDO AN\u00c1POLIS.<\/a> &#8211; K\u00c1TIA DOS SANTOS SILVA, SANDRA VAL\u00c9RIA PONTES SILVA. &#8211; ORIENTA\u00c7\u00c3O:<\/p>\n","protected":false},"excerpt":{"rendered":"<p>1- AN\u00c1LISE DA QUALIDADE DE VIDA NO TRABALHO DOS POLICIAIS MILITARES DO ESTADO DE GOI\u00c1S LOTADOS NO 4\u00b0 BATALH\u00c3O DA POL\u00cdCIA MILITAR DE AN\u00c1POLIS. &#8211; AMANDA NEVES ABDALA, MARCOS FERREIRA DA SILVA. &#8211; ORIENTA\u00c7\u00c3O: PROF. WILTON ALVES FERREIRA J\u00daNIOR. 2- LICITA\u00c7\u00c3O: POL\u00cdTICA DE COMPRAS NA GEST\u00c3O P\u00daBLICA DA PREFEITURA DE CAMPO LIMPO DE GOI\u00c1S. &#8211; [&hellip;]<\/p>\n","protected":false},"author":4,"featured_media":0,"parent":1410,"menu_order":0,"comment_status":"closed","ping_status":"closed","template":"","meta":[],"_links":{"self":[{"href":"https:\/\/catolicadeanapolis.edu.br\/biblioteca\/index.php?rest_route=\/wp\/v2\/pages\/1412"}],"collection":[{"href":"https:\/\/catolicadeanapolis.edu.br\/biblioteca\/index.php?rest_route=\/wp\/v2\/pages"}],"about":[{"href":"https:\/\/catolicadeanapolis.edu.br\/biblioteca\/index.php?rest_route=\/wp\/v2\/types\/page"}],"author":[{"embeddable":true,"href":"https:\/\/catolicadeanapolis.edu.br\/biblioteca\/index.php?rest_route=\/wp\/v2\/users\/4"}],"replies":[{"embeddable":true,"href":"https:\/\/catolicadeanapolis.edu.br\/biblioteca\/index.php?rest_route=%2Fwp%2Fv2%2Fcomments&post=1412"}],"version-history":[{"count":11,"href":"https:\/\/catolicadeanapolis.edu.br\/biblioteca\/index.php?rest_route=\/wp\/v2\/pages\/1412\/revisions"}],"predecessor-version":[{"id":2812,"href":"https:\/\/catolicadeanapolis.edu.br\/biblioteca\/index.php?rest_route=\/wp\/v2\/pages\/1412\/revisions\/2812"}],"up":[{"embeddable":true,"href":"https:\/\/catolicadeanapolis.edu.br\/biblioteca\/index.php?rest_route=\/wp\/v2\/pages\/1410"}],"wp:attachment":[{"href":"https:\/\/catolicadeanapolis.edu.br\/biblioteca\/index.php?rest_route=%2Fwp%2Fv2%2Fmedia&parent=1412"}],"curies":[{"name":"wp","href":"https:\/\/api.w.org\/{rel}","templated":true}]}}