{"id":1427,"date":"2018-11-22T12:53:48","date_gmt":"2018-11-22T12:53:48","guid":{"rendered":"https:\/\/catolicadeanapolis.edu.br\/biblioteca\/?page_id=1427"},"modified":"2020-03-16T14:07:01","modified_gmt":"2020-03-16T14:07:01","slug":"2013-2","status":"publish","type":"page","link":"https:\/\/catolicadeanapolis.edu.br\/biblioteca\/?page_id=1427","title":{"rendered":"GEST\u00c3O P\u00daBLICA 2013"},"content":{"rendered":"<p>1- <a href=\"https:\/\/catolicadeanapolis.edu.br\/biblioteca\/wp-content\/uploads\/2018\/11\/Tcc-Ailton-e-Am\u00e1lia-pronto-encaderna\u00e7\u00e3o.pdf\">SERVIDOR P\u00daBLICO: FORMAS DE ACESSO A CARGOS P\u00daBLICOS NA UNIVERSIDADE ESTADUAL DE GOI\u00c1S.<\/a> &#8211; LEIDSON RODRIGUES FERREIRA. &#8211; ORIENTA\u00c7\u00c3O: PROF\u00aa. ME. MARCIA SUM\u00cdRE KUROG\u00cd.<\/p>\n<p>2-\u00a0<a href=\"https:\/\/catolicadeanapolis.edu.br\/biblioteca\/wp-content\/uploads\/2020\/03\/LEIDSON-RODRIGUES-FERREIRA-Artigo-Pos-Leidson-C\u00f3pia.pdf\">SERVIDOR P\u00daBLICO: FORMAS DE ACESSO A CARGOS P\u00daBLICOS NA UNIVERSIDADE ESTADUAL DE GOI\u00c1S.<\/a> &#8211; LEIDSON RODRIGUES FERREIRA. &#8211; ORIENTA\u00c7\u00c3O:\u00a0ORIENTA\u00c7\u00c3O: PROF\u00aa. ME. MARCIA SUM\u00cdRE KUROG\u00cd.<\/p>\n","protected":false},"excerpt":{"rendered":"<p>1- SERVIDOR P\u00daBLICO: FORMAS DE ACESSO A CARGOS P\u00daBLICOS NA UNIVERSIDADE ESTADUAL DE GOI\u00c1S. &#8211; LEIDSON RODRIGUES FERREIRA. &#8211; ORIENTA\u00c7\u00c3O: PROF\u00aa. ME. MARCIA SUM\u00cdRE KUROG\u00cd. 2-\u00a0SERVIDOR P\u00daBLICO: FORMAS DE ACESSO A CARGOS P\u00daBLICOS NA UNIVERSIDADE ESTADUAL DE GOI\u00c1S. &#8211; LEIDSON RODRIGUES FERREIRA. &#8211; ORIENTA\u00c7\u00c3O:\u00a0ORIENTA\u00c7\u00c3O: PROF\u00aa. ME. MARCIA SUM\u00cdRE KUROG\u00cd.<\/p>\n","protected":false},"author":4,"featured_media":0,"parent":1410,"menu_order":0,"comment_status":"closed","ping_status":"closed","template":"","meta":[],"_links":{"self":[{"href":"https:\/\/catolicadeanapolis.edu.br\/biblioteca\/index.php?rest_route=\/wp\/v2\/pages\/1427"}],"collection":[{"href":"https:\/\/catolicadeanapolis.edu.br\/biblioteca\/index.php?rest_route=\/wp\/v2\/pages"}],"about":[{"href":"https:\/\/catolicadeanapolis.edu.br\/biblioteca\/index.php?rest_route=\/wp\/v2\/types\/page"}],"author":[{"embeddable":true,"href":"https:\/\/catolicadeanapolis.edu.br\/biblioteca\/index.php?rest_route=\/wp\/v2\/users\/4"}],"replies":[{"embeddable":true,"href":"https:\/\/catolicadeanapolis.edu.br\/biblioteca\/index.php?rest_route=%2Fwp%2Fv2%2Fcomments&post=1427"}],"version-history":[{"count":6,"href":"https:\/\/catolicadeanapolis.edu.br\/biblioteca\/index.php?rest_route=\/wp\/v2\/pages\/1427\/revisions"}],"predecessor-version":[{"id":2813,"href":"https:\/\/catolicadeanapolis.edu.br\/biblioteca\/index.php?rest_route=\/wp\/v2\/pages\/1427\/revisions\/2813"}],"up":[{"embeddable":true,"href":"https:\/\/catolicadeanapolis.edu.br\/biblioteca\/index.php?rest_route=\/wp\/v2\/pages\/1410"}],"wp:attachment":[{"href":"https:\/\/catolicadeanapolis.edu.br\/biblioteca\/index.php?rest_route=%2Fwp%2Fv2%2Fmedia&parent=1427"}],"curies":[{"name":"wp","href":"https:\/\/api.w.org\/{rel}","templated":true}]}}