{"id":1433,"date":"2018-11-23T11:01:34","date_gmt":"2018-11-23T11:01:34","guid":{"rendered":"https:\/\/catolicadeanapolis.edu.br\/biblioteca\/?page_id=1433"},"modified":"2020-03-18T11:50:06","modified_gmt":"2020-03-18T11:50:06","slug":"2014-2","status":"publish","type":"page","link":"https:\/\/catolicadeanapolis.edu.br\/biblioteca\/?page_id=1433","title":{"rendered":"GEST\u00c3O P\u00daBLICA 2014"},"content":{"rendered":"<p>1- <a href=\"https:\/\/catolicadeanapolis.edu.br\/biblioteca\/wp-content\/uploads\/2018\/11\/TCC.pdf\">A INFLU\u00caNCIA DAS POL\u00cdTICAS P\u00daBLICAS NA OFERTA DE TRABALHO PARA ENGENHEIROS MEC\u00c2NICOS EM AN\u00c1POLIS.<\/a> &#8211; MARCELO CUNHA FRAN\u00c7A, WANDR\u00c9 SIQUEIRA MACHADO. &#8211; ORIENTA\u00c7\u00c3O: PROF\u00aa. JANA\u00cdNA T. S. DE OLIVEIRA.<\/p>\n<p>2- <a href=\"https:\/\/catolicadeanapolis.edu.br\/biblioteca\/wp-content\/uploads\/2019\/04\/Artigo-correto-2014-para-entregar-final-Corrigindo.docx\">A QUALIDADE DE ATENDIMENTO DOS SERVIDORES P\u00daBLICOS DA SECRET\u00c1RIA MUNICIPAL DA ASSIST\u00caNCIA SOCIAL DA CIDADE DE AN\u00c1POLIS-GO.<\/a> &#8211; ILDA CARLA C. DA SILVA, JUCELENA F. LEITE RAMOS, POLLYANA DOS SANTOS FERREIRA. &#8211; ORIENTA\u00c7\u00c3O: PROF\u00aa. JANA\u00cdNA TEIXEIRA SILVA DE OLIVEIRA.<\/p>\n<p>3-\u00a0<a href=\"https:\/\/catolicadeanapolis.edu.br\/biblioteca\/wp-content\/uploads\/2020\/03\/Kenia-Landin-da-Cunha-Barbosa-DAlmeida-Paulo-Ricardo-Almeida-dos-Santos.pdf\">AN\u00c1LISE DA EFETIVIDADE DO PROGRAMA DE AQUISI\u00c7\u00c3O DE ALIMENTOS PARA PEQUENOS PRODUTORES RURAIS NO MUNIC\u00cdPIO DE SILV\u00c2NIA-GO NO ANO DE 2012.<\/a> &#8211; KENIA LANDIN DA CUNHA BARBOSA D\u2019ALMEIDA, PAULO RICARDO ALMEIDA DOS SANTOS.<\/p>\n<p>4- <a href=\"https:\/\/catolicadeanapolis.edu.br\/biblioteca\/wp-content\/uploads\/2020\/03\/Ana-Paula-Cavalcante-Sobrinho-Ana-Veronika-Lima-Barbosa-Giselle-Carneiro-Nascimento.pdf\">PERFIL DA GEST\u00c3O AMBIENTAL DO PRIMEIRO LABORAT\u00d3RIO DO CENTRO OESTE CERTIFICADO PELA ISO 14001.<\/a> &#8211; ANA PAULA CAVALCANTE SOBRINHO, ANA VERONIKA LIMABARBOSA, GISELLE CARNEIRO NASCIMENTO. &#8211; ORIENTA\u00c7\u00c3O: PROF\u00aa ME. ADRIANE GUIMAR\u00c3ES.<\/p>\n<p>5-\u00a0<a href=\"https:\/\/catolicadeanapolis.edu.br\/biblioteca\/wp-content\/uploads\/2020\/03\/Alessandra-Bernardes-da-Silva-Maciel-Keyla-Cristina-da-Silva-Rosilene-Vaz-Agripina.pdf\">AN\u00c1LISE DO PLANO DE GERENCIAMENTO DOS RES\u00cdDUOS DE SERVI\u00c7OS DE SA\u00daDE &#8211; PGRSS NOS LABORAT\u00d3RIOS DE AN\u00c1LISES CL\u00cdNICAS DO MUNIC\u00cdPIO DE AN\u00c1POLIS-GOI\u00c1S.<\/a> &#8211; ALESSANDRA BERNARDES DA SILVA MACIEL, KEYLA CRISTINA DA SILVA, ROSILENE VAZ AGRIPINA. ORIENTA\u00c7\u00c3O:\u00a0PROF\u00aa ME. ADRIANE GUIMAR\u00c3ES.<\/p>\n<p>6-\u00a0<a href=\"https:\/\/catolicadeanapolis.edu.br\/biblioteca\/wp-content\/uploads\/2020\/03\/Adriana-Silva-Tejo-Alice-Lane-Camilo-Mattos.pdf\">DA ADMINISTRA\u00c7\u00c3O P\u00daBLICA: CRIMES NO PROCESSO DE LICITA\u00c7\u00c3O.<\/a> &#8211; ADRIANA SILVA TEJO, ALICE LANE CAMILO MATTOS. &#8211; ORIENTA\u00c7\u00c3O: PROF\u00aa MA. JANAINA T. S. DE OLIVEIRA.<\/p>\n<p>7-\u00a0<a href=\"https:\/\/catolicadeanapolis.edu.br\/biblioteca\/wp-content\/uploads\/2020\/03\/Cacilda-Ribeiro-da-Silva-Lima-Irailda-de-F\u00e1tima-Silva-Jailda-Maria-Ribeiro-da-Silva-Fleury.pdf\">A IMPORT\u00c2NCIA DA \u00c9TICA NA ADMINISTRA\u00c7\u00c3O P\u00daBLICA.<\/a> &#8211; CACILDA RIBEIRO DA SILVA LIMA, IRAILDA DE FATIMA SILVA, JAILDA MARIA RIBEIRO DA SILVA FLEURY. &#8211; ORIENTA\u00c7\u00c3O: PROF\u00aa JANAINA TEIXEIRA SILVA DE OLIVEIRA.<\/p>\n<p>8- <a href=\"https:\/\/catolicadeanapolis.edu.br\/biblioteca\/wp-content\/uploads\/2020\/03\/Em\u00edlio-Nicodemes-Batista-Juliana-de-Jesus-Ribeiro.pdf\">O PROGRAMA NACIONAL DE HABITA\u00c7\u00c3O RURAL NO MUNIC\u00cdPIO DE SILV\u00c2NIA-GO NO ANO DE 2012.<\/a> &#8211; EM\u00cdLIO NICOMEDES BATISTA, JULIANA DE JESUS RIBEIRO. &#8211;\u00a0ORIENTA\u00c7\u00c3O: PROF\u00aa JANAINA TEIXEIRA SILVA DE OLIVEIRA.<\/p>\n<p>9-\u00a0<a href=\"https:\/\/catolicadeanapolis.edu.br\/biblioteca\/wp-content\/uploads\/2020\/03\/Adma-Suelen-Veras-Diego-Alex-Costa-e-Silva-Sebasti\u00e3o-Bismarques-da-Silva.pdf\">PERCEP\u00c7\u00c3O DA QUALIDADE NA PRESTA\u00c7\u00c3O DE SERVI\u00c7OS DO CONSELHO REGIONAL DE ODONTOLOGIA DE GOI\u00c1S NA CIDADE DE GOI\u00c2NIA-GO.<\/a>\u00a0&#8211; ADMA SUELEN VERAS, DIEGO ALEX COSTA E SILVA, SEBASTI\u00c3O BISMARQUES DA SILVA. &#8211;\u00a0ORIENTA\u00c7\u00c3O: PROF\u00aa JANAINA TEIXEIRA SILVA DE OLIVEIRA.<\/p>\n","protected":false},"excerpt":{"rendered":"<p>1- A INFLU\u00caNCIA DAS POL\u00cdTICAS P\u00daBLICAS NA OFERTA DE TRABALHO PARA ENGENHEIROS MEC\u00c2NICOS EM AN\u00c1POLIS. &#8211; MARCELO CUNHA FRAN\u00c7A, WANDR\u00c9 SIQUEIRA MACHADO. &#8211; ORIENTA\u00c7\u00c3O: PROF\u00aa. JANA\u00cdNA T. S. DE OLIVEIRA. 2- A QUALIDADE DE ATENDIMENTO DOS SERVIDORES P\u00daBLICOS DA SECRET\u00c1RIA MUNICIPAL DA ASSIST\u00caNCIA SOCIAL DA CIDADE DE AN\u00c1POLIS-GO. &#8211; ILDA CARLA C. DA SILVA, JUCELENA [&hellip;]<\/p>\n","protected":false},"author":4,"featured_media":0,"parent":1410,"menu_order":0,"comment_status":"closed","ping_status":"closed","template":"","meta":[],"_links":{"self":[{"href":"https:\/\/catolicadeanapolis.edu.br\/biblioteca\/index.php?rest_route=\/wp\/v2\/pages\/1433"}],"collection":[{"href":"https:\/\/catolicadeanapolis.edu.br\/biblioteca\/index.php?rest_route=\/wp\/v2\/pages"}],"about":[{"href":"https:\/\/catolicadeanapolis.edu.br\/biblioteca\/index.php?rest_route=\/wp\/v2\/types\/page"}],"author":[{"embeddable":true,"href":"https:\/\/catolicadeanapolis.edu.br\/biblioteca\/index.php?rest_route=\/wp\/v2\/users\/4"}],"replies":[{"embeddable":true,"href":"https:\/\/catolicadeanapolis.edu.br\/biblioteca\/index.php?rest_route=%2Fwp%2Fv2%2Fcomments&post=1433"}],"version-history":[{"count":7,"href":"https:\/\/catolicadeanapolis.edu.br\/biblioteca\/index.php?rest_route=\/wp\/v2\/pages\/1433\/revisions"}],"predecessor-version":[{"id":2817,"href":"https:\/\/catolicadeanapolis.edu.br\/biblioteca\/index.php?rest_route=\/wp\/v2\/pages\/1433\/revisions\/2817"}],"up":[{"embeddable":true,"href":"https:\/\/catolicadeanapolis.edu.br\/biblioteca\/index.php?rest_route=\/wp\/v2\/pages\/1410"}],"wp:attachment":[{"href":"https:\/\/catolicadeanapolis.edu.br\/biblioteca\/index.php?rest_route=%2Fwp%2Fv2%2Fmedia&parent=1433"}],"curies":[{"name":"wp","href":"https:\/\/api.w.org\/{rel}","templated":true}]}}