{"id":1440,"date":"2018-11-23T11:14:55","date_gmt":"2018-11-23T11:14:55","guid":{"rendered":"https:\/\/catolicadeanapolis.edu.br\/biblioteca\/?page_id=1440"},"modified":"2022-06-21T12:41:21","modified_gmt":"2022-06-21T12:41:21","slug":"2014-2","status":"publish","type":"page","link":"https:\/\/catolicadeanapolis.edu.br\/biblioteca\/?page_id=1440","title":{"rendered":"PSICOPEDAGOGIA INSTITUCIONAL E CL\u00cdNICA 2014"},"content":{"rendered":"<p><a href=\"https:\/\/catolicadeanapolis.edu.br\/biblioteca\/wp-content\/uploads\/2019\/01\/LOURDES-MARIA-DA-SILVA.pdf\">1- AS DIFICULDADES DE APRENDIZAGEM E O SUJEITO COGNOSCENTE<\/a> &#8211;\u00a0LOURDES MARIA DA SILVA\u00a0&#8211; ORIENTADORA:\u00a0PROF. ESP. ANA MARIA VIEIRA DE SOUZA.<\/p>\n<p><a href=\"https:\/\/catolicadeanapolis.edu.br\/biblioteca\/wp-content\/uploads\/2019\/01\/EDV%C3%82NIO-MESQUITA-ROCHA.pdf\"><span style=\"font-size: 1rem;\">2- O PAPEL DO PSICOPEDAGOGO NA INSTITUI\u00c7\u00c3O ESCOLAR\u00a0<\/span><\/a>&#8211;\u00a0EDV\u00c2NIO MESQUITA ROCHA &#8211;\u00a0ORIENTADORA: MA. MARCIA SUMIRE KUROGI.<\/p>\n<p><a href=\"https:\/\/catolicadeanapolis.edu.br\/biblioteca\/wp-content\/uploads\/2019\/01\/GISLAYNE-AlVES-DE-OLIVEIRA.pdf\">3- PSICOPEDAGOGIA INSTITUCIONAL: O PSICOPEDAGOGO NA INSTITUI\u00c7\u00c3O ESCOLAR<\/a> &#8211;\u00a0GISLAYNE ALVES DE OLIVEIRA &#8211;\u00a0ORIENTADORA: MA. MARCIA SUMIRE KUROGI.<\/p>\n<p><a href=\"https:\/\/catolicadeanapolis.edu.br\/biblioteca\/wp-content\/uploads\/2018\/11\/psicopedagogia-institucional-carla-1.pdf\">4- PSICOPEDAGOGIA INSTITUCIONAL: UM OLHAR PSICOPEDAG\u00d3GICO NA INSTITUI\u00c7\u00c3O EM BUSCA DE MELHORIA NO PROCESSO ENSINO APRENDIZAGEM<\/a> &#8211;\u00a0CARLA MILENA ALVES MOREIRA, CLAUDIA MISLENY OLIVEIRA ANDRADE, CLEIDE U. GON\u00c7ALVES DE ANDRADE, ELIANE APARECIDA OLIVEIRA FREIRE &#8211; ORIENTA\u00c7\u00c3O: M\u00c1RCIA SUMIRI KUROGI.<\/p>\n<p><a href=\"https:\/\/catolicadeanapolis.edu.br\/biblioteca\/wp-content\/uploads\/2019\/12\/MARIELLA-SANTANA-DE-OLIVEIRA-NATASHA-FERREIRA-E-VANESSA-TEIXEIRA-GRANGEIRO.pdf\">5-\u00a0O PSICOPEDAGOGO E A IMPORT\u00c2NCIA DA MEDIA\u00c7\u00c3O NO PROCESSO ENSINO APRENDIZAGEM-<\/a> MARIELLA SANT\u2019 ANA DE OLIVEIRA, NATASHA FERREIRA E VANESSA TEIXEIRA GRANGEIRO<\/p>\n<p><a href=\"https:\/\/catolicadeanapolis.edu.br\/biblioteca\/wp-content\/uploads\/2019\/12\/LET\u00cdCIA-TAHIS-OLIVEIRA.pdf\">6-\u00a0A CONTRIBUI\u00c7\u00c3O DO PSICOPEDAGOGO NO PROCESSO DE ENSINO APRENDIZAGEM-<\/a> LET\u00cdCIA TAHIS OLIVEIRA<\/p>\n<p><a href=\"https:\/\/catolicadeanapolis.edu.br\/biblioteca\/wp-content\/uploads\/2019\/12\/JANISCL\u00c1UDIA-SEVERINA-DA-SILVA.pdf\">7-\u00a0DIFICULDADES DE APRENDIZAGEM RELACIONADAS A ASPECTOS COGNITIVOS E AFETIVOS SOB O OLHAR DA PSICOPEDAGOGIA: UM ESTUDO DE CASO-<\/a> JANISCL\u00c1UDIA SEVERINA DA SILVA<\/p>\n<p><a href=\"https:\/\/catolicadeanapolis.edu.br\/biblioteca\/wp-content\/uploads\/2019\/12\/IRAIDES-PEREIRA-DE-JESUS-SILVA.pdf\">8-\u00a0DIAGN\u00d3STICO E INTERVEN\u00c7\u00c3O: LUZ DOS FUNDAMENTOS DA<\/a><br \/>\nPSICOPEDAGOGIA CL\u00cdNICA- IRAIDES PEREIRA DE JESUS SILVA<\/p>\n<p><a href=\"https:\/\/catolicadeanapolis.edu.br\/biblioteca\/wp-content\/uploads\/2019\/12\/GENILZA-ALVEZ-DA-SILVA-MELLO-M\u00cdRIAM-DA-SILVA-ROCHA-PATR\u00cdCIA-RUFO-COSTA-E-RIVONETH-MACHADO-DOS-SANTOS..pdf\">9-\u00a0SUGEST\u00d5ES DE INTERVEN\u00c7\u00c3O PSICOPEDAG\u00d3GICA COM ALUNOS DO 5\u00ba ANO-<\/a> GENILZA ALVEZ DA SILVA MELLO, M\u00cdRIAM DA SILVA ROCHA, PATR\u00cdCIA RUFO COSTA E RIVONETH MACHADO DOS SANTOS<\/p>\n<p><a href=\"https:\/\/catolicadeanapolis.edu.br\/biblioteca\/wp-content\/uploads\/2019\/12\/ELIANE-CAMARGO-MARINS.pdf\">10-\u00a0A DIFICULDADE DE APRENDIZAGEM \u00c0 LUZ DA PSICOPEDAGOGIA<\/a><br \/>\nCL\u00cdNICA- ELIANE CAMARGO MARINS<\/p>\n<p><a href=\"https:\/\/catolicadeanapolis.edu.br\/biblioteca\/wp-content\/uploads\/2019\/12\/CINTHIA-DE-ALMEIDA-RIBEIRO-L\u00d4BO.pdf\">11-\u00a0AS INFLU\u00caNCIAS DA FAM\u00cdLIA NO PROCESSO DE APRENDIZAGEM<\/a><br \/>\nDA CRIAN\u00c7A- CINTHIA DE ALMEIDA RIBEIRO L\u00d4BO<\/p>\n<p><a href=\"https:\/\/catolicadeanapolis.edu.br\/biblioteca\/wp-content\/uploads\/2019\/12\/BRUNA-PEREIRA-DE-MORAIS-CINTHIA-DE-ALMEIDA-RIBEIRO-L\u00d4BO-TATIANE-OLIVEIRA-DE-ANDRADE.pdf\">12-\u00a0A IMPORT\u00c2NCIA DA PSICOPEDAGOGIGA INSTITUCIONAL-<\/a> BRUNA PEREIRA DE MORAIS, CINTHIA DE ALMEIDA RIBEIRO L\u00d4BO E TATIANE OLIVEIRA DE ANDRADE<\/p>\n<p><a href=\"https:\/\/catolicadeanapolis.edu.br\/biblioteca\/wp-content\/uploads\/2020\/01\/PATRICIA-RUFO-COSTA.pdf\">13-\u00a0AFETIVIDADE NA CONSTRU\u00c7\u00c3O COGNITIVA DO INDIVIDUO-<\/a> PATR\u00cdCIA RUFO COSTA.<\/p>\n<p><a href=\"https:\/\/catolicadeanapolis.edu.br\/biblioteca\/wp-content\/uploads\/2020\/01\/OL\u00cdVIA-MAIA-DA-COSTA.pdf\">14-\u00a0A PSICOPEDAGOGIA FRENTE \u00c0S DIFICULDADES DECORRENTE DO MUTISMO SELETIVO-<\/a>\u00a0OL\u00cdVIA MAIA DA COSTA.<\/p>\n<p><a href=\"https:\/\/catolicadeanapolis.edu.br\/biblioteca\/wp-content\/uploads\/2020\/01\/OD\u00c9LIA-MARIA-OLIVEIRA-PEREIRA.pdf\">15-\u00a0CONTRIBUI\u00c7\u00d5ES PSICOPEDAG\u00d3GICAS: TDAH E O BAIXO RENDIMENTO ESCOLAR-<\/a> ODELIA MARIA OLIVEIRA PEREIRA.<\/p>\n<p><a href=\"https:\/\/catolicadeanapolis.edu.br\/biblioteca\/wp-content\/uploads\/2020\/01\/M\u00d4NICA-DE-F\u00c1TIMA-MORAIS-NASCIMENTO.pdf\">16-\u00a0TREINAMENTO E DESENVOLVIMENTO DE L\u00cdDERES-<\/a> M\u00d4NICA DE F\u00c1TIMA MORAIS NASCIMENTO.<\/p>\n<p><a href=\"https:\/\/catolicadeanapolis.edu.br\/biblioteca\/wp-content\/uploads\/2020\/01\/M\u00cdRIAM-DA-SILVA-ROCHA.pdf\">17-\u00a0A PSICOPEDAGOGIA CL\u00cdNICA E O AGRAVANTE EMOCIONAL-<\/a> M\u00cdRIAM DA SILVA ROCHA.<\/p>\n<p><a href=\"https:\/\/catolicadeanapolis.edu.br\/biblioteca\/wp-content\/uploads\/2020\/01\/MARISTELA-DE-SOUZA-E-SILVA.pdf\">18-\u00a0PSICOPEDAGOGIA CL\u00cdNICA: DIAGN\u00d3STICO E INTERVEN\u00c7\u00c3O-<\/a> MARISTELA DE SOUZA E SILVA.<\/p>\n<p><a href=\"https:\/\/catolicadeanapolis.edu.br\/biblioteca\/wp-content\/uploads\/2020\/01\/IRAMAIA-OLIVEIRA-DOS-REIS-ARAUJO-E-ELISANGELA-NUNES-FERREIRA-DOS-SANTOS.pdf\">19-\u00a0CONHECIMENTO DOS PROFESSORES DE UMA ESCOLA ESTADUAL DE UM MUNIC\u00cdPIO DE GOI\u00c1S SOBRE TRANSTORNO DE D\u00c9FICIT DE ATEN\u00c7\u00c3O E HIPERATIVIDADE-<\/a> IRAMAIA OLIVEIRA DOS REIS ARA\u00daJO, ELISANGELA NUNES FERREIRA DOS SANTOS.<\/p>\n<p><a href=\"https:\/\/catolicadeanapolis.edu.br\/biblioteca\/wp-content\/uploads\/2020\/01\/GISLAINE-RODRIGUES-MARTINS-LAZARA-TATIANE-DE-RESENDE-E-SILVIA-LUDMILLA-DE-SOUZA-ALVES-ARAUJO.pdf\">20-\u00a0IMPLICA\u00c7\u00d5ES PSICOPEDAG\u00d3GICAS NO CONTEXTO ESCOLAR-<\/a> GISLAINE RODRIGUES MARTINS, L\u00c1ZARA TATIANE DE RESENDE, SILVIA LUDMILLA DE SOUSA ALVES ARA\u00daJO.<\/p>\n<p><a href=\"https:\/\/catolicadeanapolis.edu.br\/biblioteca\/wp-content\/uploads\/2020\/01\/GIRLANE-RABELO-CONCEI\u00c7\u00c3O-LUCAS.pdf\">21-\u00a0ABORDAGEM PSICOPEDAGOGICA DA HIPERATIVIDADE INFANTIL &#8211; UM ESTUDO DE CASO DE UMA CRIAN\u00c7A DE 4 ANOS- <\/a>GIRLANE RABELO CONCEI\u00c7\u00c3O LUCAS.<\/p>\n<p><a href=\"https:\/\/catolicadeanapolis.edu.br\/biblioteca\/wp-content\/uploads\/2020\/01\/GENILZA-ALVES-DA-SILVA-MELLO.pdf\">22-\u00a0UM OLHAR PSICOPEDAG\u00d3GICO SOBRE ASPECTOS AFETIVOS\/EMOCIONAIS-<\/a> GENILZA ALVES DA SILVA MELLO.<\/p>\n<p><a href=\"https:\/\/catolicadeanapolis.edu.br\/biblioteca\/wp-content\/uploads\/2020\/01\/EDINEI-OLIVEIRA-VASCO.pdf\">23-\u00a0A TRANSDISCIPLINARIDADE COMO BASE EPISTEMOL\u00d3GICA DA PSICOPEDAGOGIA: TEORIA E PR\u00c1TICA A PARTIR DE UM ESTUDO DE CASO-\u00a0<\/a>EDINEI OLIVEIRA VASCO.<\/p>\n<p><a href=\"https:\/\/catolicadeanapolis.edu.br\/biblioteca\/wp-content\/uploads\/2020\/01\/D\u00c9BORA-MENDON\u00c7A-ANDRADE.docx\">24-\u00a0DIAGN\u00d3STICO PSICOPEDAG\u00d3GICO INSTITUCIONAL-<\/a> D\u00c9BORA MENDON\u00c7A ANDRADE, ERIKA CRISTINA RODRIGUES DE MOURA, MARISTELA DE SOUZA E SILVA.<\/p>\n<p><a href=\"https:\/\/catolicadeanapolis.edu.br\/biblioteca\/wp-content\/uploads\/2020\/01\/DAVIANNE-LEANDRO-DE-QUEIROZ.pdf\">25-\u00a0A AFETIVIDADE E A APRENDIZAGEM-<\/a> DAVIANNE LEANDRO DE QUEIROZ.<\/p>\n<p><a href=\"https:\/\/catolicadeanapolis.edu.br\/biblioteca\/wp-content\/uploads\/2020\/01\/CLEIDE-APARECIDA-SIMOES-MOTA.pdf\">26-\u00a0A PSICOPEDAGOGIA CL\u00cdNICA DIANTE DA DIFICULDADE DE APRENDIZAGEM ESCOLAR-<\/a> CLEIDE APARECIDA SIM\u00d5ES MOTA.<\/p>\n<p><a href=\"https:\/\/catolicadeanapolis.edu.br\/biblioteca\/wp-content\/uploads\/2020\/01\/CAMILA-MATIAS-DOS-SANTOS-CRISTIANE-DA-SILVA-LEMOS-MARIA-JOS\u00c9-FERREIRA.pdf\">27-\u00a0A INFLU\u00caNCIA DA PSICOPEDAGOGIA INSTITUCIONAL NO PROCESSO DE APRENDIZAGEM-<\/a> CAMILA MATIAS DOS SANTOS, CRISTIANE DA SILVA LEMOS, MARIA JOS\u00c9 FERREIRA.<\/p>\n<p><a href=\"https:\/\/catolicadeanapolis.edu.br\/biblioteca\/wp-content\/uploads\/2020\/01\/BETH\u00c2NIA-WERNECK-COSTA-RODRIGUES-FIGUEIREDO.pdf\">28-\u00a0TDA \u2013 D\u00c9FICE DE ATEN\u00c7\u00c3O-<\/a> BETH\u00c2NIA WERNECK COSTA RODRIGUES FIGUEIREDO.<\/p>\n<p><a href=\"https:\/\/catolicadeanapolis.edu.br\/biblioteca\/wp-content\/uploads\/2020\/01\/APARECIDO-JOSE-DA-SILVA-CARMEN-MARIA-RAMOS-E-ERICA-MICHELLE.pdf\">29-\u00a0A PSICOPEDAGOGIA E AS INTERVEN\u00c7\u00d5ES NAS DIFICULDADES DE APRENDIZAGEM-<\/a> APARECIDO JOS\u00c9 DA SILVA, CARMEN MARIA RAMOS, ERICA MICHELLE.<\/p>\n<p><a href=\"https:\/\/catolicadeanapolis.edu.br\/biblioteca\/wp-content\/uploads\/2020\/01\/ANT\u00d4NIO-RODRIGUES-DE-GODOY.pdf\">30-\u00a0A DIFICULDADE DE APRENDIZAGEM NA EJA \u00c0 LUZ DA PSICOPEDAGOGIA-<\/a> ANTONIO RODRIGUES DE GODOY.<\/p>\n<p><a href=\"https:\/\/catolicadeanapolis.edu.br\/biblioteca\/wp-content\/uploads\/2020\/01\/ANT\u00d4NIO-RODRIGUES-DE-GODOY.pdf\">31-\u00a0UM OLHAR PSICOPEDAG\u00d3GICO NA INSTITUI\u00c7\u00c3O ESCOLAR-<\/a> ANTONIO RODRIGUES DE GODOY.<\/p>\n<p><a href=\"https:\/\/catolicadeanapolis.edu.br\/biblioteca\/wp-content\/uploads\/2020\/01\/ANGELITA-LAURA-DA-SILVA.pdf\">32-\u00a0O DIAGN\u00d3STICO CL\u00cdNICO NA PERSPECTIVA PSICOPEDAG\u00d3GICA-<\/a> ANGELITA LAURA DA SILVA.<\/p>\n<p><a href=\"https:\/\/catolicadeanapolis.edu.br\/biblioteca\/wp-content\/uploads\/2020\/01\/ANGELITA-LAURA-DA-SILVA-E-DAVIANNE-LEANDRO-DE-QUEIROZ.pdf\">33-\u00a0O ESPA\u00c7O INSTITUCIONAL SOB O OLHAR PSICOPEDAG\u00d3GICO-<\/a> ANGELITA LAURA DA SILVA, DAVIANNE LEANDRO DE QUEIROZ.<\/p>\n<p><a href=\"https:\/\/catolicadeanapolis.edu.br\/biblioteca\/wp-content\/uploads\/2020\/01\/ADRIANA-CRISTINA-RODRIGUES-MARCELINO-NARA-R\u00daBIA-SOUZA-TEIXEIRA-TA\u00cdSA-PIRES-PEREIRA-FARINHA.pdf\">34- A PSICOPEDAGOGIA NO CONTEXTO ESCOLAR-<\/a> ADRIANA CRISTINA RODRIGUES MARCELINO, NARA RUBIA SOUZA TEIXEIRA, TA\u00cdSA PIRES PEREIRA FARINHA.<\/p>\n<p><a href=\"https:\/\/catolicadeanapolis.edu.br\/biblioteca\/wp-content\/uploads\/2020\/01\/ANDREZA-VIEIRA-DE-ALMEIDA-MODESTO-D\u00c9BORA-ISABEL-ANESI-KARLA-SCHUTZ-GUIMAR\u00c3ES.pdf\">35-\u00a0O OLHAR PSICOPEDAG\u00d3GICO NA INSTITUI\u00c7\u00c3O-<\/a> ANDREZA VIEIRA DE ALMEIDA MODESTO, D\u00c9BORA ISABEL ANESI, KARLA SCH\u00dcTZ GUIMAR\u00c3ES.<\/p>\n<p><a href=\"https:\/\/catolicadeanapolis.edu.br\/biblioteca\/wp-content\/uploads\/2020\/01\/AMANDA-SANTOS-FERREIRA-KARINA-SYELLE-DE-ANDRADE-RABELO-MARIANA-SANTOS-DA-SILVA.pdf\">36-\u00a0PSICOPEDAGOGIA INSTITUCIONAL: OBST\u00c1CULOS NO ENSINO APRENDIZAGEM<\/a>&#8211;\u00a0AMANDA SANTOS FERREIRA, KARINA SYELLE DE ANDRADE RABELO, MARIANA SANTOS DA SILVA.<\/p>\n<p><a href=\"https:\/\/catolicadeanapolis.edu.br\/biblioteca\/wp-content\/uploads\/2020\/01\/ALESSANDRA-MARTINS-FERREIRA-BORGES-LOURDES-MARIA-DA-SILVA-E-MARIA-IVANI-DE-OLIVEIRA-PRIMO.pdf\">37-\u00a0DIAGN\u00d3STICO E INTERVEN\u00c7\u00c3O NA INSTITUI\u00c7\u00c3O-<\/a> ALESSANDRA MARTINS FERREIRA BORGES, LOURDES MARIA DA SILVA, MARIA IVANI DE OLIVEIRA PRIMO.<\/p>\n<p>38-\u00a0<a href=\"https:\/\/catolicadeanapolis.edu.br\/biblioteca\/?attachment_id=3482\">UM OLHAR PSICOPEDAG\u00d3GICO NA INSTITUI\u00c7\u00c3O ESCOLAR.<\/a> &#8211;\u00a0ANTONIO RODRIGUES DE GODOY. &#8211; ORIENTA\u00c7\u00c3O: Professora M\u00e1rcia SumireKurogi.<\/p>\n<p>39-\u00a0<a href=\"https:\/\/catolicadeanapolis.edu.br\/biblioteca\/?attachment_id=3483\">A INFLU\u00caNCIA DA PSICOPEDAGOGIA INSTITUCIONAL NO PROCESSO DE APRENDIZAGEM.<\/a> &#8211; CAMILA MATIAS DOS SANTOS; CRISTIANE DA SILVA LEMOS; MARIA JOS\u00c9 FERREIRA. &#8211; Orienta\u00e7\u00e3o: Prof\u00aa.Ma. M\u00e1rcia Kurogi<\/p>\n<p>40-\u00a0<a href=\"https:\/\/catolicadeanapolis.edu.br\/biblioteca\/?attachment_id=3484\">A AFETIVIDADE E A APRENDIZAGEM.<\/a> &#8211; DAVIANNE LEANDRO DE QUEIROZ. &#8211; Orienta\u00e7\u00e3o Prof\u00aa. Esp. Ana Maria Vieira.<\/p>\n<p>41-\u00a0<a href=\"https:\/\/catolicadeanapolis.edu.br\/biblioteca\/?attachment_id=3485\">O PSICOPEDAGOGO E A IMPORT\u00c2NCIA DA MEDIA\u00c7\u00c3O NO PROCESSO ENSINO APRENDIZAGEM.<\/a> &#8211;\u00a0MARIELLA SANT\u2019 ANA DE OLIVEIRA;\u00a0NATASHA FERREIRA;\u00a0VANESSA TEIXEIRA GRANGEIRO<\/p>\n<p>42-\u00a0<a href=\"https:\/\/catolicadeanapolis.edu.br\/biblioteca\/?attachment_id=3486\">ESTUDO DE CASO: TRANSTORNO DE APRENDIZAGEM.<\/a> &#8211; R\u00daBIA WERNECK COSTA SILVA. &#8211;\u00a0Orienta\u00e7\u00e3o Prof\u00aa. Esp. Ana Maria Vieira.<\/p>\n","protected":false},"excerpt":{"rendered":"<p>1- AS DIFICULDADES DE APRENDIZAGEM E O SUJEITO COGNOSCENTE &#8211;\u00a0LOURDES MARIA DA SILVA\u00a0&#8211; ORIENTADORA:\u00a0PROF. ESP. ANA MARIA VIEIRA DE SOUZA. 2- O PAPEL DO PSICOPEDAGOGO NA INSTITUI\u00c7\u00c3O ESCOLAR\u00a0&#8211;\u00a0EDV\u00c2NIO MESQUITA ROCHA &#8211;\u00a0ORIENTADORA: MA. MARCIA SUMIRE KUROGI. 3- PSICOPEDAGOGIA INSTITUCIONAL: O PSICOPEDAGOGO NA INSTITUI\u00c7\u00c3O ESCOLAR &#8211;\u00a0GISLAYNE ALVES DE OLIVEIRA &#8211;\u00a0ORIENTADORA: MA. MARCIA SUMIRE KUROGI. 4- PSICOPEDAGOGIA INSTITUCIONAL: [&hellip;]<\/p>\n","protected":false},"author":4,"featured_media":0,"parent":360,"menu_order":5,"comment_status":"closed","ping_status":"closed","template":"","meta":[],"_links":{"self":[{"href":"https:\/\/catolicadeanapolis.edu.br\/biblioteca\/index.php?rest_route=\/wp\/v2\/pages\/1440"}],"collection":[{"href":"https:\/\/catolicadeanapolis.edu.br\/biblioteca\/index.php?rest_route=\/wp\/v2\/pages"}],"about":[{"href":"https:\/\/catolicadeanapolis.edu.br\/biblioteca\/index.php?rest_route=\/wp\/v2\/types\/page"}],"author":[{"embeddable":true,"href":"https:\/\/catolicadeanapolis.edu.br\/biblioteca\/index.php?rest_route=\/wp\/v2\/users\/4"}],"replies":[{"embeddable":true,"href":"https:\/\/catolicadeanapolis.edu.br\/biblioteca\/index.php?rest_route=%2Fwp%2Fv2%2Fcomments&post=1440"}],"version-history":[{"count":12,"href":"https:\/\/catolicadeanapolis.edu.br\/biblioteca\/index.php?rest_route=\/wp\/v2\/pages\/1440\/revisions"}],"predecessor-version":[{"id":3524,"href":"https:\/\/catolicadeanapolis.edu.br\/biblioteca\/index.php?rest_route=\/wp\/v2\/pages\/1440\/revisions\/3524"}],"up":[{"embeddable":true,"href":"https:\/\/catolicadeanapolis.edu.br\/biblioteca\/index.php?rest_route=\/wp\/v2\/pages\/360"}],"wp:attachment":[{"href":"https:\/\/catolicadeanapolis.edu.br\/biblioteca\/index.php?rest_route=%2Fwp%2Fv2%2Fmedia&parent=1440"}],"curies":[{"name":"wp","href":"https:\/\/api.w.org\/{rel}","templated":true}]}}