{"id":1517,"date":"2018-12-17T10:36:27","date_gmt":"2018-12-17T10:36:27","guid":{"rendered":"https:\/\/catolicadeanapolis.edu.br\/biblioteca\/?page_id=1517"},"modified":"2020-01-21T17:41:38","modified_gmt":"2020-01-21T17:41:38","slug":"2012-2","status":"publish","type":"page","link":"https:\/\/catolicadeanapolis.edu.br\/biblioteca\/?page_id=1517","title":{"rendered":"DOC\u00caNCIA UNIVERSIT\u00c1RIA  2012"},"content":{"rendered":"<p><a href=\"https:\/\/catolicadeanapolis.edu.br\/biblioteca\/wp-content\/uploads\/2019\/01\/F\u00c1BIO-APARECIDO-BARBOSA.pdf\">1- CIVILIZA\u00c7\u00c3O CONTEMPOR\u00c2NEA E LINGUAGEM NA EDUCA\u00c7\u00c3O &#8211;\u00a0<\/a>F\u00c1BIO APARECIDO BARBOSA &#8211; ORIENTADOR: Profa.\u00a0Maria In\u00e1cia Lopes.<\/p>\n<p><a href=\"https:\/\/catolicadeanapolis.edu.br\/biblioteca\/wp-content\/uploads\/2020\/01\/Zenilda-El\u00edzia-Soares-de-Lima-Jo\u00e1s-Soares-de-Lima.pdf\">2-\u00a0ALTERNATIVAS DID\u00c1TICAS NA DOC\u00caNCIA UNIVERSIT\u00c1RIA INCLUSIVA: UMA AN\u00c1LISE COM BASE NA TEORIA DAS INTELIG\u00caNCIAS M\u00daLTIPLAS-<\/a> ZENILDA ELIZIA SOARES DE LIMA, JO\u00c1S SOARES DE LIMA.<\/p>\n<p><a href=\"https:\/\/catolicadeanapolis.edu.br\/biblioteca\/wp-content\/uploads\/2020\/01\/Vera-Victorino-Valle-Franco.pdf\">3-\u00a0\u00a0AS DIVERSAS LINGUAGENS COMO FATORES CONTRIBUINTES NO PROCESSO DE ENSINO-APRENDIZAGEM-<\/a>\u00a0VERA VICTORINO VALLE FRANCO.<\/p>\n<p><a href=\"https:\/\/catolicadeanapolis.edu.br\/biblioteca\/wp-content\/uploads\/2020\/01\/Mar\u00edlia-Alves-de-Godoi.pdf\">4-\u00a0O PROCESSO EDUCATIVO NA VIS\u00c3O DE PAUL- EUG\u00c8NE CHARBONNEAU-<\/a> MAR\u00cdLIA ALVES DE GODOI.<\/p>\n<p><a href=\"https:\/\/catolicadeanapolis.edu.br\/biblioteca\/wp-content\/uploads\/2020\/01\/Ludmylla-Ferreira-de-Souza-Rodrigues-Mariana-Carvalho-de-Souza.pdf\">5-\u00a0A IMPORT\u00c2NCIA DA DIVERSIDADE DOS M\u00c9TODOS AVALIATIVOS NO ENSINO SUPERIOR-<\/a> LUDMYLLA FERREIRA DE SOUZA RODRIGUES, MARIANA CARVALHO DE SOUZA.<\/p>\n<p><a href=\"https:\/\/catolicadeanapolis.edu.br\/biblioteca\/wp-content\/uploads\/2020\/01\/Lucas-Gabriel-Corr\u00eaa-Vargas-T\u00e1ssia-Zanutto-Mendes.pdf\">6-\u00a0COMPET\u00caNCIAS E HABILIDADES REQUERIDAS NO ENSINO DE DESENHO EM CURSOS DE ARQUITETURA E URBANISMO-<\/a> LUCAS GABRIEL CORR\u00caA VARGAS, T\u00c1SSIA ZANUTTO MENDES.<\/p>\n<p><a href=\"https:\/\/catolicadeanapolis.edu.br\/biblioteca\/wp-content\/uploads\/2020\/01\/Lar\u00eassa-Cintra-de-Almeida.pdf\">7-\u00a0OBJETIVOS DA EDUCA\u00c7\u00c3O: UM ESTUDO SOBRE O ENSINO POR COMPET\u00caNCIAS-<\/a> LAR\u00caSSA CINTRA DE ALMEIDA.<\/p>\n<p><a href=\"https:\/\/catolicadeanapolis.edu.br\/biblioteca\/wp-content\/uploads\/2020\/01\/Kelly-Cristina-dos-Santos-Queiroz-Neiriane-Nunes-Mendon\u00e7a-da-Silva.pdf\">8-\u00a0INCLUS\u00c3O SOCIAL: A PREPARA\u00c7\u00c3O DO DOCENTE UNIVERSIT\u00c1RIO FRENTE AOS ALUNOS COM NECESSIDADES EDUCACIONAIS ESPECIAIS-<\/a>\u00a0KELLY CRISTINA DOS SANTOS QUEIROZ, NERIANE NUNES MENDON\u00c7A DA SILVA.<\/p>\n<p><a href=\"https:\/\/catolicadeanapolis.edu.br\/biblioteca\/wp-content\/uploads\/2020\/01\/\u00cdtalo-Alessandro-Lemes-Silva-Samira-Lais-dos-Santos.pdf\">9-\u00a0O ESTUDO DA BIO\u00c9TICA NA FORMA\u00c7\u00c3O DOS PROFISSIONAIS DE N\u00cdVEL SUPERIOR EM SA\u00daDE \u2013 SA\u00daDE E HUMANIZA\u00c7\u00c3O-<\/a>\u00a0\u00cdTALO ALESSANDRO LEMES SILVA, SAMIRA LAIS DOS SANTOS.<\/p>\n<p><a href=\"https:\/\/catolicadeanapolis.edu.br\/biblioteca\/wp-content\/uploads\/2020\/01\/Iara-Regina-Dias-Martins-Borges-Laiza-Cristini-de-Oliveira.pdf\">10-\u00a0ESTRESSE EM DOCENTES UNIVERSIT\u00c1RIOS: S\u00cdNDROME DE BURNOUT-<\/a> IARA REGINA DIAS MARTINS BORGES LAIZA CRISTINI DE OLIVEIRA.<\/p>\n<p><a href=\"https:\/\/catolicadeanapolis.edu.br\/biblioteca\/wp-content\/uploads\/2020\/01\/Halan-Bastos-Lima.pdf\">11-\u00a0POL\u00cdTICA NACIONAL DE EDUCA\u00c7\u00c3O PERMANENTE EM SA\u00daDE (PNEPS): UM CAMPO DE SABERES E DE PR\u00c1TICAS SOCIAIS\/COLETIVAS EM CONSTRU\u00c7\u00c3O-<\/a>\u00a0HALAN BASTOS LIMA.<\/p>\n<p><a href=\"https:\/\/catolicadeanapolis.edu.br\/biblioteca\/wp-content\/uploads\/2020\/01\/Goiany-Arruda-de-Oliveira-Ilda-Rodrigues-dos-Passos.pdf\">12-\u00a0INCLUS\u00c3O E PR\u00c1TICA DOCENTE NO ENSINO SUPERIOR: A REALIDADE DA FACULDADE CAT\u00d3LICA DE AN\u00c1POLIS-<\/a> GOIANY ARRUDA DE OLIVEIRA, ILDA RODRIGUES DOS PASSOS.<\/p>\n<p><a href=\"https:\/\/catolicadeanapolis.edu.br\/biblioteca\/wp-content\/uploads\/2020\/01\/Adeline-Miranda-Silva-Pedro-Miranda-da-Silva-J\u00fanior.pdf\">13-\u00a0POL\u00cdTICAS P\u00daBLICAS PARA A EDUCA\u00c7\u00c3O SUPERIOR E SEUS REFLEXOS NA AUTONOMIA UNIVERSIT\u00c1RIA-<\/a> ADELINE MIRANDA SILVA, PEDRO MIRANDA DA SILVA J\u00daNIOR.<\/p>\n<p><a href=\"https:\/\/catolicadeanapolis.edu.br\/biblioteca\/wp-content\/uploads\/2020\/01\/Ezio-Alves-de-Carvalho-Junior-Francisca-Edivanuse-Rafael-Gomes.pdf\">14-\u00a0O PROCESSO HIST\u00d3RICO DA DOC\u00caNCIA-\u00a0<\/a> EZIO ALVES DE CARVALHO JUNIOR FRANCISCA EDIVANUSE RAFAEL GOMES.<\/p>\n<p><a href=\"https:\/\/catolicadeanapolis.edu.br\/biblioteca\/wp-content\/uploads\/2020\/01\/Emmanuel-da-Silva-Appel-Jorge-Ant\u00f4nio-de-Oliveira-J\u00fanior.pdf\">15-\u00a0ATIVIDADES DA ESCOLA NOVA E A RELA\u00c7\u00c3O COM A ARQUITETURA DE SEU ESPA\u00c7O F\u00cdSICO-<\/a>\u00a0EMMANUEL DA SILVA APPEL, JORGE ANT\u00d6NIO DE OLIVEIRA J\u00daNIOR.<\/p>\n<p><a href=\"https:\/\/catolicadeanapolis.edu.br\/biblioteca\/wp-content\/uploads\/2020\/01\/Cristiane-Rodrigues-de-Morais-Costa-Juliana-Basandulfo-de-Souza.pdf\">16-\u00a0CURSO SUPERIOR \u00c0 DIST\u00c2NCIA VIA WEB: VANTAGENS E DESVANTAGENS-<\/a> CRISTIANE RODRIGUES DE MORAIS COSTA, JULIANA BASANDULFO DE SOUZA.<\/p>\n<p><a href=\"https:\/\/catolicadeanapolis.edu.br\/biblioteca\/wp-content\/uploads\/2020\/01\/Clodoaldo-Ferreira-fernandes-Helen-Cristina-Dias-da-Silva-Lemes.pdf\">17-\u00a0A DIVERSIDADE SEXUAL E A FORMA\u00c7\u00c3O DE PROFESSORES: UMA REFLEX\u00c3O NO CURR\u00cdCULO-\u00a0<\/a>CLODOALDO FERREIRA FERNANDES, HELEN CRISTINA DIAS DA SILVA LEMES. PROF\u00aa JOICY MARA REZENDE ROLINDO.<\/p>\n<p><a href=\"https:\/\/catolicadeanapolis.edu.br\/biblioteca\/wp-content\/uploads\/2020\/01\/Caroline-de-Almeida-Soares-Cl\u00e9riston-de-S\u00e1-Marcelino-da-Silva.pdf\">18- GEST\u00c3O UNIVERSIT\u00c1RIA E O MERCADO DE TRABALHO EMPRESARIAL CONTEMPOR\u00c2NEO- <\/a>CAROLINE DE ALMEIDA SOARES, CL\u00c9RISTON DE S\u00c1 MARCELINO DA SILVA.<\/p>\n<p><a href=\"https:\/\/catolicadeanapolis.edu.br\/biblioteca\/wp-content\/uploads\/2020\/01\/Carolina-Batista-Soares-Rafaella-Haje-Cintra.pdf\">19-\u00a0INCID\u00caNCIA DE DOR EM DOCENTES DO ENSINO SUPERIOR EM AN\u00c1POLIS-\u00a0<\/a>CAROLINA BATISTA SOARES, RAFAELLA HAJE CINTRA.<\/p>\n<p><a href=\"https:\/\/catolicadeanapolis.edu.br\/biblioteca\/wp-content\/uploads\/2020\/01\/Camilla-Francisco-de-Lima-Paulo-Ricardo-Dias-Fernandes.pdf\">20-\u00a0A RELEV\u00c2NCIA DOS ESTUDOS LINGU\u00cdSTICOS NA FORMA\u00c7\u00c3O DO PROFESSOR DE L\u00cdNGUA PORTUGUESA-<\/a>\u00a0CAMILLA FRANCISCO DE LIMA, PAULO RICARDO DIAS FERNANDES.<\/p>\n<p><a href=\"https:\/\/catolicadeanapolis.edu.br\/biblioteca\/wp-content\/uploads\/2020\/01\/Bruno-Roger-Silva-Kati\u00fascia-Sardinha.pdf\">21-\u00a0AVALIA\u00c7\u00c3O DA APRENDIZAGEM NA DOC\u00caNCIA DO ENSINO SUPERIOR: UMA REFLEX\u00c3O NECESS\u00c1RIA- <\/a>BRUNO ROGER SILVA, KATI\u00daSCIA SARDINHA DA COSTA. ORIENTADORA: PROF\u00aa MS\u00a0JOICY MARA REZENDE ROLINDO.<\/p>\n<p><a href=\"https:\/\/catolicadeanapolis.edu.br\/biblioteca\/wp-content\/uploads\/2020\/01\/Andr\u00e9-Luiz-Peixoto.pdf\">22-\u00a0SISTEMAS TUTORES INTELIGENTES NA CUSTOMIZA\u00c7\u00c3O DO AMBIENTE VIRTUAL DE ENSINO E APRENDIZAGEM-\u00a0<\/a>ANDR\u00c9 LUIZ PEIXOTO.<\/p>\n<p><a href=\"https:\/\/catolicadeanapolis.edu.br\/biblioteca\/wp-content\/uploads\/2020\/01\/Andr\u00e9-Lu\u00eds-Rosa-Paulo-Edson-Fernandes.pdf\">23-\u00a0COMO O EXAME NACIONAL DE DESEMPENHO DE ESTUDANTES (ENADE), EST\u00c1 INTERFERINDO NA QUALIDADE DOS CURSOS DE ENSINO SUPERIOR DA CIDADE DE AN\u00c1POLIS-GO-<\/a> ANDR\u00c9 LU\u00cdS ROSA, PAULO EDSON FERNANDES.<\/p>\n<p><a href=\"https:\/\/catolicadeanapolis.edu.br\/biblioteca\/wp-content\/uploads\/2020\/01\/Alessandro-de-freitas-Cardoso.pdf\">24-\u00a0A IMPORT\u00c2NCIA DO ENADE NO ENSINO SUPERIOR-<\/a>\u00a0ALESSANDRO DE FREITAS CARDOSO.<\/p>\n<p>&nbsp;<\/p>\n","protected":false},"excerpt":{"rendered":"<p>1- CIVILIZA\u00c7\u00c3O CONTEMPOR\u00c2NEA E LINGUAGEM NA EDUCA\u00c7\u00c3O &#8211;\u00a0F\u00c1BIO APARECIDO BARBOSA &#8211; ORIENTADOR: Profa.\u00a0Maria In\u00e1cia Lopes. 2-\u00a0ALTERNATIVAS DID\u00c1TICAS NA DOC\u00caNCIA UNIVERSIT\u00c1RIA INCLUSIVA: UMA AN\u00c1LISE COM BASE NA TEORIA DAS INTELIG\u00caNCIAS M\u00daLTIPLAS- ZENILDA ELIZIA SOARES DE LIMA, JO\u00c1S SOARES DE LIMA. 3-\u00a0\u00a0AS DIVERSAS LINGUAGENS COMO FATORES CONTRIBUINTES NO PROCESSO DE ENSINO-APRENDIZAGEM-\u00a0VERA VICTORINO VALLE FRANCO. 4-\u00a0O PROCESSO EDUCATIVO [&hellip;]<\/p>\n","protected":false},"author":4,"featured_media":0,"parent":328,"menu_order":2,"comment_status":"closed","ping_status":"closed","template":"","meta":[],"_links":{"self":[{"href":"https:\/\/catolicadeanapolis.edu.br\/biblioteca\/index.php?rest_route=\/wp\/v2\/pages\/1517"}],"collection":[{"href":"https:\/\/catolicadeanapolis.edu.br\/biblioteca\/index.php?rest_route=\/wp\/v2\/pages"}],"about":[{"href":"https:\/\/catolicadeanapolis.edu.br\/biblioteca\/index.php?rest_route=\/wp\/v2\/types\/page"}],"author":[{"embeddable":true,"href":"https:\/\/catolicadeanapolis.edu.br\/biblioteca\/index.php?rest_route=\/wp\/v2\/users\/4"}],"replies":[{"embeddable":true,"href":"https:\/\/catolicadeanapolis.edu.br\/biblioteca\/index.php?rest_route=%2Fwp%2Fv2%2Fcomments&post=1517"}],"version-history":[{"count":7,"href":"https:\/\/catolicadeanapolis.edu.br\/biblioteca\/index.php?rest_route=\/wp\/v2\/pages\/1517\/revisions"}],"predecessor-version":[{"id":2434,"href":"https:\/\/catolicadeanapolis.edu.br\/biblioteca\/index.php?rest_route=\/wp\/v2\/pages\/1517\/revisions\/2434"}],"up":[{"embeddable":true,"href":"https:\/\/catolicadeanapolis.edu.br\/biblioteca\/index.php?rest_route=\/wp\/v2\/pages\/328"}],"wp:attachment":[{"href":"https:\/\/catolicadeanapolis.edu.br\/biblioteca\/index.php?rest_route=%2Fwp%2Fv2%2Fmedia&parent=1517"}],"curies":[{"name":"wp","href":"https:\/\/api.w.org\/{rel}","templated":true}]}}