{"id":1525,"date":"2018-12-17T10:41:00","date_gmt":"2018-12-17T10:41:00","guid":{"rendered":"https:\/\/catolicadeanapolis.edu.br\/biblioteca\/?page_id=1525"},"modified":"2020-01-21T21:35:02","modified_gmt":"2020-01-21T21:35:02","slug":"2013-2","status":"publish","type":"page","link":"https:\/\/catolicadeanapolis.edu.br\/biblioteca\/?page_id=1525","title":{"rendered":"DOC\u00caNCIA UNIVERSIT\u00c1RIA  2013"},"content":{"rendered":"<p><a href=\"https:\/\/catolicadeanapolis.edu.br\/biblioteca\/wp-content\/uploads\/2018\/12\/ARTIGO-FINAL-MARCOS-e-MARIA-_1_.pdf\">1- A DEFICI\u00caNCIA AUDITIVA NA UNIVERSIDADE: RETRATO DA INCLUS\u00c3O DE SURDOS NA EDUCA\u00c7\u00c3O SUPERIOR BRASILEIRA<\/a> &#8211;\u00a0MARCOS ANTONIO DE ARA\u00daJO, MARIA DO CARMO LE\u00c3O SIM\u00d5ES &#8211; ORIENTADOR:\u00a0Prof. Halan Bastos Lima.<\/p>\n<p><a href=\"https:\/\/catolicadeanapolis.edu.br\/biblioteca\/wp-content\/uploads\/2020\/01\/Silvia-da-Concei\u00e7\u00e3o-Pereira.pdf\">2-\u00a0DESAFIOS DO DOCENTE SUPERIOR NA ERA DIGITAL-<\/a> SILVIA DA CONCEI\u00c7\u00c3O PEREIRA.<\/p>\n<p><a href=\"https:\/\/catolicadeanapolis.edu.br\/biblioteca\/wp-content\/uploads\/2020\/01\/Paulo-Aparecido-Morais.pdf\">3-\u00a0O DOCENTE DO ENSINO UNIVERSIT\u00c1RIO E SEUS DESAFIOS PROFISSIONAIS NA EDUCA\u00c7\u00c3O ATUAL-<\/a> PAULO APARECIDO MORAIS.<\/p>\n<p><a href=\"https:\/\/catolicadeanapolis.edu.br\/biblioteca\/wp-content\/uploads\/2020\/01\/Patr\u00edcia-Sheyla-Bagot-de-Almeida.pdf\">4-\u00a0A DESCONSTRU\u00c7\u00c3O DA TELEOLOGIA CR\u00cdTICO EMANCIPAT\u00d3RIA DO ENSINO SUPERIOR-<\/a> PATR\u00cdCIA SHEYLA BAGOT DE ALMEIDA.<\/p>\n<p><a href=\"https:\/\/catolicadeanapolis.edu.br\/biblioteca\/wp-content\/uploads\/2020\/01\/Nilton-C\u00e9sar-Dias-Mafra-Suazana-trauten-Brito.pdf\">5-\u00a0A NECESSIDADE DE CURSOS DE ESPECIALIZA\u00c7\u00c3O PARA OS GRADUADOS DE GASTRONOMIA EM AN\u00c1POLIS-<\/a>\u00a0NILTON CESAR DIAS MAFRA, SUZANA TRAUTEN BRITO.<\/p>\n<p><a href=\"https:\/\/catolicadeanapolis.edu.br\/biblioteca\/wp-content\/uploads\/2020\/01\/Michelle-Ambr\u00f3sio-de-Lima-M\u00e1rcio-Adriano-de-Morais.pdf\">6-\u00a0REFLEX\u00d5ES: PERSPECTIVAS HIST\u00d3RICAS E ATUAIS DA EDUCA\u00c7\u00c3O- <\/a>M\u00c1RCIO ADRIANO DE MORAIS, MICHELLE AMBR\u00d3SIO DE LIMA, LEONARDO RODRIGUES.<\/p>\n<p><a href=\"https:\/\/catolicadeanapolis.edu.br\/biblioteca\/wp-content\/uploads\/2020\/01\/Maria-Aparecida-de-Freitas-Barbosa-Rodison-Correa-de-Bem-Sindy-Raquel-Brasil-Costa.pdf\">7-\u00a0A REFORMA DO ENSINO SUPERIOR NO BRASIL DO ANO DE 1991 COM PERSPECTIVA AT\u00c9 2020 MARIA APARECIDA DE FREITAS BARBOSA-<\/a> RODISON CORREA DE BEM, SINDY RAQUEL BRASIL COSTA.<\/p>\n<p><a href=\"https:\/\/catolicadeanapolis.edu.br\/biblioteca\/wp-content\/uploads\/2020\/01\/Marcus-Vin\u00edcius-Gomes-Silva.pdf\">8-\u00a0OS G\u00caNEROS TEXTUAIS NO ENSINO SUPERIOR: UM PRESSUPOSTO METODOL\u00d3GICO NO PROCESSO DE ENSINO-APRENDIZAGEM-<\/a> MARCUS VIN\u00cdCIUS GOMES SILVA.<\/p>\n<p><a href=\"https:\/\/catolicadeanapolis.edu.br\/biblioteca\/wp-content\/uploads\/2020\/01\/Lori-Clemente-Telles-Milton-Lisboa-Neves.pdf\">9-A INCLUS\u00c3O SOCIAL E OS PROJETOS POL\u00cdTICOS INSTITUCIONAIS-<\/a> LORI CLEMENTE TELLES, MILTON LISBOA NEVES.<\/p>\n<p><a href=\"https:\/\/catolicadeanapolis.edu.br\/biblioteca\/wp-content\/uploads\/2020\/01\/Laydiane-Emanuele-Freitas-Flor-Ludmilla-Caroline-Ananias-Vanessa-Alves-dos-Anjos.pdf\">10-\u00a0A IMPORT\u00c2NCIA DAS AULAS PR\u00c1TICAS NO ENSINO SUPERIOR-<\/a> LAYDIANE EMANUELE FREITAS FLOR, LUDMILLA CAROLINE ANANIAS, VANESSA ALVES DOS ANJOS.<\/p>\n<p><a href=\"https:\/\/catolicadeanapolis.edu.br\/biblioteca\/wp-content\/uploads\/2020\/01\/Layanne-Rodrigues-Pereira-Norma-Gomes-da-Silva.pdf\">11-\u00a0EDUCA\u00c7\u00c3O INCLUSIVA: E SEUS DESAFIOS NO ENSINO SUPERIOR-<\/a> LAYANNE RODRIGUES PEREIRA, NORMA GOMES DA SILVA.<\/p>\n<p><a href=\"https:\/\/catolicadeanapolis.edu.br\/biblioteca\/wp-content\/uploads\/2020\/01\/Juliane-Prestes-Meotti.pdf\">12-\u00a0PR\u00c1TICAS DISCURSIVAS NA CONSTRU\u00c7\u00c3O DAS IDENTIDADES DE G\u00caNERO EM AULAS DE L\u00cdNGUA INGLESA-<\/a> JULIANE PRESTES MEOTTI.<\/p>\n<p><a href=\"https:\/\/catolicadeanapolis.edu.br\/biblioteca\/wp-content\/uploads\/2020\/01\/Heliel-Gomes-de-Carvalho.pdf\">13-\u00a0O ETHOS PROTESTANTE E O DESENVOLVIMENTO NA EDUCA\u00c7\u00c3O SUPERIOR E NA SA\u00daDE EM AN\u00c1POLIS \u2013 1926-2012-<\/a>\u00a0HELIEL GOMES DE CARVALHO.<\/p>\n<p><a href=\"https:\/\/catolicadeanapolis.edu.br\/biblioteca\/wp-content\/uploads\/2020\/01\/Heidi-Wilding-Meili-Luis-Henrique-Costa-Vasconcelos.pdf\">14-\u00a0A APRENDIZAGEM BASEADA EM PROBLEMAS COMO METODOLOGIA DE ENSINO SUPERIOR-<\/a>\u00a0HEIDI WILDING MEILI, LUIS HENRIQUE COSTA VASCONCELOS.<\/p>\n<p><a href=\"https:\/\/catolicadeanapolis.edu.br\/biblioteca\/wp-content\/uploads\/2020\/01\/Ellayne-Evelyn-Pereira-e-Silva-Lira.pdf\">15-\u00a0A ESTREITA RELA\u00c7\u00c3O ENTRE SUBJETIVIDADE E RELATIVISMO NA FILOSOFIA CL\u00cdNICA-<\/a> ELLAYNE EVELYN PEREIRA E SILVA LIRA.<\/p>\n<p><a href=\"https:\/\/catolicadeanapolis.edu.br\/biblioteca\/wp-content\/uploads\/2020\/01\/\u00c9lida-Ferreira-da-Silva.pdf\">16-\u00a0AS TECNOLOGIAS DA INFORMA\u00c7\u00c3O E COMUNICA\u00c7\u00c3O COMO INSTRUMENTO MEDIADOR DO PROCESSO DE ENSINO E APRENDIZAGEM- <\/a>\u00c9LIDA FERREIRA DA SILVA.<\/p>\n<p><a href=\"https:\/\/catolicadeanapolis.edu.br\/biblioteca\/wp-content\/uploads\/2020\/01\/Danielle-Nascimento-de-Medeiros.pdf\">17-\u00a0UMA REFLEX\u00c3O SOBRE A FORMA\u00c7\u00c3O DO PROFESSOR UNIVERSIT\u00c1RIO: A IMPORT\u00c2NCIA DA FORMA\u00c7\u00c3O PEDAG\u00d3GICA-<\/a> DANIELLE NASCIMENTO DE MEDEIROS, LEONARDO RODRIGUES.<\/p>\n<p><a href=\"https:\/\/catolicadeanapolis.edu.br\/biblioteca\/wp-content\/uploads\/2020\/01\/Cristina-Nunes-Santana.pdf\">18- LICENCIATURA X BACHARELADO: POR QUE A LICENCIATURA EM ARTES OCUPA UM LUGAR POUCO PRIVILEGIADO NO MEIO ACAD\u00caMICO COMPARADO AOS CURSOS DE BACHARELADO?<\/a>&#8211; CRISTINA NUNES SANTANA.<\/p>\n<p><a href=\"https:\/\/catolicadeanapolis.edu.br\/biblioteca\/wp-content\/uploads\/2020\/01\/Cl\u00e1udia-da-Silva-Campos-Tatiane-da-Silva-Abrenhosa.pdf\">19-\u00a0O PROCESSO DE FORMA\u00c7\u00c3O DOCENTE NO ENSINO SUPERIOR BRASILEIRO-<\/a>\u00a0CL\u00c1UDIA DA SILVA CAMPOS, TATIANE DA SILVA ABRENHOSA.<\/p>\n<p><a href=\"https:\/\/catolicadeanapolis.edu.br\/biblioteca\/wp-content\/uploads\/2020\/01\/C\u00edrio-Barbosa-Ramos.pdf\">20-\u00a0A FORMA\u00c7\u00c3O E A CAPACITA\u00c7\u00c3O DE PROFISSIONAIS DA \u00c1REA DE EDUCA\u00c7\u00c3O SUPERIOR-<\/a> CIRIO BARBOSA RAMOS.<\/p>\n<p><a href=\"https:\/\/catolicadeanapolis.edu.br\/biblioteca\/wp-content\/uploads\/2020\/01\/Ben\u00edcio-Pedro-Santana-Junior-Gerciony-Paula-de-Almeida-Simone-Alves-Martins-Brand\u00e3o.pdf\">21-\u00a0A EXPANS\u00c3O DO ENSINO SUPERIOR PRIVADO NO BRASIL-<\/a> BEN\u00cdCIO PEDRO SANTANA JUNIOR, GERCIONY PAULA DE ALMEIDA, SIMONE ALVES MARTINS BRAND\u00c3O.<\/p>\n<p><a href=\"https:\/\/catolicadeanapolis.edu.br\/biblioteca\/wp-content\/uploads\/2020\/01\/Andrea-Concei\u00e7\u00e3o-Silva-de-Menezes-Cleiton-Evangelista-Nerys.pdf\">22-\u00a0A IMPORT\u00c2NCIA DO ENSINO DE FILOSOFIA NO ENSINO SUPERIOR NA FORMA\u00c7\u00c3O HUMAN\u00cdSTICA DO PROFISSIONAL ATUAL-<\/a> ANDREA CONCEI\u00c7\u00c3O SILVA DE MENEZES, CLEITON EVANGELISTA NERYS.<\/p>\n<p><a href=\"https:\/\/catolicadeanapolis.edu.br\/biblioteca\/wp-content\/uploads\/2020\/01\/Ana-Paula-Stort-Fernandes-Josiene-Souza-Menezes.pdf\">23-\u00a0EDUCA\u00c7\u00c3O A DIST\u00c2NCIA: TECNOLOGIA EM FAVOR DA EDUCA\u00c7\u00c3O-\u00a0<\/a><br \/>\nANA PAULA STORT FERNANDES JOSIENE SOUZA MENEZES.<\/p>\n<p><a href=\"https:\/\/catolicadeanapolis.edu.br\/biblioteca\/wp-content\/uploads\/2020\/01\/Ana-Cl\u00e1udia-Silva-Rodrigues-Cilene-Calado-de-Ara\u00fajo-Oliveira-Keila-Regis-Pereira-Machado.pdf\">24-\u00a0FORMA\u00c7\u00c3O DO DOCENTE E A AN\u00c1LISE DA QUALIDADE DO ENSINO SUPERIOR EM MEIO \u00c0S MUDAN\u00c7AS DA EDUCA\u00c7\u00c3O CONTEMPOR\u00c2NEA-<\/a> ANA CL\u00c1UDIA SILVA RODRIGUES, CILENE CALADO DE ARA\u00daJO OLIVEIRA, KEOLA REGIS PEREIRA MACHADO, LEONARDO RODRIGUES DE SOUZA.<\/p>\n<p>&nbsp;<\/p>\n","protected":false},"excerpt":{"rendered":"<p>1- A DEFICI\u00caNCIA AUDITIVA NA UNIVERSIDADE: RETRATO DA INCLUS\u00c3O DE SURDOS NA EDUCA\u00c7\u00c3O SUPERIOR BRASILEIRA &#8211;\u00a0MARCOS ANTONIO DE ARA\u00daJO, MARIA DO CARMO LE\u00c3O SIM\u00d5ES &#8211; ORIENTADOR:\u00a0Prof. Halan Bastos Lima. 2-\u00a0DESAFIOS DO DOCENTE SUPERIOR NA ERA DIGITAL- SILVIA DA CONCEI\u00c7\u00c3O PEREIRA. 3-\u00a0O DOCENTE DO ENSINO UNIVERSIT\u00c1RIO E SEUS DESAFIOS PROFISSIONAIS NA EDUCA\u00c7\u00c3O ATUAL- PAULO APARECIDO MORAIS. [&hellip;]<\/p>\n","protected":false},"author":4,"featured_media":0,"parent":328,"menu_order":3,"comment_status":"closed","ping_status":"closed","template":"","meta":[],"_links":{"self":[{"href":"https:\/\/catolicadeanapolis.edu.br\/biblioteca\/index.php?rest_route=\/wp\/v2\/pages\/1525"}],"collection":[{"href":"https:\/\/catolicadeanapolis.edu.br\/biblioteca\/index.php?rest_route=\/wp\/v2\/pages"}],"about":[{"href":"https:\/\/catolicadeanapolis.edu.br\/biblioteca\/index.php?rest_route=\/wp\/v2\/types\/page"}],"author":[{"embeddable":true,"href":"https:\/\/catolicadeanapolis.edu.br\/biblioteca\/index.php?rest_route=\/wp\/v2\/users\/4"}],"replies":[{"embeddable":true,"href":"https:\/\/catolicadeanapolis.edu.br\/biblioteca\/index.php?rest_route=%2Fwp%2Fv2%2Fcomments&post=1525"}],"version-history":[{"count":6,"href":"https:\/\/catolicadeanapolis.edu.br\/biblioteca\/index.php?rest_route=\/wp\/v2\/pages\/1525\/revisions"}],"predecessor-version":[{"id":2435,"href":"https:\/\/catolicadeanapolis.edu.br\/biblioteca\/index.php?rest_route=\/wp\/v2\/pages\/1525\/revisions\/2435"}],"up":[{"embeddable":true,"href":"https:\/\/catolicadeanapolis.edu.br\/biblioteca\/index.php?rest_route=\/wp\/v2\/pages\/328"}],"wp:attachment":[{"href":"https:\/\/catolicadeanapolis.edu.br\/biblioteca\/index.php?rest_route=%2Fwp%2Fv2%2Fmedia&parent=1525"}],"curies":[{"name":"wp","href":"https:\/\/api.w.org\/{rel}","templated":true}]}}