{"id":1557,"date":"2019-01-07T18:46:11","date_gmt":"2019-01-07T18:46:11","guid":{"rendered":"https:\/\/catolicadeanapolis.edu.br\/biblioteca\/?page_id=1557"},"modified":"2022-06-21T13:06:03","modified_gmt":"2022-06-21T13:06:03","slug":"2015-3","status":"publish","type":"page","link":"https:\/\/catolicadeanapolis.edu.br\/biblioteca\/?page_id=1557","title":{"rendered":"PSICOPEDAGOGIA INSTITUCIONAL E CL\u00cdNICA 2015"},"content":{"rendered":"<p>1-\u00a0<a href=\"https:\/\/catolicadeanapolis.edu.br\/biblioteca\/wp-content\/uploads\/2019\/05\/ADRIANA-CRISTINA-RODRIGUES.pdf\">\u00a0PSICOPEDAGOGIA CL\u00cdNICA UMA INTERVEN\u00c7\u00c3O\u00a0<\/a><a href=\"https:\/\/catolicadeanapolis.edu.br\/biblioteca\/wp-content\/uploads\/2019\/05\/ADRIANA-CRISTINA-RODRIGUES.pdf\">PSICOPEDAGOGICA <\/a>&#8211; Adriana Cristina Rodrigues Marcelino &#8211; Orientador\/a:\u00a0 Ana Maria Vieira de Souza.<\/p>\n<p>2-\u00a0 <a href=\"https:\/\/catolicadeanapolis.edu.br\/biblioteca\/wp-content\/uploads\/2019\/05\/ANA-BET\u00c2NIA-AMORIM.pdf\">UMA AN\u00c1LISE DA INSTITUI\u00c7\u00c3O SOB O OLHAR DA\u00a0PSICOPEDAGOGIA<\/a><br \/>\n&#8211; Ana Bet\u00e2nia Amorin Silva e Patr\u00edcia Mascena Silva &#8211; Orientador\/a:\u00a0 M\u00e1rcia<br \/>\nSumire Kurogi Diniz.<\/p>\n<p>3-\u00a0 <a href=\"https:\/\/catolicadeanapolis.edu.br\/biblioteca\/wp-content\/uploads\/2019\/05\/ANA-C\u00c1SSIA-DE-OLIVEIRA..pdf\">CONTRIBUI\u00c7\u00c3O DA PSICOPEDAGOGIA FRENTE AOS\u00a0<\/a><a href=\"https:\/\/catolicadeanapolis.edu.br\/biblioteca\/wp-content\/uploads\/2019\/05\/ANA-C\u00c1SSIA-DE-OLIVEIRA..pdf\">PROBLEMAS DE ENSINO \u2013 APRENDIZAGEM NA INSTITUI\u00c7\u00c3O<\/a>\u00a0&#8211; Ana C\u00e1ssia de Oliveira, Andressa Soraya da Silva Ara\u00fajo e Ludielle Daiane da Silva &#8211; Orientador\/a:\u00a0 M\u00e1rcia Sumire Kurogi Diniz.<\/p>\n<p>4-\u00a0 <a href=\"https:\/\/catolicadeanapolis.edu.br\/biblioteca\/wp-content\/uploads\/2019\/05\/ANA-PAULA-NEVES-2.pdf\">PSICOPEDAGOGIA CL\u00cdNICA: APRENDIZAGEM E POSS\u00cdVEIS DIFICULDADES<\/a>\u00a0&#8211; Ana Paula Neves &#8211; Orientador\/a:\u00a0 Ana Maria Vieira Souza.<\/p>\n<p>5-\u00a0 <a href=\"https:\/\/catolicadeanapolis.edu.br\/biblioteca\/wp-content\/uploads\/2019\/05\/ANDREZA-VIEIRA-DE-ALMEIDA-MODESTO.pdf\">A INFLU\u00caNCIA DA INSEGURAN\u00c7A NAS DIFICULDADES DE<\/a><br \/>\n<a href=\"https:\/\/catolicadeanapolis.edu.br\/biblioteca\/wp-content\/uploads\/2019\/05\/ANDREZA-VIEIRA-DE-ALMEIDA-MODESTO.pdf\">APRENDIZAGEM<\/a>\u00a0&#8211;\u00a0 Andreza Vieira de Almeida Modesto &#8211; Orientador\/a:\u00a0 Ana Maria Vieira de Souza.<\/p>\n<p>6-\u00a0 <a href=\"https:\/\/catolicadeanapolis.edu.br\/biblioteca\/wp-content\/uploads\/2019\/05\/\u00c2NGELA-RODRIGUES-BRAGA.pdf\">PSICOPEDAGOGIA INSTITUCIONAL: O PROCESSO DE ENSINO E<\/a><br \/>\n<a href=\"https:\/\/catolicadeanapolis.edu.br\/biblioteca\/wp-content\/uploads\/2019\/05\/\u00c2NGELA-RODRIGUES-BRAGA.pdf\">APRENDIZAGEM NO CONTEXTO ESCOLAR<\/a>\u00a0 &#8211; \u00c2ngela Rodrigues Braga e Irllany soares Lipp &#8211; Orientador\/a:\u00a0 M\u00e1rcia Sumire Kurogi.<\/p>\n<p>7-\u00a0 <a href=\"https:\/\/catolicadeanapolis.edu.br\/biblioteca\/wp-content\/uploads\/2019\/05\/APARECIDA-DA-PENHA-DE-ALMEIDA-2.pdf\">A<\/a><a href=\"https:\/\/catolicadeanapolis.edu.br\/biblioteca\/wp-content\/uploads\/2019\/05\/APARECIDA-DA-PENHA-DE-ALMEIDA-2.pdf\">N\u00c1LISE PSICOPEDAG\u00d3GICA E O TRANSTORNO DO D\u00c9FICIT DE<\/a><br \/>\n<a href=\"https:\/\/catolicadeanapolis.edu.br\/biblioteca\/wp-content\/uploads\/2019\/05\/APARECIDA-DA-PENHA-DE-ALMEIDA-2.pdf\">ATEN\u00c7\u00c3O COM HIPERATIVIDADE &#8211; TDAH<\/a>\u00a0&#8211;\u00a0 Aparecida da Penha de Almeida &#8211; Orientador\/a:\u00a0 Ana Maria Vieira de Souza.<\/p>\n<p>8-\u00a0 <a href=\"https:\/\/catolicadeanapolis.edu.br\/biblioteca\/wp-content\/uploads\/2019\/05\/CAMILA-MATIAS-DOS-SANTOS-1.pdf\">A INFLU\u00caNCIA DA FAM\u00cdLIA\u00a0NO PROCESSO DE ENSINO E<\/a><br \/>\n<a href=\"https:\/\/catolicadeanapolis.edu.br\/biblioteca\/wp-content\/uploads\/2019\/05\/CAMILA-MATIAS-DOS-SANTOS-1.pdf\">APRENDIZAGEM<\/a>\u00a0&#8211; Camila Matias dos Santos &#8211; Orientador\/a:\u00a0 Ana Maria Vieira de Souza.<\/p>\n<p>9-\u00a0 <a href=\"https:\/\/catolicadeanapolis.edu.br\/biblioteca\/wp-content\/uploads\/2019\/05\/CARLA-MILENA-ALVES-MOREIRA.pdf\">PSICOPEDAGOGIA INSTITUCIONAL: UM OLHAR<\/a><br \/>\n<a href=\"https:\/\/catolicadeanapolis.edu.br\/biblioteca\/wp-content\/uploads\/2019\/05\/CARLA-MILENA-ALVES-MOREIRA.pdf\">PSICOPEDAG\u00d3GICONA INSTITUI\u00c7\u00c3O EM BUSCA DE MELHORIA\u00a0<\/a><a href=\"https:\/\/catolicadeanapolis.edu.br\/biblioteca\/wp-content\/uploads\/2019\/05\/CARLA-MILENA-ALVES-MOREIRA.pdf\">NO PROCESSO ENSINO APRENDIZAGEM<\/a>\u00a0&#8211; Carla Milena Alves Moreira, Claudia Misleny Oliveira Andrade, Cleide U. Gon\u00e7alves de Andrade e Eliane Aparecida Oliveira Freire &#8211; Orientador\/a:\u00a0 M\u00e1rcia Sumeri Kurogi.<\/p>\n<p>10-\u00a0<a href=\"https:\/\/catolicadeanapolis.edu.br\/biblioteca\/wp-content\/uploads\/2019\/05\/CRISTIANE-DA-SILVA-LEMOS.pdf\"> A INFLU\u00caNCIA DA AFETIVIDADE NO PROCESSO DE APRENDIZAGEM<\/a><br \/>\n&#8211; Cristiane da Silva Lemos &#8211; Orientador\/a:\u00a0 Ana Maria Vieira de Souza.<\/p>\n<p>11-\u00a0 <a href=\"https:\/\/catolicadeanapolis.edu.br\/biblioteca\/wp-content\/uploads\/2019\/05\/CRISTIANE-DOS-SANTOS-DE-AZEVEDO-1.pdf\">PSICOPEDAGOGIA: UMA NOVA VIS\u00c3O DIANTE DAS DIFICULDADES DE APRENDIZAGEM<\/a>\u00a0&#8211; Cristiane dos Santos de Azevedo\u00a0&#8211; Orientador\/a:\u00a0 Ana Maria Vieira de Souza.<\/p>\n<p>12-\u00a0 <a href=\"https:\/\/catolicadeanapolis.edu.br\/biblioteca\/wp-content\/uploads\/2019\/05\/DAIANE-DAS-GRA\u00c7AS-ANDRADE.pdf\">PSICOPEDAGOGIA INSTITUCIONAL: UMA AN\u00c1LISE CONSTRUTIVA<\/a><br \/>\n<a href=\"https:\/\/catolicadeanapolis.edu.br\/biblioteca\/wp-content\/uploads\/2019\/05\/DAIANE-DAS-GRA\u00c7AS-ANDRADE.pdf\">ESCOLAR<\/a>\u00a0&#8211; Daiane das Gra\u00e7as Andrade, Elaine Borges da Silva e Jean Costa Santana &#8211; Orientador\/a:\u00a0 M\u00e1rcia Sumire Kurogi.<\/p>\n<p>13-\u00a0 <a href=\"https:\/\/catolicadeanapolis.edu.br\/biblioteca\/wp-content\/uploads\/2019\/05\/EDV\u00c2NIO-MESQUITA-ROCHA-1.pdf\">AS DIFICULDADES NA LEITURA E NA ESCRITA E SUAS\u00a0<\/a><a href=\"https:\/\/catolicadeanapolis.edu.br\/biblioteca\/wp-content\/uploads\/2019\/05\/EDV\u00c2NIO-MESQUITA-ROCHA-1.pdf\">RELA\u00c7\u00d5ES<\/a>\u00a0&#8211;\u00a0 Edv\u00e2nio Mesquita Rocha &#8211; Orientador\/a:\u00a0 Ana Maria Vieira de Souza.<\/p>\n<p>14-\u00a0 <a href=\"https:\/\/catolicadeanapolis.edu.br\/biblioteca\/wp-content\/uploads\/2019\/05\/ELIANE-APARECIDA-DE-OLIVEIRA-FREIRE-1.pdf\">A PSICOPEDAGOGIA CL\u00cdNICA E O AVAN\u00c7O NO PROCESSO<\/a><br \/>\n<a href=\"https:\/\/catolicadeanapolis.edu.br\/biblioteca\/wp-content\/uploads\/2019\/05\/ELIANE-APARECIDA-DE-OLIVEIRA-FREIRE-1.pdf\">ENSINO-APRENDIZAGEM<\/a>\u00a0&#8211; Eliane Aparecida de Oliveira Freire &#8211; Orientador\/a:\u00a0 Ana Maria Vieira de Souza.<\/p>\n<p>15-\u00a0 <a href=\"https:\/\/catolicadeanapolis.edu.br\/biblioteca\/wp-content\/uploads\/2019\/05\/fabiola-1.pdf\">OS V\u00cdNCULOS FAM\u00cdLIARES E SEUS REFLEXOS NO DESEMPENHO<\/a><br \/>\n<a href=\"https:\/\/catolicadeanapolis.edu.br\/biblioteca\/wp-content\/uploads\/2019\/05\/fabiola-1.pdf\">ESCOLAR\u00a0<\/a>&#8211;\u00a0 Fab\u00edola Nascimento &#8211; Oreintador\/a:\u00a0 Ana Maria Vieira dos Santos.<\/p>\n<p>16-\u00a0 <a href=\"https:\/\/catolicadeanapolis.edu.br\/biblioteca\/wp-content\/uploads\/2019\/05\/GISLAINE-RODRIGUES-MARTINS-1.pdf\">DIFICULDADES NA LEITURA E ESCRITA SOB A \u00d3TICA DA<\/a><br \/>\n<a href=\"https:\/\/catolicadeanapolis.edu.br\/biblioteca\/wp-content\/uploads\/2019\/05\/GISLAINE-RODRIGUES-MARTINS-1.pdf\">PSICOPEDAGOGIA\u00a0<\/a>&#8211; Gislaine Rodrigues Martins &#8211; Orientador\/a:\u00a0 Ana Maria Vieira de Souza.<\/p>\n<p>17-\u00a0 <a href=\"https:\/\/catolicadeanapolis.edu.br\/biblioteca\/wp-content\/uploads\/2019\/05\/JACQUELINE-MENDES-DE-OLIVEIRA-1.pdf\">UMA OBSERVA\u00c7\u00c3O PSICOPEDAG\u00d3GICA NA INSTITUI\u00c7\u00c3O<\/a><br \/>\n<a href=\"https:\/\/catolicadeanapolis.edu.br\/biblioteca\/wp-content\/uploads\/2019\/05\/JACQUELINE-MENDES-DE-OLIVEIRA-1.pdf\">ESCOLAR<\/a>\u00a0&#8211; Jacqueline Mendes de Oliveira, Patr\u00edcia da Silva Alves e Rafaela de Souza Rodrigues Paulino &#8211; Orientador\/a:\u00a0 M\u00e1rcia Sumire Kurogi Diniz.<\/p>\n<p>18-\u00a0 <a href=\"https:\/\/catolicadeanapolis.edu.br\/biblioteca\/wp-content\/uploads\/2019\/05\/JEAN-COSTA-SANTANA.pdf\">PSICOPEDAGOGIA CLINICA: UMA CRIAN\u00c7A COM DESEJO DE<\/a><br \/>\n<a href=\"https:\/\/catolicadeanapolis.edu.br\/biblioteca\/wp-content\/uploads\/2019\/05\/JEAN-COSTA-SANTANA.pdf\">BRINCAR, CRESCER E APRENDER<\/a>\u00a0&#8211; Jean Costa Santana &#8211; Orientador\/a:\u00a0 Ana Maria Vieira de Souza.<\/p>\n<p>19-\u00a0 <a href=\"https:\/\/catolicadeanapolis.edu.br\/biblioteca\/wp-content\/uploads\/2019\/05\/KARINA-SYELLE-DE-ANDRADE.pdf\">DIFICULDADES APRESENTADAS NO AMBIENTE ESCOLAR DEVIDO A PROBLEMAS AMBIENTAIS RELACIONADOS A GRUPO DE APOIO PRIM\u00c1RIO\u00a0<\/a>&#8211; Karina Syelle de Andrade Rabelo &#8211; Orientador\/a:\u00a0 Ana Maria Vieira de Souza.<\/p>\n<p>20-\u00a0 <a href=\"https:\/\/catolicadeanapolis.edu.br\/biblioteca\/wp-content\/uploads\/2019\/05\/KEYLLA-ALMEIDA-GUERRA.pdf\">UM OLHAR INVESTIGATIVO DO PSICOPEDAGOGO NA\u00a0INSTITUI\u00c7\u00c3O<\/a><br \/>\n&#8211; Keylla Almeida Guerra e Luzia Ely de Rezende Silva &#8211; Orientador\/a:\u00a0 M\u00e1rcia Sumire Kurogi Diniz.<\/p>\n<p>21-<a href=\"https:\/\/catolicadeanapolis.edu.br\/biblioteca\/wp-content\/uploads\/2019\/12\/RAFAELA-DE-SOUZA-RODRIGUES-PAULINO.pdf\">\u00a0DIFICULDADES DE APRENDIZAGEM SOB A AN\u00c1LISE DA PSICOPEDAGOGIA<\/a>&#8211;\u00a0RAFAELA DE SOUZA RODRIGUES PAULINO.<\/p>\n<p>22-<a href=\"https:\/\/catolicadeanapolis.edu.br\/biblioteca\/wp-content\/uploads\/2019\/12\/PATR\u00cdCIA-MASCENA-SILVA.pdf\">\u00a0INTERVEN\u00c7\u00c3O PLANEJADA NO DESENVOLVIMENTO DA CRIAN\u00c7A<\/a>&#8211;\u00a0PATR\u00cdCIA MASCENA SILVA.<\/p>\n<p>23-\u00a0<a href=\"https:\/\/catolicadeanapolis.edu.br\/biblioteca\/wp-content\/uploads\/2019\/12\/IRAILDE-BOTELHO-DE-SOUZA.pdf\">EST\u00c1GIO SUPERVISIONADO EM PSICOPEDAGOGIA CL\u00cdNICA<\/a>&#8211;\u00a0IRAILDE BOTELHO DE SOUZA.<\/p>\n<p>24-\u00a0<a href=\"https:\/\/catolicadeanapolis.edu.br\/biblioteca\/wp-content\/uploads\/2019\/12\/IRAILDE-BOTELHO-DE-SOUZA-E-ORACI-ANT\u00d4NIA-VENTURA.pdf\">PSICOPEDAGOGIA INSTITUCIONAL: A BUSCA DAS QUEST\u00d5ES QUE<\/a><br \/>\nINFLU\u00caNCIAM AS DIFICULDADES DE APRENDIZAGEM- IRAILDE BOTELHO DE SOUZA; ORACI ANT\u00d4NIA VENTURA.<\/p>\n<p>25-\u00a0<a href=\"https:\/\/catolicadeanapolis.edu.br\/biblioteca\/wp-content\/uploads\/2019\/12\/HELYNE-VERANO-M.-MOREIRA.pdf\">INTERVEN\u00c7\u00c3O PSICOPEDAG\u00d3GICA EM UM ADOLESCENTE COM HIP\u00d3TESE DIAGN\u00d3STICA DE TDAH<\/a>&#8211; HELYNE VERANO M. MOREIRA.<\/p>\n<p>26-\u00a0<a href=\"https:\/\/catolicadeanapolis.edu.br\/biblioteca\/wp-content\/uploads\/2019\/12\/GISLAYNE-ALVES-DE-OLIVEIRA.pdf\">PSICOPEDAGOGIA CLINICA: O PAPEL DA FAMILIA NO PROCESSO DE APRENDIZAGEM ESCOLAR<\/a>&#8211; GISLAYNE ALVES DE OLIVEIRA.<\/p>\n<p>27-\u00a0<a href=\"https:\/\/catolicadeanapolis.edu.br\/biblioteca\/wp-content\/uploads\/2019\/12\/CRISTIANE-DOS-SANTOS-DE-AZEVEDO-E-FAB\u00cdOLA-NASCIMENTO.pdf\">PSICOPEDAGOGIA INSTITUCIONAL: EM BUSCA DE SOLU\u00c7\u00d5ES<\/a><br \/>\nPARA AS DIFICULDADES DE APRENDIZAGEM- CRISTIANE DOS SANTOS DE AZEVEDO; FAB\u00cdOLA NASCIMENTO.<\/p>\n<p>28-\u00a0<a href=\"https:\/\/catolicadeanapolis.edu.br\/biblioteca\/wp-content\/uploads\/2019\/12\/CLEIDE-U.-GON\u00c7ALVES-DE-ANDRADE.pdf\">PROBLEMAS DE APRENDIZAGEM: UMA VIS\u00c3O DIAGN\u00d3STICA<\/a>&#8211; CLEIDE U. GON\u00c7ALVES DE ANDRADE.<\/p>\n<p>29-\u00a0<a href=\"https:\/\/catolicadeanapolis.edu.br\/biblioteca\/wp-content\/uploads\/2019\/12\/CARMEN-MARIA-RAMOS.pdf\">O PSICOPEDAGOGO E AS INTERVEN\u00c7\u00d5ES NAS DIFICULDADES\u00a0<\/a>DE APRENDIZAGEM- CARMEN MARIA RAMOS<\/p>\n<p>30-<a href=\"https:\/\/catolicadeanapolis.edu.br\/biblioteca\/wp-content\/uploads\/2019\/12\/APARARECIDO-JOS\u00c9-DA-SILVA.pdf\">\u00a0FAM\u00cdLIA DIANTE DA DIFICULDADE DE APRENDIZAGEM<\/a>&#8211; APARECIDO JOS\u00c9 DA SILVA<\/p>\n<p><a href=\"https:\/\/catolicadeanapolis.edu.br\/biblioteca\/wp-content\/uploads\/2020\/01\/VANESSA-TEIXEIRA-GRANGEIRO.pdf\">31-\u00a0O BRINQUEDO E O DESENVOLVIMENTO EM CRIAN\u00c7AS NA UNIDADE ESCOLAR-<\/a> VANESSA TEIXEIRA GRANGEIRO BRITO DE PAULA.<\/p>\n<p><a href=\"https:\/\/catolicadeanapolis.edu.br\/biblioteca\/wp-content\/uploads\/2020\/01\/TATIANE-OLIVEIRA-DE-ANDRADE.pdf\">32-\u00a0O USO DA PSICOPEDAGOGIA NA INTERVEN\u00c7\u00c3O E AUX\u00cdLIO DO PROCESSO DE APRENDIZAGEM DA CRIAN\u00c7A-<\/a> TATIANE OLIVEIRA DE ANDRADE.<\/p>\n<p><a href=\"https:\/\/catolicadeanapolis.edu.br\/biblioteca\/wp-content\/uploads\/2020\/01\/TA\u00cdSA-PIRES-PEREIRA-FARINHA.pdf\">33-\u00a0A INFLU\u00caNCIA DA FAM\u00cdLIA NO PROCESSO ENSINOAPRENDIZAGEM-<\/a> TA\u00cdSA PIRES PEREIRA FARINHA.<\/p>\n<p><a href=\"https:\/\/catolicadeanapolis.edu.br\/biblioteca\/wp-content\/uploads\/2020\/01\/SILVIA-LUDMILLA-DE-SOUZA.pdf\">34- DIFICULDADES DE APRENDIZAGEM E A NECESSIDADE DE INTERVEN\u00c7\u00d5ES PSICOPEDAG\u00d3GICAS-\u00a0<\/a>SILVIA LUDMILLA DE SOUZA ALVES ARA\u00daJO.<\/p>\n<p><a href=\"https:\/\/catolicadeanapolis.edu.br\/biblioteca\/wp-content\/uploads\/2020\/01\/ORACI-ANTONIA-VENTURA.pdf\">35-\u00a0PSICOPEDAGOGIA CL\u00cdNICA: A INFLU\u00caNCIA DA FAM\u00cdLIA NO PROCESSO DE APRENDIZAGEM-<\/a>\u00a0ORACI ANTONIA VENTURA.<\/p>\n<p><a href=\"https:\/\/catolicadeanapolis.edu.br\/biblioteca\/wp-content\/uploads\/2020\/01\/NARA-RUBIA-SOUZA-TEIXEIRA.pdf\">36-\u00a0FRACASSO ESCOLAR: FAM\u00cdLIA, ESCOLA-<\/a> NARA RUBIA SOUZA TEIXEIRA.<\/p>\n<p><a href=\"https:\/\/catolicadeanapolis.edu.br\/biblioteca\/wp-content\/uploads\/2020\/01\/NAISA-RODRIGUES-SANTOS.pdf\">37-\u00a0PSICOPEDAGOGIA CL\u00cdNICA: DIAGN\u00d3STICO E INTERVEN\u00c7\u00c3O A PARTIR DA QUEIXA ESCOLAR-\u00a0<\/a>NAISA RODRIGUES SANTOS.<\/p>\n<p><a href=\"https:\/\/catolicadeanapolis.edu.br\/biblioteca\/wp-content\/uploads\/2020\/01\/MARIELLA-SANT\u2019ANA-DE-OLIVEIRA.pdf\">38-\u00a0O PSICOPEDAGOGO E AS INTERVEN\u00c7\u00d5ES NO PROCESSO ENSINO APRENDIZAGEM-<\/a> MARIELLA SANT\u2019ANA DE OLIVEIRA.<\/p>\n<p><a href=\"https:\/\/catolicadeanapolis.edu.br\/biblioteca\/wp-content\/uploads\/2020\/01\/MARIA-JOS\u00c9-FERREIRA.pdf\">39-\u00a0DIFICULDADES DE APRENDIZAGEM, REALIDADE NA ESCOLA-<\/a> MARIA JOS\u00c9 FERREIRA.<\/p>\n<p><a href=\"https:\/\/catolicadeanapolis.edu.br\/biblioteca\/wp-content\/uploads\/2020\/01\/MARIA-JOS\u00c9-FERREIRA.pdf\">40-\u00a0AS DIFICULDADES DE APRENDIZAGEM SOB O OLHAR E A ESCUTA CL\u00cdNICA DO PSICOPEDAGOGO-<\/a>\u00a0LUZIA ELY DE REZENDE SILVA.<\/p>\n<p>41-\u00a0<a href=\"https:\/\/catolicadeanapolis.edu.br\/biblioteca\/?attachment_id=3487\">PSICOPEDAGOGIA INSTITUCIONAL: A ATUA\u00c7\u00c3O DO PSICOPEDAGOGO NA INSTITUI\u00c7\u00c3O ESCOLAR.<\/a> &#8211; ANA PAULA NEVES; DANIELA ALVES SANTOS; JEANNE MOUTINHO MORAIS. &#8211; Orienta\u00e7\u00e3o da Prof.\u00aa Ma. M\u00e1rcia Sumire Kurogi Diniz.<\/p>\n<p>42-\u00a0<a href=\"https:\/\/catolicadeanapolis.edu.br\/biblioteca\/?attachment_id=3488\">FAM\u00cdLIA DIANTE DA DIFICULDADE DE APRENDIZAGEM.<\/a> <strong>&#8211;\u00a0<\/strong>Aparecido jos\u00e9 da silva. &#8211;\u00a0Orienta\u00e7\u00e3o da Prof\u00aa. Esp. Ana Maria Vieira<\/p>\n<p>43-<a href=\"https:\/\/catolicadeanapolis.edu.br\/biblioteca\/?attachment_id=3489\">\u00a0PSICOPEDAGOGIA INSTITUCIONAL: EM BUSCA DE SOLU\u00c7\u00d5ES PARA AS DIFICULDADES DE APRENDIZAGEM<\/a>. &#8211; CRISTIANE DOS SANTOS DE AZEVEDO; FAB\u00cdOLA NASCIMENTO. &#8211;\u00a0Orienta\u00e7\u00e3o da Prof.\u00aa Ma. M\u00e1rcia Sumire Kurogi Diniz.<\/p>\n<p>44-\u00a0<a href=\"https:\/\/catolicadeanapolis.edu.br\/biblioteca\/?attachment_id=3490\">O PSICOPEDAGOGO E AS INTERVEN\u00c7\u00d5ES NAS DIFICULDADES DE APRENDIZAGEM. &#8211; CARMEN MARIA RAMOS.<\/a> &#8211; Orienta\u00e7\u00e3o da Prof\u00aa. Esp. Ana Maria Vieira<br \/>\nde Souza.<\/p>\n<p>45-\u00a0<a href=\"https:\/\/catolicadeanapolis.edu.br\/biblioteca\/?attachment_id=3491\">PROBLEMAS DE APRENDIZAGEM: UMA VIS\u00c3O DIAGN\u00d3STICA.<\/a> &#8211;\u00a0CLEIDE U. GON\u00c7ALVES DE ANDRADE. &#8211;\u00a0Orienta\u00e7\u00e3o da Prof\u00aa. Esp. Ana Maria Vieira<\/p>\n<p>46-\u00a0<a href=\"https:\/\/catolicadeanapolis.edu.br\/biblioteca\/?attachment_id=3492\">PSICOPEDAGOGIA CLINICA: O PAPEL DA FAMILIA NO PROCESSO DE APRENDIZAGEM ESCOLAR.<\/a> &#8211; GISLAYNE ALVES DE OLIVEIRA. &#8211;\u00a0Orienta\u00e7\u00e3o da Prof\u00aa. Esp. Ana Maria Vieira<\/p>\n<p>47-<a href=\"https:\/\/catolicadeanapolis.edu.br\/biblioteca\/?attachment_id=3493\">\u00a0INTERVEN\u00c7\u00c3O PSICOPEDAG\u00d3GICA EM UM ADOLESCENTE COM HIP\u00d3TESE DIAGN\u00d3STICA DE TDAH.<\/a> &#8211; HELYNE VERANO M. MOREIRA. &#8211;\u00a0Orienta\u00e7\u00e3o da Prof\u00aa. Esp. Ana Maria Vieira<\/p>\n<p>48-\u00a0<a href=\"https:\/\/catolicadeanapolis.edu.br\/biblioteca\/?attachment_id=3494\">EST\u00c1GIO SUPERVISIONADO EM PSICOPEDAGOGIA CL\u00cdNICA.<\/a> &#8211;\u00a0IRAILDE BOTELHO DE SOUZA. &#8211;\u00a0Orienta\u00e7\u00e3o da Prof\u00aa. Esp. Ana Maria Vieira<\/p>\n<p>49-\u00a0<a href=\"https:\/\/catolicadeanapolis.edu.br\/biblioteca\/?attachment_id=3495\">COMO OS PROBLEMAS AFETIVOS INTERFEREM NO PROCESSO ENSINOAPRENDIZAGEM.<\/a> &#8211;\u00a0LUCIMEIRE MESQUITA DIAS. &#8211;\u00a0Orienta\u00e7\u00e3o da Prof\u00aa. Esp. Ana Maria Vieira<\/p>\n<p>50-\u00a0<a href=\"https:\/\/catolicadeanapolis.edu.br\/biblioteca\/?attachment_id=3496\">O PSICOPEDAGOGO E AS INTERVEN\u00c7\u00d5ES NO PROCESSO ENSINO APRENDIZAGEM.<\/a> &#8211;\u00a0MARIELLA SANT\u2019ANA DE OLIVEIRA. &#8211;\u00a0Orienta\u00e7\u00e3o da Prof\u00aa. Esp. Ana Maria Vieira<\/p>\n<p>51-\u00a0<a href=\"https:\/\/catolicadeanapolis.edu.br\/biblioteca\/?attachment_id=3497\">TRANSTORNO DE APRENDIZAGEM: UM OLHAR PSICOPEDAG\u00d3GICO.<\/a> &#8211; ORISMAR BATISTA BARBOSA. &#8211;\u00a0Orienta\u00e7\u00e3o da Prof\u00aa. Esp. Ana Maria Vieira<\/p>\n<p>52-\u00a0<a href=\"https:\/\/catolicadeanapolis.edu.br\/biblioteca\/?attachment_id=3498\">INTERVEN\u00c7\u00c3O PLANEJADA NO DESENVOLVIMENTO DA CRIAN\u00c7A<\/a>. &#8211;\u00a0PATR\u00cdCIA MASCENA SILVA. &#8211;\u00a0Orienta\u00e7\u00e3o da Prof\u00aa. Esp. Ana Maria Vieira<\/p>\n<p>53-\u00a0<a href=\"https:\/\/catolicadeanapolis.edu.br\/biblioteca\/?attachment_id=3499\">DIFICULDADES DE APRENDIZAGEM SOB A AN\u00c1LISE DA PSICOPEDAGOGIA. &#8211;\u00a0RAFAELA DE SOUZA RODRIGUES PAULINO.<\/a> &#8211;\u00a0Orienta\u00e7\u00e3o da Prof\u00aa. Esp. Ana Maria Vieira<\/p>\n<p>&nbsp;<\/p>\n<p>&nbsp;<\/p>\n<p>&nbsp;<\/p>\n<p>&nbsp;<\/p>\n","protected":false},"excerpt":{"rendered":"<p>1-\u00a0\u00a0PSICOPEDAGOGIA CL\u00cdNICA UMA INTERVEN\u00c7\u00c3O\u00a0PSICOPEDAGOGICA &#8211; Adriana Cristina Rodrigues Marcelino &#8211; Orientador\/a:\u00a0 Ana Maria Vieira de Souza. 2-\u00a0 UMA AN\u00c1LISE DA INSTITUI\u00c7\u00c3O SOB O OLHAR DA\u00a0PSICOPEDAGOGIA &#8211; Ana Bet\u00e2nia Amorin Silva e Patr\u00edcia Mascena Silva &#8211; Orientador\/a:\u00a0 M\u00e1rcia Sumire Kurogi Diniz. 3-\u00a0 CONTRIBUI\u00c7\u00c3O DA PSICOPEDAGOGIA FRENTE AOS\u00a0PROBLEMAS DE ENSINO \u2013 APRENDIZAGEM NA INSTITUI\u00c7\u00c3O\u00a0&#8211; Ana C\u00e1ssia de [&hellip;]<\/p>\n","protected":false},"author":4,"featured_media":0,"parent":360,"menu_order":6,"comment_status":"closed","ping_status":"closed","template":"","meta":[],"_links":{"self":[{"href":"https:\/\/catolicadeanapolis.edu.br\/biblioteca\/index.php?rest_route=\/wp\/v2\/pages\/1557"}],"collection":[{"href":"https:\/\/catolicadeanapolis.edu.br\/biblioteca\/index.php?rest_route=\/wp\/v2\/pages"}],"about":[{"href":"https:\/\/catolicadeanapolis.edu.br\/biblioteca\/index.php?rest_route=\/wp\/v2\/types\/page"}],"author":[{"embeddable":true,"href":"https:\/\/catolicadeanapolis.edu.br\/biblioteca\/index.php?rest_route=\/wp\/v2\/users\/4"}],"replies":[{"embeddable":true,"href":"https:\/\/catolicadeanapolis.edu.br\/biblioteca\/index.php?rest_route=%2Fwp%2Fv2%2Fcomments&post=1557"}],"version-history":[{"count":24,"href":"https:\/\/catolicadeanapolis.edu.br\/biblioteca\/index.php?rest_route=\/wp\/v2\/pages\/1557\/revisions"}],"predecessor-version":[{"id":3525,"href":"https:\/\/catolicadeanapolis.edu.br\/biblioteca\/index.php?rest_route=\/wp\/v2\/pages\/1557\/revisions\/3525"}],"up":[{"embeddable":true,"href":"https:\/\/catolicadeanapolis.edu.br\/biblioteca\/index.php?rest_route=\/wp\/v2\/pages\/360"}],"wp:attachment":[{"href":"https:\/\/catolicadeanapolis.edu.br\/biblioteca\/index.php?rest_route=%2Fwp%2Fv2%2Fmedia&parent=1557"}],"curies":[{"name":"wp","href":"https:\/\/api.w.org\/{rel}","templated":true}]}}