{"id":1562,"date":"2019-01-10T17:28:01","date_gmt":"2019-01-10T17:28:01","guid":{"rendered":"https:\/\/catolicadeanapolis.edu.br\/biblioteca\/?page_id=1562"},"modified":"2020-01-21T16:58:53","modified_gmt":"2020-01-21T16:58:53","slug":"2010-3","status":"publish","type":"page","link":"https:\/\/catolicadeanapolis.edu.br\/biblioteca\/?page_id=1562","title":{"rendered":"DOC\u00caNCIA UNIVERSIT\u00c1RIA 2010"},"content":{"rendered":"<p><a href=\"https:\/\/catolicadeanapolis.edu.br\/biblioteca\/wp-content\/uploads\/2019\/01\/DIANA-DOS-SANTOS-MOREIRA.pdf\">1- ENSINO A DIST\u00c2NCIA (EAD) NA EDUCA\u00c7\u00c3O SUPERIOR: MITOS E PRECONCEITOS &#8211;\u00a0DIANA DOS SANTOS MOREIRA, MARIA ROSA DA SILVA E PINA<\/a> &#8211; ORIENTADORA: PROF. MA. EDNA SILVA FARIA<\/p>\n<p><a href=\"https:\/\/catolicadeanapolis.edu.br\/biblioteca\/wp-content\/uploads\/2020\/01\/Waleska-Cristina-Moreira-Morais.pdf\">2-\u00a0PR\u00c1TICAS EDUCATIVAS NO ENSINO SUPERIOR: E AGORA, PROFESSOR(A) DE LITERATURA?:<\/a>\u00a0WALESKA CRISTINA MOREIRA MORAIS.<\/p>\n<p><a href=\"https:\/\/catolicadeanapolis.edu.br\/biblioteca\/wp-content\/uploads\/2020\/01\/Vanessa-Bueno-Dornelas.pdf\">3-\u00a0N\u00daMERO \u00c1UREO: PROPOSTAS DE ESTUDO PARA CURSOS DE GRADUA\u00c7\u00c3O:\u00a0<\/a>VANESSA BUENO DORNELAS.<\/p>\n<p><a href=\"https:\/\/catolicadeanapolis.edu.br\/biblioteca\/wp-content\/uploads\/2020\/01\/S\u00e9rgio-Dami\u00e3o-Ribeiro.pdf\">4-\u00a0A UNIVERSIDADE P\u00daBLICA E O ENSINO DE HIST\u00d3RIA NA CONSTRU\u00c7\u00c3O DA CIDADANIA:<\/a> S\u00c9RGIO DAMI\u00c3O RIBEIRO.<\/p>\n<p><a href=\"https:\/\/catolicadeanapolis.edu.br\/biblioteca\/wp-content\/uploads\/2020\/01\/Sandra-Cristina-Rodrigues-Lopes.pdf\">5-\u00a0FORMA\u00c7\u00c3O \u00c9TICA E \u00c9TICO-CRIST\u00c3 DOS PROFESSORES UNIVERSIT\u00c1RIOS: UMA AN\u00c1LISE CR\u00cdTICA DOS MODELOS CONTEMPOR\u00c2NEOS:<\/a> Sandra Cristina Rodrigues Lopes.<\/p>\n<p><a href=\"https:\/\/catolicadeanapolis.edu.br\/biblioteca\/wp-content\/uploads\/2020\/01\/Leandro-de-Carvalho-Utim-Priscilla-Bonfim-Monteiro.pdf\">6-\u00a0A IMPORT\u00c2NCIA JESU\u00cdTICA PARA O ENSINO SUPERIOR BRASILEIRO E A SUA INFLU\u00caNCIA RELIGIOSA:<\/a> LEANDRO DE CARVALHO UTIM,\u00a0PRISCILLA BONFIM MONTEIRO.<\/p>\n<p>&nbsp;<\/p>\n<p>&nbsp;<\/p>\n","protected":false},"excerpt":{"rendered":"<p>1- ENSINO A DIST\u00c2NCIA (EAD) NA EDUCA\u00c7\u00c3O SUPERIOR: MITOS E PRECONCEITOS &#8211;\u00a0DIANA DOS SANTOS MOREIRA, MARIA ROSA DA SILVA E PINA &#8211; ORIENTADORA: PROF. MA. EDNA SILVA FARIA 2-\u00a0PR\u00c1TICAS EDUCATIVAS NO ENSINO SUPERIOR: E AGORA, PROFESSOR(A) DE LITERATURA?:\u00a0WALESKA CRISTINA MOREIRA MORAIS. 3-\u00a0N\u00daMERO \u00c1UREO: PROPOSTAS DE ESTUDO PARA CURSOS DE GRADUA\u00c7\u00c3O:\u00a0VANESSA BUENO DORNELAS. 4-\u00a0A UNIVERSIDADE P\u00daBLICA [&hellip;]<\/p>\n","protected":false},"author":4,"featured_media":0,"parent":328,"menu_order":0,"comment_status":"closed","ping_status":"closed","template":"","meta":[],"_links":{"self":[{"href":"https:\/\/catolicadeanapolis.edu.br\/biblioteca\/index.php?rest_route=\/wp\/v2\/pages\/1562"}],"collection":[{"href":"https:\/\/catolicadeanapolis.edu.br\/biblioteca\/index.php?rest_route=\/wp\/v2\/pages"}],"about":[{"href":"https:\/\/catolicadeanapolis.edu.br\/biblioteca\/index.php?rest_route=\/wp\/v2\/types\/page"}],"author":[{"embeddable":true,"href":"https:\/\/catolicadeanapolis.edu.br\/biblioteca\/index.php?rest_route=\/wp\/v2\/users\/4"}],"replies":[{"embeddable":true,"href":"https:\/\/catolicadeanapolis.edu.br\/biblioteca\/index.php?rest_route=%2Fwp%2Fv2%2Fcomments&post=1562"}],"version-history":[{"count":4,"href":"https:\/\/catolicadeanapolis.edu.br\/biblioteca\/index.php?rest_route=\/wp\/v2\/pages\/1562\/revisions"}],"predecessor-version":[{"id":2431,"href":"https:\/\/catolicadeanapolis.edu.br\/biblioteca\/index.php?rest_route=\/wp\/v2\/pages\/1562\/revisions\/2431"}],"up":[{"embeddable":true,"href":"https:\/\/catolicadeanapolis.edu.br\/biblioteca\/index.php?rest_route=\/wp\/v2\/pages\/328"}],"wp:attachment":[{"href":"https:\/\/catolicadeanapolis.edu.br\/biblioteca\/index.php?rest_route=%2Fwp%2Fv2%2Fmedia&parent=1562"}],"curies":[{"name":"wp","href":"https:\/\/api.w.org\/{rel}","templated":true}]}}