{"id":1601,"date":"2019-01-11T18:50:55","date_gmt":"2019-01-11T18:50:55","guid":{"rendered":"https:\/\/catolicadeanapolis.edu.br\/biblioteca\/?page_id=1601"},"modified":"2020-02-27T11:54:45","modified_gmt":"2020-02-27T11:54:45","slug":"2013-2","status":"publish","type":"page","link":"https:\/\/catolicadeanapolis.edu.br\/biblioteca\/?page_id=1601","title":{"rendered":"GEST\u00c3O EDUCACIONAL 2013"},"content":{"rendered":"<p>1- <a href=\"https:\/\/catolicadeanapolis.edu.br\/biblioteca\/wp-content\/uploads\/2018\/10\/ADRIENE-DOS-REIS-DOS-SANTOS.pdf\">A INDISCIPLINA DOS ALUNOS NA VIS\u00c3O DA EQUIPE ESCOLAR.<\/a>\u00a0&#8211; ADRIENE DOS REIS DOS SANTOS, CAMILA DUARTE C\u00c2MARA, FERNANDO SILVA GON\u00c7ALVES. &#8211; ORIENTA\u00c7\u00c3O: PROF\u00aa IVANA ALVES MONNERAT DE AZEVEDO.<\/p>\n<p>2- <a href=\"https:\/\/catolicadeanapolis.edu.br\/biblioteca\/wp-content\/uploads\/2019\/04\/TCC-pronto-finalmente_09-01-2014.pdf\">O PAPEL DA GEST\u00c3O ESCOLAR NA EDUCA\u00c7\u00c3O INCLUSIVA. &#8211; FRANCIELLY PEREIRA DO NASCIMENTO.<\/a> &#8211; ORIENTA\u00c7\u00c3O: PROF\u00aa IVANA ALVES MONNERAT DE AZEVEDO.<\/p>\n<p>3- <a href=\"https:\/\/catolicadeanapolis.edu.br\/biblioteca\/wp-content\/uploads\/2019\/04\/TCC-ZILMA-1.doc\">O PAPEL DO COORDENADOR NA GEST\u00c3O DEMOCR\u00c1TICA &#8211; ZILMA REGINA RIBEIRO ANDRADE.<\/a> &#8211; ORIENTA\u00c7\u00c3O: PROF\u00aa IVANA ALVES MONNERAT DE AZEVEDO.<\/p>\n<p>4- <a href=\"https:\/\/catolicadeanapolis.edu.br\/biblioteca\/wp-content\/uploads\/2019\/05\/A-TECNOLOGIA-COMO-Nilton-Camargo-de-Oliveira.pdf\">A TECNOLOGIA COMO FERRAMENTA DA GEST\u00c3O EDUCACIONAL.<\/a> &#8211; NILTON CAMARGO DE OLIVEIRA. &#8211;\u00a0ORIENTA\u00c7\u00c3O: PROF\u00aa IVANA ALVES MONNERAT DE AZEVEDO.<\/p>\n<p>5-\u00a0<a href=\"https:\/\/catolicadeanapolis.edu.br\/biblioteca\/wp-content\/uploads\/2020\/02\/LUDMILA-APARECIDA-DE-MORAIS-RIBEIRO-NAARA-DELFINO-MACHADO-E-N\u00c9IRIA-ETERNA-DIAS-OLIVEIRA.pdf\">EST\u00c1GIO E PROJETO DE GEST\u00c3O EDUCACIONAL.<\/a> &#8211; LUDMILLA APARECIDA DE MORAIS RIBEIRO, NAARA DELFINO MACHADO, N\u00c9IRIA ETERNA DIAS OLIVEIRA. &#8211;\u00a0ORIENTA\u00c7\u00c3O: PROF\u00aa IVANA ALVES MONNERAT DE AZEVEDO.<\/p>\n<p>6-\u00a0<a href=\"https:\/\/catolicadeanapolis.edu.br\/biblioteca\/wp-content\/uploads\/2020\/02\/ALESSANDRA-DE-GODOI-C.-VARGAS-PAULA-CRISTINA-DE-ALMEIDA-GIL-E-ROSENICE-DA-SILVA-SANTOS-COSTA.pdf\">GEST\u00c3O ESCOLAR: UMA PERSPECTIVA DEMOCR\u00c1TICA.<\/a> &#8211; ALESSANDRA DE GODOI C. VARGAS, PAULA CRISTINA DE ALMEIDA GIL, ROSENICE DA SILVA SANTOS COSTA. &#8211;\u00a0ORIENTA\u00c7\u00c3O: PROF\u00aa IVANA ALVES MONNERAT DE AZEVEDO.<\/p>\n<p>7-\u00a0<a href=\"https:\/\/catolicadeanapolis.edu.br\/biblioteca\/wp-content\/uploads\/2020\/02\/EDSON-OLIVEIRA-CARVALHO-E-L\u00cdVIA-SILVEIRA-DO-CARMO-MONOGRAFIA-INTEIRA-final-2.pdf\">O PAPEL DO GESTOR COM RELA\u00c7\u00c3O A SEGURAN\u00c7A PREDIAL E OS PRIMEIROS SOCORROS NO AMBIENTE ESCOLAR.<\/a> &#8211; EDSON OLIVEIRA CARVALHO, L\u00cdVIA SILVEIRA DO CARMO. &#8211;\u00a0ORIENTA\u00c7\u00c3O: PROF\u00aa IVANA ALVES MONNERAT DE AZEVEDO.<\/p>\n<p>8-\u00a0<a href=\"https:\/\/catolicadeanapolis.edu.br\/biblioteca\/wp-content\/uploads\/2020\/02\/ADRIANA-FELIX-DA-COSTA-FRAZ\u00c3O-E-SUELI-CALDAS-TCC-conclu\u00eddo-.pdf\">EST\u00c1GIO E PROJETO DE GEST\u00c3O EDUCACIONAL: GEST\u00c3O DEMOCR\u00c1TICA E PARTICIPATIVA: TEORIA E PR\u00c1TICA.<\/a> &#8211; ADRIANA FELIX DA COSTA FRAZ\u00c3O, SUELI CALDAS. &#8211;\u00a0ORIENTA\u00c7\u00c3O: PROF\u00aa IVANA ALVES MONNERAT DE AZEVEDO.<\/p>\n<p>&nbsp;<\/p>\n","protected":false},"excerpt":{"rendered":"<p>1- A INDISCIPLINA DOS ALUNOS NA VIS\u00c3O DA EQUIPE ESCOLAR.\u00a0&#8211; ADRIENE DOS REIS DOS SANTOS, CAMILA DUARTE C\u00c2MARA, FERNANDO SILVA GON\u00c7ALVES. &#8211; ORIENTA\u00c7\u00c3O: PROF\u00aa IVANA ALVES MONNERAT DE AZEVEDO. 2- O PAPEL DA GEST\u00c3O ESCOLAR NA EDUCA\u00c7\u00c3O INCLUSIVA. &#8211; FRANCIELLY PEREIRA DO NASCIMENTO. &#8211; ORIENTA\u00c7\u00c3O: PROF\u00aa IVANA ALVES MONNERAT DE AZEVEDO. 3- O PAPEL DO [&hellip;]<\/p>\n","protected":false},"author":4,"featured_media":0,"parent":392,"menu_order":3,"comment_status":"closed","ping_status":"closed","template":"","meta":[],"_links":{"self":[{"href":"https:\/\/catolicadeanapolis.edu.br\/biblioteca\/index.php?rest_route=\/wp\/v2\/pages\/1601"}],"collection":[{"href":"https:\/\/catolicadeanapolis.edu.br\/biblioteca\/index.php?rest_route=\/wp\/v2\/pages"}],"about":[{"href":"https:\/\/catolicadeanapolis.edu.br\/biblioteca\/index.php?rest_route=\/wp\/v2\/types\/page"}],"author":[{"embeddable":true,"href":"https:\/\/catolicadeanapolis.edu.br\/biblioteca\/index.php?rest_route=\/wp\/v2\/users\/4"}],"replies":[{"embeddable":true,"href":"https:\/\/catolicadeanapolis.edu.br\/biblioteca\/index.php?rest_route=%2Fwp%2Fv2%2Fcomments&post=1601"}],"version-history":[{"count":4,"href":"https:\/\/catolicadeanapolis.edu.br\/biblioteca\/index.php?rest_route=\/wp\/v2\/pages\/1601\/revisions"}],"predecessor-version":[{"id":2760,"href":"https:\/\/catolicadeanapolis.edu.br\/biblioteca\/index.php?rest_route=\/wp\/v2\/pages\/1601\/revisions\/2760"}],"up":[{"embeddable":true,"href":"https:\/\/catolicadeanapolis.edu.br\/biblioteca\/index.php?rest_route=\/wp\/v2\/pages\/392"}],"wp:attachment":[{"href":"https:\/\/catolicadeanapolis.edu.br\/biblioteca\/index.php?rest_route=%2Fwp%2Fv2%2Fmedia&parent=1601"}],"curies":[{"name":"wp","href":"https:\/\/api.w.org\/{rel}","templated":true}]}}