{"id":1662,"date":"2019-01-19T17:42:06","date_gmt":"2019-01-19T17:42:06","guid":{"rendered":"https:\/\/catolicadeanapolis.edu.br\/biblioteca\/?page_id=1662"},"modified":"2020-01-23T19:54:45","modified_gmt":"2020-01-23T19:54:45","slug":"2012-2","status":"publish","type":"page","link":"https:\/\/catolicadeanapolis.edu.br\/biblioteca\/?page_id=1662","title":{"rendered":"PSICOPEDAGOGIA INSTITUCIONAL E CL\u00cdNICA 2012"},"content":{"rendered":"<p><a href=\"https:\/\/catolicadeanapolis.edu.br\/biblioteca\/wp-content\/uploads\/2019\/01\/TCC-CL%C3%8DNICO.pdf\">1-DIFICULDADES DE LEITURA E ESCRITA \u00c0 LUZ DA PSICOPEDAGOGIA<\/a> &#8211;\u00a0VERA L\u00daCIA DA SILVA PEREIRA CARVALHO &#8211; ORIENTA\u00c7\u00c3O: PROF ESP.\u00a0ANA MARIA VIEIRA DE SOUZA.<\/p>\n<p><a href=\"https:\/\/catolicadeanapolis.edu.br\/biblioteca\/wp-content\/uploads\/2020\/01\/VERA-L\u00daCIA-DA-SILVA-PEREIRA-CARVALHO.pdf\">2-\u00a0DIFICULDADES DE APRENDIZAGEM E INDISCIPLINA NA SALA DE AULA \u00c0 LUZ DA PSICOPEDAGOGIA-<\/a> VERA L\u00daCIA DA SILVA PEREIRA CARVALHO.<\/p>\n<p><a href=\"https:\/\/catolicadeanapolis.edu.br\/biblioteca\/wp-content\/uploads\/2020\/01\/VANESSA-NAVES-CAN\u00caDO-MACHADO.pdf\">3-\u00a0PSICOPEDAGOGIA E H\u00c1BITOS DE HIGIENE-<\/a> VANESSA NAVES CAN\u00caDO MACHADO.<\/p>\n<p><a href=\"https:\/\/catolicadeanapolis.edu.br\/biblioteca\/wp-content\/uploads\/2020\/01\/VANESSA-NAVES-CAN\u00caDO-MACHADO-Psicopedagogia-e-h\u00e1bitos-de-higiene.pdf\">4-\u00a0A PSICOPEDAGOGIA CONSTRUINDO CAMINHO NO PROCESSO DE ENSINO &#8211; APRENDIZAGEM-\u00a0<\/a>VANESSA NAVES CAN\u00caDO MACHADO.<\/p>\n<p><a href=\"https:\/\/catolicadeanapolis.edu.br\/biblioteca\/wp-content\/uploads\/2020\/01\/THALITA-GERALDA-DA-SILVA-BORGES.pdf\">5-\u00a0ALTERA\u00c7\u00d5ES NA APRENDIZAGEM: RECONHECER, TRATAR E PREVENIR.-<\/a> THALITA GERALDA DA SILVA BORGES.<\/p>\n<p><a href=\"https:\/\/catolicadeanapolis.edu.br\/biblioteca\/wp-content\/uploads\/2020\/01\/ROSIMARY-VELOSO-DA-SILVA.pdf\">6-\u00a0O PSICOPEDAGOGO E AS DIFICULDADES DE APRENDIZAGEM-<\/a>\u00a0ROSIMARY VELOSO DA SILVA.<\/p>\n<p><a href=\"https:\/\/catolicadeanapolis.edu.br\/biblioteca\/wp-content\/uploads\/2020\/01\/ROSANGELA-MARIA-FORZANI-VAZ-RELAT\u00d3RIO-DE-EST\u00c1GIO-SUPERVISIONADO-EM-PSICOPEDAGOGA-CL\u00cdNICA-1.pdf\">7-\u00a0RELAT\u00d3RIO DE EST\u00c1GIO SUPERVISIONADO EM PSICOPEDAGOGA CL\u00cdNICA-<\/a> ROSANGELA MARIA FORZANI VAZ.<\/p>\n<p><a href=\"https:\/\/catolicadeanapolis.edu.br\/biblioteca\/wp-content\/uploads\/2020\/01\/ROSANGELA-MARIA-DE-CARVALHO-SOARES-1.pdf\">8-\u00a0ADVERSIDADE NO PROCESSO DE APRENDIZAGEM E DESENVOLVIMENTO-<\/a> ROSANGELA MARIA DE CARVALHO SOARES.<\/p>\n<p><a href=\"https:\/\/catolicadeanapolis.edu.br\/biblioteca\/wp-content\/uploads\/2020\/01\/ROLDRINA-MARA-SANTIAGO-DA-SILVA-1.pdf\">9-\u00a0DIFICULDADE DE APRENDIZAGEM NA EDUCA\u00c7\u00c3O INCLUSIVA A LUZ DA PSICOPEDAGOGIA-<\/a> ROLDRINA MARA SANTIAGO DA SILVA.<\/p>\n<p><a href=\"https:\/\/catolicadeanapolis.edu.br\/biblioteca\/wp-content\/uploads\/2020\/01\/RAMIRO-DE-SOUZA-ALECRIM-1.pdf\">10-\u00a0AN\u00c1LISE DE DESENHOS \u2013 HIST\u00d3RIASCOM INTERVEN\u00c7\u00c3O DE PROVAS E TESTES USADOS PARA DIAGN\u00d3STICO PSICOPEDAG\u00d3GICO-<\/a> RAMIRO DE SOUZA ALECRIM.<\/p>\n<p><a href=\"https:\/\/catolicadeanapolis.edu.br\/biblioteca\/wp-content\/uploads\/2020\/01\/MARIA-PEREIRA-DA-SILVA-JUNQUEIRA-1.pdf\">11-\u00a0EDUCA\u00c7\u00c3O INCLUSIVA E PSICOPEDAGOGIA-<\/a>\u00a0MARIA PEREIRA DA SILVA JUNQUEIRA.<\/p>\n<p><a href=\"https:\/\/catolicadeanapolis.edu.br\/biblioteca\/wp-content\/uploads\/2020\/01\/MARIA-PEREIRA-DA-SILVA-JUNQUEIRA-o-jogo-como-interven\u00e7\u00e3o-psicopedag\u00f3gica-na-aprendizagem-de-crian\u00e7as-com-sindrome-de-down-1.pdf\">12-\u00a0O JOGO COMO INTERVEN\u00c7\u00c3O PSICOPEDAG\u00d3GICA NA APRENDIZAGEM DE CRIAN\u00c7AS COM SINDROME DE DOWN-<\/a>\u00a0MARIA PEREIRA DA SILVA JUNQUEIRA.<\/p>\n<p><a href=\"https:\/\/catolicadeanapolis.edu.br\/biblioteca\/wp-content\/uploads\/2020\/01\/MARIA-PEREIRA-DA-SILVA-JUNQUEIRA-2-1.pdf\">13-\u00a0EDUCA\u00c7\u00c3O INCLUSIVA E PSICOPEDAGOGIA-<\/a>\u00a0MARIA PEREIRA DA SILVA JUNQUEIRA.<\/p>\n<p><a href=\"https:\/\/catolicadeanapolis.edu.br\/biblioteca\/wp-content\/uploads\/2020\/01\/LILIANE-SOARES-MOREIRA-1.pdf\">14-\u00a0DIFICULDADE NO PROCESSO ENSINO\/APRENDIZAGEM QUANTO \u00c0 LEITURA E ESCRITA\u00c0LUZ DA PSICOPEDAGOGIA-<\/a> LILIANE SOARES MOREIRA.<\/p>\n<p><a href=\"https:\/\/catolicadeanapolis.edu.br\/biblioteca\/wp-content\/uploads\/2020\/01\/LILIANE-SOARES-MOREIRA-RENATA-TOM\u00c9-RODRIGUES-ALVES-E-THALITA-GERALDA-DA-SILVA-BORGES-1.pdf\">15-\u00a0O PAPEL DO PSICOPEDAGOGO ENQUANTO MEDIDADOR DO PROCESSO ENSINO APRENDIZAGEM NA INSTITUI\u00c7\u00c3O ESCOLAR-<\/a> LILIANE SOARES MOREIRA RENATA TOM\u00c9 RODRIGUES ALVES, THALITA GERALDA DA SILVA BORGES.<\/p>\n<p><a href=\"https:\/\/catolicadeanapolis.edu.br\/biblioteca\/wp-content\/uploads\/2020\/01\/DALVA-KAROLINE-RIBEIRO-SOARES-OLIVIA-MAIA-DA-COSTA-E-TAMARA-DE-OURDES-ALVES-DOS-SANTOS-1.pdf\">16-\u00a0A IMPORT\u00c2NCIA DO DIAGN\u00d3STICO PSICOPEDAG\u00d3GICO INSTITUCIONAL NO PROCESSO DE ENSINO E APRENDIZAGEM-<\/a> DALVA KAROLINE RIBEIRO SOARES, OLIVIA MAIA DA COSTA, TAMARA DE LOURDES ALVES DOS SANTOS.<\/p>\n<p><a href=\"https:\/\/catolicadeanapolis.edu.br\/biblioteca\/wp-content\/uploads\/2020\/01\/CRISTIANE-NUNES-WANDERLEY-1.pdf\">17-\u00a0AFETIVIDADE \u00c0 LUZ DA PSICOPEDAGOGIA-<\/a> CRISTIANE NUNES WANDERLEY.<\/p>\n<p><a href=\"https:\/\/catolicadeanapolis.edu.br\/biblioteca\/wp-content\/uploads\/2020\/01\/CLAUDIANE-APARECIDA-BERNARDES-ELIANE-SANTOS-CORREA-TATIANE-J\u00daLIA-DE-ALENCAR-1.pdf\">18-\u00a0 INTERVEN\u00c7\u00c3O PSICOPEDAG\u00d3GICA NO RECREIO ESCOLAR-<\/a>\u00a0CLAUDIANE APARECIDA BERNARDES, ELIANE SANTOS CORREA, TATIANE J\u00daLIA DE ALENCAR.<\/p>\n<p><a href=\"https:\/\/catolicadeanapolis.edu.br\/biblioteca\/wp-content\/uploads\/2020\/01\/CHRISTIANE-NUNES-OLIVEIRA-DE-CASTRO-DOURADO-E-PRISCILA-DE-ALMEIDA-FERREIRA.pdf\">19-\u00a0RELA\u00c7\u00c3O ENTRE A ESCOLA E FAM\u00cdLIA: INTERVEN\u00c7\u00d5ES DO PSICOPEDAGOGO-<\/a> CHRISTIANE NUNES OLIVEIRA DE CASTRO DOURADO, PRISCILA DE ALMEIDA FERREIRA.<\/p>\n<p><a href=\"https:\/\/catolicadeanapolis.edu.br\/biblioteca\/wp-content\/uploads\/2020\/01\/CHRISTIANE-N.-O.-DE-CASTRO-DOURADO.pdf\">20-\u00a0DIFICULDADE DE APRENDIZAGEM NAS S\u00c9RIES INICIAIS-<\/a> CHRISTIANE N. O. DE CASTRO DOURADO.<\/p>\n<p><a href=\"https:\/\/catolicadeanapolis.edu.br\/biblioteca\/wp-content\/uploads\/2020\/01\/BIANCA-SOUZA-CARVALHO-DOS-SANTOS.pdf\">21- A INTERVEN\u00c7\u00c3O PSICOPEDAG\u00d3GICA DENTRO DA INSTITUI\u00c7\u00c3O ESCOLAR-<\/a> BIANCA SOUZA CARVALHO DOS SANTOS.<\/p>\n<p><a href=\"https:\/\/catolicadeanapolis.edu.br\/biblioteca\/wp-content\/uploads\/2020\/01\/BIANCA-SOUZA-CARVALHO-DOS-SANTOS-LEONICE-HIPOLITO-E-PATRICIA-BATISTA-ITACARAMBY.pdf\">22-\u00a0COMO LIDAR COM O BULLYNG NO AMBIENTE ESCOLAR-<\/a> BIANCA SOUZA CARVALHO DOS SANTOS, LEONICE HIP\u00d3LITO, PATR\u00cdCIA BATISTA ITACARAMBY.<\/p>\n<p><a href=\"https:\/\/catolicadeanapolis.edu.br\/biblioteca\/wp-content\/uploads\/2020\/01\/ANA-FLAVIA-PEREIRA-SALGADO.pdf\">23-\u00a0ASPECTOS AFETIVO\/EMOCIONAL SOB A LUZ DA PSICOPEDAGOGIA-<\/a> ANA FL\u00c1VIA PEREIRA SALGADO.<\/p>\n<p><a href=\"https:\/\/catolicadeanapolis.edu.br\/biblioteca\/wp-content\/uploads\/2020\/01\/ANA-FLAVIA-PEREIRA-SALGADO-E-ROSIMARY-VELOSO-DA-SILVA.pdf\">24-\u00a0PROPOSTA DE INTERVEN\u00c7\u00c3O PSICOPEDAG\u00d3GICA NA RELA\u00c7\u00c3O FAM\u00cdLIA\/ESCOLA-<\/a> ANA FL\u00c1VIA PEREIRA SALGADO, ROSIMARY VELOSO DA SILVA.<\/p>\n","protected":false},"excerpt":{"rendered":"<p>1-DIFICULDADES DE LEITURA E ESCRITA \u00c0 LUZ DA PSICOPEDAGOGIA &#8211;\u00a0VERA L\u00daCIA DA SILVA PEREIRA CARVALHO &#8211; ORIENTA\u00c7\u00c3O: PROF ESP.\u00a0ANA MARIA VIEIRA DE SOUZA. 2-\u00a0DIFICULDADES DE APRENDIZAGEM E INDISCIPLINA NA SALA DE AULA \u00c0 LUZ DA PSICOPEDAGOGIA- VERA L\u00daCIA DA SILVA PEREIRA CARVALHO. 3-\u00a0PSICOPEDAGOGIA E H\u00c1BITOS DE HIGIENE- VANESSA NAVES CAN\u00caDO MACHADO. 4-\u00a0A PSICOPEDAGOGIA CONSTRUINDO CAMINHO [&hellip;]<\/p>\n","protected":false},"author":4,"featured_media":0,"parent":360,"menu_order":3,"comment_status":"closed","ping_status":"closed","template":"","meta":[],"_links":{"self":[{"href":"https:\/\/catolicadeanapolis.edu.br\/biblioteca\/index.php?rest_route=\/wp\/v2\/pages\/1662"}],"collection":[{"href":"https:\/\/catolicadeanapolis.edu.br\/biblioteca\/index.php?rest_route=\/wp\/v2\/pages"}],"about":[{"href":"https:\/\/catolicadeanapolis.edu.br\/biblioteca\/index.php?rest_route=\/wp\/v2\/types\/page"}],"author":[{"embeddable":true,"href":"https:\/\/catolicadeanapolis.edu.br\/biblioteca\/index.php?rest_route=\/wp\/v2\/users\/4"}],"replies":[{"embeddable":true,"href":"https:\/\/catolicadeanapolis.edu.br\/biblioteca\/index.php?rest_route=%2Fwp%2Fv2%2Fcomments&post=1662"}],"version-history":[{"count":4,"href":"https:\/\/catolicadeanapolis.edu.br\/biblioteca\/index.php?rest_route=\/wp\/v2\/pages\/1662\/revisions"}],"predecessor-version":[{"id":2549,"href":"https:\/\/catolicadeanapolis.edu.br\/biblioteca\/index.php?rest_route=\/wp\/v2\/pages\/1662\/revisions\/2549"}],"up":[{"embeddable":true,"href":"https:\/\/catolicadeanapolis.edu.br\/biblioteca\/index.php?rest_route=\/wp\/v2\/pages\/360"}],"wp:attachment":[{"href":"https:\/\/catolicadeanapolis.edu.br\/biblioteca\/index.php?rest_route=%2Fwp%2Fv2%2Fmedia&parent=1662"}],"curies":[{"name":"wp","href":"https:\/\/api.w.org\/{rel}","templated":true}]}}