{"id":1665,"date":"2019-01-19T17:48:12","date_gmt":"2019-01-19T17:48:12","guid":{"rendered":"https:\/\/catolicadeanapolis.edu.br\/biblioteca\/?page_id=1665"},"modified":"2022-06-21T13:19:51","modified_gmt":"2022-06-21T13:19:51","slug":"2018-2","status":"publish","type":"page","link":"https:\/\/catolicadeanapolis.edu.br\/biblioteca\/?page_id=1665","title":{"rendered":"PSICOPEDAGOGIA INSTITUCIONAL E CL\u00cdNICA 2018"},"content":{"rendered":"<p>1- <a href=\"https:\/\/catolicadeanapolis.edu.br\/biblioteca\/wp-content\/uploads\/2019\/01\/trabalho-corrigido-dia-30-C%C3%B3pia-marisa-roveda-C%C3%B3pia.pdf\">PSICOPEDAGOGIA: QUAL A IMPORT\u00c2NCIA DA PSICOPEDAGOGIA, OBJETIVOS E PR\u00c1TICAS PSICOPEDAG\u00d3GICAS?<\/a> &#8211;\u00a0LEILA CRISTHIANY GARCIA.<\/p>\n<p>2-\u00a0<a href=\"https:\/\/catolicadeanapolis.edu.br\/biblioteca\/wp-content\/uploads\/2019\/01\/TCC-CL%C3%8DNICO-...-Eliene-Ferreira.pdf\">UMA ABORDAGEM PSICOPEDAG\u00d3GICA SOBRE AS DIFICULDADES DE APRENDIZAGEM<\/a> &#8211;\u00a0ELIENE FERREIRA MENDON\u00c7A.<\/p>\n<p>3- <a href=\"https:\/\/catolicadeanapolis.edu.br\/biblioteca\/wp-content\/uploads\/2019\/02\/TCC-Especializa%C3%A7%C3%A3o-em-psicopedagogia-cl%C3%ADnica-e-institucional-ANA-C%C3%81SSIA-DE-OLIVEIRA.pdf\">O APOIO PSICOPEDAG\u00d3GICO NA VIDA ESTUDANTIL DA CRIAN\u00c7A COM DIFICULDADES DE APRENDIZAGEM: RELAT\u00d3RIO PSICOPEDAG\u00d3GICO CL\u00cdNICO<\/a> &#8211;\u00a0ANA C\u00c1SSIA DE OLIVEIRA.<\/p>\n<p>4- <a href=\"https:\/\/catolicadeanapolis.edu.br\/biblioteca\/wp-content\/uploads\/2019\/12\/\u00c9RIKA-DE-JESUS-RODRIGUES-MONTEIRO-E-JULIANA-MAGGI-SOUSA.pdf\">PSICOPEDAGOGIA INSTITUCIONAL: A IMPORT\u00c2NCIA DO BRINCAR NA<\/a><br \/>\nINSTITUI\u00c7\u00c3O EDUCACIONAL-\u00a0\u00c9RIKA DE JESUS RODRIGUES MONTEIRO; JULIANA MAGGI SOUSA.<\/p>\n<p>5- <a href=\"https:\/\/catolicadeanapolis.edu.br\/biblioteca\/wp-content\/uploads\/2019\/12\/CINDY-MICHELLE-LEILA-DE-FREITAS-MARIA-ANG\u00c9LICA-VIEIRA-E-WISNA-APARECIDA-DE-SOUSA-MARINHO.pdf\">DIAGN\u00d3STICO PSICOPEDAG\u00d3GICO INSTITUCIONAL: PARCERIA FAM\u00cdLIA &#8211; ESCOLA<\/a>&#8211;\u00a0CINDY MICHELLE DA SILVA; LEILA DE FREITAS FRANCISCO SANTOS; MARIA ANG\u00c9LICA VIEIRA DE SOUZA; WISNA APARECIDA DE SOUSA MARINHO.<\/p>\n<p>6-\u00a0\u00a0<a href=\"https:\/\/catolicadeanapolis.edu.br\/biblioteca\/wp-content\/uploads\/2021\/06\/KEILA-CRISTINA-SILVA.pdf\">A RELA\u00c7\u00c3O ENTRE O V\u00cdNCULO FAMILIAR E O PROCESSO DE ENSINO E APRENDIZAGEM.<\/a> &#8211;\u00a0KEILA CRISTINA SILVA. &#8211; ORIENTA\u00c7\u00c3O: PROF\u00aa ESP. ANA MARIA VIEIRA DE SOUZA.<\/p>\n<p>7-\u00a0<a href=\"https:\/\/catolicadeanapolis.edu.br\/biblioteca\/wp-content\/uploads\/2021\/06\/JAQUELINE-SENA-DE-ANDRADE.pdf\">DIAGN\u00d3STICO PSICOPEDAG\u00d3GICO: O EDUCANDO E O CONTEXTO ESCOLAR.<\/a> &#8211;\u00a0JAQUELINE SENA DE ANDRADE. &#8211; ORIENTA\u00c7\u00c3O: PROF\u00aa DR\u00aa\u00aa K\u00caNIA RIBEIRO DA SILVA.<\/p>\n<p>8-\u00a0<a href=\"https:\/\/catolicadeanapolis.edu.br\/biblioteca\/wp-content\/uploads\/2021\/06\/HILTON-LUIZ-PAIVA-JACINTO-LARA-CRISTINA-DA-SILVA-M\u00d4NICA-DE-F\u00c1TIMA-MORAIS-NASCIMENTO-REINALDO-APARECIDO-ALVES.pdf\">A IMPORT\u00c2NCIA DA RELA\u00c7\u00c3O PROFESSOR-ALUNO-CONHECIMENTO NO PROCESSO DE ENSINAR E DE APRENDER NA EDUCA\u00c7\u00c3O DE JOVENS E ADULTOS (EJA).<\/a> &#8211;\u00a0HILTON LUIZ PAIVA JACINTO, LARA CRISTINA DA SILVA, M\u00d4NICA DE F\u00c1TIMA MORAIS NASCIMENTO, REINALDO APARECIDO ALVES. &#8211; ORIENTA\u00c7\u00c3O: PROF\u00aa MA. SUELI DE PAULA CUNHA.<\/p>\n<p>9-\u00a0<a href=\"https:\/\/catolicadeanapolis.edu.br\/biblioteca\/wp-content\/uploads\/2021\/06\/GILSON-BUENO-DE-ABREU-JASMEWEN-RODRIGUES-DE-SOUZA-MIRIAM-F\u00c1TIMA-DE-OLIVEIRA-SILVA.pdf\">AN\u00c1LISE PSICOPEDAG\u00d3GICA DAS METODOLOGIAS APLICADAS AO ENSINO DE JOVENS E ADULTOS.<\/a> &#8211;\u00a0GILSON BUENO DE ABREU, JASMEWEN RODRIGUES DE SOUZA, MIRIAM F\u00c1TIMA DE OLIVEIRA SILVA. &#8211;\u00a0ORIENTA\u00c7\u00c3O: PROF\u00aa MA. SUELI DE PAULA CUNHA.<\/p>\n<p>10-\u00a0<a href=\"https:\/\/catolicadeanapolis.edu.br\/biblioteca\/wp-content\/uploads\/2021\/06\/FRANCISCA-AUREA-SILVA-RODRIGUES-JAQUELINE-SENA-DE-ANDRADE-VALERIA-MESQUITA-LAZARO-CHAVES.pdf\">AN\u00c1LISE DA RELA\u00c7\u00c3O FAM\u00cdLIA &#8211; ESCOLA NA INSTITUI\u00c7\u00c3O DE ENSINO.<\/a> &#8211;\u00a0FRANCISCA AUREA SILVA RODRIGUES, JAQUELINE SENA DE ANDRADE, VALERIA MESQUITA LAZARO CHAVES. &#8211;\u00a0ORIENTA\u00c7\u00c3O: PROF\u00aa MA. SUELI DE PAULA CUNHA.<\/p>\n<p>11-\u00a0<a href=\"https:\/\/catolicadeanapolis.edu.br\/biblioteca\/wp-content\/uploads\/2021\/06\/ELISA-BARRETO-DE-ALBUQUERQUE-REIS-NIUSA-JAILINNE-DE-OLIVEIRA-SILVA-RHAMONE-KELEM-DA-COSTA-SILVA-TALITA-LOBO-DE-SIQUEIRA-LOPES.pdf\">PSICOPEDAGOGIA INSTITUCIONAL: OBSERVA\u00c7\u00c3O, AN\u00c1LISE E PROPOSTA DE INTERVEN\u00c7\u00c3O PARA UMA ESCOLA PRIVADA DO MUNIC\u00cdPIO DE AN\u00c1POLIS.<\/a> &#8211;\u00a0ELISA BARRETO DE ALBUQUERQUE REIS, NIUSA JAILINNE DE OLIVEIRA SILVA, RHAMONE KELEM DA COSTA SILVA, TALITA LOBO DE SIQUEIRA LOPES. &#8211; ORIENTA\u00c7\u00c3O: PROF\u00aa ESP. CARLA EMANUELLE SOUZA DA ROCHA.<\/p>\n<p>12-\u00a0<a href=\"https:\/\/catolicadeanapolis.edu.br\/biblioteca\/wp-content\/uploads\/2021\/06\/DEBORA-ARRUDA-SILVA.pdf\">A IMPORT\u00c2NCIA DO V\u00cdNCULO NO PROCESSO ENSINO-APRENDIZAGEM.<\/a> &#8211;\u00a0DEBORA ARRUDA SILVA. &#8211;\u00a0ORIENTA\u00c7\u00c3O: PROF\u00aa MA. SUELI DE PAULA CUNHA.<\/p>\n<p>13-\u00a0<a href=\"https:\/\/catolicadeanapolis.edu.br\/biblioteca\/wp-content\/uploads\/2021\/06\/DEBORA-ARRUDA-SILVA..pdf\">A RELA\u00c7\u00c3O FAM\u00cdLIA-ESCOLA NO ENSINO M\u00c9DIO.<\/a> &#8211;\u00a0DEBORA ARRUDA SILVA. &#8211;\u00a0ORIENTA\u00c7\u00c3O: PROF\u00aa MA. SUELI DE PAULA CUNHA.<\/p>\n<p>14-\u00a0<a href=\"https:\/\/catolicadeanapolis.edu.br\/biblioteca\/wp-content\/uploads\/2021\/06\/DANIELLE-MARIA-DE-F\u00c1TIMA-CARVALHO-JENIFFER-RODRIGUES-SALES-ROS\u00c2NGELA-DE-PAULA-A.-SIQUEIRA.pdf\">A IMPORT\u00c2NCIA DA RELA\u00c7\u00c3O FAM\u00cdLIA-ESCOLA PARA A CONSTRU\u00c7\u00c3O DE UMA APRENDIZAGEM SIGNIFICATIVA.<\/a> &#8211;\u00a0DANIELLE MARIA DE F\u00c1TIMA CARVALHO, JENIFFER RODRIGUES SALES, ROS\u00c2NGELA DE PAULA A. SIQUEIRA. &#8211;\u00a0ORIENTA\u00c7\u00c3O: PROF\u00aa MA. SUELI DE PAULA CUNHA.<\/p>\n<p>15-\u00a0<a href=\"https:\/\/catolicadeanapolis.edu.br\/biblioteca\/wp-content\/uploads\/2021\/06\/CRISTIANE-RODRIGUES-NASCIMENTO-ELESB\u00c3O.pdf\">AS QUEST\u00d5ES SOCIO-ECON\u00d4MICAS E AFETIVAS E OS REFLEXOS NA APRENDIZAGEM DO APRENDENTE.<\/a> &#8211;\u00a0CRISTIANE RODRIGUES NASCIMENTO ELESB\u00c3O. &#8211;\u00a0ORIENTA\u00c7\u00c3O: PROF\u00aa DR\u00aa\u00aa K\u00caNIA RIBEIRO DA SILVA.<\/p>\n<p>16-\u00a0<a href=\"https:\/\/catolicadeanapolis.edu.br\/biblioteca\/wp-content\/uploads\/2021\/06\/CLEONICE-LELES-VIEIRA-ALVES.pdf\">AVALIA\u00c7\u00c3O PSICOPEDAG\u00d3GICA EM CASOS DE DIFICULDADES DE APRENDIZAGEM.<\/a> &#8211;\u00a0CLEONICE LELES VIEIRA ALVES. &#8211;\u00a0ORIENTA\u00c7\u00c3O: PROF\u00aa DR\u00aa\u00aa K\u00caNIA RIBEIRO DA SILVA.<\/p>\n<p>17-\u00a0<a href=\"https:\/\/catolicadeanapolis.edu.br\/biblioteca\/wp-content\/uploads\/2021\/06\/CLEONICE-LELES-VIEIRA-ALVES-CRISTIANE-RODRIGUES-NASCIMENTO-ELESB\u00c3O-NILZA-NEVES-DA-SILVA-CAMPOS-VERA-L\u00daCIA-LELES-VIEIRA.pdf\">RELA\u00c7\u00c3O FAM\u00cdLIA E ESCOLA NO PROCESSO DE ENSINO E APRENDIZAGEM.<\/a> &#8211;\u00a0CLEONICE LELES VIEIRA ALVES, CRISTIANE RODRIGUES NASCIMENTO ELESB\u00c3O, NILZA NEVES DA SILVA CAMPOS, VERA L\u00daCIA LELES VIEIRA. &#8211;\u00a0ORIENTA\u00c7\u00c3O: PROF\u00aa MA. SUELI DE PAULA CUNHA.<\/p>\n<p>18-\u00a0<a href=\"https:\/\/catolicadeanapolis.edu.br\/biblioteca\/wp-content\/uploads\/2021\/06\/ADRIANA-ALVES-DE-SOUZA-LUCAS.pdf\">A IMPORT\u00c2NCIA DA FAM\u00cdLIA NO PROCESSO DE APRENDIZAGEM DA CRIAN\u00c7A COM TDAH.<\/a> &#8211;\u00a0ADRIANA ALVES DE SOUZA LUCAS. &#8211;\u00a0ORIENTA\u00c7\u00c3O: PROF\u00aa DR\u00aa\u00aa K\u00caNIA RIBEIRO DA SILVA.<\/p>\n<p>19-\u00a0<a href=\"https:\/\/catolicadeanapolis.edu.br\/biblioteca\/wp-content\/uploads\/2021\/06\/CLAUDIA-BATISTA-DA-SILVA-MENDES-JULIANA-DOS-SANTOS-SANTANA-LUCI-LOUR\u00caDO-GUIAES-E-LIMA.pdf\">A PARCERIA ENTRE FAM\u00cdLIA E ESCOLA NO PROCESSO DE ENSINO APRENDIZAGEM.<\/a> &#8211;\u00a0CLAUDIA BATISTA DA SILVA MENDES, JULIANA DOS SANTOS SANTANA, LUCI LOUR\u00caDO GUIAES E LIMA. &#8211; ORIENTA\u00c7\u00c3O: PROF\u00aa ESP. CARLA EMANUELE SOUZA DA ROCHA.<\/p>\n<p>20-\u00a0<a href=\"https:\/\/catolicadeanapolis.edu.br\/biblioteca\/wp-content\/uploads\/2021\/06\/ADRIANA-ALVES-DE-SOUZA-LUCAS-RENATA-MARTINS-CARNEIRO-SIMONE-CARDOSO-DOS-SANTOS-LOPES.pdf\">PSICOPEDAGOGIA INSTITUCIONAL E DISCIPLINA.<\/a> &#8211;\u00a0ADRIANA ALVES DE SOUZA LUCAS, RENATA MARTINS CARNEIRO, SIMONE CARDOSO DOS SANTOS LOPES. &#8211;\u00a0ORIENTA\u00c7\u00c3O: PROF\u00aa MA. SUELI DE PAULA CUNHA.<\/p>\n<p>21-<a href=\"https:\/\/catolicadeanapolis.edu.br\/biblioteca\/wp-content\/uploads\/2021\/06\/VERA-L\u00daCIA-LELES-VIEIRA.pdf\">\u00a0PSICOPEDAGOGIA CL\u00cdNICA E A AFETIVIDADE: CONTRIBUI\u00c7\u00d5ES PARA A APRENDIZAGEM DA CRIAN\u00c7A.<\/a> &#8211;\u00a0VERA L\u00daCIA LELES VIEIRA. &#8211;\u00a0ORIENTA\u00c7\u00c3O: PROF\u00aa DR\u00aa\u00aa K\u00caNIA RIBEIRO DA SILVA.<\/p>\n<p>22-\u00a0<a href=\"https:\/\/catolicadeanapolis.edu.br\/biblioteca\/wp-content\/uploads\/2021\/06\/VALERIA-MESQUITA-LAZARO-CHAVES.pdf\">SUPERANDO DIFICULDADES DE APRENDIZAGEM ATRAV\u00c9S DA PSICOPEDAGOGIA: UM ESTUDO DE CASO.<\/a> &#8211;\u00a0VALERIA MESQUITA LAZARO CHAVES. &#8211;\u00a0ORIENTA\u00c7\u00c3O: PROF\u00aa DR\u00aa\u00aa K\u00caNIA RIBEIRO DA SILVA.<\/p>\n<p>23-\u00a0<a href=\"https:\/\/catolicadeanapolis.edu.br\/biblioteca\/wp-content\/uploads\/2021\/06\/ROSANGELA-DE-PAULA-A.-SIQUEIRA.pdf\">A ABORDAGEM DO PSICOPEDAGOGO NA MODALIDADE CL\u00cdNICA.<\/a> &#8211;\u00a0ROSANGELA DE PAULA A. SIQUEIRA. &#8211;\u00a0ORIENTA\u00c7\u00c3O: PROF\u00aa DR\u00aa\u00aa K\u00caNIA RIBEIRO DA SILVA.<\/p>\n<p>24-\u00a0<a href=\"https:\/\/catolicadeanapolis.edu.br\/biblioteca\/wp-content\/uploads\/2021\/06\/RENATA-MARTINS-CARNEIRO.pdf\">A RELA\u00c7\u00c3O ENTRE A CRIAN\u00c7A POUCO ASSISTIDA PELA FAM\u00cdLIA E A APRENDIZAGEM.<\/a> &#8211;\u00a0RENATA MARTINS CARNEIRO. &#8211;\u00a0ORIENTA\u00c7\u00c3O: PROF\u00aa ESP. ANA MARIA VIEIRA DE SOUZA.<\/p>\n<p>25-\u00a0<a href=\"https:\/\/catolicadeanapolis.edu.br\/biblioteca\/wp-content\/uploads\/2021\/06\/REINALDO-APARECIDO-ALVES.pdf\">AVALIA\u00c7\u00c3O DE ESTUDO DECASO EM PSICOPEDAGOGIA CL\u00cdNICA.<\/a> &#8211;\u00a0REINALDO APARECIDO ALVES. &#8211;\u00a0ORIENTA\u00c7\u00c3O: PROF\u00aa ESP. ANA MARIA VIEIRA DE SOUZA.<\/p>\n<p>26-<a href=\"https:\/\/catolicadeanapolis.edu.br\/biblioteca\/wp-content\/uploads\/2021\/06\/M\u00d4NICA-DE-F\u00c1TIMA-MORAIS-NASCIMENTO.pdf\">\u00a0PSICOPEDAGOGIA CL\u00cdNICA: UM OLHAR ESPECIAL E ATENTO SOBRE CAUSAS QUE PODEM SE TORNAR OBST\u00c1CULOS \u00c0 APRENDIZAGEM.<\/a> &#8211;\u00a0M\u00d4NICA DE F\u00c1TIMA MORAIS NASCIMENTO. &#8211;\u00a0ORIENTA\u00c7\u00c3O: PROF\u00aa ESP. ANA MARIA VIEIRA DE SOUZA.<\/p>\n<p>27-\u00a0<a href=\"https:\/\/catolicadeanapolis.edu.br\/biblioteca\/wp-content\/uploads\/2021\/06\/MIRIAM-F\u00c1TIMA-DE-OLIVEIRA-SILVA.pdf\">A PSICOPEDAGOGIA E SUA MODALIDADE DE APRENDIZAGEM COMO FRUTO DE UM INCONSCIENTE SIMB\u00d3LICO.<\/a> &#8211;\u00a0MIRIAM F\u00c1TIMA DE OLIVEIRA SILVA. &#8211;\u00a0ORIENTA\u00c7\u00c3O: PROF\u00aa ESP. ANA MARIA VIEIRA DE SOUZA.<\/p>\n<p>28-\u00a0<a href=\"https:\/\/catolicadeanapolis.edu.br\/biblioteca\/wp-content\/uploads\/2021\/06\/MARIANE-CAMILO-SILVA.pdf\">A IMPORT\u00c2NCIA DA AVALIA\u00c7\u00c3O PSICOPEDAG\u00d3GICA CL\u00cdNICA PARA UM DIAGN\u00d3STICO<\/a><br \/>\nDIFERENCIAL. &#8211;\u00a0MARIANE CAMILO SILVA. &#8211;\u00a0ORIENTA\u00c7\u00c3O: PROF\u00aa MA. SUELI DE PAULA CUNHA.<\/p>\n<p>29-\u00a0<a href=\"https:\/\/catolicadeanapolis.edu.br\/biblioteca\/wp-content\/uploads\/2021\/06\/LARA-CRISTINA-DA-SILVA.pdf\">ESTUDO DE CASO EM AVALIA\u00c7\u00c3O PSICOPEDAG\u00d3GICA CL\u00cdNICA.<\/a> &#8211;\u00a0LARA CRISTINA DA SILVA. &#8211;\u00a0ORIENTA\u00c7\u00c3O: PROF\u00aa ESP. ANA MARIA VIEIRA DE SOUZA.<\/p>\n<p>30-\u00a0<a href=\"https:\/\/catolicadeanapolis.edu.br\/biblioteca\/wp-content\/uploads\/2021\/06\/LANIA-ALVES-MAGALH\u00c3ES.pdf\">DIFICULDADE DE APRENDIZAGEM NO PROCESSO DE ALFABETIZA\u00c7\u00c3O.<\/a> &#8211;\u00a0LANIA ALVES MAGALH\u00c3ES. &#8211;\u00a0ORIENTA\u00c7\u00c3O: PROF\u00aa MA. SUELI DE PAULA CUNHA.<\/p>\n<p>31-\u00a0<a href=\"https:\/\/catolicadeanapolis.edu.br\/biblioteca\/wp-content\/uploads\/2021\/06\/LANIA-ALVES-MAGALH\u00c3ES-MARIANE-CAMILO-SILVA-PRISCILLA-GUIMAR\u00c3ES-TEIXEIRA.pdf\">A PARTICIPA\u00c7\u00c3O DA FAM\u00cdLIA NO CONTEXTO ESCOLAR.<\/a> &#8211;\u00a0LANIA ALVES MAGALH\u00c3ES, MARIANE CAMILO SILVA, PRISCILLA GUIMAR\u00c3ES TEIXEIRA. &#8211;\u00a0ORIENTA\u00c7\u00c3O: PROF\u00aa MA. SUELI DE PAULA CUNHA.<\/p>\n<p>32-\u00a0<a href=\"https:\/\/catolicadeanapolis.edu.br\/biblioteca\/wp-content\/uploads\/2021\/06\/KENNEA-CARVALHO-QUEIROZ-DE-OLIVEIRA.pdf\">AS DIFICULDADES DE APRENDIZAGEM EM UM APRENDENTE DO 5\u00b0 ANO.<\/a> &#8211;\u00a0KENNEA CARVALHO QUEIROZ DE OLIVEIRA. &#8211;\u00a0ORIENTA\u00c7\u00c3O: PROF\u00aa ESP. ANA MARIA VIEIRA DE SOUZA.<\/p>\n<p>33- <a href=\"https:\/\/catolicadeanapolis.edu.br\/biblioteca\/wp-content\/uploads\/2021\/06\/ADELICE-ESTEVAM-RIBEIRO-ANA-CAROLINA-FERNANDES-LIMA.doc\">DIAGN\u00d3STICO INSTITUCIONAL SOBRE O TRABALHO DO PSICOPEDAGOGO (A) EM UM COL\u00c9GIO DA REDE ESTADUAL DO MUNIC\u00cdPIO DE AN\u00c1POLIS.<\/a> &#8211; ADELICE ESTEVAM RIBEIRO, ANA CAROLINA FERNANDES LIMA. &#8211;\u00a0ORIENTA\u00c7\u00c3O: PROF\u00aa ESP. CARLA EMANUELE SOUZA DA ROCHA.<\/p>\n<p>34-\u00a0<a href=\"https:\/\/catolicadeanapolis.edu.br\/biblioteca\/?attachment_id=3301\">DIAGN\u00d3STICO PSICOPEDAG\u00d3GICO CL\u00cdNICO: DIFICULDADE DE APRENDIZAGEM E CONTEXTO FAMILIAR.<\/a> &#8211;\u00a0CLARINDA PERES G. COSTA &#8211; ORIENTA\u00c7\u00c3O: PROF\u00aa ESP. ANA MARIA VIEIRA DE SOUZA.<\/p>\n<p>35-\u00a0<a href=\"https:\/\/catolicadeanapolis.edu.br\/biblioteca\/?attachment_id=3507\">DIAGN\u00d3STICO E AN\u00c1LISE PSICOPEDAG\u00d3GICA INSTITUCIONAL.<\/a> &#8211;\u00a0AMANDA VIT\u00d3RIA DE CASTRO E SILVA; CATARINA C\u00d3; FILAD\u00c9LFIA CONSTANTINO DA SILVA INDI CUBALA. &#8211;\u00a0ORIENTA\u00c7\u00c3O: PROF\u00aa ESP. CARLA EMANUELE SOUZA DA ROCHA.<\/p>\n<p>36-\u00a0<a href=\"https:\/\/catolicadeanapolis.edu.br\/biblioteca\/?attachment_id=3508\">A IMPORT\u00c2CIA DO PAPEL DO PSICOPEDAGOGO NA INSTITUI\u00c7\u00c3O ESCOLAR.<\/a> &#8211;\u00a0ANA APARECIDA DOS SANTOS. &#8211;\u00a0ORIENTA\u00c7\u00c3O: PROF\u00aa M\u00aa Marcia Kuroge Sumire<\/p>\n<p>37-\u00a0<a href=\"https:\/\/catolicadeanapolis.edu.br\/biblioteca\/?attachment_id=3509\">DIAGN\u00d3STICO PSICOPEDAG\u00d3GICO CL\u00cdNICO: DIFICULDADE DE APRENDIZAGEM E CONTEXTO FAMILIAR.<\/a> &#8211;\u00a0CLARINDA PERES G. COSTA. &#8211;\u00a0ORIENTA\u00c7\u00c3O: PROF\u00aa ESP. ANA MARIA VIEIRA DE SOUZA.<\/p>\n<p>38-\u00a0<a href=\"https:\/\/catolicadeanapolis.edu.br\/biblioteca\/?attachment_id=3510\">A IMPORT\u00c2NCIA DA AFETIVIDADE PARA A APRENDIZAGEM.<\/a> &#8211;\u00a0PSICOPEDAGOGIA CL\u00cdNICA. &#8211;\u00a0FRANCISCA \u00c1UREA SILVA RODRIGUES &#8211;\u00a0ORIENTA\u00c7\u00c3O: PROF\u00aa DR\u00aa\u00aa K\u00caNIA RIBEIRO DA SILVA.<\/p>\n<p>39-\u00a0<a href=\"https:\/\/catolicadeanapolis.edu.br\/biblioteca\/?attachment_id=3511\">A PSICOPEDAG\u00d3GIA E A INTERVEN\u00c7\u00c3O NA EDUCA\u00c7\u00c3O INFANTIL.<\/a> &#8211;\u00a0JASMEWEN RODRIGUES DE SOUZA. &#8211;\u00a0ORIENTA\u00c7\u00c3O: PROF\u00aa ESP. ANA MARIA VIEIRA DE SOUZA.<\/p>\n<p>40-\u00a0<a href=\"https:\/\/catolicadeanapolis.edu.br\/biblioteca\/?attachment_id=3512\">AVALIA\u00c7\u00c3O PSICOPEDAGOGICA E AS DIFICULDADES NA LEITURA E ESCRITA.<\/a> &#8211;\u00a0LA\u00cdS DA ROCHA SANTOS. &#8211;\u00a0ORIENTA\u00c7\u00c3O: PROF\u00aa ESP. ANA MARIA VIEIRA DE SOUZA.<\/p>\n<p>&nbsp;<\/p>\n<p>&nbsp;<\/p>\n<p>&nbsp;<\/p>\n<p>&nbsp;<\/p>\n<p>&nbsp;<\/p>\n<p>&nbsp;<\/p>\n<p>&nbsp;<\/p>\n<p>&nbsp;<\/p>\n<p>&nbsp;<\/p>\n","protected":false},"excerpt":{"rendered":"<p>1- PSICOPEDAGOGIA: QUAL A IMPORT\u00c2NCIA DA PSICOPEDAGOGIA, OBJETIVOS E PR\u00c1TICAS PSICOPEDAG\u00d3GICAS? &#8211;\u00a0LEILA CRISTHIANY GARCIA. 2-\u00a0UMA ABORDAGEM PSICOPEDAG\u00d3GICA SOBRE AS DIFICULDADES DE APRENDIZAGEM &#8211;\u00a0ELIENE FERREIRA MENDON\u00c7A. 3- O APOIO PSICOPEDAG\u00d3GICO NA VIDA ESTUDANTIL DA CRIAN\u00c7A COM DIFICULDADES DE APRENDIZAGEM: RELAT\u00d3RIO PSICOPEDAG\u00d3GICO CL\u00cdNICO &#8211;\u00a0ANA C\u00c1SSIA DE OLIVEIRA. 4- PSICOPEDAGOGIA INSTITUCIONAL: A IMPORT\u00c2NCIA DO BRINCAR NA INSTITUI\u00c7\u00c3O EDUCACIONAL-\u00a0\u00c9RIKA [&hellip;]<\/p>\n","protected":false},"author":4,"featured_media":0,"parent":360,"menu_order":9,"comment_status":"closed","ping_status":"closed","template":"","meta":[],"_links":{"self":[{"href":"https:\/\/catolicadeanapolis.edu.br\/biblioteca\/index.php?rest_route=\/wp\/v2\/pages\/1665"}],"collection":[{"href":"https:\/\/catolicadeanapolis.edu.br\/biblioteca\/index.php?rest_route=\/wp\/v2\/pages"}],"about":[{"href":"https:\/\/catolicadeanapolis.edu.br\/biblioteca\/index.php?rest_route=\/wp\/v2\/types\/page"}],"author":[{"embeddable":true,"href":"https:\/\/catolicadeanapolis.edu.br\/biblioteca\/index.php?rest_route=\/wp\/v2\/users\/4"}],"replies":[{"embeddable":true,"href":"https:\/\/catolicadeanapolis.edu.br\/biblioteca\/index.php?rest_route=%2Fwp%2Fv2%2Fcomments&post=1665"}],"version-history":[{"count":10,"href":"https:\/\/catolicadeanapolis.edu.br\/biblioteca\/index.php?rest_route=\/wp\/v2\/pages\/1665\/revisions"}],"predecessor-version":[{"id":3528,"href":"https:\/\/catolicadeanapolis.edu.br\/biblioteca\/index.php?rest_route=\/wp\/v2\/pages\/1665\/revisions\/3528"}],"up":[{"embeddable":true,"href":"https:\/\/catolicadeanapolis.edu.br\/biblioteca\/index.php?rest_route=\/wp\/v2\/pages\/360"}],"wp:attachment":[{"href":"https:\/\/catolicadeanapolis.edu.br\/biblioteca\/index.php?rest_route=%2Fwp%2Fv2%2Fmedia&parent=1665"}],"curies":[{"name":"wp","href":"https:\/\/api.w.org\/{rel}","templated":true}]}}