{"id":1669,"date":"2019-01-19T17:51:26","date_gmt":"2019-01-19T17:51:26","guid":{"rendered":"https:\/\/catolicadeanapolis.edu.br\/biblioteca\/?page_id=1669"},"modified":"2020-01-21T17:06:45","modified_gmt":"2020-01-21T17:06:45","slug":"2011-2","status":"publish","type":"page","link":"https:\/\/catolicadeanapolis.edu.br\/biblioteca\/?page_id=1669","title":{"rendered":"DOC\u00caNCIA UNIVERSIT\u00c1RIA  2011"},"content":{"rendered":"<p><a href=\"https:\/\/catolicadeanapolis.edu.br\/biblioteca\/wp-content\/uploads\/2019\/01\/1-O-PROFESSOR-REFLEXIVO-Sem-Numerar.pdf\"><span class=\"fontstyle0\">1- O PROFESSOR REFLEXIVO: FORMA\u00c7\u00c3O, CONTRIBUI\u00c7\u00d5ES E INTERVEN\u00c7\u00d5ES NA PR\u00c1TICA PEDAG\u00d3GICA<\/span> <\/a>&#8211;\u00a0 <span class=\"fontstyle0\">ALEXANDRE LUCYANO AMORIM GORDO, MIRIAM LOPES DE SOUSA.<\/span><\/p>\n<p><a href=\"https:\/\/catolicadeanapolis.edu.br\/biblioteca\/wp-content\/uploads\/2020\/01\/Simone-Souza-Nascimento.pdf\">2-\u00a0T\u00c9CNICAS DE ENSINO E DE AVALIA\u00c7\u00c3O UTILIZADAS POR DOCENTES DE UM CURSO DE GRADUA\u00c7\u00c3O EM ENFERMAGEM NO MUNIC\u00cdPIO DE AN\u00c1POLIS-GO:<\/a>\u00a0SIMONE SOUZA NASCIMENTO.<\/p>\n<p><a href=\"https:\/\/catolicadeanapolis.edu.br\/biblioteca\/wp-content\/uploads\/2020\/01\/Luiz-Ant\u00f4nio-de-S\u00e1.pdf\">3-\u00a0O CURSO DE FILOSOFIA EM UMA FACULDADE DE AN\u00c1POLIS:<\/a>\u00a0LUIZ ANT\u00d4NIO DE S\u00c1.<\/p>\n<p><a href=\"https:\/\/catolicadeanapolis.edu.br\/biblioteca\/wp-content\/uploads\/2020\/01\/Ivanice-Clara-Welington-D.Marcelino.pdf\">4-\u00a0A INCLUS\u00c3O SOCIAL EM UMA INSTITUI\u00c7\u00c3O DE ENSINO SUPERIOR EM AN\u00c1POLIS:<\/a>\u00a0IVANICE CLARA DE OLIVEIRA FREITAS, WELLINGTON DONIZETE MARCELINO.<\/p>\n<p><a href=\"https:\/\/catolicadeanapolis.edu.br\/biblioteca\/wp-content\/uploads\/2020\/01\/Gislane-Silv\u00e9rio-Neto-Barreto.pdf\">5-\u00a0O PAPEL DOS JOGOS NA FACILITA\u00c7\u00c3O DO PROCESSO ENSINO-APRENDIZAGEM EM QU\u00cdMICA:<\/a> GISLANE SILVERIO NETO BARRETO.<\/p>\n<p><a href=\"https:\/\/catolicadeanapolis.edu.br\/biblioteca\/wp-content\/uploads\/2020\/01\/Fl\u00e1via-de-Jesus-Silva-Soares-M\u00e1rcia-da-Silva.pdf\">6-\u00a0UMA AN\u00c1LISE DO USO DO COMPUTADOR E SEUS PERIF\u00c9RICOS NO ENSINO SUPERIOR:<\/a> FL\u00c1VIA DE JESUS SILVA SOARES, M\u00c1RCIA DA SILVA.<\/p>\n<p><a href=\"https:\/\/catolicadeanapolis.edu.br\/biblioteca\/wp-content\/uploads\/2020\/01\/Eliane-Pereira-dos-Santos.pdf\">7- PROPOSTA METODOL\u00d3GICA PARA O ENSINO DE TRIGONOMETRIA E DE FUN\u00c7\u00d5ES TRIGONOM\u00c9TRICAS NO ENSINO SUPERIOR:\u00a0<\/a>\u00a0ELIANE PEREIRA DOS SANTOS.<\/p>\n<p><a href=\"https:\/\/catolicadeanapolis.edu.br\/biblioteca\/wp-content\/uploads\/2020\/01\/Dayane-Furtado-de-Oliveira-Priscilla-Rodrigues-dos-Santos.pdf\">8-\u00a0PERFIL DOS DOCENTES DE UM CURSO DE GRADUA\u00c7\u00c3O EM ENFERMAGEM DE UMA FACULDADE DO MUNIC\u00cdPIO DE AN\u00c1POLIS:<\/a> DAYANE FURTADO DE OLIVEIRA, PRISCILLA RODRIGUES DOS SANTOS.<\/p>\n","protected":false},"excerpt":{"rendered":"<p>1- O PROFESSOR REFLEXIVO: FORMA\u00c7\u00c3O, CONTRIBUI\u00c7\u00d5ES E INTERVEN\u00c7\u00d5ES NA PR\u00c1TICA PEDAG\u00d3GICA &#8211;\u00a0 ALEXANDRE LUCYANO AMORIM GORDO, MIRIAM LOPES DE SOUSA. 2-\u00a0T\u00c9CNICAS DE ENSINO E DE AVALIA\u00c7\u00c3O UTILIZADAS POR DOCENTES DE UM CURSO DE GRADUA\u00c7\u00c3O EM ENFERMAGEM NO MUNIC\u00cdPIO DE AN\u00c1POLIS-GO:\u00a0SIMONE SOUZA NASCIMENTO. 3-\u00a0O CURSO DE FILOSOFIA EM UMA FACULDADE DE AN\u00c1POLIS:\u00a0LUIZ ANT\u00d4NIO DE S\u00c1. 4-\u00a0A [&hellip;]<\/p>\n","protected":false},"author":4,"featured_media":0,"parent":328,"menu_order":1,"comment_status":"closed","ping_status":"closed","template":"","meta":[],"_links":{"self":[{"href":"https:\/\/catolicadeanapolis.edu.br\/biblioteca\/index.php?rest_route=\/wp\/v2\/pages\/1669"}],"collection":[{"href":"https:\/\/catolicadeanapolis.edu.br\/biblioteca\/index.php?rest_route=\/wp\/v2\/pages"}],"about":[{"href":"https:\/\/catolicadeanapolis.edu.br\/biblioteca\/index.php?rest_route=\/wp\/v2\/types\/page"}],"author":[{"embeddable":true,"href":"https:\/\/catolicadeanapolis.edu.br\/biblioteca\/index.php?rest_route=\/wp\/v2\/users\/4"}],"replies":[{"embeddable":true,"href":"https:\/\/catolicadeanapolis.edu.br\/biblioteca\/index.php?rest_route=%2Fwp%2Fv2%2Fcomments&post=1669"}],"version-history":[{"count":4,"href":"https:\/\/catolicadeanapolis.edu.br\/biblioteca\/index.php?rest_route=\/wp\/v2\/pages\/1669\/revisions"}],"predecessor-version":[{"id":2433,"href":"https:\/\/catolicadeanapolis.edu.br\/biblioteca\/index.php?rest_route=\/wp\/v2\/pages\/1669\/revisions\/2433"}],"up":[{"embeddable":true,"href":"https:\/\/catolicadeanapolis.edu.br\/biblioteca\/index.php?rest_route=\/wp\/v2\/pages\/328"}],"wp:attachment":[{"href":"https:\/\/catolicadeanapolis.edu.br\/biblioteca\/index.php?rest_route=%2Fwp%2Fv2%2Fmedia&parent=1669"}],"curies":[{"name":"wp","href":"https:\/\/api.w.org\/{rel}","templated":true}]}}