{"id":197,"date":"2014-06-09T22:21:29","date_gmt":"2014-06-09T22:21:29","guid":{"rendered":"https:\/\/catolicadeanapolis.edu.br\/biblioteca\/?page_id=197"},"modified":"2019-11-07T13:32:07","modified_gmt":"2019-11-07T13:32:07","slug":"2015-administracao","status":"publish","type":"page","link":"https:\/\/catolicadeanapolis.edu.br\/biblioteca\/?page_id=197","title":{"rendered":"ADMINISTRA\u00c7\u00c3O 2015"},"content":{"rendered":"<ol>\n<li><a href=\"https:\/\/catolicadeanapolis.edu.br\/biblioteca\/wp-content\/uploads\/2018\/03\/ALEXANDRA-SANTOS-BUENO-2015.pdf\">\u00a0CONVERSA\u00c7\u00d5ES COM FUNCION\u00c1RIOS DE UMA IND\u00daSTRIA\u00a0PAPELEIRA SOBRE ASPECTOS DA SA\u00daDE OCUPACIONAL: UMA\u00a0PESQUISA QUALITATIVA<\/a> &#8211; Alexandra Santos Bueno: Aline de Oliveira Barros: Tha\u00eds Christina Pereira &#8211; Orientador: Prof. Ms. Artur Vandr\u00e9 Pitanga.<\/li>\n<li><span style=\"font-size: 1rem;\">\u00a0<\/span><a style=\"font-size: 1rem;\" href=\"https:\/\/catolicadeanapolis.edu.br\/biblioteca\/wp-content\/uploads\/2018\/04\/ANA-PAULA-TEIXEIRA-GOMES-DE-OLIVEIRA-2015.pdf\">RUPTURAS DE UM ESTOQUE NO SETOR INDUSTRIAL:UM ESTUDO SOBRE AS PRINCIPAIS CAUSAS\u00a0<\/a><span style=\"font-size: 1rem;\">&#8211; Ana Paula Teixeira Gomes de Oliveira: Joaby da Silva Cardoso Rodrigues: Leidiane Arantes dos Santos Souza &#8211;\u00a0Orientador: Prof. Raoni Luis Olmos Lotti.<\/span><\/li>\n<li>\u00a0<a href=\"https:\/\/catolicadeanapolis.edu.br\/biblioteca\/wp-content\/uploads\/2018\/03\/ANDERSON-DOS-SANTOS-ROSA-2015.pdf\">ESTRESSE NO TRABALHO EM COLABORADORES DE SHOPPINGS NO RAMO ALIMENT\u00cdCIO<\/a> &#8211;\u00a0Anderson Dos Santos Rosa; Karollyne Santos Gontijo; Lucas Henrique das Santos Vieira; Luiz Carlos Ramos da Silva &#8211; Orientador:\u00a0Professor Ms. Artur Vandr\u00e9 Pitanga<span style=\"font-size: 1rem;\"><br \/>\n<\/span><\/li>\n<li>\u00a0<a href=\"https:\/\/catolicadeanapolis.edu.br\/biblioteca\/wp-content\/uploads\/2018\/03\/ANDR\u00c9IA-DE-S\u00c1-MORAIS-AURELIANO-20151.pdf\">ESTUDO SOBRE QUALIDADE DE VIDA NO TRABALHO DE T\u00c9CNICAS EM ENFERMAGEM<\/a>\u00a0-Andr\u00e9ia de S\u00e1 Morais aureliano; Fernando Alves de Souza; Maciel Ribeiro de Morais &#8211;\u00a0Orientador: Prof. Ms. Artur Vandr\u00e9 Pitanga.<span style=\"font-size: 1rem;\">\u00a0<\/span><\/li>\n<li><a href=\"https:\/\/catolicadeanapolis.edu.br\/biblioteca\/wp-content\/uploads\/2018\/04\/ANDR\u00c9-JOS\u00c9-DA-SILVA-SANTOS-2015.pdf\">MARKETING NO PONTO DE VENDA DO PRODUTO: UM ESTUDO SOBRE O IMPACTO DE EXPOSITORES DE PRODUTOS METAL\u00daRGICOS<\/a> &#8211; Andr\u00e9 Jose da Silva Santos; Danielle Alves Alvarenga &#8211; Orientador:\u00a0Prof. Raoni Lotti.<\/li>\n<li><a href=\"https:\/\/catolicadeanapolis.edu.br\/biblioteca\/wp-content\/uploads\/2018\/04\/CARLOS-VIN\u00cdCIUS-MAGALH\u00c3ES-LIMA-2015.pdf\">ESTUDO SOBRE A QUALIDADE DE VIDA NO TRABALHO\u00a0DE FUNCION\u00c1RIOS EM UMA EMPRESA DO RAMO\u00a0IMOBILI\u00c1RIO E DE CONSTRU\u00c7\u00c3O <\/a>&#8211; Carlos Vin\u00edcius Magalh\u00e3es Lima; Edilson Lemes do Prado; Kalisl\u00e9ia Ven\u00e2nicio Ferreira; L\u00facia de Jesus Costa Araujo &#8211; Orientador:\u00a0Prof\u00ba Ms. Artur Vandr\u00e9 Pitanga.<\/li>\n<li><a href=\"https:\/\/catolicadeanapolis.edu.br\/biblioteca\/wp-content\/uploads\/2018\/04\/CIBELE-PEREIRA-SILVA-20152.pdf\">A IMPORT\u00c2NCIA DO TREINAMENTO E DESENVOLVIMENTO APLICADO NA CONSULTORIA EMPRESARIAL F.C.A<\/a> &#8211; Cibele Pereira silva; Lidiane Soares Vaz; Wanderson Idalino da Silva &#8211; Orientadora: Thais Regina.<\/li>\n<li>O IMPACTO DA QUALIDADE NO ATENDIMENTO NA PERCEP\u00c7\u00c3O DA\u00a0SATISFA\u00c7\u00c3O DO BENEFICI\u00c1RIO DA UNIMED AN\u00c1POLIS &#8211; Dayane Sousa de Roberta Sim\u00e3o; Medeiros Elias de Oliveia &#8211; Orientador: Thais Regina de Abreu Perdig\u00e3o.<\/li>\n<li>\u00a0A IMPORT\u00c2NCIA DA LOGISTICA\/LAYOUT NO SISTEMA DE\u00a0ARMAZENAGEM EM UM SUPERMERCADO DE M\u00c9DIO PORTE &#8211; Eduarda Costa Cardoso; Jean Junio Silva Santos &#8211; Orientadora: Thais Regina de Abreu Perreira Perdig\u00e3o.<\/li>\n<li><a href=\"https:\/\/catolicadeanapolis.edu.br\/biblioteca\/wp-content\/uploads\/2018\/04\/EDUARDA-COSTA-CARDOZO-2015.pdf\">A IMPORT\u00c2NCIA DA LOG\u00cdSTICA\/LAYOUT NO SISTEMA DE\u00a0ARMAZENAGEM EM UM SUPERMERCADO DE M\u00c9DIO PORTE<\/a> &#8211; Eduarda Costa Gardoso; Jean Junio Silva Santos &#8211; Orientadora: Thais Regina de Abreu Pereira Perdigoa.<\/li>\n<li>\u00a0<a href=\"https:\/\/catolicadeanapolis.edu.br\/biblioteca\/wp-content\/uploads\/2018\/04\/EVERSON-DOS-SANTOS-2015.pdf\">A IMPORT\u00c2NCIA DO GERENCAIAMENTO DA INFORMA\u00c7\u00c3O NA PROSPEC\u00c7\u00c3O DE NOVOS NEGOCIOS E IMPULSIONAMNETO DOS RESULTADOS EM VENDAS NA IMOBIL\u00cdARIA BROKER\u00b4S HOUSE CONSULTORIA IMOBILI\u00c1RIA LTDA <\/a>&#8211;\u00a0Everson dos Santos &#8211; Orientador: Thais Regina de Abreu Pereira Perdig\u00e3o.<\/li>\n<li>\u00a0<a href=\"https:\/\/catolicadeanapolis.edu.br\/biblioteca\/wp-content\/uploads\/2018\/04\/FRANCIELLY-PEREIRA-BRAND\u00c3O-2015.pdf\">A IMPORT\u00c2NCIA DO CONTROLE DE ESTOQUE: UM ESTUDO DE CASO NA EMPRESA MADEN\u00c1POLIS<\/a> &#8211; Francielly Pereira Brand\u00e3o; Isabella Alves Machado Queiroz; Jhenning Fernandes Garcia; Jo\u00e3o Roberto de Almeida Junior &#8211;\u00a0 Orientador:\u00a0Raoni Luis Olmos Lotti.<\/li>\n<li><a href=\"https:\/\/catolicadeanapolis.edu.br\/biblioteca\/wp-content\/uploads\/2018\/04\/J\u00c9SSICA-DE-O.-ANG\u00c9LICA-2015.pdf\">ESTUDO SOBRE ESTRESSE EM UMA AMOSTRA DE INSTRUTORES\u00a0PR\u00c1TICOS DE TR\u00c2NSITO<\/a> &#8211; J\u00e9ssica de Oliveira Angelica; Jos\u00e9 Humberto Alves Fontoura J\u00fanior; Juliana Estev\u00e3o da Silva; R\u00f4mulo Abrah\u00e3o Coutinho &#8211; Orientador: Prof. Ms Artur Vandr\u00e9 Pitanga.<\/li>\n<li><a href=\"https:\/\/catolicadeanapolis.edu.br\/biblioteca\/wp-content\/uploads\/2018\/04\/JHONATA-BERLANDA-DE-SOUZA-2015.pdf\">\u00a0IMPORTANCIA DA INOVA\u00c7\u00c3O TECNOLOGICA NA OTIMIZA\u00c7\u00c3O DE RESULTADOS<\/a> &#8211; Jhonata Berlanda de Souza; Leonardo Delmondes Ribeiro; Sergio Henrique Gon\u00e7alves Garcia &#8211; Orientador:\u00a0Thais Regina de Abreu Pereira Perdig\u00e3o.<\/li>\n<li>\u00a0<a href=\"https:\/\/catolicadeanapolis.edu.br\/biblioteca\/wp-content\/uploads\/2018\/04\/K\u00c9LLI-RODRIGUES-DE-OLIVEIRA-2015.pdf\">QUALIDADE DO ATENDIMENTO E SATISFA\u00c7\u00c3O DO CLIENTE DA CASA DE CARNES MAU\u00c1<\/a> &#8211;<span style=\"font-size: 1rem;\">\u00a0<\/span><span style=\"font-size: 1rem;\">K\u00e9lli Rodrigues de Oliveira &#8211; Orientadora:\u00a0<\/span><span style=\"font-size: 1rem;\">Thais Regina de Abreu Pereira Perdig\u00e3o.<\/span><\/li>\n<li><a href=\"https:\/\/catolicadeanapolis.edu.br\/biblioteca\/wp-content\/uploads\/2018\/04\/KELLY-MENDES-FERREIRA-2015.pdf\">\u00a0FATORES QUE MOTIVAM OS INDIV\u00cdDUOS A ATUAR NO TRABALHO\u00a0VOLUNT\u00c1RIO DE TERCEIRO SETOR<\/a> &#8211; Kelly Mendes Ferreira Rodrigues; Stephane Moura Tangerino Lima &#8211; Orientadora: Prof. Thais Regina de Abreu Pereira Perdig\u00e3o.<\/li>\n<li><a href=\"https:\/\/catolicadeanapolis.edu.br\/biblioteca\/wp-content\/uploads\/2018\/04\/M\u00c1RCIO-HENRIQUE-GUIMAR\u00c3ES-2015.pdf\">QUALIDADE DE ATENDIMENTO NA PRESTA\u00c7\u00c3O DE\u00a0SERVI\u00c7OS DE CONCRETAGEM<\/a> &#8211;\u00a0M\u00e1rcio Henrique Guimar\u00e3es &#8211; Orientadora:\u00a0Thais Regina de Abreu Pereira Perdig\u00e3o.<span style=\"font-size: 1rem;\">\u00a0<\/span><\/li>\n<li><a href=\"https:\/\/catolicadeanapolis.edu.br\/biblioteca\/wp-content\/uploads\/2018\/04\/MICHAEL-ALVES-BRAGA-2015.pdf\">GEST\u00c3O DE ESTOQUE EM UMA IND\u00daSTRIA FARMAC\u00caUTICA: UM ESTUDO SOBRE A APLICA\u00c7\u00c3O DA CURVA ABC<\/a> &#8211; Michael Alves Braga; Vitor Hugo Guardiano da Paix\u00e3o; Waldir Junior Rodrigues Lima &#8211;\u00a0Prof. Raoni Luis Olmos Lotti.<\/li>\n<li><span class=\"fontstyle0\"><a href=\"https:\/\/catolicadeanapolis.edu.br\/biblioteca\/wp-content\/uploads\/2018\/10\/Wanderson-Idalino.pdf\">A IMPORT\u00c2NCIA DO TREINAMENTO E DESENVOLVIMENTO APLICADO NA CONSULTORIA EMPRESARIAL F.C.A<\/a> &#8211; Cibele Pereira Silva, Lidiany Soares Vaz, Wanderson Idalino da Silva &#8211; Orientador: Prof. Thais Regina A. Pereira Perdig\u00e3o.<br \/>\n<\/span><\/li>\n<\/ol>\n","protected":false},"excerpt":{"rendered":"<p>\u00a0CONVERSA\u00c7\u00d5ES COM FUNCION\u00c1RIOS DE UMA IND\u00daSTRIA\u00a0PAPELEIRA SOBRE ASPECTOS DA SA\u00daDE OCUPACIONAL: UMA\u00a0PESQUISA QUALITATIVA &#8211; Alexandra Santos Bueno: Aline de Oliveira Barros: Tha\u00eds Christina Pereira &#8211; Orientador: Prof. Ms. Artur Vandr\u00e9 Pitanga. \u00a0RUPTURAS DE UM ESTOQUE NO SETOR INDUSTRIAL:UM ESTUDO SOBRE AS PRINCIPAIS CAUSAS\u00a0&#8211; Ana Paula Teixeira Gomes de Oliveira: Joaby da Silva Cardoso Rodrigues: Leidiane [&hellip;]<\/p>\n","protected":false},"author":1,"featured_media":0,"parent":41,"menu_order":2,"comment_status":"open","ping_status":"open","template":"","meta":[],"_links":{"self":[{"href":"https:\/\/catolicadeanapolis.edu.br\/biblioteca\/index.php?rest_route=\/wp\/v2\/pages\/197"}],"collection":[{"href":"https:\/\/catolicadeanapolis.edu.br\/biblioteca\/index.php?rest_route=\/wp\/v2\/pages"}],"about":[{"href":"https:\/\/catolicadeanapolis.edu.br\/biblioteca\/index.php?rest_route=\/wp\/v2\/types\/page"}],"author":[{"embeddable":true,"href":"https:\/\/catolicadeanapolis.edu.br\/biblioteca\/index.php?rest_route=\/wp\/v2\/users\/1"}],"replies":[{"embeddable":true,"href":"https:\/\/catolicadeanapolis.edu.br\/biblioteca\/index.php?rest_route=%2Fwp%2Fv2%2Fcomments&post=197"}],"version-history":[{"count":46,"href":"https:\/\/catolicadeanapolis.edu.br\/biblioteca\/index.php?rest_route=\/wp\/v2\/pages\/197\/revisions"}],"predecessor-version":[{"id":2006,"href":"https:\/\/catolicadeanapolis.edu.br\/biblioteca\/index.php?rest_route=\/wp\/v2\/pages\/197\/revisions\/2006"}],"up":[{"embeddable":true,"href":"https:\/\/catolicadeanapolis.edu.br\/biblioteca\/index.php?rest_route=\/wp\/v2\/pages\/41"}],"wp:attachment":[{"href":"https:\/\/catolicadeanapolis.edu.br\/biblioteca\/index.php?rest_route=%2Fwp%2Fv2%2Fmedia&parent=197"}],"curies":[{"name":"wp","href":"https:\/\/api.w.org\/{rel}","templated":true}]}}