{"id":1977,"date":"2019-11-06T14:06:42","date_gmt":"2019-11-06T14:06:42","guid":{"rendered":"https:\/\/catolicadeanapolis.edu.br\/biblioteca\/?page_id=1977"},"modified":"2020-02-15T17:23:31","modified_gmt":"2020-02-15T17:23:31","slug":"teologia-2019","status":"publish","type":"page","link":"https:\/\/catolicadeanapolis.edu.br\/biblioteca\/?page_id=1977","title":{"rendered":"TEOLOGIA 2019"},"content":{"rendered":"<p><a href=\"https:\/\/catolicadeanapolis.edu.br\/biblioteca\/wp-content\/uploads\/2019\/11\/ANDR\u00c9-LUIS-DO-VALE.pdf\">1- O SOFRIMENTO SEGUNDO A \u201cSALVIFICI DOLORIS\u201d:<\/a> ANDR\u00c9 LUIS DO VALE<\/p>\n<p><a href=\"https:\/\/catolicadeanapolis.edu.br\/biblioteca\/wp-content\/uploads\/2019\/11\/ARNALDO-TRINDADE-DE-SOUZA.pdf\">2-\u00a0A IMPORT\u00c2NCIA DA F\u00c9 CRIST\u00c3 PARA A PESSOA HUMANA:<\/a>\u00a0ARNALDO TRINDADE DE SOUZA<\/p>\n<p><a href=\"https:\/\/catolicadeanapolis.edu.br\/biblioteca\/wp-content\/uploads\/2019\/11\/CR\u00c9SIO-RODRIGUES-DA-SILVA.pdf\">3-\u00a0TEOLOGIA E ECOLOGIA: SUSTENTABILIDADE AMBIENTAL E RELIGIOSIDADE EM URUA\u00c7U (1988 &#8211; 2018):<\/a>\u00a0CR\u00c9SIO RODRIGUES DA SILVA<\/p>\n<p><a href=\"https:\/\/catolicadeanapolis.edu.br\/biblioteca\/wp-content\/uploads\/2019\/11\/GILSON-LUIZ-PEREIRA.pdf\">4-\u00a0O HOMEM: UM SER DE NECESSIDADES:<\/a>\u00a0GILSON LUIZ PEREIRA<\/p>\n<p><a href=\"https:\/\/catolicadeanapolis.edu.br\/biblioteca\/wp-content\/uploads\/2019\/11\/JOS\u00c9-REINALDO-FELIPE-MARTINS-FILHO.pdf\">5-\u00a0A M\u00daSICA COMO RITO EM JOSEPH GELINEAU:<\/a>\u00a0JOS\u00c9 REINALDO FELIPE MARTINS FILHO<\/p>\n<p><a href=\"https:\/\/catolicadeanapolis.edu.br\/biblioteca\/wp-content\/uploads\/2019\/11\/PE.-BRUNO-TAVARES-DA-SILVA.pdf\">6-\u00a0UMA IGREJA EM SA\u00cdDA: SOBRE A MISSIONARIEDADE NOS TEMPOS ATUAIS<\/a>:\u00a0PE. BRUNO TAVARES DA SILVA<\/p>\n<p><a href=\"https:\/\/catolicadeanapolis.edu.br\/biblioteca\/wp-content\/uploads\/2019\/11\/PE.-THIAGO-OLIVEIRA-ARA\u00daJO.pdf\">7-\u00a0A EXIST\u00caNCIA DOS ANJOS DA GUARDA E SUA REAL MISS\u00c3O JUNTO AOS HOMENS:\u00a0<\/a>PE. THIAGO OLIVEIRA ARA\u00daJO<\/p>\n<p>8-<a href=\"https:\/\/catolicadeanapolis.edu.br\/biblioteca\/wp-content\/uploads\/2020\/02\/MARQUES-ALVES-MARTINS.pdf\">\u00a0A RELA\u00c7\u00c3O DE JESUS COM AS MULHERES NA PERSPECTIVA DE LUCAS 7,36-50.<\/a> &#8211;\u00a0MARQUES ALVES MARTINS. &#8211; ORIENTA\u00c7\u00c3O: ESP. PE F\u00c1BIO BARBOSA.<\/p>\n","protected":false},"excerpt":{"rendered":"<p>1- O SOFRIMENTO SEGUNDO A \u201cSALVIFICI DOLORIS\u201d: ANDR\u00c9 LUIS DO VALE 2-\u00a0A IMPORT\u00c2NCIA DA F\u00c9 CRIST\u00c3 PARA A PESSOA HUMANA:\u00a0ARNALDO TRINDADE DE SOUZA 3-\u00a0TEOLOGIA E ECOLOGIA: SUSTENTABILIDADE AMBIENTAL E RELIGIOSIDADE EM URUA\u00c7U (1988 &#8211; 2018):\u00a0CR\u00c9SIO RODRIGUES DA SILVA 4-\u00a0O HOMEM: UM SER DE NECESSIDADES:\u00a0GILSON LUIZ PEREIRA 5-\u00a0A M\u00daSICA COMO RITO EM JOSEPH GELINEAU:\u00a0JOS\u00c9 REINALDO FELIPE [&hellip;]<\/p>\n","protected":false},"author":4,"featured_media":0,"parent":54,"menu_order":6,"comment_status":"closed","ping_status":"closed","template":"","meta":[],"_links":{"self":[{"href":"https:\/\/catolicadeanapolis.edu.br\/biblioteca\/index.php?rest_route=\/wp\/v2\/pages\/1977"}],"collection":[{"href":"https:\/\/catolicadeanapolis.edu.br\/biblioteca\/index.php?rest_route=\/wp\/v2\/pages"}],"about":[{"href":"https:\/\/catolicadeanapolis.edu.br\/biblioteca\/index.php?rest_route=\/wp\/v2\/types\/page"}],"author":[{"embeddable":true,"href":"https:\/\/catolicadeanapolis.edu.br\/biblioteca\/index.php?rest_route=\/wp\/v2\/users\/4"}],"replies":[{"embeddable":true,"href":"https:\/\/catolicadeanapolis.edu.br\/biblioteca\/index.php?rest_route=%2Fwp%2Fv2%2Fcomments&post=1977"}],"version-history":[{"count":4,"href":"https:\/\/catolicadeanapolis.edu.br\/biblioteca\/index.php?rest_route=\/wp\/v2\/pages\/1977\/revisions"}],"predecessor-version":[{"id":2719,"href":"https:\/\/catolicadeanapolis.edu.br\/biblioteca\/index.php?rest_route=\/wp\/v2\/pages\/1977\/revisions\/2719"}],"up":[{"embeddable":true,"href":"https:\/\/catolicadeanapolis.edu.br\/biblioteca\/index.php?rest_route=\/wp\/v2\/pages\/54"}],"wp:attachment":[{"href":"https:\/\/catolicadeanapolis.edu.br\/biblioteca\/index.php?rest_route=%2Fwp%2Fv2%2Fmedia&parent=1977"}],"curies":[{"name":"wp","href":"https:\/\/api.w.org\/{rel}","templated":true}]}}