{"id":1987,"date":"2019-11-06T14:28:51","date_gmt":"2019-11-06T14:28:51","guid":{"rendered":"https:\/\/catolicadeanapolis.edu.br\/biblioteca\/?page_id=1987"},"modified":"2022-06-09T12:34:34","modified_gmt":"2022-06-09T12:34:34","slug":"pedagogia-2019","status":"publish","type":"page","link":"https:\/\/catolicadeanapolis.edu.br\/biblioteca\/?page_id=1987","title":{"rendered":"PEDAGOGIA 2019"},"content":{"rendered":"<p>1- <a href=\"https:\/\/catolicadeanapolis.edu.br\/biblioteca\/wp-content\/uploads\/2019\/11\/ALINE-RORIZ-CLEMENTE.pdf\">O COMPORTAMENTO DA CRIAN\u00c7A E OS AGENTES DO PROCESSO DE ADAPTA\u00c7\u00c3O NA EDUCA\u00c7\u00c3O INFANTIL.<\/a>\u00a0&#8211; ALINE RORIZ CLEMENTE. &#8211; ORIENTA\u00c7\u00c3O: PROF\u00aa. MA. ALLYNE CHAVEIRO FARINHA.<\/p>\n<p>2- <a href=\"https:\/\/catolicadeanapolis.edu.br\/biblioteca\/wp-content\/uploads\/2019\/11\/ANA-ELISA-MAIA-DA-SILVA.pdf\">A RELEV\u00c2NCIA DA M\u00daSICA NO DESENVOLVIMENTO DA CRIAN\u00c7A NA EDUCA\u00c7\u00c3O INFANTIL.<\/a> &#8211; ANA ELISA MAIA DA SILVA. &#8211;\u00a0ORIENTA\u00c7\u00c3O: PROF\u00aa. MA. ALLYNE CHAVEIRO FARINHA.<\/p>\n<p>3- <a href=\"https:\/\/catolicadeanapolis.edu.br\/biblioteca\/wp-content\/uploads\/2019\/11\/CRISTINA-DE-MOURA-SILVA.pdf\">A APLICA\u00c7\u00c3O DO BRINCAR NA EDUCA\u00c7\u00c3O INFANTIL: UM ESTUDO DE PERCEP\u00c7\u00c3O DOS DOCENTES INSCRITOS NO CURSO DE EDUCA\u00c7\u00c3O INFANTIL DO CEFOPE \u2013 CENTRO DE FORMA\u00c7\u00c3O DOS PROFISSIONAIS DA EDUCA\u00c7\u00c3O.<\/a>\u00a0&#8211; CRISTINA DE MOURA SILVA. &#8211;\u00a0ORIENTA\u00c7\u00c3O: PROF\u00aa. MA. ALLYNE CHAVEIRO FARINHA.<\/p>\n<p>4- <a href=\"https:\/\/catolicadeanapolis.edu.br\/biblioteca\/wp-content\/uploads\/2019\/11\/JACQUELINE-PATR\u00cdCIA-RODRIGUES-DOS-SANTOS.pdf\">AVALIA\u00c7\u00c3O DA APRENDIZAGEM NA EDUCA\u00c7\u00c3O INFANTIL: UMA AN\u00c1LISE DA PR\u00c1TICA DOCENTE.<\/a>\u00a0&#8211; JACQUELINE PATR\u00cdCIA RODRIGUES DOS SANTOS. &#8211;\u00a0ORIENTA\u00c7\u00c3O: PROF\u00aa. MA. ALLYNE CHAVEIRO FARINHA.<\/p>\n<p>5- <a href=\"https:\/\/catolicadeanapolis.edu.br\/biblioteca\/wp-content\/uploads\/2019\/11\/ROSA-CUMBOMBO-SACALUMBO-CHINGAMBA.pdf\">POL\u00cdTICAS P\u00daBLICAS PARA EDUCA\u00c7\u00c3O INCLUSIVA: UM ESTUDO COMPARATIVO DE ANGOLA E BRASIL.<\/a>\u00a0&#8211; ROSA CUMBOMBO SACALUMBO CHINGAMBA. &#8211;\u00a0ORIENTA\u00c7\u00c3O: PROF\u00aa. MA. ALLYNE CHAVEIRO FARINHA.<\/p>\n<p>6- <a href=\"https:\/\/catolicadeanapolis.edu.br\/biblioteca\/wp-content\/uploads\/2020\/01\/VAL\u00c9RIA-DOS-SANTOS-FERREIRA-e-VIVIANE-KARLA-FERREIRA-NUNES.pdf\">OS DESAFIOS QUE ESTRUTURAM AS RELA\u00c7\u00d5ES CONSTITU\u00cdDAS ENTRE FAM\u00cdLIA E ESCOLA.<\/a> VAL\u00c9RIA DOS SANTOS FERREIRA, VIVIANE KARLA FERREIRA NUNES. &#8211;\u00a0ORIENTA\u00c7\u00c3O: PROF\u00ba. ME. RENATO ANT\u00d4NIO RIBEIRO.<\/p>\n<p>7- <a href=\"https:\/\/catolicadeanapolis.edu.br\/biblioteca\/wp-content\/uploads\/2020\/01\/ARLETE-JUVENTINA-VENANCIO-e-DJEIZIANE-GABRIELA-DINIZ-CARVALHO.pdf\">A MUSICALIZA\u00c7\u00c3O NA EDUCA\u00c7\u00c3O INFANTIL:RESIST\u00caNCIA OU CONFORMISMO.<\/a>\u00a0&#8211; ARLETE JUVENTINA VENANCIO, DJEIZIANE GABRIELA DINIZ CARVALHO. &#8211; ORIENTA\u00c7\u00c3O: PROF\u00ba. ME. RENATO ANT\u00d4NIO RIBEIRO.<\/p>\n<p>8- <a href=\"https:\/\/catolicadeanapolis.edu.br\/biblioteca\/wp-content\/uploads\/2020\/01\/ANA-CRISTINA-SILVA-e-GEOVANA-LARA-MORAIS-OLIVEIRA.pdf\">LIBRAS NO CONTEXTO DA FORMA\u00c7\u00c3O DE PROFESSORES ALFABETIZADORES.<\/a>\u00a0&#8211; ANA CRISTINA SILVA, GEOVANA LARA MORAIS OLIVEIRA. &#8211; ORIENTA\u00c7\u00c3O: PROF\u00ba. ME. RENATO ANT\u00d4NIO RIBEIRO.<\/p>\n<p>9- <a href=\"https:\/\/catolicadeanapolis.edu.br\/biblioteca\/wp-content\/uploads\/2020\/01\/BRENA-GOMES-DE-OLIVEIRA-SILVEIRA-E-IASMYM-OLIVEIRA-BARBOSA.pdf\">O L\u00daDICO NA EDUCA\u00c7\u00c3O INFANTIL NO ENSINO DE CI\u00caNCIAS.<\/a>\u00a0&#8211; BRENA GOMES DE OLIVEIRA SILVEIRA, IASMYM OLIVEIRA BARBOSA. &#8211;\u00a0ORIENTA\u00c7\u00c3O: PROF\u00ba. ME. RENATO ANT\u00d4NIO RIBEIRO.<\/p>\n<p>10-\u00a0<a href=\"https:\/\/catolicadeanapolis.edu.br\/biblioteca\/wp-content\/uploads\/2020\/02\/NA\u00cdSSA-N\u00c1TYLA-MARINHO-GOMES-E-X\u00caNIA-CRISTINA-VEN\u00c2NCIO-CARDOSO.pdf\">FORMA\u00c7\u00c3O DOCENTE PARA POSS\u00cdVEIS CASOS DE ABUSO SEXUAL.<\/a> &#8211; NA\u00cdSSA N\u00c1TYLA MARINHO GOMES, X\u00caNIA CRISTINA VEN\u00c2NCIO CARDOSO. &#8211; ORIENTA\u00c7\u00c3O: PROF\u00ba ME. RENATO ANT\u00d4NIO RIBEIRO.<\/p>\n<p>11-\u00a0<a href=\"https:\/\/catolicadeanapolis.edu.br\/biblioteca\/wp-content\/uploads\/2020\/02\/JOAQUIM-CORREIA-FRANCISCO-E-JUSSIARA-COSTA-FARIAS.pdf\">OS DESAFIOS NA FORMA\u00c7\u00c3O DO PEDAGOGO PARA ATUAR NA COORDENA\u00c7\u00c3O PEDAG\u00d3GICA.<\/a> &#8211; JOAQUIM CORREIA FRANCISCO, JUSSIARA COSTA FARIAS. &#8211; ORIENTA\u00c7\u00c3O: PROF\u00ba ME. RENATO ANT\u00d4NIO RIBEIRO.<\/p>\n<p>12-\u00a0<a href=\"https:\/\/catolicadeanapolis.edu.br\/biblioteca\/wp-content\/uploads\/2020\/02\/D\u00c9BORA-CAROLINA-ARA\u00daJO-DE-SOUSA-E-EDIV\u00c2NIA-DA-SILVA-CUNHA.pdf\">POSSIBILIDADES E ESTRAT\u00c9GIAS NA RELA\u00c7\u00c3O TEORIA-PR\u00c1TICA DO CURSO DE PEDAGOGIA EM AN\u00c1POLIS.<\/a> &#8211; D\u00c9BORA CAROLINA ARA\u00daJO DE SOUSA, EDIV\u00c2NIA DA SILVA CUNHA. &#8211; ORIENTA\u00c7\u00c3O: PROF\u00ba ME. RENATO ANT\u00d4NIO RIBEIRO.<\/p>\n<p>13-\u00a0 <a href=\"https:\/\/catolicadeanapolis.edu.br\/biblioteca\/wp-content\/uploads\/2020\/03\/PABLYNE-CASSIMIRO-ALVES.pdf\">PEDAGOGO NO BER\u00c7\u00c1RIO: O CONFRONTO ENTRE O CUIDAR E O EDUCAR.<\/a> &#8211; PABLYNE CASSIMIRO ALVES, MILLENEMARTINS BITENCOURT. &#8211;\u00a0ORIENTA\u00c7\u00c3O: PROF\u00ba ME. RENATO ANT\u00d4NIO RIBEIRO.<\/p>\n<p>14-\u00a0<a href=\"https:\/\/catolicadeanapolis.edu.br\/biblioteca\/wp-content\/uploads\/2020\/03\/ANDR\u00c9IA-VIEIRA-DA-SILVA-E-KATIELE-OLIVEIRA-DAMASCENO.pdf\">TRANSI\u00c7\u00c3O FAM\u00cdLIA \u2013 ESCOLA: UM PROCESSO MEDIADO PELA AFETIVIDADE<\/a>. &#8211; ANDR\u00c9IA VIEIRA DA SILVA, KATIELE OLIVEIRA DAMASCENO. &#8211;\u00a0ORIENTA\u00c7\u00c3O: PROF\u00ba ME. RENATO ANT\u00d4NIO RIBEIRO.<\/p>\n<p>15-\u00a0<a href=\"https:\/\/catolicadeanapolis.edu.br\/biblioteca\/wp-content\/uploads\/2021\/06\/JUSSARA-APARECIDA-GON\u00c7ALVES.pdf\">LEITURA NOS ANOS INICIAIS DE ALFABETIZA\u00c7\u00c3O.<\/a> &#8211;\u00a0JUSSARA APARECIDA GON\u00c7ALVES. &#8211; ORIENTA\u00c7\u00c3O: PROF\u00aa ARACELLY RODRIGUES LOURDES RANGEL.<\/p>\n<p>16-\u00a0<a href=\"https:\/\/catolicadeanapolis.edu.br\/biblioteca\/wp-content\/uploads\/2021\/06\/HELENA-CRISTINA-MACHADO-FONTES-J\u00c9SSICA-CAETANO-RIBEIRO-GODINHO-NATALINA-VALERIANO-DOS-SANTOS-DA-COSTA.pdf\">A IMPORT\u00c2NCIA DO BRINCAR NA EDUCA\u00c7\u00c3O INFANTIL.<\/a> &#8211;\u00a0HELENA CRISTINA MACHADO FONTES, J\u00c9SSICA CAETANO RIBEIRO GODINHO, NATALINA VALERIANO DOS SANTOS DA COSTA. &#8211; ORIENTA\u00c7\u00c3O: PROF\u00aa MA. MARISA ROVEDA.<\/p>\n<p>17-\u00a0<a href=\"https:\/\/catolicadeanapolis.edu.br\/biblioteca\/wp-content\/uploads\/2021\/06\/EMYLLAY-CAROLINE-DE-S\u00c1-CARDOSO-ROBERTA-FLEURY-CARDOSO-SAMIA-PEREIRA-DE-PINA.pdf\">A IMPORT\u00c2NCIA DAS ATIVIDADES L\u00daDICAS NA EDUCA\u00c7\u00c3O INFANTIL.<\/a> &#8211;\u00a0EMYLLAY CAROLINE DE S\u00c1 CARDOSO, ROBERTA FLEURY CARDOSO, SAMIA PEREIRA DE PINA. &#8211;\u00a0ORIENTA\u00c7\u00c3O: PROF\u00aa ARACELLY RODRIGUES LOURDES RANGEL.<\/p>\n<p>18-\u00a0<a href=\"https:\/\/catolicadeanapolis.edu.br\/biblioteca\/wp-content\/uploads\/2021\/06\/ELISANGELA-MARIA-DE-MELO-SIQUEIRA-NEIDE-DE-SOUSA-MACHADO-COSTA-RAYANE-DOS-SANTOS-NASCIMENTO.pdf\">A INCLUS\u00c3O DO ALUNO COM TRANSTORNO DO ESPECTRO AUTISTA (TEA) NO ENSINO REGULAR.<\/a> &#8211;\u00a0ELISANGELA MARIA DE MELO SIQUEIRA, NEIDE DE SOUSA MACHADO COSTA, RAYANE DOS SANTOS NASCIMENTO. &#8211;\u00a0ORIENTA\u00c7\u00c3O: PROF\u00aa ARACELLY RODRIGUES LOURDES RANGEL.<\/p>\n<p>19-\u00a0<a href=\"https:\/\/catolicadeanapolis.edu.br\/biblioteca\/wp-content\/uploads\/2021\/06\/ELISANGELA-GOMES-DA-SILVA-JANAIRA-BATISTA-FERREIRA-LAIZIANA-SILVA-GON\u00c7ALVES-MARIA-APARECIDA-CHAVES-DA-COSTA.pdf\">A IMPORT\u00c2NCIA DA LUDICIDADE PARA A EDUCA\u00c7\u00c3O INFANTIL.<\/a> &#8211;\u00a0ELISANGELA GOMES DA SILVA, JANAIRA BATISTA FERREIRA, LAIZIANA SILVA GON\u00c7ALVES, MARIA APARECIDA CHAVES DA COSTA. &#8211;\u00a0ORIENTA\u00c7\u00c3O: PROF\u00aa MA. MARISA ROVEDA.<\/p>\n<p>20-\u00a0<a href=\"https:\/\/catolicadeanapolis.edu.br\/biblioteca\/wp-content\/uploads\/2021\/06\/CLEINIR-DE-ALMEIDA-TAYSLAINE-VANUNCIO-PEREIRA.pdf\">DIFICULDADE DE ENSINO-APRENDIZAGEM DE CRIAN\u00c7AS COM TDAH.<\/a> &#8211;\u00a0CLEINIR DE ALMEIDA, TAYSLAINE VANUNCIO PEREIRA. &#8211;\u00a0ORIENTA\u00c7\u00c3O: PROF\u00aa MA. MARISA ROVEDA.<\/p>\n<p>21-\u00a0<a href=\"https:\/\/catolicadeanapolis.edu.br\/biblioteca\/wp-content\/uploads\/2021\/06\/EDIANE-PARREIRA-SIMOA-GABRIELA-ARAUJO-DOS-SANTOS-SABRINA-DE-LOURDES-VEIGA.pdf\">A IMPORT\u00c2NCIA DA M\u00daSICA NA EDUCA\u00c7\u00c3O INFANTIL.<\/a> &#8211;\u00a0EDIANE PARREIRA SIMOA<br \/>\nGABRIELA ARAUJO DOS SANTOS, SABRINA DE LOURDES VEIGA. &#8211;\u00a0ORIENTA\u00c7\u00c3O: PROF\u00aa ARACELLY RODRIGUES LOURDES RANGEL.<\/p>\n<p>22-\u00a0<a href=\"https:\/\/catolicadeanapolis.edu.br\/biblioteca\/wp-content\/uploads\/2021\/06\/BRUNA-BERNARDO-ISABELLA-BERNARDO-LAMARIA-IN\u00c1CIA-BATISTA.pdf\">GEST\u00c3O DEMOCR\u00c1TICA NO PLANO NACIONAL DE EDUCA\u00c7\u00c3O (PNE).<\/a> &#8211;\u00a0BRUNA BERNARDO, ISABELLA BERNARDO, LAMARIA IN\u00c1CIA BATISTA. &#8211;\u00a0ORIENTA\u00c7\u00c3O: PROF\u00aa ARACELLY RODRIGUES LOURDES RANGEL.<\/p>\n<p>23-\u00a0<a href=\"https:\/\/catolicadeanapolis.edu.br\/biblioteca\/wp-content\/uploads\/2021\/06\/CL\u00c1UDIA-DA-SILVA-PEREIRA.-DENIMAR-SOUSA-CAMARGO-MELO-LUCILENE-DE-SOUSA-BORGES-LANNA-JESSICA-DA-VEIGA-PAIVA.pdf\">ALFABETIZA\u00c7\u00c3O E LETRAMENTO: AQUISI\u00c7\u00c3O DA L\u00cdNGUA.<\/a> &#8211;\u00a0CL\u00c1UDIA DA SILVA PEREIRA.<br \/>\nDENIMAR SOUSA CAMARGO MELO, LUCILENE DE SOUSA BORGES, LANNA JESSICA DA VEIGA PAIVA. &#8211;\u00a0ORIENTA\u00c7\u00c3O: PROF\u00aa MA. MARISA ROVEDA.<\/p>\n<p>24-<a href=\"https:\/\/catolicadeanapolis.edu.br\/biblioteca\/wp-content\/uploads\/2021\/06\/CL\u00c1UDIA-ARIANDA-DE-S\u00c1-MARQUES-LIDIA-DE-S\u00c1-MACHADO-VANDA-MEIRE-CARDOSO-MEDEIROS.pdf\">\u00a0PROBLEMAS QUE OS PROFISSIONAIS DE EDUCA\u00c7\u00c3O ENFRENTAM COM<\/a><br \/>\nRELA\u00c7\u00c3O AO TDAH. &#8211;\u00a0CL\u00c1UDIA ARIANDA DE S\u00c1 MARQUES, LIDIA DE S\u00c1 MACHADO, VANDA MEIRE CARDOSO MEDEIROS. &#8211; ORIENTA\u00c7\u00c3O: PROF\u00aa ARACELLY RODRIGUES LOURDES RANGEL.<\/p>\n<p>25-\u00a0<a href=\"https:\/\/catolicadeanapolis.edu.br\/biblioteca\/wp-content\/uploads\/2021\/06\/ARIADNE-APARECIDA-DE-PINA-CHANDALLA-MUDRY-DOS-SANTOS-SILVA-MOREIRA.pdf\">A IMPORT\u00c2NCIA DA M\u00daSICA NO DESENVOLVIMENTO DE CRIAN\u00c7AS NA EDUCA\u00c7\u00c3O INFANTIL.<\/a> &#8211;\u00a0ARIADNE APARECIDA DE PINA, CHANDALLA MUDRY DOS SANTOS SILVA MOREIRA. &#8211;\u00a0ORIENTA\u00c7\u00c3O: PROF\u00aa ARACELLY RODRIGUES LOURDES RANGEL.<\/p>\n<p>26-\u00a0<a href=\"https:\/\/catolicadeanapolis.edu.br\/biblioteca\/wp-content\/uploads\/2021\/06\/CARLA-LORENA-DE-PAULA-ANTUNES-CATIUSCIA-MORAES-SILVA-VEIGA-JANA\u00cdNA-SILVA-DE-OLIVEIRA-LACERDA-J\u00c9SSICA-LOBO.pdf\">DISLEXIA: DESCOBERTAS E APRENDIZAGENS.<\/a> &#8211;\u00a0CARLA LORENA DE PAULA ANTUNES, CATIUSCIA MORAES SILVA VEIGA, JANA\u00cdNA SILVA DE OLIVEIRA LACERDA, J\u00c9SSICA LOBO. &#8211;\u00a0ORIENTA\u00c7\u00c3O: PROF\u00aa ARACELLY RODRIGUES LOURDES RANGEL.<\/p>\n<p>27-\u00a0<a href=\"https:\/\/catolicadeanapolis.edu.br\/biblioteca\/wp-content\/uploads\/2021\/06\/ANDRIELLY-PINA-GAMBA-RAQUEL-SIMOA-DE-MORAIS-ROCHA-SOPHIA-STEPHANE-RODRIGUES-DA-VEIGA-VANY-DA-CRUZ-ALVES.pdf\">TDAH: DISCUSS\u00c3O TE\u00d3RICA IMPRESCIND\u00cdVEL SOBRE O PROCESSO DE INCLUS\u00c3O NA EDUCA\u00c7\u00c3O INFANTIL.<\/a> &#8211;\u00a0ANDRIELLY PINA GAMBA, RAQUEL SIMOA DE MORAIS ROCHA, SOPHIA STEPHANE RODRIGUES DA VEIGA, VANY DA CRUZ ALVES. &#8211;\u00a0ORIENTA\u00c7\u00c3O: PROF\u00aa ARACELLY RODRIGUES LOURDES RANGEL.<\/p>\n<p>28-\u00a0<a href=\"https:\/\/catolicadeanapolis.edu.br\/biblioteca\/wp-content\/uploads\/2021\/06\/C\u00c1RITA-RIBEIRO-DE-FREITAS-MOREIRA-CL\u00c1UDIA-MARIA-CIPRIANO-GOMES-WITORIZ-CLEUDILENE-SIQUEIRA-MARIA-HELENA-CARDOSO-DA-SILVA.pdf\">A IMPORT\u00c2NCIA DA M\u00daSICA NA EDUCA\u00c7\u00c3O INFANTIL.<\/a> &#8211;\u00a0C\u00c1RITA RIBEIRO DE FREITAS MOREIRA, CL\u00c1UDIA MARIA CIPRIANO GOMES WITORIZ, CLEUDILENE SIQUEIRA, MARIA HELENA CARDOSO DA SILVA. &#8211;\u00a0ORIENTA\u00c7\u00c3O: PROF\u00aa MA. MARISA ROVEDA.<\/p>\n<p>29-\u00a0<a href=\"https:\/\/catolicadeanapolis.edu.br\/biblioteca\/wp-content\/uploads\/2021\/06\/ANA-PAULA-PARREIRA-GOMES-ARMANDA-CIPRIANO-DOS-SANTOS-DANIELA-PAVELKONSKI-DE-ALEXANDRIA-SIQUEIRA.pdf\">A IMPORT\u00c2NCIA DA LITERATURA INFANTIL COMO INSTRUMENTO DE DESENVOLVIMENTO DO H\u00c1BITO DA LEITURA NA EDUCA\u00c7\u00c3O INFANTIL.<\/a> &#8211;\u00a0ANA PAULA PARREIRA GOMES, ARMANDA CIPRIANO DOS SANTOS, DANIELA PAVELKONSKI DE ALEXANDRIA SIQUEIRA, ELICENE IN\u00c1CIA SANTANA SANTOS SILVA. &#8211;\u00a0ORIENTA\u00c7\u00c3O: PROF\u00aa MA. MARISA ROVEDA.<\/p>\n<p>30-\u00a0<a href=\"https:\/\/catolicadeanapolis.edu.br\/biblioteca\/wp-content\/uploads\/2021\/06\/VLEIZE-MERINO-KUZ.pdf\">A IMPORT\u00c2NICA DO PROFISSIONAL PSICOPEDAGOGO NO CONTEXTO ESCOLAR.<\/a> &#8211;\u00a0VLEIZE MERINO KUZ. &#8211;\u00a0ORIENTA\u00c7\u00c3O: PROF\u00aa MA. MARISA ROVEDA.<\/p>\n<p>31-\u00a0<a href=\"https:\/\/catolicadeanapolis.edu.br\/biblioteca\/wp-content\/uploads\/2021\/06\/Laila-Rany-Rodrigues-Ferreira-Torres-Stefane-Caroline-Da-Silva-Caetano.pdf\">DESAFIOS DA APRENDIZAGEM NA LEITURA E NA ESCRITA NO ENSINO SUPERIOR NO CURSO DE PEDAGOGIA.<\/a> &#8211; LAILA RANY RODRIGUES FERREIRA TORRES, STEFANE CAROLINE DA SILVA CAETANO. &#8211; ORIENTA\u00c7\u00c3O: PROF\u00ba ME. RENATO ANT\u00d4NIO RIBEIRO.<\/p>\n<p>32-\u00a0<a href=\"https:\/\/catolicadeanapolis.edu.br\/biblioteca\/?attachment_id=3400\">SISTEMA PREVENTIVO DE DOM BOSCO NA RESOLU\u00c7\u00c3O DA INDISCIPLINA.<\/a> &#8211;\u00a0Aline de Sousa Batista;\u00a0Maria Gabriela Sch\u00e4fer. &#8211;\u00a0Orienta\u00e7\u00e3o: MSc. Renato Ant\u00f4nio Ribeiro<\/p>\n<p>33-\u00a0<a href=\"https:\/\/catolicadeanapolis.edu.br\/biblioteca\/?attachment_id=3401\">A MANIFESTA\u00c7\u00c3O DA SEXUALIDADE INFANTIL E AS MEDIA\u00c7\u00d5ES AFETIVO PEDAG\u00d3GICAS.<\/a> &#8211;\u00a0Ana Carolina Fernandes De Castro Peixoto;\u00a0Julliana Lemes De Ara\u00fajo. &#8211;\u00a0Orienta\u00e7\u00e3o: Prof\u00ba Me. Renato Ant\u00f4nio Ribeiro<\/p>\n<p>34-\u00a0<a href=\"https:\/\/catolicadeanapolis.edu.br\/biblioteca\/?attachment_id=3402\">O EST\u00c1GIO SUPERVISIONADO COMO FERRAMENTA DECONHECIMENTO DE SUA FORMA\u00c7\u00c3O DOCENTE.<\/a> &#8211;\u00a0Ana Fl\u00e1via Martins Souza;\u00a0Suzane Martins Borges Silva. &#8211;\u00a0Orienta\u00e7\u00e3o: MSc. Renato Ant\u00f4nio Ribeiro<\/p>\n<p>35-\u00a0<a href=\"https:\/\/catolicadeanapolis.edu.br\/biblioteca\/?attachment_id=3403\">A LITERATURA INFANTIL NO PROCESSO DE AQUISI\u00c7\u00c3O DA LEITURA E ESCRITA.<\/a> &#8211;\u00a0Ana Maria Moreira dos Santos;\u00a0Lohany Sirqueira de Souza. &#8211;\u00a0Orienta\u00e7\u00e3o: Prof\u00ba Me. Renato Ant\u00f4nio Ribeiro<\/p>\n<p>36 &#8211;\u00a0<a href=\"https:\/\/catolicadeanapolis.edu.br\/biblioteca\/?attachment_id=3404\">INSTRUMENTOS NORTEADORES DA AVALIA\u00c7\u00c3O DA APRENDIZAGEM NA EDUCA\u00c7\u00c3O INFANTIL.<\/a> &#8211;\u00a0DANIELA DO NASCIMENTO TEIXEIRA;\u00a0RENATA DO PRADO DEZZEN COURTE. &#8211;\u00a0Orienta\u00e7\u00e3o: Prof\u00ba Me. Renato Ant\u00f4nio Ribeiro.<\/p>\n<p>37-\u00a0<a href=\"https:\/\/catolicadeanapolis.edu.br\/biblioteca\/?attachment_id=3405\">A PR\u00c1TICA DO TRABALHO PEDAG\u00d3GICO A PARTIR DE PROJETOS NA EDUCA\u00c7\u00c3O INFANTIL.<\/a> &#8211; D\u00e9bora La\u00eds Souza Farias;\u00a0Naiara Cristina Xavier Fernandes. &#8211;\u00a0Orienta\u00e7\u00e3o: Prof\u00ba Me. Renato Ant\u00f4nio Ribeiro.<\/p>\n<p>&nbsp;<\/p>\n<p>&nbsp;<\/p>\n<p>&nbsp;<\/p>\n","protected":false},"excerpt":{"rendered":"<p>1- O COMPORTAMENTO DA CRIAN\u00c7A E OS AGENTES DO PROCESSO DE ADAPTA\u00c7\u00c3O NA EDUCA\u00c7\u00c3O INFANTIL.\u00a0&#8211; ALINE RORIZ CLEMENTE. &#8211; ORIENTA\u00c7\u00c3O: PROF\u00aa. MA. ALLYNE CHAVEIRO FARINHA. 2- A RELEV\u00c2NCIA DA M\u00daSICA NO DESENVOLVIMENTO DA CRIAN\u00c7A NA EDUCA\u00c7\u00c3O INFANTIL. &#8211; ANA ELISA MAIA DA SILVA. &#8211;\u00a0ORIENTA\u00c7\u00c3O: PROF\u00aa. MA. ALLYNE CHAVEIRO FARINHA. 3- A APLICA\u00c7\u00c3O DO BRINCAR NA [&hellip;]<\/p>\n","protected":false},"author":4,"featured_media":0,"parent":1984,"menu_order":1,"comment_status":"closed","ping_status":"closed","template":"","meta":[],"_links":{"self":[{"href":"https:\/\/catolicadeanapolis.edu.br\/biblioteca\/index.php?rest_route=\/wp\/v2\/pages\/1987"}],"collection":[{"href":"https:\/\/catolicadeanapolis.edu.br\/biblioteca\/index.php?rest_route=\/wp\/v2\/pages"}],"about":[{"href":"https:\/\/catolicadeanapolis.edu.br\/biblioteca\/index.php?rest_route=\/wp\/v2\/types\/page"}],"author":[{"embeddable":true,"href":"https:\/\/catolicadeanapolis.edu.br\/biblioteca\/index.php?rest_route=\/wp\/v2\/users\/4"}],"replies":[{"embeddable":true,"href":"https:\/\/catolicadeanapolis.edu.br\/biblioteca\/index.php?rest_route=%2Fwp%2Fv2%2Fcomments&post=1987"}],"version-history":[{"count":9,"href":"https:\/\/catolicadeanapolis.edu.br\/biblioteca\/index.php?rest_route=\/wp\/v2\/pages\/1987\/revisions"}],"predecessor-version":[{"id":3430,"href":"https:\/\/catolicadeanapolis.edu.br\/biblioteca\/index.php?rest_route=\/wp\/v2\/pages\/1987\/revisions\/3430"}],"up":[{"embeddable":true,"href":"https:\/\/catolicadeanapolis.edu.br\/biblioteca\/index.php?rest_route=\/wp\/v2\/pages\/1984"}],"wp:attachment":[{"href":"https:\/\/catolicadeanapolis.edu.br\/biblioteca\/index.php?rest_route=%2Fwp%2Fv2%2Fmedia&parent=1987"}],"curies":[{"name":"wp","href":"https:\/\/api.w.org\/{rel}","templated":true}]}}