{"id":1993,"date":"2019-11-06T14:43:39","date_gmt":"2019-11-06T14:43:39","guid":{"rendered":"https:\/\/catolicadeanapolis.edu.br\/biblioteca\/?page_id=1993"},"modified":"2024-08-14T00:05:17","modified_gmt":"2024-08-14T00:05:17","slug":"filosofia-2019","status":"publish","type":"page","link":"https:\/\/catolicadeanapolis.edu.br\/biblioteca\/?page_id=1993","title":{"rendered":"FILOSOFIA 2019"},"content":{"rendered":"<p><a href=\"https:\/\/catolicadeanapolis.edu.br\/biblioteca\/wp-content\/uploads\/2019\/12\/CARLOS-ALBERTO-O.-NEIVA-J\u00daNIOR.pdf\">1- FRODO &amp; SAM: UMA APRESENTA\u00c7\u00c3O FILOS\u00d3FICA DA VIRTUDE DA AMIZADE NA OBRA O SENHOR DOS AN\u00c9IS DE J. R. R. TOLKIEN: <\/a>\u00a0CARLOS ALBERTO O. NEIVA J\u00daNIOR.<\/p>\n<p><a href=\"https:\/\/catolicadeanapolis.edu.br\/biblioteca\/wp-content\/uploads\/2020\/01\/WILSON-MENDES-DA-SILVA-NETO.pdf\">2- OS QUATRO TEMPERAMENTOS B\u00c1SICOS: <\/a>WILSON MENDES DA SILVA NETO.<\/p>\n<p><a href=\"https:\/\/catolicadeanapolis.edu.br\/biblioteca\/wp-content\/uploads\/2020\/01\/HIAGO-MOREIRA-RIBEIRO.pdf\">3- REPRODU\u00c7\u00c3O ASSEXUADA HUMANA: UMA REFLEX\u00c3O FILOS\u00d3FICA SOBRE OS G\u00caMEOS MONOZIG\u00d3TICOS:<\/a>\u00a0HIAGO MOREIRA RIBEIRO.<\/p>\n<p><a href=\"https:\/\/catolicadeanapolis.edu.br\/biblioteca\/wp-content\/uploads\/2020\/01\/GEAN-CACIO-LOPES-RIBEIRO.pdf\">4- A MEDITA\u00c7\u00c3O PARA ECLESI\u00c1STICOS E SEMINARISTAS, UNIDA A EXERC\u00cdCIOS DE CONCENTRA\u00c7\u00c3O, COMO POSS\u00cdVEL MEIO DE PREVEN\u00c7\u00c3O DA S\u00cdNDROME DE BURNOUT, DENTRE OUTROS DIST\u00daRBIOS PSICOL\u00d3GICOS:<\/a>\u00a0GEAN CACIO LOPES RIBEIRO.<\/p>\n<p><a href=\"https:\/\/catolicadeanapolis.edu.br\/biblioteca\/wp-content\/uploads\/2020\/01\/C\u00c9LIO-RODRIGUES-DE-SOUZA.pdf\">5- O DESENVOLVIMENTO DO MODO DE ENTENDER A PESSOA HUMANA: O PERSONALISMO WOJTYLIANO FRENTE AOS PROBLEMAS MODERNOS:<\/a>\u00a0C\u00c9LIO RODRIGUES DE SOUZA<\/p>\n<p>6- <a href=\"https:\/\/catolicadeanapolis.edu.br\/biblioteca\/wp-content\/uploads\/2020\/02\/WANDERSON-DA-SILVA-REIS.pdf\">A CRISE DE IDENTIDADE COM RESPOSTA EM EDITH STEIN.<\/a> &#8211;\u00a0WANDERSON DA SILVA REIS. &#8211; ORIENTA\u00c7\u00c3O: PROF. ME. TOBIAS DIAS GOUL\u00c3O.<\/p>\n<p>7-\u00a0<a href=\"https:\/\/catolicadeanapolis.edu.br\/biblioteca\/wp-content\/uploads\/2020\/02\/MATHEUS-DA-SILVA-OLIVEIRA.pdf\">A DIGN<span style=\"font-size: 1rem;\">IDADE DO CORPO HUMANO NA DUALIDADE ANTROPOL\u00d3GICA.<\/span><\/a><span style=\"font-size: 1rem;\">\u00a0&#8211;\u00a0<\/span><span style=\"font-size: 1rem;\">MATHEUS DA SILVA OLIVEIRA. &#8211;<\/span><span style=\"font-size: 1rem;\"> ORIENTA\u00c7\u00c3O: PROF. ME. TOBIAS DIAS GOUL\u00c3O.\u00a0<\/span><\/p>\n<p>8- <a href=\"https:\/\/catolicadeanapolis.edu.br\/biblioteca\/wp-content\/uploads\/2021\/06\/KALLAS-HANS-HERMANN-DAS-GRA\u00c7AS-ROCHA.pdf\">A M\u00daSICA \u00c0 LUZ DA FILOSOFIA DA LINGUAGEM DE WITTGENSTEIN.<\/a> &#8211;\u00a0KALLAS HANS HERMANN DAS GRA\u00c7AS ROCHA. &#8211; ORIENTA\u00c7\u00c3O: PROF\u00ba ME. TOBIAS DIAS GOUL\u00c3O.<\/p>\n<p>9- <a href=\"_wp_link_placeholder\" data-wplink-edit=\"true\"><span class=\"fontstyle0\">O DESENVOLVIMENTO DAS CI\u00caNCIAS F\u00cdSICO-MATEM\u00c1TICAS MODERNAS E<br \/>\nSEUS LIMITES: UM RETORNO AO BARCO<\/span><\/a> &#8211; <span class=\"fontstyle0\">MARCUS VIN\u00cdCIUS LOURES RANGEL<\/span><\/p>\n","protected":false},"excerpt":{"rendered":"<p>1- FRODO &amp; SAM: UMA APRESENTA\u00c7\u00c3O FILOS\u00d3FICA DA VIRTUDE DA AMIZADE NA OBRA O SENHOR DOS AN\u00c9IS DE J. R. R. TOLKIEN: \u00a0CARLOS ALBERTO O. NEIVA J\u00daNIOR. 2- OS QUATRO TEMPERAMENTOS B\u00c1SICOS: WILSON MENDES DA SILVA NETO. 3- REPRODU\u00c7\u00c3O ASSEXUADA HUMANA: UMA REFLEX\u00c3O FILOS\u00d3FICA SOBRE OS G\u00caMEOS MONOZIG\u00d3TICOS:\u00a0HIAGO MOREIRA RIBEIRO. 4- A MEDITA\u00c7\u00c3O PARA ECLESI\u00c1STICOS [&hellip;]<\/p>\n","protected":false},"author":4,"featured_media":0,"parent":56,"menu_order":6,"comment_status":"closed","ping_status":"closed","template":"","meta":[],"_links":{"self":[{"href":"https:\/\/catolicadeanapolis.edu.br\/biblioteca\/index.php?rest_route=\/wp\/v2\/pages\/1993"}],"collection":[{"href":"https:\/\/catolicadeanapolis.edu.br\/biblioteca\/index.php?rest_route=\/wp\/v2\/pages"}],"about":[{"href":"https:\/\/catolicadeanapolis.edu.br\/biblioteca\/index.php?rest_route=\/wp\/v2\/types\/page"}],"author":[{"embeddable":true,"href":"https:\/\/catolicadeanapolis.edu.br\/biblioteca\/index.php?rest_route=\/wp\/v2\/users\/4"}],"replies":[{"embeddable":true,"href":"https:\/\/catolicadeanapolis.edu.br\/biblioteca\/index.php?rest_route=%2Fwp%2Fv2%2Fcomments&post=1993"}],"version-history":[{"count":14,"href":"https:\/\/catolicadeanapolis.edu.br\/biblioteca\/index.php?rest_route=\/wp\/v2\/pages\/1993\/revisions"}],"predecessor-version":[{"id":3649,"href":"https:\/\/catolicadeanapolis.edu.br\/biblioteca\/index.php?rest_route=\/wp\/v2\/pages\/1993\/revisions\/3649"}],"up":[{"embeddable":true,"href":"https:\/\/catolicadeanapolis.edu.br\/biblioteca\/index.php?rest_route=\/wp\/v2\/pages\/56"}],"wp:attachment":[{"href":"https:\/\/catolicadeanapolis.edu.br\/biblioteca\/index.php?rest_route=%2Fwp%2Fv2%2Fmedia&parent=1993"}],"curies":[{"name":"wp","href":"https:\/\/api.w.org\/{rel}","templated":true}]}}