{"id":1995,"date":"2019-11-06T14:46:04","date_gmt":"2019-11-06T14:46:04","guid":{"rendered":"https:\/\/catolicadeanapolis.edu.br\/biblioteca\/?page_id=1995"},"modified":"2021-06-24T18:41:04","modified_gmt":"2021-06-24T18:41:04","slug":"2019-2","status":"publish","type":"page","link":"https:\/\/catolicadeanapolis.edu.br\/biblioteca\/?page_id=1995","title":{"rendered":"ADMINISTRA\u00c7\u00c3O 2019"},"content":{"rendered":"<p>1- <a href=\"https:\/\/catolicadeanapolis.edu.br\/biblioteca\/wp-content\/uploads\/2019\/11\/JAYANE-DE-MELO-BEZERRA-LEIDIANE-ALVES-FEITOSA-E-ROSIANE-MATOS-TAVARES.pdf\">PESQUISA DE SATISFA\u00c7\u00c3O DOS GRADUANDOS DE\u00a0ADMINISTRA\u00c7\u00c3O E RECURSOS HUMANOS DA FACULDADE CAT\u00d3LICA DE AN\u00c1POLIS, EM RELA\u00c7\u00c3O \u00c0S COMPRAS FEITAS ATRAV\u00c9S DO E-COMMERCE.<\/a>\u00a0&#8211; JAYANE DE MELO BEZERRA, LEIDIANE ALVES FEITOSA, ROSIANE MATOS TAVARES. &#8211; ORIENTA\u00c7\u00c3O:<\/p>\n<p>2- <a href=\"https:\/\/catolicadeanapolis.edu.br\/biblioteca\/wp-content\/uploads\/2020\/01\/FERNANDO-LIMA-MAYKON-CARDOSO-DOS-SANTOS-E-RAPHAEL-DE-OLIVEIRA-SOUSA.pdf\">LOG\u00cdSTICA REVERSA DAS EMBALAGENS DE AGROT\u00d3XICO NO MUNIC\u00cdPIO DE DEUSL\u00c2NDIA-GO.<\/a>\u00a0&#8211; FERNANDO LIMA, MAYKON CARDOSO DOS SANTOS, RAPHAEL DE OLIVEIRA SOUSA. &#8211; ORIENTA\u00c7\u00c3O:<\/p>\n<p>3- <a href=\"https:\/\/catolicadeanapolis.edu.br\/biblioteca\/wp-content\/uploads\/2020\/01\/RAPHAELLA-BORGES-BARBOSA.pdf\">PLANEJAMENTO FINANCEIRO NAS S\u00c9RIES INICIAIS DO ENSINO\u00a0FUNDAMENTA.<\/a>\u00a0&#8211; RAPHAELLA BORGES BARBOSA. &#8211; ORIENTA\u00c7\u00c3O:<\/p>\n<p>4-\u00a0<a href=\"https:\/\/catolicadeanapolis.edu.br\/biblioteca\/wp-content\/uploads\/2021\/06\/THAMIRES-FLOR\u00caNCIO-GUEDES-TIAGO-KHALLOUF-GUIMAR\u00c3ES.pdf\">A IMPORT\u00c2NCIA DA LIDERAN\u00c7A SERVIDORA E INTELIG\u00caNCIA EMOCIONAL FOCANDO EM RESULTADOS EFICAZES.<\/a> &#8211;\u00a0THAMIRES FLOR\u00caNCIO GUEDES, TIAGO KHALLOUF GUIMAR\u00c3ES. &#8211; ORIENTA\u00c7\u00c3O: PROF\u00aa THAIS REGINA DE ABREU PEREIRA PERDIG\u00c3O.<\/p>\n<p>&nbsp;<\/p>\n","protected":false},"excerpt":{"rendered":"<p>1- PESQUISA DE SATISFA\u00c7\u00c3O DOS GRADUANDOS DE\u00a0ADMINISTRA\u00c7\u00c3O E RECURSOS HUMANOS DA FACULDADE CAT\u00d3LICA DE AN\u00c1POLIS, EM RELA\u00c7\u00c3O \u00c0S COMPRAS FEITAS ATRAV\u00c9S DO E-COMMERCE.\u00a0&#8211; JAYANE DE MELO BEZERRA, LEIDIANE ALVES FEITOSA, ROSIANE MATOS TAVARES. &#8211; ORIENTA\u00c7\u00c3O: 2- LOG\u00cdSTICA REVERSA DAS EMBALAGENS DE AGROT\u00d3XICO NO MUNIC\u00cdPIO DE DEUSL\u00c2NDIA-GO.\u00a0&#8211; FERNANDO LIMA, MAYKON CARDOSO DOS SANTOS, RAPHAEL DE OLIVEIRA [&hellip;]<\/p>\n","protected":false},"author":4,"featured_media":0,"parent":41,"menu_order":6,"comment_status":"closed","ping_status":"closed","template":"","meta":[],"_links":{"self":[{"href":"https:\/\/catolicadeanapolis.edu.br\/biblioteca\/index.php?rest_route=\/wp\/v2\/pages\/1995"}],"collection":[{"href":"https:\/\/catolicadeanapolis.edu.br\/biblioteca\/index.php?rest_route=\/wp\/v2\/pages"}],"about":[{"href":"https:\/\/catolicadeanapolis.edu.br\/biblioteca\/index.php?rest_route=\/wp\/v2\/types\/page"}],"author":[{"embeddable":true,"href":"https:\/\/catolicadeanapolis.edu.br\/biblioteca\/index.php?rest_route=\/wp\/v2\/users\/4"}],"replies":[{"embeddable":true,"href":"https:\/\/catolicadeanapolis.edu.br\/biblioteca\/index.php?rest_route=%2Fwp%2Fv2%2Fcomments&post=1995"}],"version-history":[{"count":6,"href":"https:\/\/catolicadeanapolis.edu.br\/biblioteca\/index.php?rest_route=\/wp\/v2\/pages\/1995\/revisions"}],"predecessor-version":[{"id":2974,"href":"https:\/\/catolicadeanapolis.edu.br\/biblioteca\/index.php?rest_route=\/wp\/v2\/pages\/1995\/revisions\/2974"}],"up":[{"embeddable":true,"href":"https:\/\/catolicadeanapolis.edu.br\/biblioteca\/index.php?rest_route=\/wp\/v2\/pages\/41"}],"wp:attachment":[{"href":"https:\/\/catolicadeanapolis.edu.br\/biblioteca\/index.php?rest_route=%2Fwp%2Fv2%2Fmedia&parent=1995"}],"curies":[{"name":"wp","href":"https:\/\/api.w.org\/{rel}","templated":true}]}}