{"id":206,"date":"2016-06-01T21:11:40","date_gmt":"2016-06-01T21:11:40","guid":{"rendered":"https:\/\/catolicadeanapolis.edu.br\/biblioteca\/?page_id=206"},"modified":"2018-08-09T18:02:25","modified_gmt":"2018-08-09T18:02:25","slug":"gestao-ambiental-2014","status":"publish","type":"page","link":"https:\/\/catolicadeanapolis.edu.br\/biblioteca\/?page_id=206","title":{"rendered":"Gest\u00e3o Ambiental 2014"},"content":{"rendered":"<p>1- <a href=\"https:\/\/catolicadeanapolis.edu.br\/biblioteca\/wp-content\/uploads\/2016\/06\/guia_semana_saude_escola_2014.pdf\">Gest\u00e3o de Afluentes<\/a><\/p>\n<p>2-\u00a0<a href=\"https:\/\/catolicadeanapolis.edu.br\/biblioteca\/wp-content\/uploads\/2018\/04\/BARBARA-ALBUQUERQUE-DE-OLIVEIRA-2014.pdf\">A COMPOSTAGEM ORG\u00c2NICA COM O USO DA MINHOCA<\/a> &#8211; Barbara Albuquerque de Oliveira;\u00a0Celia Aparecida Bezerra &#8211; Orientadora:\u00a0Prof. Aquiria Alvarenga Pereira.<\/p>\n<p>3-\u00a0<a href=\"https:\/\/catolicadeanapolis.edu.br\/biblioteca\/wp-content\/uploads\/2018\/04\/BRUNO-ALEXANDRE-GARCIA-2014.pdf\">AVALIA\u00c7\u00c3O DO PLANO DE GERENCIAMENTO DE RES\u00cdDUOS S\u00d3LIDOS\u00a0(PGRS) DE UMA IND\u00daSTRIA FARMAC\u00caUTICA LOCALIZADA NO DISTRITO\u00a0AGROINDUSTRIAL DE AN\u00c1POLIS (DAIA)<\/a> &#8211; Bruno Alexandre Garcia; Rubimar Silva Alves &#8211; Orientador:\u00a0Prof.\u00a0Ricardo Elias.<\/p>\n<p>4- <a href=\"https:\/\/catolicadeanapolis.edu.br\/biblioteca\/wp-content\/uploads\/2018\/04\/CLEUBER-DOS-SANTOS-SILVA-2014.pdf\">IMPORT\u00c2NCIA DAS ALTERNATIVAS ENERG\u00c9TICAS: BIODIGESTOR E ENERGIA E\u00d3LICA<\/a> &#8211;\u00a0Cleuber dos Santos Silva;\u00a0Ricardo Elias &#8211; Orientador: Prof. Ricardo Elias.<\/p>\n<p>5-\u00a0<a href=\"https:\/\/catolicadeanapolis.edu.br\/biblioteca\/wp-content\/uploads\/2018\/04\/CL\u00d3VIS-PEREIRA-LANES-2014.pdf\">ESTUDO DE CASO DO POTENCIAL DA REGI\u00c3O DOS PIRINEUS EM\u00a0GOI\u00c1S PARA O ECO-AGROTURISMO<\/a> &#8211;\u00a0Cl\u00f3vis Pereira Lanes; Silwesther Augusto Viana Ara\u00fajo &#8211; Orientadora: Prof. Aqu\u00edria Alvarenga Pereira.<\/p>\n<p>6-\u00a0<a href=\"https:\/\/catolicadeanapolis.edu.br\/biblioteca\/wp-content\/uploads\/2018\/04\/EDSON-ANTONIO-DE-OLIVEIRA-2014.pdf\">ESTUDO E DESENVOLVIMENTO DE MAQUETES E SUA\u00a0APLICA\u00c7\u00c3O EM AULAS\u00a0PR\u00c1TICAS DE ALTERNATIVAS\u00a0ENERG\u00c9TICAS<\/a> &#8211; Lara Cristina Peres de Morais; Edson Antonio de Oliveira &#8211; Orientador: Prof. Ricardo Elias do Vale Lima.<\/p>\n<p>&#8211; <a href=\"https:\/\/catolicadeanapolis.edu.br\/biblioteca\/wp-content\/uploads\/2018\/04\/FERNANDO-CORREIA-PEREIRA-2014.pdf\">PEQUI: TRADI\u00c7\u00c3O E PATRIM\u00d4NIO GOIANO<\/a> &#8211;\u00a0 Fernando Correia Pereira; Rafael de S\u00e1 Dutra; Ricardo Elias &#8211; Orientador:\u00a0Prof. Ricardo Elias.<\/p>\n<p>7<a href=\"https:\/\/catolicadeanapolis.edu.br\/biblioteca\/wp-content\/uploads\/2018\/04\/GABRIELA-DUTRA-RAMOS-20141.pdf\">&#8211; A CAL\u00c7ADA ECOL\u00d3GICA E SEUS BENEF\u00cdCIOS NA DRENAGEM<\/a> &#8211;\u00a0Gabriela Dutra Ramos;Ricardo Rodrigues Parlandi. &#8211; Orientadora: Ms. Aquiria Alvarenga Pereira.<\/p>\n<p>8-\u00a0\u00a0<a href=\"https:\/\/catolicadeanapolis.edu.br\/biblioteca\/wp-content\/uploads\/2018\/04\/GABRIELA-DUTRA-RAMOS-20142.pdf\">A CAL\u00c7ADA ECOL\u00d3GICA E SEUS BENEF\u00cdCIOS NA DRENAGEM<\/a> &#8211; Gabriela Dutra Ramos; Ricardo Rodrigues Parlandi- Orientadora:\u00a0Profa. Aquiria Alvarenga Pereira<\/p>\n<p>9-\u00a0<a href=\"https:\/\/catolicadeanapolis.edu.br\/biblioteca\/wp-content\/uploads\/2018\/04\/IZAK-LUIZ-DE-JESUS-SANTOS-2014.pdf\">PROPOSTA DE EDUCA\u00c7\u00c3O AMBIENTAL ATRAV\u00c9S DE HORTA\u00a0ORG\u00c2NICA EM AMBIENTE ESCOLAR COM O USO DE\u00a0COMPOSTAGEM &#8211; Izak Luiz de Jesus ; Thaigo das Reis Galv\u00e2o<\/a>; Orientador:\u00a0Profa. Auxiliar Brenga Pereira -Orentadora:\u00a0Profa. Aquiria Alvarenga Pereira.<\/p>\n<p>10-\u00a0<a href=\"https:\/\/catolicadeanapolis.edu.br\/biblioteca\/wp-content\/uploads\/2018\/04\/JULIANA-FREITAS-DE-ARA\u00daJO-2014.pdf\">UMA PROPOSTA DE EDUCA\u00c7\u00c3O AMBIENTAL EM UNIDADE ESCOLAR\u00a0AN\u00c1POLIS\/GO<\/a> &#8211; Juliana Freitas de Ara\u00fajo; Mariana Cristina Rogrigues Noleto &#8211; Orientador:\u00a0Prof. Ricardo Elias<\/p>\n<p>11- <a href=\"https:\/\/catolicadeanapolis.edu.br\/biblioteca\/wp-content\/uploads\/2018\/04\/LUCIANO-OLIVEIRA-DA-SILVA-2014.pdf\">CARACTERIZA\u00c7\u00c3O DO SISTEMA DE TRATAMENTO DE EFLUENTES BIOL\u00d3GICOS COM O USO DE MEMBRANA\u00a0FILTRANTE EM UMA EMPRESA DO SETOR AUTOMOBIL\u00cdSTICO<\/a> &#8211; Luciano Oliveira da Silva &#8211; Orientadora:\u00a0Prof. Aquiria Alvarenga Pereira.<\/p>\n<p>12 &#8211;<\/p>\n<p>&nbsp;<\/p>\n","protected":false},"excerpt":{"rendered":"<p>1- Gest\u00e3o de Afluentes 2-\u00a0A COMPOSTAGEM ORG\u00c2NICA COM O USO DA MINHOCA &#8211; Barbara Albuquerque de Oliveira;\u00a0Celia Aparecida Bezerra &#8211; Orientadora:\u00a0Prof. Aquiria Alvarenga Pereira. 3-\u00a0AVALIA\u00c7\u00c3O DO PLANO DE GERENCIAMENTO DE RES\u00cdDUOS S\u00d3LIDOS\u00a0(PGRS) DE UMA IND\u00daSTRIA FARMAC\u00caUTICA LOCALIZADA NO DISTRITO\u00a0AGROINDUSTRIAL DE AN\u00c1POLIS (DAIA) &#8211; Bruno Alexandre Garcia; Rubimar Silva Alves &#8211; Orientador:\u00a0Prof.\u00a0Ricardo Elias. 4- IMPORT\u00c2NCIA DAS [&hellip;]<\/p>\n","protected":false},"author":1,"featured_media":0,"parent":60,"menu_order":1,"comment_status":"open","ping_status":"open","template":"","meta":[],"_links":{"self":[{"href":"https:\/\/catolicadeanapolis.edu.br\/biblioteca\/index.php?rest_route=\/wp\/v2\/pages\/206"}],"collection":[{"href":"https:\/\/catolicadeanapolis.edu.br\/biblioteca\/index.php?rest_route=\/wp\/v2\/pages"}],"about":[{"href":"https:\/\/catolicadeanapolis.edu.br\/biblioteca\/index.php?rest_route=\/wp\/v2\/types\/page"}],"author":[{"embeddable":true,"href":"https:\/\/catolicadeanapolis.edu.br\/biblioteca\/index.php?rest_route=\/wp\/v2\/users\/1"}],"replies":[{"embeddable":true,"href":"https:\/\/catolicadeanapolis.edu.br\/biblioteca\/index.php?rest_route=%2Fwp%2Fv2%2Fcomments&post=206"}],"version-history":[{"count":13,"href":"https:\/\/catolicadeanapolis.edu.br\/biblioteca\/index.php?rest_route=\/wp\/v2\/pages\/206\/revisions"}],"predecessor-version":[{"id":924,"href":"https:\/\/catolicadeanapolis.edu.br\/biblioteca\/index.php?rest_route=\/wp\/v2\/pages\/206\/revisions\/924"}],"up":[{"embeddable":true,"href":"https:\/\/catolicadeanapolis.edu.br\/biblioteca\/index.php?rest_route=\/wp\/v2\/pages\/60"}],"wp:attachment":[{"href":"https:\/\/catolicadeanapolis.edu.br\/biblioteca\/index.php?rest_route=%2Fwp%2Fv2%2Fmedia&parent=206"}],"curies":[{"name":"wp","href":"https:\/\/api.w.org\/{rel}","templated":true}]}}