{"id":2087,"date":"2019-12-03T13:18:02","date_gmt":"2019-12-03T13:18:02","guid":{"rendered":"https:\/\/catolicadeanapolis.edu.br\/biblioteca\/?page_id=2087"},"modified":"2022-06-09T11:52:22","modified_gmt":"2022-06-09T11:52:22","slug":"docencia-universitaria-2019","status":"publish","type":"page","link":"https:\/\/catolicadeanapolis.edu.br\/biblioteca\/?page_id=2087","title":{"rendered":"DOC\u00caNCIA UNIVERSIT\u00c1RIA  2019"},"content":{"rendered":"<p>1- <a href=\"https:\/\/catolicadeanapolis.edu.br\/biblioteca\/wp-content\/uploads\/2019\/11\/KARINA-PEREIRA-ALVES-LUCIANO-CARDOSO-CORR\u00caA-E-MARISA-FERNANDES-DA-CRUZ..pdf\">OS DESAFIOS DA CARREIRA DO DOCENTE DE ENSINO SUPERIOR.<\/a>\u00a0&#8211; KARINA PEREIRA ALVES; LUCIANO CARDOSO CORR\u00caA; MARISA FERNANDES DA CRUZ. &#8211; ORIENTA\u00c7\u00c3O:<\/p>\n<p>2- <a href=\"https:\/\/catolicadeanapolis.edu.br\/biblioteca\/wp-content\/uploads\/2019\/11\/ELIAS-BATISTA-ALVES.pdf\">APLICABILIDADES DE AULAS COMPLEMENTARES \u00c1UDIO VISUAIS NO ENSINO SUPERIOR.<\/a> &#8211;\u00a0ELIAS BATISTA ALVES. &#8211; ORIENTA\u00c7\u00c3O:<\/p>\n<p>3- <a href=\"https:\/\/catolicadeanapolis.edu.br\/biblioteca\/wp-content\/uploads\/2019\/11\/EDUARDO-COUTINHO-PEREIRA-DE-SOUZA.pdf\">A UTILIZA\u00c7\u00c3O DA PESSOALIDADE NA REDA\u00c7\u00c3O CIENT\u00cdFICA: UMA MUDAN\u00c7A DE PARADIGMA DENTRO DA COMUNICA\u00c7\u00c3O CIENT\u00cdFICA.<\/a> &#8211;\u00a0EDUARDO COUTINHO PEREIRA DE SOUZA. &#8211; ORIENTA\u00c7\u00c3O:<\/p>\n<p>4- <a href=\"https:\/\/catolicadeanapolis.edu.br\/biblioteca\/wp-content\/uploads\/2019\/11\/CLEVERSON-EZEQUIEL-SILVA-SOBRINHO.pdf\">IMPACTOS DA IMPLANTA\u00c7\u00c3O DE UM AMBIENTE VIRTUAL DE APRENDIZADO COMO APOIO A DISCIPLINAS PRESENCIAIS.<\/a>\u00a0&#8211;\u00a0 CLEVERSON EZEQUIEL SILVA SOBRINHO. &#8211; ORIENTA\u00c7\u00c3O:<\/p>\n<p>5-\u00a0<a href=\"https:\/\/catolicadeanapolis.edu.br\/biblioteca\/wp-content\/uploads\/2021\/06\/LUCIANA-NUNES-DA-SILVA-MARIA-LARA-MENDES.pdf\">OS DESAFIOS NA APLICA\u00c7\u00c3O DO USO DE METODOLOGIAS ATIVAS COMO PROCESSO INOVADOR DE APRENDIZAGEM.<\/a> &#8211;\u00a0LUCIANA NUNES DA SILVA, MARIA LARA MENDES. &#8211; ORIENTA\u00c7\u00c3O: PROF\u00aa MA. LUANA LOPES XAVIER.<\/p>\n<p>6-\u00a0<a href=\"https:\/\/catolicadeanapolis.edu.br\/biblioteca\/wp-content\/uploads\/2021\/06\/LET\u00cdCIA-DE-C\u00c9SARO-POSSAMA.pdf\">ESTUDO DO ESPA\u00c7O EDUCACIONAL NO ENSINO SUPERIOR: A IMPORT\u00c2NCIA DO PLANEJAMENTO DO ESPA\u00c7O F\u00cdSICO NO \u00c2MBITO DO CONFORTO ERGOM\u00c9TRICO E LUM\u00cdNICO.<\/a> &#8211;\u00a0LET\u00cdCIA DE C\u00c9SARO POSSAMAI. &#8211; ORIENTA\u00c7\u00c3O: PROF\u00aa DR\u00aa. JULIANA SANTOS DE SOUZA HANNUM.<\/p>\n<p>7-\u00a0<a href=\"https:\/\/catolicadeanapolis.edu.br\/biblioteca\/wp-content\/uploads\/2021\/06\/K\u00c9LVIA-LOPES-HIGOR-FELICIANO-CAMARGO-SILVA.pdf\">SALA DE AULA VIRTUAL DO GOOGLE COMO FERRAMENTA DE COMPLEMENTA\u00c7\u00c3O NA CONSTRU\u00c7\u00c3O DO PROCESSO DE ENSINO APRENDIZAGEM.<\/a> &#8211;\u00a0KEYLA LOPES, K\u00c9LVIA LOPES, HIGOR FELICIANO CAMARGO SILVA. &#8211;\u00a0ORIENTA\u00c7\u00c3O: PROF\u00aa MA. LUANA LOPES XAVIER.<\/p>\n<p>8-<a href=\"https:\/\/catolicadeanapolis.edu.br\/biblioteca\/wp-content\/uploads\/2021\/06\/HON\u00d3RIO-ALBERTO-DA-SILVA-JULIETE-PEREIRA-CARDOSO..pdf\">\u00a0ESTUDANTES SURDOS EM UNIVERSIDADES PARA OUVINTES: REFLEX\u00d5ES SOBRE DESAFIOS DOS PROFESSORES NO PROCESSO DE ENSINO APRENDIZAGEM.<\/a> &#8211;\u00a0HON\u00d3RIO ALBERTO DA SILVA, JULIETE PEREIRA CARDOSO. &#8211;\u00a0ORIENTA\u00c7\u00c3O: PROF\u00aa MA. LUANA LOPES XAVIER.<\/p>\n<p>9-\u00a0<a href=\"https:\/\/catolicadeanapolis.edu.br\/biblioteca\/wp-content\/uploads\/2021\/06\/FRAN\u00c7OIS-FABIO-COSTA-FARIA-MICHELE-FRANCINE-CORR\u00caA-BUSKE.pdf\">PEDAGOGIA DO C\u00c1RCERE: O DESAFIO DE LECIONAR PARA DETENTOS.<\/a> &#8211;\u00a0FRAN\u00c7OIS FABIO COSTA FARIA, MICHELE FRANCINE CORR\u00caA BUSKE. &#8211; ORIENTA\u00c7\u00c3O: PROF\u00aa MA. ALLYNE CHAVEIRO FARINHA.<\/p>\n<p>10-\u00a0<a href=\"https:\/\/catolicadeanapolis.edu.br\/biblioteca\/wp-content\/uploads\/2021\/06\/FERNANDA-DE-OLIVEIRA-BARBOSA-MORGANA-MOREIRA-RIBEIRO-CORREIA.pdf\">A INTELIG\u00caNCIA EMOCIONAL COMO ABORDAGEM DO DOCENTE NO PROCESSO DE APRENDIZAGEM PARA O ENSINO SUPERIOR.<\/a> &#8211;\u00a0FERNANDA DE OLIVEIRA BARBOSA, MORGANA MOREIRA RIBEIRO CORREIA. &#8211;\u00a0ORIENTA\u00c7\u00c3O: PROF\u00aa MA. LUANA LOPES XAVIER.<\/p>\n<p>11-\u00a0<a href=\"https:\/\/catolicadeanapolis.edu.br\/biblioteca\/wp-content\/uploads\/2021\/06\/ELAINE-OLIVEIRA-BORGES.pdf\">OS DESAFIOS DOS DISCENTES IDOSOS NO ENSINO SUPERIOR.<\/a> &#8211;\u00a0ELAINE OLIVEIRA BORGES. &#8211;\u00a0ORIENTA\u00c7\u00c3O: PROF\u00aa MA. ALLYNE CHAVEIRO FARINHA.<\/p>\n<p>12-\u00a0<a href=\"https:\/\/catolicadeanapolis.edu.br\/biblioteca\/wp-content\/uploads\/2021\/06\/DIELLY-KEIENY-DAMASCENO-SILVA-QUEIROS-K\u00c1TIA-PEREIRA-MIRANDA-MARIA-APARECIDA-SILVA-GOMES..pdf\">AVALIA\u00c7\u00c3O DA APRENDIZAGEM: PERSPECTIVA MEDIADORA.<\/a> &#8211;\u00a0DIELLY KEIENY DAMASCENO SILVA QUEIROS, K\u00c1TIA PEREIRA MIRANDA, MARIA APARECIDA SILVA GOMES. &#8211;\u00a0ORIENTA\u00c7\u00c3O: PROF\u00aa MA. LUANA LOPES XAVIER.<\/p>\n<p>13-\u00a0<a href=\"https:\/\/catolicadeanapolis.edu.br\/biblioteca\/wp-content\/uploads\/2021\/06\/DANIELLA-DE-OLIVEIRA-MONTEIRO.pdf\">A FORMA\u00c7\u00c3O DOS PROFESSORES UNIVERSIT\u00c1RIOS FRENTE \u00c0S DEMANDAS EDUCATIVAS DA ATUALIDADE.<\/a> &#8211;\u00a0DANIELLA DE OLIVEIRA MONTEIRO. &#8211; ORIENTA\u00c7\u00c3O: PROF\u00aa ESP. ARACELLY RODRIGUES LOURES RANGEL.<\/p>\n<p>14-\u00a0<a href=\"https:\/\/catolicadeanapolis.edu.br\/biblioteca\/wp-content\/uploads\/2021\/06\/CLEUSELITA-FRANCISCA-TEODORO-SILVA-DARLENE-PEREIRA-DE-MORAIS-LUCAS-CRISTIAN-MIRANDA-RAFAEL-PEREIRA-GOMES.pdf\">COPING: ESTRAT\u00c9GIAS DE ENFRENTAMENTO DO ESTRESSE E DA ANSIEDADE SOB O OLHAR DO DOCENTE.<\/a> &#8211;\u00a0CLEUSELITA FRANCISCA TEODORO SILVA, DARLENE PEREIRA DE MORAIS, LUCAS CRISTIAN MIRANDA, RAFAEL PEREIRA GOMES.-\u00a0ORIENTA\u00c7\u00c3O: PROF\u00aa MA. LUANA LOPES XAVIER.<\/p>\n<p>15-\u00a0<a href=\"https:\/\/catolicadeanapolis.edu.br\/biblioteca\/wp-content\/uploads\/2021\/06\/CARLOS-ALBERTO-DE-SOUSA-SANTOS.pdf\">PROFESSOR UNIVERSIT\u00c1RIO COMO LIDERAN\u00c7A MISSION\u00c1RIA NA CONSTRU\u00c7\u00c3O HUMANA DOS DISCENTES.<\/a> &#8211;\u00a0CARLOS ALBERTO DE SOUSA SANTOS. &#8211;\u00a0ORIENTA\u00c7\u00c3O: PROF\u00aa ESP. ARACELLY RODRIGUES LOURES RANGEL.<\/p>\n<p>16-\u00a0<a href=\"https:\/\/catolicadeanapolis.edu.br\/biblioteca\/wp-content\/uploads\/2021\/06\/CARLOS-ALBERTO-CUNHA-J\u00daNIOR-ELIANA-HENRIQUE-JACUND\u00c1-CUNHA.pdf\">ENVELHECIMENTO ATIVO E A INSER\u00c7\u00c3O DAS TEORIAS DA APRENDIZAGEM NO ENSINO SUPERIOR.<\/a> &#8211;\u00a0CARLOS ALBERTO CUNHA J\u00daNIOR, ELIANA HENRIQUE JACUND\u00c1 CUNHA. &#8211;\u00a0ORIENTA\u00c7\u00c3O: PROF\u00aa MA. ALLYNE CHAVEIRO FARINHA.<\/p>\n<p>17-\u00a0<a href=\"https:\/\/catolicadeanapolis.edu.br\/biblioteca\/wp-content\/uploads\/2021\/06\/ANDREZA-ALVES-DOS-SANTOS-SILVA-CAMYLLA-LIMA-REGINALDO-DANIELA-RIBEIRO-PARENTE.pdf\">UMA AN\u00c1LISE ACERCA DO ENSINO SOBRE A SUSTENTABILIDADE NO CURSO DE ARQUITETURA DE UMA FACULDADE DA CIDADE DE AN\u00c1POLIS-GO.<\/a> &#8211;\u00a0ANDREZA ALVES DOS SANTOS SILVA, CAMYLLA LIMA REGINALDO, DANIELA RIBEIRO PARENTE. &#8211;\u00a0ORIENTA\u00c7\u00c3O: PROF\u00aa MA. LUANA LOPES XAVIER.<\/p>\n<p>18-\u00a0<a href=\"https:\/\/catolicadeanapolis.edu.br\/biblioteca\/wp-content\/uploads\/2021\/06\/ALLEF-TE\u00d3FILO-MORENO-DE-AZEVEDO-LUCIFRANCY-SILVA-ALVES-WOBETO.pdf\">ASS\u00c9DIO SEXUAL NO ENSINO SUPERIOR: A RELA\u00c7\u00c3O DOCENTE\/DISCENTE.<\/a> &#8211;\u00a0ALLEF TE\u00d3FILO MORENO DE AZEVEDO, LUCIFRANCY SILVA ALVES WOBETO. &#8211;\u00a0ORIENTA\u00c7\u00c3O: PROF\u00aa MA. LUANA LOPES XAVIER.<\/p>\n<p>19-\u00a0<a href=\"https:\/\/catolicadeanapolis.edu.br\/biblioteca\/wp-content\/uploads\/2021\/06\/ALESSANDRO-LUIZ-DOS-SANTOS-KATIA-DE-OLIVEIRA-CAMARGO-WESLAYNE-LUZIA-RODRIGUES-MIRANDA.pdf\">A IMPORT\u00c2NCIA DA AFETIVIDADE PARA O PROCESSO DE ENSINO APRENDIZAGEM NA EDUCA\u00c7\u00c3O SUPERIOR.<\/a> &#8211;\u00a0ALESSANDRO LUIZ DOS SANTOS, KATIA DE OLIVEIRA CAMARGO, WESLAYNE LUZIA RODRIGUES MIRANDA. &#8211;\u00a0ORIENTA\u00c7\u00c3O: PROF\u00aa MA. LUANA LOPES XAVIER.<\/p>\n<p>20-\u00a0<a href=\"https:\/\/catolicadeanapolis.edu.br\/biblioteca\/wp-content\/uploads\/2021\/06\/ROSEMEIRE-TAVARES-DA-CAMARA-SANTOS-SINARA-GOMES-DOS-SANTOS.pdf\">REFLEX\u00d5ES SOBRE A QUALIDADE DA EDUCA\u00c7\u00c3O \u00c0 DIST\u00c2NCIA.<\/a> &#8211;\u00a0ROSEMEIRE TAVARES DA CAMARA SANTOS, SINARA GOMES DOS SANTOS. &#8211; ORIENTA\u00c7\u00c3O: PROF\u00ba ME. HALAN BASTOS LIMA.<\/p>\n<p>21-\u00a0<a href=\"https:\/\/catolicadeanapolis.edu.br\/biblioteca\/wp-content\/uploads\/2021\/06\/MIRIAM-PONTES-DE-OLIVEIRA.pdf\">S\u00cdNDROME DE BURNOUT EM DOCENTES UNIVERSIT\u00c1RIOS.<\/a> &#8211;\u00a0MIRIAM PONTES DE OLIVEIRA. &#8211; ORIENTA\u00c7\u00c3O: PROF\u00aa DR\u00aa. JULIANA SANTOS DE SOUZA HANNUM.<\/p>\n<p>22-\u00a0<a href=\"https:\/\/catolicadeanapolis.edu.br\/biblioteca\/wp-content\/uploads\/2021\/06\/LUIZ-EDUARDO-MONER\u00d3.pdf\">L\u00cdNGUA PORTUGUESA: UM GRANDE LEGADO DE PORTUGAL PARA O MUNDO.<\/a> &#8211;\u00a0LUIZ EDUARDO MONER\u00d3. &#8211;\u00a0ORIENTA\u00c7\u00c3O: PROF\u00aa ESP. ARACELLY RODRIGUES LOURES RANGEL.<\/p>\n<p>23-\u00a0<a href=\"https:\/\/catolicadeanapolis.edu.br\/biblioteca\/wp-content\/uploads\/2021\/06\/LUCILEIDE-CARDOSO-BOMFIM-DE-CAMARGO-PEREIRA-NERES.pdf\">AS CONSEQU\u00caNCIAS DO ASS\u00c9DIO MORAL DOCENTE NA COMUNIDADE ACAD\u00caMICA.<\/a> &#8211;\u00a0LUCILEIDE CARDOSO BOMFIM DE CAMARGO PEREIRA NERES. &#8211;\u00a0ORIENTA\u00c7\u00c3O: PROF\u00aa MA. ALLYNE CHAVEIRO FARINHA.<\/p>\n<p>24-\u00a0<a href=\"https:\/\/catolicadeanapolis.edu.br\/biblioteca\/?attachment_id=3251\">GRUPO DE ESTUDO E PESQUISA COMO PROCESSO DE APRENDIZAGEM PARA\u00a0FORMA\u00c7\u00c3O ACAD\u00caMICA EM CI\u00caNCIAS AGR\u00c1RIAS.<\/a> &#8211;\u00a0CAROLINA CARVALHO ROCHA SENA. &#8211; ORIENTA\u00c7\u00c3O: DRA. JULIANA SANTOS DE SOUZA HANNUM.<\/p>\n<p>25-\u00a0<a href=\"https:\/\/catolicadeanapolis.edu.br\/biblioteca\/?attachment_id=3254\">O ENSINO SUPERIOR NO BRASIL SOBRE OS ASPECTOS DA CONTEMPORANEIDADE.<\/a> &#8211;\u00a0JANETE ANTONIA VICENTE. &#8211; ORIENTA\u00c7\u00c3O:\u00a0 PROF\u00aa ESP. HARIANE JACKELINE RODRIGUES SILVA.<\/p>\n<p>26-\u00a0<a href=\"https:\/\/catolicadeanapolis.edu.br\/biblioteca\/?attachment_id=3378\">PRESERVANDO A MEM\u00d3RIA EDIFICADA: A A\u00c7\u00c3O DO PROFESSOR UNIVERSIT\u00c1RIO NO ENSINO DE PROJETOS DE INTERVEN\u00c7\u00c3O.<\/a> &#8211;\u00a0LAYS MENESES FERREIRA. &#8211;\u00a0ORIENTA\u00c7\u00c3O: DRA. JULIANA SANTOS DE SOUZA HANNUM.<\/p>\n<p>27-\u00a0<a href=\"https:\/\/catolicadeanapolis.edu.br\/biblioteca\/?attachment_id=3379\">ACESSIBILIDADE NAS INSTITUI\u00c7\u00d5ES DE ENSINO SUPERIOR: ESTUDO DE CASO EM DUAS IES NO MUNIC\u00cdPIO DE AN\u00c1POLIS- GO.<\/a> &#8211;\u00a0LET\u00cdCIA GUIMAR\u00c3ES MENDES COELHO. &#8211;\u00a0ORIENTA\u00c7\u00c3O: PROF\u00aa MA. ALLYNE CHAVEIRO FARINHA.<\/p>\n<p>&nbsp;<\/p>\n<p>&nbsp;<\/p>\n<p>&nbsp;<\/p>\n<p>&nbsp;<\/p>\n<p>&nbsp;<\/p>\n<p>&nbsp;<\/p>\n<p>&nbsp;<\/p>\n<p>&nbsp;<\/p>\n<p>&nbsp;<\/p>\n<p>&nbsp;<\/p>\n<p>&nbsp;<\/p>\n","protected":false},"excerpt":{"rendered":"<p>1- OS DESAFIOS DA CARREIRA DO DOCENTE DE ENSINO SUPERIOR.\u00a0&#8211; KARINA PEREIRA ALVES; LUCIANO CARDOSO CORR\u00caA; MARISA FERNANDES DA CRUZ. &#8211; ORIENTA\u00c7\u00c3O: 2- APLICABILIDADES DE AULAS COMPLEMENTARES \u00c1UDIO VISUAIS NO ENSINO SUPERIOR. &#8211;\u00a0ELIAS BATISTA ALVES. &#8211; ORIENTA\u00c7\u00c3O: 3- A UTILIZA\u00c7\u00c3O DA PESSOALIDADE NA REDA\u00c7\u00c3O CIENT\u00cdFICA: UMA MUDAN\u00c7A DE PARADIGMA DENTRO DA COMUNICA\u00c7\u00c3O CIENT\u00cdFICA. &#8211;\u00a0EDUARDO COUTINHO [&hellip;]<\/p>\n","protected":false},"author":4,"featured_media":0,"parent":328,"menu_order":9,"comment_status":"closed","ping_status":"closed","template":"","meta":[],"_links":{"self":[{"href":"https:\/\/catolicadeanapolis.edu.br\/biblioteca\/index.php?rest_route=\/wp\/v2\/pages\/2087"}],"collection":[{"href":"https:\/\/catolicadeanapolis.edu.br\/biblioteca\/index.php?rest_route=\/wp\/v2\/pages"}],"about":[{"href":"https:\/\/catolicadeanapolis.edu.br\/biblioteca\/index.php?rest_route=\/wp\/v2\/types\/page"}],"author":[{"embeddable":true,"href":"https:\/\/catolicadeanapolis.edu.br\/biblioteca\/index.php?rest_route=\/wp\/v2\/users\/4"}],"replies":[{"embeddable":true,"href":"https:\/\/catolicadeanapolis.edu.br\/biblioteca\/index.php?rest_route=%2Fwp%2Fv2%2Fcomments&post=2087"}],"version-history":[{"count":11,"href":"https:\/\/catolicadeanapolis.edu.br\/biblioteca\/index.php?rest_route=\/wp\/v2\/pages\/2087\/revisions"}],"predecessor-version":[{"id":3423,"href":"https:\/\/catolicadeanapolis.edu.br\/biblioteca\/index.php?rest_route=\/wp\/v2\/pages\/2087\/revisions\/3423"}],"up":[{"embeddable":true,"href":"https:\/\/catolicadeanapolis.edu.br\/biblioteca\/index.php?rest_route=\/wp\/v2\/pages\/328"}],"wp:attachment":[{"href":"https:\/\/catolicadeanapolis.edu.br\/biblioteca\/index.php?rest_route=%2Fwp%2Fv2%2Fmedia&parent=2087"}],"curies":[{"name":"wp","href":"https:\/\/api.w.org\/{rel}","templated":true}]}}