{"id":2192,"date":"2019-12-03T14:11:42","date_gmt":"2019-12-03T14:11:42","guid":{"rendered":"https:\/\/catolicadeanapolis.edu.br\/biblioteca\/?page_id=2192"},"modified":"2022-06-21T11:33:12","modified_gmt":"2022-06-21T11:33:12","slug":"2009-2","status":"publish","type":"page","link":"https:\/\/catolicadeanapolis.edu.br\/biblioteca\/?page_id=2192","title":{"rendered":"PSICOPEDAGOGIA INSTITUCIONAL E CL\u00cdNICA 2009"},"content":{"rendered":"<p>1-<a href=\"https:\/\/catolicadeanapolis.edu.br\/biblioteca\/wp-content\/uploads\/2019\/12\/VANESSA-BORSATTO-MENDON\u00c7A.pdf\">\u00a0JOGOS E BRINCADEIRAS NA ESCOLA E SUAS CONTRIBUI\u00c7\u00d5ES NO PROCESSO DE ENSINO-APRENDIZAGEM-<\/a> Vanessa Borsatto Mendon\u00e7a<\/p>\n<p>2-<a href=\"https:\/\/catolicadeanapolis.edu.br\/biblioteca\/wp-content\/uploads\/2019\/12\/SINARA-CRISTINA-DO-NASCIMENTO-MESSIAS-RELAT\u00d3RIO-PSICOPEDAG\u00d3GICO-CL\u00cdNICO.pdf\">\u00a0RELAT\u00d3RIO SUPERVISIONADO EM PSICOPEDAGOGIA CL\u00cdNICA (ESTUDO DE CASO)-<\/a>\u00a0SINARA CRISTINA DO NASCIMENTO MESSIAS<\/p>\n<p>3-\u00a0<a href=\"https:\/\/catolicadeanapolis.edu.br\/biblioteca\/wp-content\/uploads\/2019\/12\/ROS\u00c2GELA-RIBEIRO-REIS-MONOGRAFIA.pdf\">O PROCESSO DE ALFABETIZA\u00c7\u00c3O E LETRAMENTO EM RELA\u00c7\u00c3O AOS DIST\u00daRBIOS DE APRENDIZAGEM-<\/a> ROS\u00c2NGELA RIBEIRO REIS<\/p>\n<p>4-\u00a0<a href=\"https:\/\/catolicadeanapolis.edu.br\/biblioteca\/wp-content\/uploads\/2019\/12\/RAQUEL-ALVES-U.-VER\u00cdSSIMO-DE-OLIVEIRA.pdf\">A CRIAN\u00c7A E O L\u00daDICO NA EDUCA\u00c7\u00c3O INFANTIL-<\/a> Raquel Alves U. Ver\u00edssimo de Oliveira<\/p>\n<p>5-\u00a0<a href=\"https:\/\/catolicadeanapolis.edu.br\/biblioteca\/wp-content\/uploads\/2019\/12\/QU\u00c9ZIA-TOMAZ-PEREIRA-SANTANA.pdf\">NOVOS RUMOS E NOVOS HORIZONTES PARA A EDUCA\u00c7\u00c3O DE JOVENS E ADULTOS (EJA) ATRAV\u00c9S DA PSICOPEDAGOGIA-\u00a0<\/a>Qu\u00e9zia Tomaz Pereira Santana<\/p>\n<p>6-\u00a0<a href=\"https:\/\/catolicadeanapolis.edu.br\/biblioteca\/wp-content\/uploads\/2019\/12\/LUIZ-SEBASTI\u00c3O-SANTANA.pdf\">CONFORTO ESCOLAR: AMBIENTE F\u00cdSICO NO PROCESSO DE APRENDIZAGEM-<\/a>\u00a0LUIZ SEBASTI\u00c3O SANTANA<\/p>\n<p>7-<a href=\"https:\/\/catolicadeanapolis.edu.br\/biblioteca\/wp-content\/uploads\/2019\/12\/LEONY-ANDRADE-CLEMONEZ.pdf\">\u00a0INCLUS\u00c3O E INTEGRA\u00c7\u00c3O SOCIAL NA APRENDIZAGEM ESCOLAR-<\/a>\u00a0LEONY ANDRADE CLEMONEZ.<\/p>\n<p>8-\u00a0<a href=\"https:\/\/catolicadeanapolis.edu.br\/biblioteca\/wp-content\/uploads\/2019\/12\/GL\u00c9LIA-A.-BARRETO-ISAAC.pdf\">A IMPORT\u00c2NCIA DA ARTE NO PROCESSO DE APRENDIZAGEM-<\/a>\u00a0GL\u00c9LIA A. BARRETO ISAAC<\/p>\n<p>9-\u00a0<a href=\"https:\/\/catolicadeanapolis.edu.br\/biblioteca\/wp-content\/uploads\/2019\/12\/FL\u00c1VIA-REGINA-MONTEIRO-SANTOS.pdf\">O L\u00daDICO NO COTIDIANO ESCOLAR: UMA ESTRAT\u00c9GIA MOTIVACIONAL E UM RECURSO FACILITADOR DO APRENDIZADO-<\/a>\u00a0FL\u00c1VIA REGINA MONTEIRO SANTOS<\/p>\n<p>10-\u00a0<a href=\"https:\/\/catolicadeanapolis.edu.br\/biblioteca\/wp-content\/uploads\/2019\/12\/EUG\u00caNIO-PACELLE-DE-ALMEIDA-MONOGRAFIA-ARTE-E-TERAPIA.pdf\">INCLUS\u00c3O E ARTERAPIA: A IMPORT\u00c2NCIA DA ESCOLA DE ARTES OSWALD VERANO NO PROCESSO DE INCLUS\u00c3O DOS PORTADORES DE<\/a><br \/>\nNECESSIDADES ESPECIAIS- EUG\u00caNIO PACELLE DE ALMEIDA<\/p>\n<p>11-\u00a0<a href=\"https:\/\/catolicadeanapolis.edu.br\/biblioteca\/wp-content\/uploads\/2019\/12\/DIVINA-BENEDITA-DA-SILVA-ANDRADE-A-IMPORT\u00c2NCIA-DO-L\u00daDICO-NA-EDUCA\u00c7\u00c3O-INFANTIL.pdf\">A IMPORT\u00c2NCIA DO L\u00daDICO PARA O DESENVOLVIMENTO SOCIAL E COGNITIVO DA CRIAN\u00c7A-<\/a> Divina Benedita da Silva Andrade<\/p>\n<p>12-\u00a0<a href=\"https:\/\/catolicadeanapolis.edu.br\/biblioteca\/wp-content\/uploads\/2019\/12\/CL\u00c1UDIA-RODRIGUES-DE-SOUZA.pdf\">O PAPEL DO PSICOPEDAGOGO NA INCLUS\u00c3O ESCOLAR-<\/a>\u00a0CL\u00c1UDIA RODRIGUES DE SOUZA<\/p>\n<p>13-\u00a0<a href=\"https:\/\/catolicadeanapolis.edu.br\/biblioteca\/wp-content\/uploads\/2019\/12\/APARECIDA-CANDIDA-SOARES-MONOGRAFIA-TRABALHO-COMPLETO.pdf\">A PR\u00c1TICA AVALIATIVA NO CONTEXTO ESCOLAR-<\/a>\u00a0APARECIDA C\u00c2NDIDA SOARES<\/p>\n<p><a href=\"https:\/\/catolicadeanapolis.edu.br\/biblioteca\/wp-content\/uploads\/2020\/01\/Samantha-L\u00edvia-Aguiar-Pires-de-Moura.pdf\">14-\u00a0A LITERATURA INFANTIL NA ESCOLA-<\/a> SAMANTHA L\u00cdVIA AGUIAR PIRES DE MOURA.<\/p>\n<p><a href=\"https:\/\/catolicadeanapolis.edu.br\/biblioteca\/wp-content\/uploads\/2020\/01\/NEUSA-APARECIDA-MARCELINO.pdf\">15-\u00a0INDISCIPLINA: UMA AN\u00c1LISE DOS FATORES FAMILIARES E SEUS REFLEXOS NO CONTEXTO EDUCACIONAL-<\/a>\u00a0NEUSA APARECIDA MARCELINO.<\/p>\n<p><a href=\"https:\/\/catolicadeanapolis.edu.br\/biblioteca\/wp-content\/uploads\/2020\/01\/MARLY-DO-CARMO-SOUSA-LE\u00c3O.pdf\">16-\u00a0O PSICOPEDAGOGO E A APRENDIZAGEM DA LEITURA E ESCRITA-<\/a> MARLY DO CARMO DE SOUZA LE\u00c3O.<\/p>\n<p><a href=\"https:\/\/catolicadeanapolis.edu.br\/biblioteca\/wp-content\/uploads\/2020\/01\/MARLI-APARECIDA-DE-MOURA-FERNANDES.pdf\">17-\u00a0A MEDIA\u00c7\u00c3O DO PSICOPEDAGOGO FRENTE A INDISCIPLINA ESCOLAR-<\/a> MARLI APARECIDA DE MOURA FERNANDES.<\/p>\n<p><a href=\"https:\/\/catolicadeanapolis.edu.br\/biblioteca\/wp-content\/uploads\/2020\/01\/MARIA-LOUREN\u00c7O-MENDON\u00c7A.pdf\">18-\u00a0\u00a0JOGOS, BRINCADEIRAS E A SOCIALIZA\u00c7\u00c3O DA CRIAN\u00c7A DE DOIS A SEIS ANOS-<\/a>\u00a0MARIA LOUREN\u00c7O MENDON\u00c7A.<\/p>\n<p><a href=\"https:\/\/catolicadeanapolis.edu.br\/biblioteca\/wp-content\/uploads\/2020\/01\/MARGARIDA-JOSE-DE-CAMARGO-ROSA.pdf\">19-\u00a0INCLUS\u00c3O DIGITAL-<\/a> MARGARIDA JOSE DE CAMARGO ROSA.<\/p>\n<p><a href=\"https:\/\/catolicadeanapolis.edu.br\/biblioteca\/wp-content\/uploads\/2020\/01\/MARCIA-DE-SOUSA-CARVALHO.pdf\">20-\u00a0A INCLUS\u00c3O DA CRIAN\u00c7A PORTADORA DE NECESSIDADES ESPECIAIS NO ENSINO REGULAR-<\/a>\u00a0M\u00c1RCIA DE SOUSA CARVALHO.<\/p>\n<p><a href=\"https:\/\/catolicadeanapolis.edu.br\/biblioteca\/wp-content\/uploads\/2020\/01\/MAGDA-DE-JESUS-RODRIGUES.pdf\">21-\u00a0A NARRATIVA LITER\u00c1RIA COMO INSTRUMENTO METODOL\u00d3GICO NA EDUCA\u00c7\u00c3O INFANTIL-<\/a>\u00a0MAGDA DE JESUS RODRIGUES.<\/p>\n<p><a href=\"https:\/\/catolicadeanapolis.edu.br\/biblioteca\/wp-content\/uploads\/2020\/01\/KATIA-SIRENE-BATISTA-ARAUJO.pdf\">22-\u00a0HIPERATIVIDADE E SUAS RELA\u00c7\u00d5ES: FAM\u00cdLIA, ESCOLA E INDIV\u00cdDUO-<\/a>K\u00c1TIA SIRENE BATISTA ARA[UJO.<\/p>\n<p><a href=\"https:\/\/catolicadeanapolis.edu.br\/biblioteca\/wp-content\/uploads\/2020\/01\/FABIANA-PATRICIA-MIGUEL-CORDEIRO.pdf\">23-\u00a0O L\u00daDICO E A SOCIALIZA\u00c7\u00c3O DA CRIAN\u00c7A NA EDUCA\u00c7\u00c3O INFANTIL-\u00a0<\/a>FABIANA PATR\u00cdCIA MIGUEL CORDEIRO<\/p>\n<p><a href=\"https:\/\/catolicadeanapolis.edu.br\/biblioteca\/wp-content\/uploads\/2020\/01\/EROTIDES-MARIA-SOUZA-REZENDE.pdf\">24-\u00a0AFETIVIDADE NA ESCOLA \u201cELO DE INTERA\u00c7\u00c3O ESTRUTURAL, EMOCIONAL E COGNITIVO DO SER HUMANO\u201d-<\/a> EROTIDES MARIA SOUZA REZENDE.<\/p>\n<p><a href=\"https:\/\/catolicadeanapolis.edu.br\/biblioteca\/?attachment_id=3447\">25- INCLUS\u00c3O ESCOLAR UMA PR\u00c1TICA POSS\u00cdVEL.<\/a> &#8211;\u00a0C\u00c1RITA MADALENA SILVA DE MENEZES PEDATELA.<\/p>\n<p><a href=\"https:\/\/catolicadeanapolis.edu.br\/biblioteca\/?attachment_id=3448\">26-\u00a0INSTRUMENTOS AVALIATIVOS NA PR\u00c1TICA EDUCACIONAL, NUMA PERSPECTIVA INCLUSIVA.<\/a> &#8211;\u00a0Iolinda Moreira de Melo Ferreira.<\/p>\n<p><a href=\"https:\/\/catolicadeanapolis.edu.br\/biblioteca\/?attachment_id=3449\">27-\u00a0A IMPORT\u00c2NCIA DA PSICOPEDAGOGIA E SUAS INFER\u00caNCIAS NOS PROCESSOS S\u00d3CIO-EDUCACIONAIS.<\/a> &#8211;\u00a0IRENE COSTA SILVA.<\/p>\n<p><a href=\"https:\/\/catolicadeanapolis.edu.br\/biblioteca\/?attachment_id=3450\">28-\u00a0O ATO DE LER: REALIDADE E IMAGINA\u00c7\u00c3O.<\/a> &#8211; RENATA ALVES MOREIRA DE FREITAS<\/p>\n<p><a href=\"https:\/\/catolicadeanapolis.edu.br\/biblioteca\/?attachment_id=3451\">29-\u00a0A LITERATURA INFANTIL E A FORMA\u00c7\u00c3O DE VIS\u00c3O DE MUNDO DA CRIAN\u00c7A DE 4 A 6 ANOS.<\/a> &#8211;\u00a0ROSA MARIA ISAAC<\/p>\n<p><a href=\"https:\/\/catolicadeanapolis.edu.br\/biblioteca\/?attachment_id=3452\">30-\u00a0JOGOS PEDAG\u00d3GICOS NO PROCESSO ENSINO APRENDIZAGEM.<\/a> &#8211; Valeria Helena Ara\u00fajo S. Cunha<\/p>\n","protected":false},"excerpt":{"rendered":"<p>1-\u00a0JOGOS E BRINCADEIRAS NA ESCOLA E SUAS CONTRIBUI\u00c7\u00d5ES NO PROCESSO DE ENSINO-APRENDIZAGEM- Vanessa Borsatto Mendon\u00e7a 2-\u00a0RELAT\u00d3RIO SUPERVISIONADO EM PSICOPEDAGOGIA CL\u00cdNICA (ESTUDO DE CASO)-\u00a0SINARA CRISTINA DO NASCIMENTO MESSIAS 3-\u00a0O PROCESSO DE ALFABETIZA\u00c7\u00c3O E LETRAMENTO EM RELA\u00c7\u00c3O AOS DIST\u00daRBIOS DE APRENDIZAGEM- ROS\u00c2NGELA RIBEIRO REIS 4-\u00a0A CRIAN\u00c7A E O L\u00daDICO NA EDUCA\u00c7\u00c3O INFANTIL- Raquel Alves U. Ver\u00edssimo de [&hellip;]<\/p>\n","protected":false},"author":4,"featured_media":0,"parent":360,"menu_order":0,"comment_status":"closed","ping_status":"closed","template":"","meta":[],"_links":{"self":[{"href":"https:\/\/catolicadeanapolis.edu.br\/biblioteca\/index.php?rest_route=\/wp\/v2\/pages\/2192"}],"collection":[{"href":"https:\/\/catolicadeanapolis.edu.br\/biblioteca\/index.php?rest_route=\/wp\/v2\/pages"}],"about":[{"href":"https:\/\/catolicadeanapolis.edu.br\/biblioteca\/index.php?rest_route=\/wp\/v2\/types\/page"}],"author":[{"embeddable":true,"href":"https:\/\/catolicadeanapolis.edu.br\/biblioteca\/index.php?rest_route=\/wp\/v2\/users\/4"}],"replies":[{"embeddable":true,"href":"https:\/\/catolicadeanapolis.edu.br\/biblioteca\/index.php?rest_route=%2Fwp%2Fv2%2Fcomments&post=2192"}],"version-history":[{"count":6,"href":"https:\/\/catolicadeanapolis.edu.br\/biblioteca\/index.php?rest_route=\/wp\/v2\/pages\/2192\/revisions"}],"predecessor-version":[{"id":3519,"href":"https:\/\/catolicadeanapolis.edu.br\/biblioteca\/index.php?rest_route=\/wp\/v2\/pages\/2192\/revisions\/3519"}],"up":[{"embeddable":true,"href":"https:\/\/catolicadeanapolis.edu.br\/biblioteca\/index.php?rest_route=\/wp\/v2\/pages\/360"}],"wp:attachment":[{"href":"https:\/\/catolicadeanapolis.edu.br\/biblioteca\/index.php?rest_route=%2Fwp%2Fv2%2Fmedia&parent=2192"}],"curies":[{"name":"wp","href":"https:\/\/api.w.org\/{rel}","templated":true}]}}