{"id":2194,"date":"2019-12-03T14:12:09","date_gmt":"2019-12-03T14:12:09","guid":{"rendered":"https:\/\/catolicadeanapolis.edu.br\/biblioteca\/?page_id=2194"},"modified":"2022-06-21T12:15:36","modified_gmt":"2022-06-21T12:15:36","slug":"2010-2","status":"publish","type":"page","link":"https:\/\/catolicadeanapolis.edu.br\/biblioteca\/?page_id=2194","title":{"rendered":"PSICOPEDAGOGIA INSTITUCIONAL E CL\u00cdNICA 2010"},"content":{"rendered":"<p>1-<a href=\"https:\/\/catolicadeanapolis.edu.br\/biblioteca\/wp-content\/uploads\/2019\/12\/VALNEIDE-DOS-REIS-LIMA.pdf\">\u00a0RELAT\u00d3RIO DE ESTAGIO SUPERVISIONADO EM PSICOPEDAGOGIA CL\u00cdNICA-ESTUDO DE CASO.-<\/a> VALNEIDE DOS REIS LIMA<\/p>\n<p>2-\u00a0<a href=\"https:\/\/catolicadeanapolis.edu.br\/biblioteca\/wp-content\/uploads\/2019\/12\/ALESSANDRA-SOARES-FERREIRA-E-ZILDA-L\u00daCIA-ALVES-NUNES.pdf\">RELAT\u00d3RIO DE EST\u00c1GIO SUPERVISONADO EM PSICOPEDAGOGIA INSTITUCIONAL (ESTUDO DE CASO)-<\/a> ALESSANDRA SOARES FERREIRA E ZILDA L\u00daCIA ALVES NUNES<\/p>\n<p>3-\u00a0<a href=\"https:\/\/catolicadeanapolis.edu.br\/biblioteca\/wp-content\/uploads\/2019\/12\/THAIS-FERNANDA-PEREIRA-RODRIGUES.pdf\">RELAT\u00d3RIO DE EST\u00c1GIO SUPERVISIONADO EM PSICOPEDAGOGIA CL\u00cdNICA ESTUDO DE CASO-<\/a> THAIS FERNANDA PEREIRA RODRIGUES<\/p>\n<p>4-\u00a0<a href=\"https:\/\/catolicadeanapolis.edu.br\/biblioteca\/wp-content\/uploads\/2019\/12\/SINARA-CRISTINA-DO-NASCIMENTO-MESSIAS-E-DIVINA-ALVES-DE-SOUZA-TEIXEIRA.pdf\">RELAT\u00d3RIO DE EST\u00c1GIO SUPERVISONADO EM PSICOPEDAGOGIA INSTITUCIONAL (ESTUDO DE CASO)-<\/a> SINARA CRISTINA DO NASCIMENTO MESSIAS; DIVINA ALVES DE SOUZA TEIXEIRA.<\/p>\n<p>5-\u00a0<a href=\"https:\/\/catolicadeanapolis.edu.br\/biblioteca\/wp-content\/uploads\/2019\/12\/ROSEMEIRE-PARREIRA-DA-MATA-FIATKOSK.pdf\">RELAT\u00d3RIO DE EST\u00c1GIO SUPERVISIONADO EM PSICOPEDAGOGIA CL\u00cdNICA-<\/a> ROSEMEIRE PARREIRA DA MATA FIATKOSKI<\/p>\n<p>6-\u00a0<a href=\"https:\/\/catolicadeanapolis.edu.br\/biblioteca\/wp-content\/uploads\/2019\/12\/MEIRY-RODRIGUES-SILVA.pdf\">RELAT\u00d3RIO DE EST\u00c1GIO SUPERVISIONADO EM PSICOPEDAGOGIA CL\u00cdNICA (ESTUDO DE CASO)-<\/a> MEIRE RODRIGUES SILVA<\/p>\n<p>7-\u00a0<a href=\"https:\/\/catolicadeanapolis.edu.br\/biblioteca\/wp-content\/uploads\/2019\/12\/MAGDA-CONCEI\u00c7\u00c3O-DOS-SANTOS-RELAT\u00d3RIO-DE-EST\u00c1GIO-SUPERVIS\u00c3O-EM-PSICOPEDAGOGIA-INSTITUCI.pdf\">RELAT\u00d3RIO DE EST\u00c1GIO SUPERVIS\u00c3O EM PSICOPEDAGOGIA INSTITUCIONAL (ESTUDO DE CASO)-<\/a> MAGDA CONCEI\u00c7\u00c3O DOS SANTOS<\/p>\n<p>8-\u00a0R<a href=\"https:\/\/catolicadeanapolis.edu.br\/biblioteca\/wp-content\/uploads\/2019\/12\/K\u00c9LIA-MARIA-BUENO-DA-MOTA-MIGUEL.pdf\">ELAT\u00d3RIO DO EST\u00c1GIO SUPERVISIONADO EM PSICOPEDAGOGIA CL\u00cdNICA (ESTUDO DE CASO)-<\/a> K\u00c9LIA MARIA BUENO DA MOTA MIGUEL<\/p>\n<p>9-\u00a0<a href=\"https:\/\/catolicadeanapolis.edu.br\/biblioteca\/wp-content\/uploads\/2019\/12\/JORCELINA-SOUZA-PENA-ROCHA.pdf\">RELAT\u00d3RIO DE EST\u00c1GIO SUPERVISIONADO EM PSICOPEDAGOGIA CL\u00cdNICA ESTUDO DE CASO<\/a>&#8211; JORCELINA SOUZA PENA ROCHA<\/p>\n<p>10-\u00a0<a href=\"https:\/\/catolicadeanapolis.edu.br\/biblioteca\/wp-content\/uploads\/2019\/12\/ILZA-MAGDA-VIEIRA-LACERDA.pdf\">RELAT\u00d3RIO DE ESTAGIO SUPERVISIONADO EM PSICOPEDAGOGIA CL\u00cdNICA (Estudo de Caso)-<\/a> ILZA MAGDA VIEIRA LACERDA<\/p>\n<p>11-\u00a0<a href=\"https:\/\/catolicadeanapolis.edu.br\/biblioteca\/wp-content\/uploads\/2019\/12\/ILZA-MAGDA-VIEIRA-LACERDA-RELAT\u00d3RIO-DE-EST\u00c1GIO-SUPERVIS\u00c3O-EM-PSICOPEDAGOGIA-INSTITUCI.pdf\">RELAT\u00d3RIO DE EST\u00c1GIO SUPERVIS\u00c3O EM PSICOPEDAGOGIA INSTITUCIONAL (ESTUDO DE CASO)-<\/a> ILZA MAGDA VIEIRA LACERDA<\/p>\n<p>12-\u00a0<a href=\"https:\/\/catolicadeanapolis.edu.br\/biblioteca\/wp-content\/uploads\/2019\/12\/FERNANDA-MARIA-FIGUEIREDO-Estudo-de-caso-cl\u00ednico-2-pronto.pdf\">RELAT\u00d3RIO DE EST\u00c1GIO SUPERVISIONADO EM PSICOPEDAGOGIA<\/a><br \/>\nCL\u00cdNICA (ESTUDO DE CASO)- FERNANDA MARIA FIGUEIREDO<\/p>\n<p>13-\u00a0<a href=\"https:\/\/catolicadeanapolis.edu.br\/biblioteca\/wp-content\/uploads\/2019\/12\/FERNANDA-MARIA-FIGUEIREDO-E-WALQU\u00cdRIA-MARIA.pdf\">RELAT\u00d3RIO DE EST\u00c1GIO SUPERVISIONADO EM PSICOPEDAGOGIA<\/a><br \/>\nINSTITUCIONAL (ESTUDO DE CASO)- FERNANDA MARIA FIGUEIREDO; WALQU\u00cdRIA MARIA<\/p>\n<p>14-\u00a0R<a href=\"https:\/\/catolicadeanapolis.edu.br\/biblioteca\/wp-content\/uploads\/2019\/12\/ELZA-MARIA-DA-COSTA.pdf\">ELAT\u00d3RIO DE EST\u00c1GIO SUPERVISIONADO EM PSICOPEDAGOGIA CL\u00cdNICA (ESTUDO DE CASO)-<\/a> ELZA MARIA DA COSTA<\/p>\n<p>15-\u00a0<a href=\"https:\/\/catolicadeanapolis.edu.br\/biblioteca\/wp-content\/uploads\/2019\/12\/DIVINA-APARECIDA-ALVES-LISBOA.pdf\">RELAT\u00d3RIO DE EST\u00c1GIO SUPERVISIONADO EM PSICOPEDAGOGIA CL\u00cdNICA (ESTUDO DE CASO)-<\/a> DIVINA APARECIDA ALVES LISBOA<\/p>\n<p>16-\u00a0<a href=\"https:\/\/catolicadeanapolis.edu.br\/biblioteca\/wp-content\/uploads\/2019\/12\/DIVINA-APARECIDA-ALVES-LISBOA-NEILA-DA-SILVA-COSTA-E-ROSEMEIRE-P.-DA-MATA-FIATKOSKI.pdf\">RELAT\u00d3RIO DE EST\u00c1GIO SUPERVISIONADO EM PSICOPEDAGOGIA<\/a><br \/>\nINSTITUCIONAL- DIVINA APARECIDA ALVES LISBOA;NEILA DA SILVA COSTA E ROSEMEIRE P. DA MATA FIATKOSKI<\/p>\n<p>17-<a href=\"https:\/\/catolicadeanapolis.edu.br\/biblioteca\/wp-content\/uploads\/2019\/12\/DIVINA-ALVES-DE-SOUZA-TEIXEIRA.pdf\">\u00a0RELAT\u00d3RIO SUPERVISIONADO EM PSICOPEDAGOGIA CL\u00cdNICA<\/a><br \/>\n(ESTUDO DE CASO)- DIVINA ALVES DE SOUZA TEIXEIRA<\/p>\n<p>18-\u00a0<a href=\"https:\/\/catolicadeanapolis.edu.br\/biblioteca\/wp-content\/uploads\/2019\/12\/DENICIARA-OD\u00c9RIO-DE-SOUZA.pdf\">RELAT\u00d3RIO DE EST\u00c1GIO SUPERVISIONADO EM PSICOPEDAGOGIA CL\u00cdNICA (ESTUDO DE CASO)-<\/a> DENICIARA OD\u00c9RIO DE SOUZA<\/p>\n<p>19-\u00a0<a href=\"https:\/\/catolicadeanapolis.edu.br\/biblioteca\/wp-content\/uploads\/2019\/12\/DENICIARA-OD\u00c9RIO-DE-SOUZA-E-MEIRY-RODRIGUES-SILVA.pdf\">RELAT\u00d3RIO DE EST\u00c1GIO SUPERVISIONADO EM PSICOPEDAGOGIA<\/a><br \/>\nINSTITUCIONAL (ESTUDO DE CASO)- DENICIARA OD\u00c9RIO DE SOUZA e MEIRY RODRIGUES SILVA<\/p>\n<p>20-\u00a0<a href=\"https:\/\/catolicadeanapolis.edu.br\/biblioteca\/wp-content\/uploads\/2019\/12\/DEISE-DE-C\u00c1SSIA-XAVIER-DA-SILVA.pdf\">RELAT\u00d3RIO DE EST\u00c1GIO SUPERVISIONADO EM PSICOPEDAGOGIA CL\u00cdNICA ESTUDO DE CASO<\/a>&#8211; DEISE DE C\u00c1SSIA XAVIER DA SILVA<\/p>\n<p>21-\u00a0<a href=\"https:\/\/catolicadeanapolis.edu.br\/biblioteca\/wp-content\/uploads\/2019\/12\/DANIELA-CRISTINA-G.-MARANH\u00c3O-Relat\u00f3rio-do-Est\u00e1gio.pdf\">RELAT\u00d3RIO DO EST\u00c1GIO SUPERVISIONADO EM PSICOPEDAGOGIA CL\u00cdNICA-<\/a> DANIELA CRISTINA GOMES MARANH\u00c3O<\/p>\n<p>22-\u00a0<a href=\"https:\/\/catolicadeanapolis.edu.br\/biblioteca\/wp-content\/uploads\/2019\/12\/CLAUDIN\u00c9IA-MENDES-DE-SOUZA-SOARES.pdf\">RELAT\u00d3RIO DO EST\u00c1GIO SUPERVISIONADO EM PSICOPEDAGOGIA CL\u00cdNICA (ESTUDO DE CASO)-<\/a> CLAUDIN\u00c9IA MENDES DE SOUZA SOARES<\/p>\n<p>23-\u00a0<a href=\"https:\/\/catolicadeanapolis.edu.br\/biblioteca\/wp-content\/uploads\/2019\/12\/CL\u00c1UDIA-MARIA-GERALDO-AGI-RELAT\u00d3RIO-DO-EST\u00c1GIO-SUPERVISIONADO.pdf\">Est\u00e1gio Supervisionado de Psicopedagogia Cl\u00ednica-<\/a> CL\u00c1UDIA MARIA GERALDO AGI<\/p>\n<p>24-\u00a0<a href=\"https:\/\/catolicadeanapolis.edu.br\/biblioteca\/wp-content\/uploads\/2019\/12\/CL\u00c1UDIA-MARIA-GERALDO-AGI-E-L\u00daCIA-SIQUIERA.pdf\">RELAT\u00d3RIO DE EST\u00c1GIO SUPERVISIONADO EM PSICOPEDAGOGIA INSTITUCIONAL (ESTUDO DE CASO)-<\/a> CL\u00c1UDIA MARIA GERALDO AGI E L\u00daCIA SIQUIERA<\/p>\n<p>25-\u00a0<a href=\"https:\/\/catolicadeanapolis.edu.br\/biblioteca\/wp-content\/uploads\/2019\/12\/AURENIVA-DA-SILVA-OLIVEIRA.pdf\">Relat\u00f3rio de Est\u00e1gio Supervisionado em Psicopedagogia Cl\u00ednica Estudo de Caso-<\/a> Aureniva da Silva Oliveira<\/p>\n<p>26-\u00a0<a href=\"https:\/\/catolicadeanapolis.edu.br\/biblioteca\/wp-content\/uploads\/2019\/12\/Aureniva-da-Silva-Oliveira-E-Lenilda-Salustriana-de-Souza.pdf\">Relat\u00f3rio de Est\u00e1gio Supervisionado em Psicopedagogia Institucional Estudo de Caso-\u00a0<\/a>\u00a0Aureniva da Silva Oliveira E Lenilda Salustriana de Souza<\/p>\n<p>27-\u00a0<a href=\"https:\/\/catolicadeanapolis.edu.br\/biblioteca\/wp-content\/uploads\/2019\/12\/APARECIDA-ALVES-VILELA-RODRIGUES-E-JORCELINA-SOUZA-PENA-ROCHA.pdf\">RELAT\u00d3RIO DE EST\u00c1GIO SUPERVISIONADO EM PSICOPEDAGOGIA INSTITUCIONAL ESTUDO CASO-<\/a> APARECIDA ALVES VILELA RODRIGUES E JORCELINA SOUZA PENA ROCHA<\/p>\n<p>28-\u00a0<a href=\"https:\/\/catolicadeanapolis.edu.br\/biblioteca\/wp-content\/uploads\/2019\/12\/ANA-DE-F\u00c1TIMA-FERNANDES.pdf\">RELAT\u00d3RIO DE ESTAGIO SUPERVISIONADO EM PSICOPEDAGOGIA CLINICA-ESTUDO DE CASO.-<\/a> ANA DE F\u00c1TIMA FERNANDES<\/p>\n<p>29-\u00a0<a href=\"https:\/\/catolicadeanapolis.edu.br\/biblioteca\/wp-content\/uploads\/2019\/12\/ANA-DE-F\u00c1TIMA-FERNANDES-E-VALNEIDE-DOS-REIS-LIMA.pdf\">RELAT\u00d3RIO DE ESTAGIO SUPERVISIONADO EM PSICOPEDAGOGIA INSTITUCIONAL-ESTUDO DE CASO.-<\/a> ANA DE F\u00c1TIMA FERNANDES E VALNEIDE DOS REIS LIMA<\/p>\n<p>30-\u00a0<a href=\"https:\/\/catolicadeanapolis.edu.br\/biblioteca\/wp-content\/uploads\/2019\/12\/ALESSANDRA-SOARES-FERREIRA.pdf\">RELAT\u00d3RIO DE EST\u00c1GIO SUPERVISONADO EM PSICOPEDAGOGIA CL\u00cdNICA (ESTUDO DE CASO)-<\/a>ALESSANDRA SOARES FERREIRA<\/p>\n<p>31-\u00a0<a href=\"https:\/\/catolicadeanapolis.edu.br\/biblioteca\/wp-content\/uploads\/2021\/06\/ROSILENE-ALVES-DE-OLIVEIRA.pdf\">RELAT\u00d3RIO DE EST\u00c1GIO SUPERVISIONADO EM PSICOPEDAGOGIA CL\u00cdNICA (ESTUDO DE CASO).<\/a> &#8211;\u00a0ROSILENE ALVES DE OLIVEIRA. &#8211; ORIENTA\u00c7\u00c3O: PROF\u00aa MA. SUELI DE PAULA.<\/p>\n<p>32-\u00a0<a href=\"https:\/\/catolicadeanapolis.edu.br\/biblioteca\/?attachment_id=3454\">TRANSTORNO DO D\u00c9FICIT DE ATEN\u00c7\u00c3O COM HIPERATIVIDADE \u2013 TDAH Construindo pontes entre a sala de aula e o \u201cmundo da Lua\u201d.<\/a> &#8211;\u00a0ADRIANA ALVES DA SILVA; ELIS\u00c2NGELA BATISTA BRAND\u00c3O DE ANDRADE.<\/p>\n<p>33-\u00a0<a href=\"https:\/\/catolicadeanapolis.edu.br\/biblioteca\/?attachment_id=3455\">RELAT\u00d3RIO DE ESTAGIO SUPERVISIONADO EM PSICOPEDAGOGIA CLINICA-ESTUDO DE CASO.<\/a><strong> &#8211;\u00a0<\/strong>ANA DE F\u00c1TIMA FERNANDES. &#8211; ORIENTA\u00c7\u00c3O: PROF\u00aa MA. SUELI DE PAULA.<\/p>\n<p>34-\u00a0<a href=\"https:\/\/catolicadeanapolis.edu.br\/biblioteca\/?attachment_id=3456\">RELAT\u00d3RIO DO EST\u00c1GIO SUPERVISIONADO EM PSICOPEDAGOGIA CL\u00cdNICA\u00a0ESTUDO DE CASO.<\/a> &#8211;\u00a0ANA LUCI NUNES RABELO DE MENEZES.<\/p>\n<p>35-\u00a0<a href=\"https:\/\/catolicadeanapolis.edu.br\/biblioteca\/?attachment_id=3457\">RELAT\u00d3RIO DE EST\u00c1GIO SUPERVISIONADO EM PSICOPEDAGOGIA CL\u00cdNICA.<\/a> &#8211;\u00a0ANDR\u00c9IA LIMA PEREIRA DUTRA.<\/p>\n<p>36-\u00a0<a href=\"https:\/\/catolicadeanapolis.edu.br\/biblioteca\/?attachment_id=3458\">RELAT\u00d3RIO DE EST\u00c1GIO SUPERVISIONADO EM PSICOPEDAGOGIA INSTITUCIONAL.<\/a> &#8211;\u00a0ANDR\u00c9IA LIMA PEREIRA DUTRA;\u00a0ELEUSA ELENA DA SILVA PORTO.<\/p>\n<p>37-\u00a0<a href=\"https:\/\/catolicadeanapolis.edu.br\/biblioteca\/?attachment_id=3459\">RELAT\u00d3RIO DE ESTAGIO SUPERVISIONADO EM PSICOPEDAGOGIA INSTITUCIONAL-ESTUDO DE CASO.<\/a> &#8211;\u00a0Cl\u00e1udia Masil Lopes Valadares;\u00a0Maria L\u00facia Diniz Gomes<\/p>\n<p>38-\u00a0<a href=\"https:\/\/catolicadeanapolis.edu.br\/biblioteca\/?attachment_id=3460\">RELAT\u00d3RIO DO EST\u00c1GIO SUPERVISIONADO EM PSICOPEDAGOGIA CL\u00cdNICA.<\/a> &#8211;\u00a0DANIELA CRISTINA GOMES MARANH\u00c3O<\/p>\n<p>39-\u00a0<a href=\"https:\/\/catolicadeanapolis.edu.br\/biblioteca\/?attachment_id=3461\">RELAT\u00d3RIO DE EST\u00c1GIO SUPERVISIONADO EM PSICOPEDAOGIGA INSTITUCIONAL.<\/a> &#8211;\u00a0DEISE DE C\u00c1SSIA XAVIER SILVA;\u00a0LUCIANA APARECIDA RODRIGUES DOS SANTOS.<\/p>\n<p>40-\u00a0<a href=\"https:\/\/catolicadeanapolis.edu.br\/biblioteca\/?attachment_id=3462\">RELAT\u00d3RIO DE EST\u00c1GIO SUPERVISIONADO EM PSICOPEDAGOGIA CL\u00cdNICA\u00a0(ESTUDO DE CASO).<\/a> &#8211;\u00a0Divina Aparecida Alves Lisboa<\/p>\n<p>41-\u00a0<a href=\"https:\/\/catolicadeanapolis.edu.br\/biblioteca\/?attachment_id=3463\">Relat\u00f3rio de Est\u00e1gio Supervisionado em Psicopedagogia Cl\u00ednica.<\/a> &#8211;\u00a0Eleusa Elena da Silva Porto<\/p>\n<p>42-\u00a0<a href=\"https:\/\/catolicadeanapolis.edu.br\/biblioteca\/?attachment_id=3464\">RELAT\u00d3RIO DE EST\u00c1GIO SUPERVISIONADO EM PSICOPEDAGOGIA CL\u00cdNICA\u00a0(ESTUDO DE CASO).<\/a> &#8211;\u00a0FERNANDA MARIA FIGUEIREDO<\/p>\n<p>43-\u00a0<a href=\"https:\/\/catolicadeanapolis.edu.br\/biblioteca\/?attachment_id=3465\">RELAT\u00d3RIO DE EST\u00c1GIO SUPERVISIONADO EM PSICOPEDAGOGIA INSTITUCIONAL\u00a0(ESTUDO DE CASO).<\/a> &#8211;\u00a0FERNANDA MARIA FIGUEIREDO;\u00a0WALQU\u00cdRIA MARIA<\/p>\n<p>44-\u00a0<a href=\"https:\/\/catolicadeanapolis.edu.br\/biblioteca\/?attachment_id=3466\">RELAT\u00d3RIO DO EST\u00c1GIO SUPERVISIONADO EM PSICOPEDAGOGIA CL\u00cdNICA\u00a0(ESTUDO DE CASO).<\/a> &#8211;\u00a0H\u00c9LBIA RAQUEL DE OLIVEIRA DIAS<\/p>\n<p>45-\u00a0<a href=\"https:\/\/catolicadeanapolis.edu.br\/biblioteca\/?attachment_id=3467\">RELAT\u00d3RIO DE ESTAGIO SUPERVISIONADO EM PSICOPEDAGOGIA INSTITUCIONAL-ESTUDO DE CASO.<\/a> &#8211;\u00a0IRACI VIEIRA;\u00a0ZILMA APARECIDA ALVES DA COSTA<\/p>\n<p>46-\u00a0<a href=\"https:\/\/catolicadeanapolis.edu.br\/biblioteca\/?attachment_id=3468\">RELAT\u00d3RIO DE EST\u00c1GIO SUPERVISIONADO EM PSICOPEDAGOGIGA CL\u00cdNICA.<\/a> &#8211;\u00a0LUCIANA APARECIDA RODRIGUES DOS SANTOS<\/p>\n<p>47-\u00a0<a href=\"https:\/\/catolicadeanapolis.edu.br\/biblioteca\/?attachment_id=3469\">RELAT\u00d3RIO SUPERVISIONADO DE PSICOPEDAGOGIA INSTITUCIONAL.<\/a> &#8211;\u00a0MARIA IVONEIDE SILVA;\u00a0ROZINEIDE CHAVES DA SILVA<\/p>\n<p>48-\u00a0<a href=\"https:\/\/catolicadeanapolis.edu.br\/biblioteca\/?attachment_id=3470\">RELAT\u00d3RIO DE ESTAGIO SUPERVISIONADO EM PSICOPEDAGOGIA CLINICA-ESTUDO DE CASO.<\/a> &#8211;\u00a0MARIA L\u00daCIA DINIZ GOMES<\/p>\n<p>49-\u00a0<a href=\"https:\/\/catolicadeanapolis.edu.br\/biblioteca\/?attachment_id=3471\">RELAT\u00d3RIO DE EST\u00c1GIO SUPERVISIONADO EM PSICOPEDAGOGIA CL\u00cdNICA\u00a0(ESTUDO DE CASO).<\/a> &#8211;\u00a0NEILA DA SILVA COSTA<\/p>\n<p>50-\u00a0<a href=\"https:\/\/catolicadeanapolis.edu.br\/biblioteca\/?attachment_id=3472\">RELAT\u00d3RIO SUPERVISIONADO DE PSICOPEDAGOGIA CL\u00cdNICA.<\/a> &#8211;\u00a0ROZINEIDE CHAVES DA SILVA<\/p>\n<p>51-\u00a0<a href=\"https:\/\/catolicadeanapolis.edu.br\/biblioteca\/?attachment_id=3473\">Relat\u00f3rio do est\u00e1gio supervisionado em Psicopedagogia Clinica\u00a0Estudo de Caso.<\/a> &#8211;\u00a0SIMONE ROSA DA SILVA MAGALH\u00c3ES<\/p>\n<p>52-\u00a0<a href=\"https:\/\/catolicadeanapolis.edu.br\/biblioteca\/?attachment_id=3474\">RELAT\u00d3RIO DE EST\u00c1GIO SUPERVISIONADO EM\u00a0PSICOPEDAGOGIA INSTITUCIONAL\u00a0(ESTUDO DE CASO).<\/a> &#8211;\u00a0VALQU\u00cdRIA MARIA DE SOUSA SANTOS; CREUZA PEREIRA DA SILVA SANTOS; FLORIZA VALADARES LACERDA DE LIMA<\/p>\n<p>53-\u00a0<a href=\"https:\/\/catolicadeanapolis.edu.br\/biblioteca\/?attachment_id=3475\">RELAT\u00d3RIO DE ESTAGIO SUPERVISIONADO EM PSICOPEDAGOGIA CLINICA-ESTUDO DE CASO.<\/a> &#8211;\u00a0ZILMA APARECIDA ALVES DA COSTA<\/p>\n","protected":false},"excerpt":{"rendered":"<p>1-\u00a0RELAT\u00d3RIO DE ESTAGIO SUPERVISIONADO EM PSICOPEDAGOGIA CL\u00cdNICA-ESTUDO DE CASO.- VALNEIDE DOS REIS LIMA 2-\u00a0RELAT\u00d3RIO DE EST\u00c1GIO SUPERVISONADO EM PSICOPEDAGOGIA INSTITUCIONAL (ESTUDO DE CASO)- ALESSANDRA SOARES FERREIRA E ZILDA L\u00daCIA ALVES NUNES 3-\u00a0RELAT\u00d3RIO DE EST\u00c1GIO SUPERVISIONADO EM PSICOPEDAGOGIA CL\u00cdNICA ESTUDO DE CASO- THAIS FERNANDA PEREIRA RODRIGUES 4-\u00a0RELAT\u00d3RIO DE EST\u00c1GIO SUPERVISONADO EM PSICOPEDAGOGIA INSTITUCIONAL (ESTUDO DE CASO)- [&hellip;]<\/p>\n","protected":false},"author":4,"featured_media":0,"parent":360,"menu_order":1,"comment_status":"closed","ping_status":"closed","template":"","meta":[],"_links":{"self":[{"href":"https:\/\/catolicadeanapolis.edu.br\/biblioteca\/index.php?rest_route=\/wp\/v2\/pages\/2194"}],"collection":[{"href":"https:\/\/catolicadeanapolis.edu.br\/biblioteca\/index.php?rest_route=\/wp\/v2\/pages"}],"about":[{"href":"https:\/\/catolicadeanapolis.edu.br\/biblioteca\/index.php?rest_route=\/wp\/v2\/types\/page"}],"author":[{"embeddable":true,"href":"https:\/\/catolicadeanapolis.edu.br\/biblioteca\/index.php?rest_route=\/wp\/v2\/users\/4"}],"replies":[{"embeddable":true,"href":"https:\/\/catolicadeanapolis.edu.br\/biblioteca\/index.php?rest_route=%2Fwp%2Fv2%2Fcomments&post=2194"}],"version-history":[{"count":6,"href":"https:\/\/catolicadeanapolis.edu.br\/biblioteca\/index.php?rest_route=\/wp\/v2\/pages\/2194\/revisions"}],"predecessor-version":[{"id":3520,"href":"https:\/\/catolicadeanapolis.edu.br\/biblioteca\/index.php?rest_route=\/wp\/v2\/pages\/2194\/revisions\/3520"}],"up":[{"embeddable":true,"href":"https:\/\/catolicadeanapolis.edu.br\/biblioteca\/index.php?rest_route=\/wp\/v2\/pages\/360"}],"wp:attachment":[{"href":"https:\/\/catolicadeanapolis.edu.br\/biblioteca\/index.php?rest_route=%2Fwp%2Fv2%2Fmedia&parent=2194"}],"curies":[{"name":"wp","href":"https:\/\/api.w.org\/{rel}","templated":true}]}}