{"id":2196,"date":"2019-12-03T14:12:28","date_gmt":"2019-12-03T14:12:28","guid":{"rendered":"https:\/\/catolicadeanapolis.edu.br\/biblioteca\/?page_id=2196"},"modified":"2022-06-21T12:23:09","modified_gmt":"2022-06-21T12:23:09","slug":"2011-2","status":"publish","type":"page","link":"https:\/\/catolicadeanapolis.edu.br\/biblioteca\/?page_id=2196","title":{"rendered":"PSICOPEDAGOGIA INSTITUCIONAL E CL\u00cdNICA 2011"},"content":{"rendered":"<p>1-<a href=\"https:\/\/catolicadeanapolis.edu.br\/biblioteca\/wp-content\/uploads\/2019\/12\/VANUZA-MENDES-MOREIRA-OLIVEIRA.pdf\">\u00a0A INFLU\u00caNCIA DO V\u00cdNCULO NA APRENDIZAGEM DO SER COGNOSCENTE-\u00a0<\/a>VANUZA MENDES MOREIRA OLIVEIRA<\/p>\n<p>2-\u00a0<a href=\"https:\/\/catolicadeanapolis.edu.br\/biblioteca\/wp-content\/uploads\/2019\/12\/SONIA-VIEIRA-DA-SILVA-AMORIM-MONOGRAFIA-PSICOPEDAGOGIA-CL\u00cdNICA.pdf\">DIFICULDADE DE APRENDIZAGEM: ESTUDO DE CASO-<\/a>\u00a0SONIA VIEIRA DA SILVA AMORIM<\/p>\n<p>3-\u00a0 <a href=\"https:\/\/catolicadeanapolis.edu.br\/biblioteca\/wp-content\/uploads\/2019\/12\/SARA-CASTRO-SOARES.pdf\">CONTEXTO S\u00d3CIO-HIST\u00d3RICO COMO G\u00caNESE DAS DIFICULDADES DE APRENDIZAGEM E A INTERVEN\u00c7\u00c3O PSICOPEDAG\u00d3GICA<\/a>&#8211;\u00a0SARA CASTRO SOARES<\/p>\n<p>4-<a href=\"https:\/\/catolicadeanapolis.edu.br\/biblioteca\/wp-content\/uploads\/2019\/12\/ROZANGELA-NERY-DA-SILVA-ALVES.pdf\">\u00a0ESTUDO DE CASO: DIFICULDADE DE APRENDIZAGEM \u00c0 LUZ DA PSICOPEDAGOGIA-<\/a>\u00a0\u00a0ROZANGELA NERY DA SILVA ALVES<\/p>\n<p>5-\u00a0<a href=\"https:\/\/catolicadeanapolis.edu.br\/biblioteca\/wp-content\/uploads\/2019\/12\/ROSINEIDE-GON\u00c7ALVES-DE-MORAIS.pdf\">AS INFLU\u00caNCIAS DOS PROBLEMAS EMOCIONAIS NA APRENDIZAGEM,<\/a><br \/>\nNUMA VIS\u00c3O PSICOPEDAG\u00d3GICA- ROSINEIDE GON\u00c7ALVES DE MORAIS<\/p>\n<p>6-\u00a0<a href=\"https:\/\/catolicadeanapolis.edu.br\/biblioteca\/wp-content\/uploads\/2019\/12\/PRISCILA-DE-ALMEIDA-FERREIRA-TCC-Psicopegagogia-Institucional.pdf\">DIFICULDADE DE APRENDIZAGEM-\u00a0<\/a>PRISCILA DE ALMEIDA FERREIRA<\/p>\n<p>7-\u00a0<a href=\"https:\/\/catolicadeanapolis.edu.br\/biblioteca\/wp-content\/uploads\/2019\/12\/PAULA-CRISTINA-DE-ALMEIDA-GIL.pdf\">RELA\u00c7\u00c3O AFETIVIDADE ENTRE O APRENDENTE E O PSICOPEDAGOGO-<\/a>\u00a0PAULA CRISTINA DE ALMEIDA GIL<\/p>\n<p>8-\u00a0<a href=\"https:\/\/catolicadeanapolis.edu.br\/biblioteca\/wp-content\/uploads\/2019\/12\/MAYSA-FRANCO-FERREIRA-DO-NASCIMENTO.pdf\">A FAM\u00cdLIA COMO AGENTE FACILITADOR DA DIFICULDADE DE APRENDIZAGEM-<\/a>\u00a0MAYSA FRANCO FERREIRA DO NASCIMENTO<\/p>\n<p>9-<a href=\"https:\/\/catolicadeanapolis.edu.br\/biblioteca\/wp-content\/uploads\/2019\/12\/MAYSA-FRANCO-E-ROBERTA-CRISTINA-SILVA-DA-COSTA.pdf\">\u00a0OS PROBLEMAS DE APRENDIZAGENS NO ENSINO FUNDAMENTAL E A RELA\u00c7\u00c3O FAM\u00cdLIA\/ESCOLA-<\/a>\u00a0MAYSA FRANCO E ROBERTA CRISTINA SILVA DA COSTA<\/p>\n<p>10- <a href=\"https:\/\/catolicadeanapolis.edu.br\/biblioteca\/wp-content\/uploads\/2019\/12\/MARINA-SILVA-SOUZA-MARQUES.pdf\">DIFICULDADES DE APRENDIZAGEM NA ALFABETIZA\u00c7\u00c3O-<\/a>\u00a0MARINA SILVA SOUZA MARQUES<\/p>\n<p>11-\u00a0<a href=\"https:\/\/catolicadeanapolis.edu.br\/biblioteca\/wp-content\/uploads\/2019\/12\/MARIA-MIRTE-C\u00d4RTES.pdf\">RELAT\u00d3RIO DE EST\u00c1GIO SUPERVISIONADO EM PSICOPEDAGOGIA CL\u00cdNICA-<\/a> MARIA MIRTE C\u00d4RTES<\/p>\n<p>12-\u00a0<a href=\"https:\/\/catolicadeanapolis.edu.br\/biblioteca\/wp-content\/uploads\/2019\/12\/L\u00cdVIA-SUZIANE-SILVA.pdf\">DIFICULDADES DE LEITURA \u00c0 LUZ DA PSICOPEDAGOGIA-<\/a>\u00a0L\u00cdVIA SUZIANE SILVA<\/p>\n<p>13-\u00a0<a href=\"https:\/\/catolicadeanapolis.edu.br\/biblioteca\/wp-content\/uploads\/2019\/12\/JULIANA-CORREA-DE-OLIVEIRA-CORDEIRO.pdf\">ESTUDO DE CASO DE UMA CRIAN\u00c7A COM PROBLEMAS AFETIVOS<\/a>&#8211;\u00a0JULIANA CORREA DE OLIVEIRA CORDEIRO<\/p>\n<p>14-\u00a0<a href=\"https:\/\/catolicadeanapolis.edu.br\/biblioteca\/wp-content\/uploads\/2019\/12\/JOSIANE-APARECIDA-RAMIRO-JULIANA-CORREA-DE-OLIVEIRA-CORDEIRO-E-LETICIA-LOWERLY-SILVA.pdf\">RELAT\u00d3RIO DE EST\u00c1GIO SUPERVISIONADO EM PSICOPEDAGOGIA INSTITUCIONAL-<\/a>\u00a0JOSIANE APARECIDA RAMIRO;JULIANA CORREA DE OLIVEIRA CORDEIRO E LETICIA LOWERLY SILVA<\/p>\n<p>15-\u00a0<a href=\"https:\/\/catolicadeanapolis.edu.br\/biblioteca\/wp-content\/uploads\/2019\/12\/INDIRA-MORETH-CERQUEIRA-LIMA.pdf\">INTERVEN\u00c7\u00c3O PSICOPEDAG\u00d3GICA NAS DIFICULDADES DE<\/a><br \/>\nAPRENDIZAGEM NO PER\u00cdODO DE ALFABETIZA\u00c7\u00c3O-\u00a0INDIRA MORETH CERQUEIRA LIMA<\/p>\n<p>16-\u00a0<a href=\"https:\/\/catolicadeanapolis.edu.br\/biblioteca\/wp-content\/uploads\/2019\/12\/INDIRA-MORETH-CERQUEIRA-LIMA-E-SARA-CASTRO-SOARES-Trabalho-de-Conclus\u00e3o-de-Curso-Institucional-22-10-2011.pdf\">O COMBATE AO BULLYING NA INSTITUI\u00c7\u00c3O ESCOLAR-\u00a0<\/a>INDIRA MORETH CERQUEIRA LIMA E SARA CASTRO SOARES<\/p>\n<p>17-\u00a0<a href=\"https:\/\/catolicadeanapolis.edu.br\/biblioteca\/wp-content\/uploads\/2019\/12\/INDIARA-VIDAL-E-L\u00cdVIA-SUZIANE-SILVA.pdf\">O PAPEL DO PSICOPEDAGOGO NA ESCOLA P\u00daBLICA EM S\u00c9RIES INICIAIS-\u00a0I<\/a>NDIARA VIDAL E L\u00cdVIA SUZIANE SILVA<\/p>\n<p>18-\u00a0<a href=\"https:\/\/catolicadeanapolis.edu.br\/biblioteca\/wp-content\/uploads\/2019\/12\/FERNANDA-VIEIRA-DE-S\u00c1-E-ROZANGELA-NERY-DA-SILVA-ALVES.pdf\">AS DIFICULDADES NA CONSTRU\u00c7\u00c3O DE LIMITES E SUAS IMPLICA\u00c7\u00d5ES NO CONTEXTO SOCIOESCOLAR-<\/a>\u00a0FERNANDA VIEIRA DE S\u00c1 E ROZANGELA NERY DA SILVA ALVES<\/p>\n<p>19-\u00a0<a href=\"https:\/\/catolicadeanapolis.edu.br\/biblioteca\/wp-content\/uploads\/2019\/12\/ERICA-JACQUELINE-LEITE.pdf\">DIFICULDADE DE APRENDIZAGEM SOB O OLHAR DA PSICOPEDAGOGIA-<\/a>\u00a0ERICA JACQUELINE LEITE<\/p>\n<p>20-\u00a0<a href=\"https:\/\/catolicadeanapolis.edu.br\/biblioteca\/wp-content\/uploads\/2019\/12\/ELZA-MARIA-DA-COSTA-E-MARIA-MIRTE-C\u00d4RTES.pdf\">EST\u00c1GIO SUPERVISIONADO EM PSICOPEDAGOGIA INSTITUCIONAL-<\/a> ELZA MARIA DA COSTA E MARIA MIRTE C\u00d4RTES<\/p>\n<p>21-\u00a0<a href=\"https:\/\/catolicadeanapolis.edu.br\/biblioteca\/wp-content\/uploads\/2019\/12\/ELIETE-APARECIDA-DE-MELO.pdf\">DIFICULDADES DE APRENDIZAGEM \u00c0 LUZ DA PSICOPEDAGOGIA-<\/a>\u00a0ELIETE APARECIDA DE MELO<\/p>\n<p>22-\u00a0<a href=\"https:\/\/catolicadeanapolis.edu.br\/biblioteca\/wp-content\/uploads\/2019\/12\/ELIETE-APARECIDA-DE-MELO-E-MARINA-SILVA-SOUZA-MARQUES.pdf\">RELA\u00c7\u00c3O PROFESSOR- ALUNO EM SALA DE ALFABETIZA\u00c7\u00c3O EM UMA<\/a><br \/>\nESCOLA DA REDE MUNICIPAL-\u00a0ELIETE APARECIDA DE MELO E MARINA SILVA SOUZA MARQUES<\/p>\n<p>23-\u00a0<a href=\"https:\/\/catolicadeanapolis.edu.br\/biblioteca\/wp-content\/uploads\/2019\/12\/DIANIFFER-FERREIRA-DOS-SANTOS.pdf\">INTERVEN\u00c7\u00c3O PSICOPEDAG\u00d3GICA EM UMA CRIAN\u00c7A DE 7 ANOS COM<\/a><br \/>\nDIFICULDADE DE LEITURA E ESCRITA-\u00a0DIANIFFER FERREIRA DOS SANTOS<\/p>\n<p>24-\u00a0<a href=\"https:\/\/catolicadeanapolis.edu.br\/biblioteca\/wp-content\/uploads\/2019\/12\/DIANIFFER-FERREIRA-DOS-SANTOSKARLA-C.-L.-BRITO-CARVALHO-E-VERA-L\u00daCIA-R.-VIEIRA-EST\u00c1GIO-SUPERVISIONADO.pdf\">A PARTICIPA\u00c7\u00c3O NO GRUPO FAMILIAR NO PROCESSO DE ENSINO<\/a><br \/>\nAPRENDIZAGEM NO AMBIENTE ESCOLAR: UM OLHAR PSICOPEDAG\u00d3GICO-\u00a0DIANIFFER FERREIRA DOS SANTOS, KARLA C. L. BRITO CARVALHO E VERA L\u00daCIA R. VIEIRA<\/p>\n<p>25-\u00a0<a href=\"https:\/\/catolicadeanapolis.edu.br\/biblioteca\/wp-content\/uploads\/2019\/12\/CL\u00c9DIMA-IZAIAS-CAETANO-LOPES.pdf\">CRIT\u00c9RIO DIAGN\u00d3STICO DE UMA CRIAN\u00c7A COM TRANSTORNO DE<\/a><br \/>\nD\u00c9FICIT DE ATEN\u00c7\u00c3O-\u00a0CL\u00c9DIMA IZAIAS CAETANO LOPES<\/p>\n<p>26-\u00a0<a href=\"https:\/\/catolicadeanapolis.edu.br\/biblioteca\/wp-content\/uploads\/2019\/12\/CL\u00c9DIMA-IZAIAS-CAETANO-LOPES-EDNA-APARECIDA-GHIDETTI-DUARTE-DANIELA-GALDINO-E-JAILMA-JARDIM.pdf\">RELA\u00c7\u00c3O DO PROFESSOR COM O ALUNO PORTADOR DE D\u00c9FICIT DE<\/a><br \/>\nATEN\u00c7\u00c3O NO ENSINO FUNDAMENTAL E A INDISCIPLINA NA SALA DE AULA-\u00a0CL\u00c9DIMA IZAIAS CAETANO LOPES, EDNA APARECIDA GHIDETTI DUARTE; DANIELA GALDINO E JAILMA JARDIM<\/p>\n<p>27-<a href=\"https:\/\/catolicadeanapolis.edu.br\/biblioteca\/wp-content\/uploads\/2019\/12\/CASSYANA-MARTINS-DE-OLIVEIRA.pdf\">\u00a0DIFICULDADES NA MODALIDADE DA LEITURA ENCONTRADA NA<\/a><br \/>\nALFABETIZA\u00c7\u00c3O DO PRIMEIRO ANO-\u00a0CASSYANA MARTINS DE OLIVEIRA<\/p>\n<p>28-\u00a0<a href=\"https:\/\/catolicadeanapolis.edu.br\/biblioteca\/wp-content\/uploads\/2019\/12\/ANA-CRISTINA-PEREIRA-DA-SILVA-CASSYANA-MARTINS-DE-OLIVEIRA-SANDRA-CRISTINA-MARQUES-E-VANUZA-MENDES-MOREIRA-OLIVEIRA.pdf\">AS DIFICULDADES DECORRENTES DO RELACIONAMENTO DO PROFESSOR COM O ALUNO QUE APRESENTA TDAH<\/a>&#8211;\u00a0ANA CRISTINA PEREIRA DA SILVA, CASSYANA MARTINS DE OLIVEIRA, SANDRA CRISTINA MARQUES E VANUZA MENDES MOREIRA OLIVEIRA<\/p>\n<p>29-<a href=\"https:\/\/catolicadeanapolis.edu.br\/biblioteca\/wp-content\/uploads\/2020\/01\/Roberta-Cristina-Silva.pdf\">\u00a0AFETIVIDADE COMO FATOR FACILITADOR \u00c0 APRENDIZAGEM.-<\/a>\u00a0ROBERTA CRISTINA SILVA.<\/p>\n<p>30- <a href=\"https:\/\/catolicadeanapolis.edu.br\/biblioteca\/wp-content\/uploads\/2020\/01\/EDNA-APARECIDA-GHIDETTI-DUARTE.pdf\">\u00a0O PAPEL DO PSICOPEDAGOGO NO TRATAMENTO DE CRIAN\u00c7AS COM TRANSTORNO DE D\u00c9FICIT DE ATEN\u00c7\u00c3O E HIPERATIVIDADE NO SEGMENTO ESCOLA.-<\/a> EDNA APARECIDA GHIDETTI DUARTE.<\/p>\n<p>31-\u00a0<a href=\"https:\/\/catolicadeanapolis.edu.br\/biblioteca\/?attachment_id=3476\">ESCOLA : UM LUGAR DE AUTONOMIA E AUTORIA DE PENSAMENTO.<\/a> &#8211;\u00a0Deborah Am\u00e9lio Sampaio ;\u00a0Paula Cristina de Almeida Gil<\/p>\n<p>32-\u00a0<a href=\"https:\/\/catolicadeanapolis.edu.br\/biblioteca\/?attachment_id=3477\">O Papel do Psicopedagogo no Tratamento de Crian\u00e7as com Transtorno de D\u00e9ficit de Aten\u00e7\u00e3o e Hiperatividade no Segmento Escolar.<\/a> &#8211;\u00a0EDNA APARECIDA GHIDETTI DUARTE. &#8211; Orienta\u00e7\u00e3o Esp. Ana Maria Vieira Souza.<\/p>\n<p>33- <a href=\"https:\/\/catolicadeanapolis.edu.br\/biblioteca\/?attachment_id=3478\">A INFLU\u00caNCIA DA AFETIVIDADE NA APRENDIZAGEM.<\/a> &#8211;\u00a0JOSIANE APARECIDA FERREIRA RAMIRO<\/p>\n<p>34-\u00a0<a href=\"https:\/\/catolicadeanapolis.edu.br\/biblioteca\/?attachment_id=3479\">AFETIVIDADE COMO FATOR FACILITADOR \u00c0 APRENDIZAGEM.<\/a> &#8211;\u00a0ROBERTA CRISTINA SILVA. &#8211;\u00a0Orienta\u00e7\u00e3o Esp. Ana Maria Vieira Souza.<\/p>\n<p>35-\u00a0<a href=\"https:\/\/catolicadeanapolis.edu.br\/biblioteca\/?attachment_id=3480\">DIFICULDADE DE APRENDIZAGEM:\u00a0uma an\u00e1lise sob a \u00f3tica de um TDA. &#8211;\u00a0ROSANGELA RIBEIRO MUNDIM.<\/a> &#8211;\u00a0Orienta\u00e7\u00e3o Esp. Ana Maria Vieira Souza.<\/p>\n","protected":false},"excerpt":{"rendered":"<p>1-\u00a0A INFLU\u00caNCIA DO V\u00cdNCULO NA APRENDIZAGEM DO SER COGNOSCENTE-\u00a0VANUZA MENDES MOREIRA OLIVEIRA 2-\u00a0DIFICULDADE DE APRENDIZAGEM: ESTUDO DE CASO-\u00a0SONIA VIEIRA DA SILVA AMORIM 3-\u00a0 CONTEXTO S\u00d3CIO-HIST\u00d3RICO COMO G\u00caNESE DAS DIFICULDADES DE APRENDIZAGEM E A INTERVEN\u00c7\u00c3O PSICOPEDAG\u00d3GICA&#8211;\u00a0SARA CASTRO SOARES 4-\u00a0ESTUDO DE CASO: DIFICULDADE DE APRENDIZAGEM \u00c0 LUZ DA PSICOPEDAGOGIA-\u00a0\u00a0ROZANGELA NERY DA SILVA ALVES 5-\u00a0AS INFLU\u00caNCIAS DOS PROBLEMAS [&hellip;]<\/p>\n","protected":false},"author":4,"featured_media":0,"parent":360,"menu_order":2,"comment_status":"closed","ping_status":"closed","template":"","meta":[],"_links":{"self":[{"href":"https:\/\/catolicadeanapolis.edu.br\/biblioteca\/index.php?rest_route=\/wp\/v2\/pages\/2196"}],"collection":[{"href":"https:\/\/catolicadeanapolis.edu.br\/biblioteca\/index.php?rest_route=\/wp\/v2\/pages"}],"about":[{"href":"https:\/\/catolicadeanapolis.edu.br\/biblioteca\/index.php?rest_route=\/wp\/v2\/types\/page"}],"author":[{"embeddable":true,"href":"https:\/\/catolicadeanapolis.edu.br\/biblioteca\/index.php?rest_route=\/wp\/v2\/users\/4"}],"replies":[{"embeddable":true,"href":"https:\/\/catolicadeanapolis.edu.br\/biblioteca\/index.php?rest_route=%2Fwp%2Fv2%2Fcomments&post=2196"}],"version-history":[{"count":7,"href":"https:\/\/catolicadeanapolis.edu.br\/biblioteca\/index.php?rest_route=\/wp\/v2\/pages\/2196\/revisions"}],"predecessor-version":[{"id":3521,"href":"https:\/\/catolicadeanapolis.edu.br\/biblioteca\/index.php?rest_route=\/wp\/v2\/pages\/2196\/revisions\/3521"}],"up":[{"embeddable":true,"href":"https:\/\/catolicadeanapolis.edu.br\/biblioteca\/index.php?rest_route=\/wp\/v2\/pages\/360"}],"wp:attachment":[{"href":"https:\/\/catolicadeanapolis.edu.br\/biblioteca\/index.php?rest_route=%2Fwp%2Fv2%2Fmedia&parent=2196"}],"curies":[{"name":"wp","href":"https:\/\/api.w.org\/{rel}","templated":true}]}}