{"id":2198,"date":"2019-12-03T14:17:51","date_gmt":"2019-12-03T14:17:51","guid":{"rendered":"https:\/\/catolicadeanapolis.edu.br\/biblioteca\/?page_id=2198"},"modified":"2022-06-21T13:23:29","modified_gmt":"2022-06-21T13:23:29","slug":"2019-2","status":"publish","type":"page","link":"https:\/\/catolicadeanapolis.edu.br\/biblioteca\/?page_id=2198","title":{"rendered":"PSICOPEDAGOGIA INSTITUCIONAL E CL\u00cdNICA 2019"},"content":{"rendered":"<p>1- <a href=\"https:\/\/catolicadeanapolis.edu.br\/biblioteca\/wp-content\/uploads\/2019\/12\/BRUNA-PEREIRA-DE-MORAIS.pdf\">QUEIXA ESCOLAR E FAMILIAR.<\/a>\u00a0&#8211; BRUNA PEREIRA DE MORAIS. &#8211; ORIENTA\u00c7\u00c3O: PROF\u00aa ANA MARIA VIEIRA DE SOUZA.<\/p>\n<p>2-\u00a0<a href=\"https:\/\/catolicadeanapolis.edu.br\/biblioteca\/wp-content\/uploads\/2021\/06\/GLAUCIONE-GOMES-DE-S.-BONIF\u00c1CIO.pdf\">A IMPORT\u00c2NCIA DAS RELA\u00c7\u00d5ES AFETIVAS NO ATENDIMENTO PSICOPEDAG\u00d3GICO DE UMA DIFICULDADE NA APRENDIZAGEM DO RACIOC\u00cdNIO L\u00d3GICO MATEM\u00c1TICO.<\/a> &#8211;\u00a0GLAUCIONE GOMES DE S. BONIF\u00c1CIO. &#8211; ORIENTA\u00c7\u00c3O: PROF\u00aa ESPE. V\u00c2NIA SANTOS DO CARMO.<\/p>\n<p>3-\u00a0<a href=\"https:\/\/catolicadeanapolis.edu.br\/biblioteca\/wp-content\/uploads\/2021\/06\/DALVA-KAROLINE-RIBEIRO-SOARES.pdf\">OS FATORES EMOCIONAIS COMO INFLUENCIADORES NO DESENVOLVIMENTO DA MATURIDADE COGNITIVA E DA APRENDIZAGEM.<\/a> &#8211;\u00a0DALVA KAROLINE RIBEIRO SOARES. &#8211; ORIENTA\u00c7\u00c3O: PROF\u00aa ME. EVELYN A. SILVEIRA ROCHA.<\/p>\n<p>4-\u00a0<a href=\"https:\/\/catolicadeanapolis.edu.br\/biblioteca\/wp-content\/uploads\/2021\/06\/GISELA-PIMENTEL-WALGENBACH-LEITE.pdf\">PSCICOPEDAGOGIA CL\u00cdNICA: DIFICULDADES DE APRENDIZAGEM NA LEITURA E ESCRITA.<\/a> &#8211;\u00a0GISELA PIMENTEL WALGENBACH LEITE. &#8211;\u00a0ORIENTA\u00c7\u00c3O: PROF\u00aa ME. EVELYN A. SILVEIRA ROCHA.<\/p>\n<p>5-\u00a0<a href=\"https:\/\/catolicadeanapolis.edu.br\/biblioteca\/wp-content\/uploads\/2021\/06\/DANIELA-GALDINO-DE-OLIVEIRA.pdf\">DIAGN\u00d3STICO PSICOPEDAG\u00d3GICO: UM OLHAR PARA O TRABALHO PEDAG\u00d3GICO COM ALUNOS PORTADORES DE TDA\/H.<\/a> &#8211;\u00a0DANIELA GALDINO DE OLIVEIRA. &#8211; ORIENTA\u00c7\u00c3O: PROF\u00aa ANA MARIA VIEIRA DE SOUZA.<\/p>\n<p>6- <a href=\"https:\/\/catolicadeanapolis.edu.br\/biblioteca\/wp-content\/uploads\/2021\/06\/ALINE-ALVES-ABREU-DE-CASTRO-INFORME.pdf\">INFORME EST\u00c1GIO.<\/a> &#8211;\u00a0ALINE ALVES ABREU DE CASTRO. &#8211; ORIENTA\u00c7\u00c3O: CRISTIANE S. CALDAS.<\/p>\n<p>7- <a href=\"https:\/\/catolicadeanapolis.edu.br\/biblioteca\/wp-content\/uploads\/2021\/06\/ANGELINA-NACASSACA-JANE-MARY-XAVIER-ROSILENE-MARIA-DA-CONCEI\u00c7\u00c3O-INFORME.pdf\">INFORME EST\u00c1GIO.<\/a> &#8211; ANGELINA NACASSACA N. COLUMBOMBO, JANE MARY XAVIER BATISTA, ROSILENE MARIA DE CONCEI\u00c7\u00c3O GON\u00c7ALVES. &#8211; ORIENTA\u00c7\u00c3O: CRISTIANE S. CALDAS.<\/p>\n<p>8-\u00a0<a href=\"https:\/\/catolicadeanapolis.edu.br\/biblioteca\/wp-content\/uploads\/2021\/06\/AMANDA-VIT\u00d3RIA-DE-CASTRO-E-SILVA.pdf\">DIAGN\u00d3STICO: A DESCOBERTA DO OLHAR PSICOPEDAG\u00d3GICO NA INTERA\u00c7\u00c3O TEORIA E PR\u00c1TICA.<\/a> &#8211;\u00a0AMANDA VIT\u00d3RIA DE CASTRO E SILVA. &#8211;\u00a0ORIENTA\u00c7\u00c3O: PROF\u00aa ESPE. V\u00c2NIA SANTOS DO CARMO.<\/p>\n<p>9-\u00a0<a href=\"https:\/\/catolicadeanapolis.edu.br\/biblioteca\/wp-content\/uploads\/2021\/06\/CINDY-MICHELLE-DA-SILVA.pdf\">A AFETIVIDADE ENQUANTO OBST\u00c1CULO DA APRENDIZAGEM.<\/a> &#8211;\u00a0CINDY MICHELLE DA SILVA. &#8211;\u00a0ORIENTA\u00c7\u00c3O: PROF\u00aa ESPE. V\u00c2NIA SANTOS DO CARMO.<\/p>\n<p>10-\u00a0<a href=\"https:\/\/catolicadeanapolis.edu.br\/biblioteca\/wp-content\/uploads\/2021\/06\/FL\u00c1VIA-CELINA-COIMBRA-FERRAZ.pdf\">RELATO DE UM ESTUDO DE CASO DE COMPROMETIMENTO DA APRENDIZAGEM.<\/a> &#8211;\u00a0FL\u00c1VIA CELINA COIMBRA FERRAZ. &#8211;\u00a0ORIENTA\u00c7\u00c3O: PROF\u00aa ESPE. V\u00c2NIA SANTOS DO CARMO.<\/p>\n<p>11- <a href=\"https:\/\/catolicadeanapolis.edu.br\/biblioteca\/wp-content\/uploads\/2021\/06\/GLAUCIANE-G.-DE-SOUZA-BONIF\u00c1CIO-JOS\u00c9LIA-TEXEIRA-ROZINEIDE-ALVES-SILV\u00c2NIA-CLAUDIA-INFOME.pdf\">INFORME EST\u00c1GIO.<\/a> &#8211; GLAUCIONE G. DE SOUZA ONIF\u00c1CIO, JOS\u00c9LIA TEIXEIRA DA CUNHA, ROZINEIDE ALVES DE ARA\u00daJO CARVALHO, SILV\u00c2NIA CLAUDIA RODRIGUES SILVA. &#8211;\u00a0ORIENTA\u00c7\u00c3O: CRISTIANE S. CALDAS.<\/p>\n<p>12-\u00a0<a href=\"https:\/\/catolicadeanapolis.edu.br\/biblioteca\/wp-content\/uploads\/2021\/06\/ELIZANGELA-DE-SOUZA-DANTAS.pdf\">A IMPORT\u00c2NCIA DA PARTICIPA\u00c7\u00c3O DA FAM\u00cdLIA NO PROCESSO DE ALFABETIZA\u00c7\u00c3O.<\/a> &#8211;\u00a0ELIZANGELA DE SOUZA DANTAS. &#8211;\u00a0ORIENTA\u00c7\u00c3O: PROF\u00aa ME. EVELYN A. SILVEIRA ROCHA.<\/p>\n<p>13-\u00a0<a href=\"https:\/\/catolicadeanapolis.edu.br\/biblioteca\/wp-content\/uploads\/2021\/06\/ANA-CAROLINA-FERNANDES-LIMA.pdf\">A INTERFER\u00caNCIA DE DIFICULDADES COMPORTAMENTAIS NO PROCESSO DE APRENDIZAGEM DE UMA CRIAN\u00c7A DA EDUCA\u00c7\u00c3O INFANTIL.<\/a> &#8211;\u00a0ANA CAROLINA FERNANDES LIMA. &#8211;\u00a0ORIENTA\u00c7\u00c3O: PROF\u00aa ESPE. V\u00c2NIA SANTOS DO CARMO.<\/p>\n<p>14- <a href=\"https:\/\/catolicadeanapolis.edu.br\/biblioteca\/wp-content\/uploads\/2021\/06\/GILMARA-QUEIROZ-GYSELA-OLIVEIRA-LUCIANA-QUEIROZ-INFORME.pdf\">INFORME EST\u00c1GIO.<\/a> &#8211; GILMARA QUEIROZ DA SILVA, GYSELE OLIVEIRA SANTOS, LUCIANA QUEIROZ DA SILVA JUNQUEIRA. &#8211;\u00a0ORIENTA\u00c7\u00c3O: CRISTIANE S. CALDAS.<\/p>\n<p>15-\u00a0<a href=\"https:\/\/catolicadeanapolis.edu.br\/biblioteca\/wp-content\/uploads\/2021\/06\/ALINE-ALVES-ABREU-DE-CASTRO.pdf\">TRANSTORNOS: OBST\u00c1CULOS QUE DIFICULTAM O PROCESSO DE APRENDIZAGEM.<\/a> &#8211;\u00a0ALINE ALVES ABREU DE CASTRO. &#8211;\u00a0ORIENTA\u00c7\u00c3O: PROF\u00aa ME. EVELYN A. SILVEIRA ROCHA.<\/p>\n<p>16-\u00a0<a href=\"https:\/\/catolicadeanapolis.edu.br\/biblioteca\/wp-content\/uploads\/2021\/06\/CLAUDIA-BATISTA-DA-SILVA-MENDES.pdf\">A INFLU\u00caNCIA DO TRANSTORNO DE D\u00c9FICIT DE ATEN\u00c7\u00c3O E HIPERATIVIDADE NA APRENDIZAGEM E INTERA\u00c7\u00c3O SOCIAL.<\/a> &#8211;\u00a0CLAUDIA BATISTA DA SILVA MENDES. &#8211;\u00a0ORIENTA\u00c7\u00c3O: PROF\u00aa ME. EVELYN A. SILVEIRA ROCHA.<\/p>\n<p>17-\u00a0<a href=\"https:\/\/catolicadeanapolis.edu.br\/biblioteca\/wp-content\/uploads\/2021\/06\/WISNA-APARECIDA-DE-SOUSA-MARINHO.pdf\">A IMPORT\u00c2NCIA DA AVALIA\u00c7\u00c3O PSICOPEDAG\u00d3GICA NA PR\u00c9- ESCOLA.<\/a> &#8211;\u00a0WISNA APARECIDA DE SOUSA MARINHO. &#8211;\u00a0ORIENTA\u00c7\u00c3O: PROF\u00aa ESPE. V\u00c2NIA SANTOS DO CARMO.<\/p>\n<p>18-\u00a0<a href=\"https:\/\/catolicadeanapolis.edu.br\/biblioteca\/wp-content\/uploads\/2021\/06\/SILV\u00c2NIA-CLAUDIA-RODRIGUES-SILVA.pdf\">A INTERFER\u00caNCIA DA IMATURIDADE COGNITIVA E AFETIVA NA APRENDIZAGEM DE UM SUJEITO.<\/a> &#8211;\u00a0SILV\u00c2NIA CLAUDIA RODRIGUES SILVA. &#8211;\u00a0ORIENTA\u00c7\u00c3O: PROF\u00aa ESPE. V\u00c2NIA SANTOS DO CARMO.<\/p>\n<p>19-\u00a0<a href=\"https:\/\/catolicadeanapolis.edu.br\/biblioteca\/wp-content\/uploads\/2021\/06\/ROZINEIDE-ALVES-DE-ARAUJO-CARVALHO.pdf\">O PAPEL DA FAM\u00cdLIA COMO MOTIVADORA DIANTE DOS OBST\u00c1CULOS NO PROCESSO DE ALFABETIZA\u00c7\u00c3O.<\/a> &#8211;\u00a0ROZINEIDE ALVES DE ARAUJO CARVALHO . &#8211;\u00a0ORIENTA\u00c7\u00c3O: PROF\u00aa ME. EVELYN A. SILVEIRA ROCHA.<\/p>\n<p>20-\u00a0<a href=\"https:\/\/catolicadeanapolis.edu.br\/biblioteca\/wp-content\/uploads\/2021\/06\/ROSILENE-MARIA-DA-CONCEI\u00c7\u00c3O-GON\u00c7ALVES.pdf\">TRANSTORNO GLOBAL DE DESENVOLVIMENTO: O PAPEL DA FAM\u00cdLIA ENQUANTO PARCEIRA NO PROCESSO DE APRENDIZAGEM?<\/a> &#8211;\u00a0ROSILENE MARIA DA CONCEI\u00c7\u00c3O GON\u00c7ALVES. &#8211;\u00a0ORIENTA\u00c7\u00c3O: PROF\u00aa ME. EVELYN A. SILVEIRA ROCHA.<\/p>\n<p>21-\u00a0<a href=\"https:\/\/catolicadeanapolis.edu.br\/biblioteca\/wp-content\/uploads\/2021\/06\/MARIENE-FERNANDA-PERUCHI-TRINDADE.pdf\">PSICOPEDAGOGIA CL\u00cdNICA: A IMPORT\u00c2NCIA DA AFETIVIDADE NA APRENDIZAGEM.<\/a> &#8211;\u00a0MARIENE FERNANDA PERUCHI TRINDADE. &#8211;\u00a0ORIENTA\u00c7\u00c3O: PROF\u00aa ESPE. V\u00c2NIA SANTOS DO CARMO.<\/p>\n<p>22-\u00a0<a href=\"https:\/\/catolicadeanapolis.edu.br\/biblioteca\/wp-content\/uploads\/2021\/06\/LEILA-DE-FREITAS-FRANCISCO-SANTOS.pdf\">TDA E AS DIFICULDADES DE APRENDIZAGEM: UM OLHAR PSICOPEDAGOGICO.<\/a> &#8211;\u00a0LEILA DE FREITAS FRANCISCO SANTOS. &#8211; ORIENTA\u00c7\u00c3O: PROF\u00aa HELOIZA REGINA VAZ PINTO.<\/p>\n<p>23-\u00a0<a href=\"https:\/\/catolicadeanapolis.edu.br\/biblioteca\/wp-content\/uploads\/2021\/06\/JULIANA-MAGGI-SOUSA.pdf\">A AFETIVIDADE ENTRE FAM\u00cdLIA, ESCOLA E CRIAN\u00c7A NO CONTEXTO DE AN\u00c1LISE PSICOPEDAG\u00d3GICA.<\/a> &#8211;\u00a0JULIANA MAGGI SOUSA. &#8211;\u00a0ORIENTA\u00c7\u00c3O: PROF\u00aa ESPE. V\u00c2NIA SANTOS DO CARMO.<\/p>\n<p>24-<a href=\"https:\/\/catolicadeanapolis.edu.br\/biblioteca\/wp-content\/uploads\/2021\/06\/LAURA-PEREIRA-RAFAELLA-C\u00c2NDIDA-RAYANE-ALVES-INFORME.pdf\"> INFORME EST\u00c1GIO.<\/a> &#8211; LAURA PEREIRA DE CASTRO PRADO, RAFAELLA C\u00c2NDIDA DE PAULA, RAYANE ALVES DE MOURA BUENO. &#8211;\u00a0ORIENTA\u00c7\u00c3O: CRISTIANE S. CALDAS.<\/p>\n<p>25-\u00a0<a href=\"https:\/\/catolicadeanapolis.edu.br\/biblioteca\/wp-content\/uploads\/2021\/06\/RAFAELLA-C\u00c2NDIDA-DE-PAULA-SOARES.pdf\">A DIFICULDADE DE LEITURA E ESCRITA NA CRIAN\u00c7A COM O TRANSTORNO DE D\u00c9FICIT DE ATEN\u00c7\u00c3O E HIPERATIVIDADE (TDAH).<\/a> &#8211;\u00a0RAFAELLA C\u00c2NDIDA DE PAULA SOARES. &#8211;\u00a0ORIENTA\u00c7\u00c3O: PROF\u00aa ME. EVELYN A. SILVEIRA ROCHA.<\/p>\n<p>26-\u00a0<a href=\"https:\/\/catolicadeanapolis.edu.br\/biblioteca\/wp-content\/uploads\/2021\/06\/RHAMONE-KELEM-DA-COSTA-SILVA.pdf\">DIAGN\u00d3STICO PSICOPEDAG\u00d3GICO: A M\u00c1 ALFABETIZA\u00c7\u00c3O E SEU REFLEXO NO PROCESSO DE APRENDIZAGEM.<\/a> &#8211;\u00a0RHAMONE KELEM DA COSTA SILVA. &#8211;\u00a0ORIENTA\u00c7\u00c3O: PROF\u00aa ESPE. V\u00c2NIA SANTOS DO CARMO.<\/p>\n<p>27-\u00a0<a href=\"https:\/\/catolicadeanapolis.edu.br\/biblioteca\/wp-content\/uploads\/2021\/06\/NIUSA-JAILINNE-DE-OLIVEIRA-SILVA.pdf\">A AVALIA\u00c7\u00c3O PSICOPEDAG\u00d3GICA CL\u00cdNICA E A IMPORT\u00c2NCIA DO DIAGNOSTICO PARA A SUPERA\u00c7\u00c3O DO FRACASSO ESCOLAR.<\/a> &#8211;\u00a0NIUSA JAILINNE DE OLIVEIRA SILVA. &#8211;\u00a0ORIENTA\u00c7\u00c3O: PROF\u00aa ESPE. V\u00c2NIA SANTOS DO CARMO.<\/p>\n<p>28-<a href=\"https:\/\/catolicadeanapolis.edu.br\/biblioteca\/wp-content\/uploads\/2021\/06\/JULIANA-DOS-SANTOS-SANTANA.pdf\">\u00a0IMATURIDADE COGNITIVA E SUAS IMPLICA\u00c7\u00d5ES NA APRENDIZAGEM.<\/a> &#8211;\u00a0JULIANA DOS SANTOS SANTANA. &#8211;\u00a0ORIENTA\u00c7\u00c3O: PROF\u00aa ESPE. V\u00c2NIA SANTOS DO CARMO.<\/p>\n<p>29-\u00a0<a href=\"https:\/\/catolicadeanapolis.edu.br\/biblioteca\/wp-content\/uploads\/2021\/06\/NEILAMAR-MADALENA-RIBERIO.pdf\">DESENVOLVIMENTO DA LINGUAGEM E ALFABETIZA\u00c7\u00c3O.<\/a> &#8211;\u00a0NEILAMAR MADALENA RIBERIO. &#8211;\u00a0ORIENTA\u00c7\u00c3O: PROF\u00aa ESPE. V\u00c2NIA SANTOS DO CARMO.<\/p>\n<p>30-\u00a0<a href=\"https:\/\/catolicadeanapolis.edu.br\/biblioteca\/wp-content\/uploads\/2021\/06\/JANE-MARY-XAVIER-BATISTA.pdf\">A INTERFER\u00caNCIA DA RELA\u00c7\u00c3O VINCULAR AFETIVA NO ATENDIMENTO PSICOPEDAG\u00d3GICO.<\/a> &#8211;\u00a0JANE MARY XAVIER BATISTA. &#8211;\u00a0ORIENTA\u00c7\u00c3O: PROF\u00aa ESPE. V\u00c2NIA SANTOS DO CARMO.<\/p>\n<p>31-\u00a0<a href=\"https:\/\/catolicadeanapolis.edu.br\/biblioteca\/?attachment_id=3302\">A INTERFER\u00caNCIA DE DIFICULDADES COMPORTAMENTAIS NO PROCESSO DE APRENDIZAGEM DE UMA CRIAN\u00c7A DA EDUCA\u00c7\u00c3O INFANTIL.<\/a> &#8211;\u00a0ANA CAROLINA FERNANDES LIMA. &#8211;\u00a0ORIENTA\u00c7\u00c3O: PROF\u00aa ESPE. V\u00c2NIA SANTOS DO CARMO.<\/p>\n<p>32-\u00a0<a href=\"https:\/\/catolicadeanapolis.edu.br\/biblioteca\/?attachment_id=3303\">TRANSTORNO ESPEC\u00cdFICO DE APRENDIZAGEM: DISLEXIA E SUAS IMPLICA\u00c7\u00d5ES NO DESENVOLVIMENTO ESCOLAR.<\/a> &#8211;\u00a0ANA CAROLINA MACHADO DA SILVA. &#8211;\u00a0ORIENTA\u00c7\u00c3O: PROF\u00aa ME. EVELYN A. SILVEIRA ROCHA.<\/p>\n<p>33-\u00a0<a href=\"https:\/\/catolicadeanapolis.edu.br\/biblioteca\/?attachment_id=3513\">A INFLU\u00caNCIA DA MOTIVA\u00c7\u00c3O NO PROCESSO ENSINO APRENDIZAGEM DE CRIAN\u00c7AS COM TDA.<\/a> &#8211;\u00a0ANTONIA DOMINGOS OLIVEIRA. &#8211;\u00a0ORIENTA\u00c7\u00c3O: PROF\u00aa ME. EVELYN A. SILVEIRA ROCHA.<\/p>\n<p>34-\u00a0<a href=\"https:\/\/catolicadeanapolis.edu.br\/biblioteca\/?attachment_id=3514\">DIAGN\u00d3STICO PSICOPEDAG\u00d3GICO: A INFLU\u00caNCIA DE UM OBST\u00c1CULO AFETIVO NO DESENVOLVIMENTO COGNITIVO.<\/a> &#8211;\u00a0JOS\u00c9 FERREIRA. &#8211;\u00a0ORIENTA\u00c7\u00c3O: PROF\u00aa ESPE. V\u00c2NIA SANTOS DO CARMO.<\/p>\n<p>35-\u00a0<a href=\"https:\/\/catolicadeanapolis.edu.br\/biblioteca\/?attachment_id=3515\">A AFETIVIDADE NO PROCESSO DE DESENVOLVIMENTO DA CRIAN\u00c7A.<\/a> &#8211;\u00a0MARIA ANG\u00c9LICA VIEIRA DE SOUZA. &#8211;\u00a0ORIENTA\u00c7\u00c3O: PROF\u00aa ESPE. V\u00c2NIA SANTOS DO CARMO.<\/p>\n<p>36-\u00a0<a href=\"https:\/\/catolicadeanapolis.edu.br\/biblioteca\/?attachment_id=3516\">AFETIVIDADE E AUTOESTIMA DA CRIAN\u00c7A: UMA REFLEX\u00c3O PSICOPEDAG\u00d3GICA.<\/a> &#8211;\u00a0SIRLENE MARIA DE JESUS. &#8211;\u00a0ORIENTA\u00c7\u00c3O: PROF\u00aa ANA MARIA VIEIRA DE SOUZA.<\/p>\n<p>&nbsp;<\/p>\n<p>&nbsp;<\/p>\n<p>&nbsp;<\/p>\n","protected":false},"excerpt":{"rendered":"<p>1- QUEIXA ESCOLAR E FAMILIAR.\u00a0&#8211; BRUNA PEREIRA DE MORAIS. &#8211; ORIENTA\u00c7\u00c3O: PROF\u00aa ANA MARIA VIEIRA DE SOUZA. 2-\u00a0A IMPORT\u00c2NCIA DAS RELA\u00c7\u00d5ES AFETIVAS NO ATENDIMENTO PSICOPEDAG\u00d3GICO DE UMA DIFICULDADE NA APRENDIZAGEM DO RACIOC\u00cdNIO L\u00d3GICO MATEM\u00c1TICO. &#8211;\u00a0GLAUCIONE GOMES DE S. BONIF\u00c1CIO. &#8211; ORIENTA\u00c7\u00c3O: PROF\u00aa ESPE. V\u00c2NIA SANTOS DO CARMO. 3-\u00a0OS FATORES EMOCIONAIS COMO INFLUENCIADORES NO DESENVOLVIMENTO DA [&hellip;]<\/p>\n","protected":false},"author":4,"featured_media":0,"parent":360,"menu_order":10,"comment_status":"closed","ping_status":"closed","template":"","meta":[],"_links":{"self":[{"href":"https:\/\/catolicadeanapolis.edu.br\/biblioteca\/index.php?rest_route=\/wp\/v2\/pages\/2198"}],"collection":[{"href":"https:\/\/catolicadeanapolis.edu.br\/biblioteca\/index.php?rest_route=\/wp\/v2\/pages"}],"about":[{"href":"https:\/\/catolicadeanapolis.edu.br\/biblioteca\/index.php?rest_route=\/wp\/v2\/types\/page"}],"author":[{"embeddable":true,"href":"https:\/\/catolicadeanapolis.edu.br\/biblioteca\/index.php?rest_route=\/wp\/v2\/users\/4"}],"replies":[{"embeddable":true,"href":"https:\/\/catolicadeanapolis.edu.br\/biblioteca\/index.php?rest_route=%2Fwp%2Fv2%2Fcomments&post=2198"}],"version-history":[{"count":7,"href":"https:\/\/catolicadeanapolis.edu.br\/biblioteca\/index.php?rest_route=\/wp\/v2\/pages\/2198\/revisions"}],"predecessor-version":[{"id":3529,"href":"https:\/\/catolicadeanapolis.edu.br\/biblioteca\/index.php?rest_route=\/wp\/v2\/pages\/2198\/revisions\/3529"}],"up":[{"embeddable":true,"href":"https:\/\/catolicadeanapolis.edu.br\/biblioteca\/index.php?rest_route=\/wp\/v2\/pages\/360"}],"wp:attachment":[{"href":"https:\/\/catolicadeanapolis.edu.br\/biblioteca\/index.php?rest_route=%2Fwp%2Fv2%2Fmedia&parent=2198"}],"curies":[{"name":"wp","href":"https:\/\/api.w.org\/{rel}","templated":true}]}}