{"id":222,"date":"2018-03-06T13:38:12","date_gmt":"2018-03-06T13:38:12","guid":{"rendered":"https:\/\/catolicadeanapolis.edu.br\/biblioteca\/?page_id=222"},"modified":"2021-06-28T18:12:46","modified_gmt":"2021-06-28T18:12:46","slug":"docencia-universitaria-2015","status":"publish","type":"page","link":"https:\/\/catolicadeanapolis.edu.br\/biblioteca\/?page_id=222","title":{"rendered":"GEST\u00c3O DE PESSOAS P. O. E COACHING 2017"},"content":{"rendered":"<p>1- <a href=\"https:\/\/catolicadeanapolis.edu.br\/biblioteca\/wp-content\/uploads\/2018\/03\/A-INFLU\u00caNCIA-DA-LIDERAN\u00c7A-NA-MOTIVA\u00c7\u00c3O-DOS-SEUS-LIDERADOS.pdf\">A INFLU\u00caNCIA DA LIDERAN\u00c7A NA MOTIVA\u00c7\u00c3O DOS SEUS LIDERADOS<\/a>\u00a0&#8211; Daison Wobeto da Silva &#8211; Orientador:\u00a0\u00a0Prof\u00ba. Me. Wilian C\u00e2ndido.<\/p>\n<p>2- <a href=\"https:\/\/catolicadeanapolis.edu.br\/biblioteca\/wp-content\/uploads\/2018\/03\/A-INFLUENCIA-DA-LIDERAN\u00c7A-NO-CLIMA-ORGANIZACIONAL-DO-SETOR-DE-RECURSOS-HUMANOS-EM-UMA-INSTITUI\u00c7\u00c3O-DE-ENSINO-SUPERIOR-DE-AN\u00c1POLIS.pdf\">A INFLUENCIA DA LIDERAN\u00c7A NO CLIMA ORGANIZACIONAL DO SETOR DE RECURSOS HUMANOS EM UMA INSTITUI\u00c7\u00c3O DE ENSINO SUPERIOR DE AN\u00c1POLIS<\/a>\u00a0&#8211; Alessandra Quintino de Souza; Cristiane Silva Rocha &#8211; Orientador: Prof\u00ba. Me. Leandro Frederico da Silva.<\/p>\n<p>3- <a href=\"https:\/\/catolicadeanapolis.edu.br\/biblioteca\/wp-content\/uploads\/2018\/03\/A-NECESSIDADE-DO-FEEDBACK-NAS-EMPRESAS-NA-RELA\u00c7\u00c3O-ENTRE-L\u00cdDER-E-LIDERADO.pdf\">A NECESSIDADE DO FEEDBACK NAS EMPRESAS, NA RELA\u00c7\u00c3O ENTRE L\u00cdDER E LIDERADO<\/a>\u00a0&#8211; Karine Le\u00f4nidas Silva; Solange Oliveira da Silva; Sylmara Alves de Oliveira &#8211; Orientador: Prof\u00ba Me. Badran Awad Odeh.<\/p>\n<p>4- <a href=\"https:\/\/catolicadeanapolis.edu.br\/biblioteca\/wp-content\/uploads\/2018\/03\/A-PR\u00c1TICA-DO-ASS\u00c9DIA-MORAL-PELA-IMCAPACIDADE-OU-AUSENCIA-DE-GEST\u00c3O-DE-PESSOAS.pdf\">A PR\u00c1TICA DO ASS\u00c9DIA MORAL PELA IMCAPACIDADE OU AUSENCIA DE GEST\u00c3O DE PESSOAS<\/a>\u00a0&#8211; K\u00e1tia Lopes Rabelo; Layse Nunes Alexandre &#8211; Orientador: Prof\u00ba. Me. Wilian C\u00e2ndido<\/p>\n<p>5- <a href=\"https:\/\/catolicadeanapolis.edu.br\/biblioteca\/wp-content\/uploads\/2018\/03\/A-RELA\u00c7\u00c3O-DO-L\u00cdDER-COM-FATORES-MOTIVACIONAISDE-UMA-EQUIPE-DE-VENCEDORES-DE-CAL\u00c7ADOS.pdf\">A RELA\u00c7\u00c3O DO L\u00cdDER COM FATORES MOTIVACIONAISDE UMA EQUIPE DE VENCEDORES DE CAL\u00c7ADOS<\/a>\u00a0&#8211; Grazielly Luma da Silva Smith; Mariana Pureza Gontijo &#8211; Orientador: Prof\u00ba Me. Wilian C\u00e2ndido<\/p>\n<p>6- <a href=\"https:\/\/catolicadeanapolis.edu.br\/biblioteca\/wp-content\/uploads\/2018\/10\/D\u00c9BORA-RODRIGUES-NASCIMENTO.pdf\">A S\u00cdNDROME DE BURNOUT NO AMBIENTE DE TRABALHO: UM REFLEXO DO AFASTAMENTO DE PROFISSIONAIS DE SUAS ATIVIDADES LABORAIS EM AN\u00c1POLIS<\/a> &#8211; D\u00e9bora Rodrigues Nascimento, Laila Monique Vieira e M\u00e1rcia de Oliveira Mariano.<\/p>\n<p>7- <a href=\"https:\/\/catolicadeanapolis.edu.br\/biblioteca\/wp-content\/uploads\/2018\/03\/CLIMA-ORGANIZACIONAL-E-SUAS-DIMENSOES-EM-UMA-COMPOSI\u00c7\u00c3O-EMPRESARIAL.pdf\">CLIMA ORGANIZACIONAL E SUAS DIMENSOES EM UMA COMPOSI\u00c7\u00c3O EMPRESARIAL<\/a>\u00a0&#8211; D\u00e9bora Gomes Bueno; Priscila Nery; V\u00e2nia Maria Lopes Sousa &#8211; Orientador: Prof\u00ba. Me. Wilian C\u00e2ndido.<\/p>\n<p>8- <a href=\"https:\/\/catolicadeanapolis.edu.br\/biblioteca\/wp-content\/uploads\/2018\/03\/CRIT\u00c9RIOS-DE-AVALIA\u00c7\u00c3O-PARA-CONTRATA\u00c7\u00c3O-DE-NOVOS-COLABORADORES-NAS-IND\u00daSTRIAS-FARMAC\u00caUTICAS-DO-DAIA-GO.pdf\">CRIT\u00c9RIOS DE AVALIA\u00c7\u00c3O PARA CONTRATA\u00c7\u00c3O DE NOVOS COLABORADORES NAS IND\u00daSTRIAS FARMAC\u00caUTICAS DO DAIA &#8211; GO<\/a>\u00a0&#8211; Isaac de Souza Moreira; Vinicius Siqueira Costa; Yuri Almeida Figueiredo &#8211; Orientador: Prof\u00ba Me. Wilian C\u00e2ndido<\/p>\n<p>9- <a href=\"https:\/\/catolicadeanapolis.edu.br\/biblioteca\/wp-content\/uploads\/2018\/10\/TANIELE-MATIAS-BARBOSA-MATOS.pdf\">DOEN\u00c7AS OCUPACIONAIS: PERCEP\u00c7\u00d5ES E CARACTER\u00cdSTICAS<\/a> &#8211; Taniele Matias Barbosa Matos.<\/p>\n<p>10- <a href=\"https:\/\/catolicadeanapolis.edu.br\/biblioteca\/wp-content\/uploads\/2018\/10\/DANIEL-JALLES-DO-NASCIMENTO-NUNES.pdf\">LIDERAN\u00c7A NO SETOR BANC\u00c1RIO DE UMA AG\u00caNCIA EM AN\u00c1POLIS-GO<\/a> &#8211; Daniel Jalles do Nascimento Nunes, J\u00e9ssyca Luany Roveda e Raquel Alves Medeiros de Andrade.<\/p>\n<p>11- <a href=\"https:\/\/catolicadeanapolis.edu.br\/biblioteca\/wp-content\/uploads\/2018\/03\/LIDERAR-EM-UM-CEN\u00c1RIO-DE-DISPUTA-ACIRRADA-POR-RESULTADOS-O-DESAFIO-DO-GESTOR.pdf\">LIDERAR EM UM CEN\u00c1RIO DE DISPUTA ACIRRADA POR RESULTADOS &#8211; O DESAFIO DO GESTOR<\/a>\u00a0&#8211; Siranda Bernardes Borges; Virginia Di Noronha Martins da Silva Ferreira &#8211; Orientador: Prof\u00ba Me. Wilian C\u00e2ndido.<\/p>\n<p>12- <a href=\"https:\/\/catolicadeanapolis.edu.br\/biblioteca\/wp-content\/uploads\/2018\/03\/O-ENDOMARKETING-COMO-FERRAMENTA-ATIVA-NA-GEST\u00c3O-DE-PESSOAS-DE-UMA-INSTITUI\u00c7\u00c3O-DE-ENSINO-SUPERIOR-DE-AN\u00c1POLIS.pdf\">O ENDOMARKETING COMO FERRAMENTA ATIVA NA GEST\u00c3O DE PESSOAS DE UMA INSTITUI\u00c7\u00c3O DE ENSINO SUPERIOR DE AN\u00c1POLIS<\/a>\u00a0&#8211; Hariane Jackeline Rodrigues Silva &#8211; Orientador: Prof\u00ba. Me. Leandro Frederico da Silva<\/p>\n<p>13- <a href=\"https:\/\/catolicadeanapolis.edu.br\/biblioteca\/wp-content\/uploads\/2018\/03\/O-ESTRESSE-NA-PERCEP\u00c7\u00c3O-DOS-COLABORADORES-DE-UMA-INSTITUI\u00c7\u00c3O-DE-ENSINO.pdf\">O ESTRESSE NA PERCEP\u00c7\u00c3O DOS COLABORADORES DE UMA INSTITUI\u00c7\u00c3O DE ENSINO<\/a>\u00a0&#8211;\u00a0 Let\u00edcia Gomes Justiniano; Thamiris T\u00e1lita Nascimento &#8211; Orienta\u00e7\u00e3o: Prof\u00ba. Me. Wallace Nascimento Portilho de Faria.<\/p>\n<p>14- <a href=\"https:\/\/catolicadeanapolis.edu.br\/biblioteca\/wp-content\/uploads\/2018\/03\/PERCEP\u00c7\u00c3O-DO-PROCESSO-5S-PELOS-FUNCION\u00c1RIOS-DE-UMA-CL\u00cdNICA-DE-EXAMES-DE-IMAGENS-NA-CIDADE-DE-AN\u00c1POLIS.pdf\">PERCEP\u00c7\u00c3O DO PROCESSO 5S PELOS FUNCION\u00c1RIOS DE UMA CL\u00cdNICA DE EXAMES DE IMAGENS NA CIDADE DE AN\u00c1POLIS<\/a>\u00a0&#8211; Adriana Batista da Cruz; Ana Leite Ferreira Coelho Marques; Adriana maia dos Santos Leal &#8211; Orientador:\u00a0\u00a0Prof\u00ba Me. Badran Awad Odeh.<\/p>\n<p>15- <a href=\"https:\/\/catolicadeanapolis.edu.br\/biblioteca\/wp-content\/uploads\/2018\/10\/CAMILA-PINHEIRO-DA-SILVA-MAIA.pdf\">QUALIDADE DE VIDA NO TRABALHO NO SETOR ADMINISTRATIVO DE UMA IND\u00daSTRIA ALIMENT\u00cdCIA EM AN\u00c1POLIS \u2013 GO<\/a> &#8211; Camila Pinheiro da Silva Maia, Laina Larena Moura Rattes e Mayresse Lima de Oliveira Monteiro.<\/p>\n<p>16- <a href=\"https:\/\/catolicadeanapolis.edu.br\/biblioteca\/wp-content\/uploads\/2018\/03\/QUALIDADE-DE-VIDA-NO-TRABALHO-PERSPECTIVAS-E-RESULTADOS-NA-DOC\u00caNCIA-UNIVERSIT\u00c1RIA.pdf\">QUALIDADE DE VIDA NO TRABALHO, PERSPECTIVAS E RESULTADOS NA DOC\u00caNCIA UNIVERSIT\u00c1RIA<\/a>\u00a0&#8211; D\u00e9borah da Silva Rabelo; J\u00e9ssyca Priscilla M. Fernandes; Rafella de Brito Ramos &#8211; Orientador: Prof\u00ba Me. Wilian C\u00e2ndido<\/p>\n<p>17- <a href=\"https:\/\/catolicadeanapolis.edu.br\/biblioteca\/wp-content\/uploads\/2019\/01\/ANA-CRISTINA-DE-SOUZA-ARAUJO.pdf\">RECRUTAMENTO E SELE\u00c7\u00c3O DE PESSOAS: OS INSTRUMENTOS UTILIZADOS NO PROCESSO DE CAPTA\u00c7\u00c3O EM UMA EMPRESA DE AN\u00c1POLIS-GO<\/a> &#8211;\u00a0ANA CRISTINA DE SOUZA ARAUJO SARAH LORRAYNNE SOUZA SILVA MOREIRA &#8211; ORIENTADOR: PROF. ME. LEANDRO FREDERICO DA SILVA<\/p>\n<p>18- <a style=\"font-size: 1rem;\" href=\"https:\/\/catolicadeanapolis.edu.br\/biblioteca\/wp-content\/uploads\/2018\/03\/SATISFA\u00c7\u00c3O-NO-TRABALHO-UMA-AN\u00c1LISE-SOBRE-O-\u00cdNDICE-DE-SATISFA\u00c7\u00c3O-DOS-MOTORISTAS-EM-UMA-DISTRIBUIDORA-DE-ALIMENTOS-E-LOG\u00cdSTICA-DE-AN\u00c1POLIS.pdf\">SATISFA\u00c7\u00c3O NO TRABALHO &#8211; UMA AN\u00c1LISE SOBRE O \u00cdNDICE DE SATISFA\u00c7\u00c3O DOS MOTORISTAS EM UMA DISTRIBUIDORA DE ALIMENTOS E LOG\u00cdSTICA DE AN\u00c1POLIS<\/a><span style=\"font-size: 1rem;\">\u00a0&#8211; Gleiciane Batista de Jesus; Ludmilla Sampaio de Paula Rocha &#8211; Orientador: Prof\u00ba Me. Wilian C\u00e2ndido<\/span><\/p>\n<p>19-\u00a0<a href=\"https:\/\/catolicadeanapolis.edu.br\/biblioteca\/wp-content\/uploads\/2020\/01\/NILAIDE-DE-JESUS-MAGALH\u00c3ES.pdf\">COACHING: UM M\u00c9TODO PR\u00c1TICO DE DESENVOLVIMENTO ORGANIZACIONAL-<\/a>\u00a0NILAIDE DE JESUS MAGALH\u00c3ES.<\/p>\n<p>20-\u00a0<a href=\"https:\/\/catolicadeanapolis.edu.br\/biblioteca\/wp-content\/uploads\/2020\/01\/JANAINA-FERNANDES-BORGES-MESQUITA-TCC-CL\u00cdNICO-08-03-18.pdf\">OS ENTRAVES PSICOL\u00d3GICOS NO PROCESSO DE ENSINO E APRENDIZAGEM-<\/a>\u00a0JANAINA FERNANDES BORGES MESQUITA.<\/p>\n<p>21-\u00a0<a href=\"https:\/\/catolicadeanapolis.edu.br\/biblioteca\/wp-content\/uploads\/2021\/06\/LET\u00cdCIA-GOMES-JUSTINIANO-THAMIRIS-T\u00c1LITA-NASCIMENTO.pdf\">O ESTRESSE NA PERCEP\u00c7\u00c3O DOS COLABORADORES DE UMA INSTITUI\u00c7AO DE ENSINO.<\/a> &#8211;\u00a0LET\u00cdCIA GOMES JUSTINIANO, THAMIRIS T\u00c1LITA NASCIMENTO. &#8211; ORIENTA\u00c7\u00c3O: PROF\u00ba ME. WALLACE NASCIMENTO PORTILHO DE FARIA.<\/p>\n<p>22-\u00a0<a href=\"https:\/\/catolicadeanapolis.edu.br\/biblioteca\/wp-content\/uploads\/2021\/06\/DAISON-WOBETO-DA-SILVA.pdf\">A INFLU\u00caNCIA DA LIDERAN\u00c7A NA MOTIVA\u00c7\u00c3O DOS SEUS LIDERADOS.<\/a> &#8211;\u00a0DAISON WOBETO DA SILVA. &#8211; ORIENTA\u00c7\u00c3O: PROF\u00ba. ME. WILIAN C\u00c2NDIDO.<\/p>\n<p>&nbsp;<\/p>\n<p>&nbsp;<\/p>\n","protected":false},"excerpt":{"rendered":"<p>1- A INFLU\u00caNCIA DA LIDERAN\u00c7A NA MOTIVA\u00c7\u00c3O DOS SEUS LIDERADOS\u00a0&#8211; Daison Wobeto da Silva &#8211; Orientador:\u00a0\u00a0Prof\u00ba. Me. Wilian C\u00e2ndido. 2- A INFLUENCIA DA LIDERAN\u00c7A NO CLIMA ORGANIZACIONAL DO SETOR DE RECURSOS HUMANOS EM UMA INSTITUI\u00c7\u00c3O DE ENSINO SUPERIOR DE AN\u00c1POLIS\u00a0&#8211; Alessandra Quintino de Souza; Cristiane Silva Rocha &#8211; Orientador: Prof\u00ba. Me. Leandro Frederico da Silva. [&hellip;]<\/p>\n","protected":false},"author":1,"featured_media":0,"parent":314,"menu_order":6,"comment_status":"open","ping_status":"open","template":"","meta":[],"_links":{"self":[{"href":"https:\/\/catolicadeanapolis.edu.br\/biblioteca\/index.php?rest_route=\/wp\/v2\/pages\/222"}],"collection":[{"href":"https:\/\/catolicadeanapolis.edu.br\/biblioteca\/index.php?rest_route=\/wp\/v2\/pages"}],"about":[{"href":"https:\/\/catolicadeanapolis.edu.br\/biblioteca\/index.php?rest_route=\/wp\/v2\/types\/page"}],"author":[{"embeddable":true,"href":"https:\/\/catolicadeanapolis.edu.br\/biblioteca\/index.php?rest_route=\/wp\/v2\/users\/1"}],"replies":[{"embeddable":true,"href":"https:\/\/catolicadeanapolis.edu.br\/biblioteca\/index.php?rest_route=%2Fwp%2Fv2%2Fcomments&post=222"}],"version-history":[{"count":21,"href":"https:\/\/catolicadeanapolis.edu.br\/biblioteca\/index.php?rest_route=\/wp\/v2\/pages\/222\/revisions"}],"predecessor-version":[{"id":3188,"href":"https:\/\/catolicadeanapolis.edu.br\/biblioteca\/index.php?rest_route=\/wp\/v2\/pages\/222\/revisions\/3188"}],"up":[{"embeddable":true,"href":"https:\/\/catolicadeanapolis.edu.br\/biblioteca\/index.php?rest_route=\/wp\/v2\/pages\/314"}],"wp:attachment":[{"href":"https:\/\/catolicadeanapolis.edu.br\/biblioteca\/index.php?rest_route=%2Fwp%2Fv2%2Fmedia&parent=222"}],"curies":[{"name":"wp","href":"https:\/\/api.w.org\/{rel}","templated":true}]}}