{"id":2256,"date":"2020-01-16T18:06:47","date_gmt":"2020-01-16T18:06:47","guid":{"rendered":"https:\/\/catolicadeanapolis.edu.br\/biblioteca\/?page_id=2256"},"modified":"2020-02-15T19:31:11","modified_gmt":"2020-02-15T19:31:11","slug":"2009-2","status":"publish","type":"page","link":"https:\/\/catolicadeanapolis.edu.br\/biblioteca\/?page_id=2256","title":{"rendered":"GEST\u00c3O EDUCACIONAL 2009"},"content":{"rendered":"<p>1- <a href=\"https:\/\/catolicadeanapolis.edu.br\/biblioteca\/wp-content\/uploads\/2019\/04\/Artigo-Corrigido-edward.doc\">A INFLU\u00caNCIA DOS PAR\u00c2METROS CURRICULARES NACIONAIS NA ORGANIZA\u00c7\u00c3O CURRICULAR DE UMA ESCOLA MUNICIPAL DE N\u00cdVEL FUNDAMENTAL EM AN\u00c1POLIS( FOCO: L\u00cdNGUA PORTUGUESA).<\/a> &#8211; ISM\u00caNIA MARIA DE FRAN\u00c7A SOARES, N\u00c1DIA ROMANA DE OLIVEIRA RODOVALHO, S\u00d4NIA CANDIDA DE OLIVEIRA. &#8211;\u00a0 ORIENTA\u00c7\u00c3O: PROF. ME. EDWARD M. LUZ.<\/p>\n<p>2- <a href=\"https:\/\/catolicadeanapolis.edu.br\/biblioteca\/wp-content\/uploads\/2019\/04\/capitulos-delma-reformado-NE.doc\">A IMPORT\u00c2NCIA DAS RELA\u00c7\u00d5ES INTERPESSOAIS NA CONSTRU\u00c7\u00c3O DA GEST\u00c3O DEMOCR\u00c1TICA.<\/a> &#8211; DELMA MARIA FERREIRA DE SOUZA. &#8211; ORIENTA\u00c7\u00c3O: PROF\u00aa. MSC. K\u00c1TIA CILENE CAMARGO SILVA.<\/p>\n<p>3- <a href=\"https:\/\/catolicadeanapolis.edu.br\/biblioteca\/wp-content\/uploads\/2019\/04\/Monografia.doc\">O PAPEL DA GEST\u00c3O ESCOLAR NO PROCESSO DA EDUCA\u00c7\u00c3O INCLUSA.<\/a> &#8211; CLEUSA DE PAIVA GODOI SILVA. &#8211; ORIENTA\u00c7\u00c3O: PROF\u00aa GIULIANA CASTRO BROSSI.<\/p>\n<p>4- <a href=\"https:\/\/catolicadeanapolis.edu.br\/biblioteca\/wp-content\/uploads\/2019\/04\/MONO-DULCILENE-FINAL.doc\">A IMPORT\u00c2NCIA DA QUALIDADE EDUCACIONAL.<\/a> -DULCILENE DOS SANTOS SILVA. &#8211; ORIENTA\u00c7\u00c3O: PROF. ME. EDWARD M. LUZ.<\/p>\n<p>5- <a href=\"https:\/\/catolicadeanapolis.edu.br\/biblioteca\/wp-content\/uploads\/2019\/04\/Gestao-democratica-Cleidmar-final-2009.doc\">GEST\u00c3O DEMOCR\u00c1TICO: UM AVAN\u00c7O NA QUALIDADE DO ENSINO P\u00daBLICO BRASILEIRO.<\/a> &#8211; CLEIDMAR FREIRE NOLETO PERES. &#8211; ORIENTA\u00c7\u00c3O: PROF\u00aa. MSC. K\u00c1TIA CILENE CAMARGO SILVA.<\/p>\n<p>6- <a href=\"https:\/\/catolicadeanapolis.edu.br\/biblioteca\/wp-content\/uploads\/2019\/04\/indiscipl..1.doc\">O PAPEL DO GESTOR FRENTE \u00c1 INDISCIPLINA ESCOLAR.<\/a> &#8211; REGINA GON\u00c7ALVES DE SOUSA TIAGO. &#8211; ORIENTA\u00c7\u00c3O: PROF\u00aa. MSC. K\u00c1TIA CILENE CAMARGO SILVA.<\/p>\n<p>7- <a href=\"https:\/\/catolicadeanapolis.edu.br\/biblioteca\/wp-content\/uploads\/2019\/04\/MONOGRAFIA-ORGANIZA\u00c7\u00c3O-E-GEST\u00c3O-PARTICIPATIVA.doc\">ORGANIZA\u00c7\u00c3O E GEST\u00c3O PARTICIPATIVA-DEMOCR\u00c1TICA: A VALORIZA\u00c7\u00c3O DE UMA EDUCA\u00c7\u00c3O DE QUALIDADE.<\/a> &#8211; ALINE DE JESUS RIBEIRO. &#8211;\u00a0 ORIENTA\u00c7\u00c3O: PROF\u00aa. MSC. K\u00c1TIA CILENE CAMARGO SILVA.<\/p>\n<p>8- <a href=\"https:\/\/catolicadeanapolis.edu.br\/biblioteca\/wp-content\/uploads\/2019\/04\/Monografia-Gest\u00e3o-Democr\u00e1tica-2.doc\">GEST\u00c3O ESCOLAR DEMOCR\u00c1TICA:SONHO OU REALIDADE?<\/a> &#8211; ALINE SOARES NUNES. &#8211; ORIENTA\u00c7\u00c3O: ME. MARIA IN\u00c1CIA LOPES.<\/p>\n<p>9- <a href=\"https:\/\/catolicadeanapolis.edu.br\/biblioteca\/wp-content\/uploads\/2019\/04\/Artigo-Simome.doc\">O PERFIL DO GESTOR ESCOLAR NA PERSPECTIVA DEMOCR\u00c1TICA.<\/a> &#8211; SIMONE COSTA BORGES DE ALMEIDA. &#8211; ORIENTA\u00c7\u00c3O: PROF\u00aa. MSC. K\u00c1TIA CILENE CAMARGO SILVA.<\/p>\n<p>10- <a href=\"https:\/\/catolicadeanapolis.edu.br\/biblioteca\/wp-content\/uploads\/2019\/04\/EduardoVeronezi.pdf\">PROJETO POL\u00cdTICO PEDAG\u00d3GICO (PPP) E PLANO DE DESENVOLVIMENTO DA ESCOLA (PDE) INSTRUMENTOS QUE GARANTEM A GEST\u00c3O DEMOCR\u00c1TICA<\/a>&#8211; EDUARDO VERONEZI. &#8211; ORIENTA\u00c7\u00c3O: PROF\u00aa. MSC. K\u00c1TIA CILENE CAMARGO SILVA.<\/p>\n<p>11- <a href=\"https:\/\/catolicadeanapolis.edu.br\/biblioteca\/wp-content\/uploads\/2019\/04\/mono_SUZIE_FINAL_04_DE_MAIO.doc\">A ESCOLA:SUA ESTRUTURA E AVALIA\u00c7\u00c3O DE ATIVIDADE PEDAG\u00d3GICA EM INSTITUI\u00c7\u00d5ES P\u00daBLICAS E PARTICULARES NA CIDADE DE AN\u00c1POLIS-GO<\/a> &#8211; SUZIE PERLA SALLES SANDES MENDEIROS DE CASTRO. &#8211; ORIENTA\u00c7\u00c3O: PROF\u00aa. MSC. K\u00c1TIA CILENE CAMARGO SILVA.<\/p>\n<p>12- <a href=\"https:\/\/catolicadeanapolis.edu.br\/biblioteca\/wp-content\/uploads\/2020\/01\/MARILENE-LOPES-DE-SOUSA-MARTINS.pdf\">CONSELHO ESCOLAR: ORG\u00c3O CONSTITUTIVO DA GEST\u00c3O DEMOCR\u00c1TICA-<\/a> MARILENE LOPES DE SOUSA MARTINS. &#8211;\u00a0ORIENTA\u00c7\u00c3O: PROF\u00aa. MSC. K\u00c1TIA CILENE CAMARGO SILVA.<\/p>\n<p>13- <a href=\"https:\/\/catolicadeanapolis.edu.br\/biblioteca\/wp-content\/uploads\/2020\/02\/SILMARA-DE-SOUSA-TEIXEIRA-Artigo-Final-Anemia-Ferropriva.pdf\">ANEMIA FERROPRIVA NO LACTENTE PRIMEIRA INF\u00c2NCIA.<\/a> &#8211; SILMARA DE SOUSA TEIXEIRA. &#8211; ORIENTA\u00c7\u00c3O: PROF\u00aa. ME. JOICY MARA REZENDE ROLINDO.<\/p>\n<p>14-\u00a0<a href=\"https:\/\/catolicadeanapolis.edu.br\/biblioteca\/wp-content\/uploads\/2020\/02\/MARA-CHAVES-MAR\u00c7AL-MARQUES.pdf\">A GEST\u00c3O DEMOCR\u00c1TICA NA ESCOLA E SUA CONTRIBUI\u00c7\u00c3O PARA COMUNIDADE.<\/a> &#8211; MARA CHAVES MAR\u00c7AL MARQUES. &#8211; ORIENTA\u00c7\u00c3O: PROF\u00aa. MSC. K\u00c1TIA CILENE CAMARGO SILVA.<\/p>\n<p>15-\u00a0<a href=\"https:\/\/catolicadeanapolis.edu.br\/biblioteca\/wp-content\/uploads\/2020\/02\/CRISTINA-MARIA-DO-NASCIMENTO.pdf\">INDISCIPLINA: UM DESAFIO PARA UMA GEST\u00c3O DEMOCR\u00c1TICA.<\/a> &#8211; CRISTINA MARIA DO NASCIMENTO. &#8211; ORIENTA\u00c7\u00c3O: PROF\u00aa. MSC. K\u00c1TIA CILENE CAMARGO SILVA.<\/p>\n<p>16-<a href=\"https:\/\/catolicadeanapolis.edu.br\/biblioteca\/wp-content\/uploads\/2020\/02\/DJEANE-KARLA-DA-SILVA-djeane-mono-3-1formatado.pdf\">A INDISCIPLINA: Um Desafio Para a Equipe Gestora de uma Escola P\u00fablica Municipal de An\u00e1polis-Go. <\/a>\u00a0&#8211;\u00a0DJEANE KARLA DA SILVA. &#8211; ORIENTA\u00c7\u00c3O: PROF\u00aa. ME. MARIA IN\u00c1CIA LOPES.<\/p>\n<p>17-\u00a0<a href=\"https:\/\/catolicadeanapolis.edu.br\/biblioteca\/wp-content\/uploads\/2020\/02\/VERA-LUCIA-DE-SOUSA-FREITAS.pdf\">A IMPORT\u00c2NCIA DA GEST\u00c3O PARA A DISCIPLINA ESCOLAR.<\/a> &#8211; VERA L\u00daCIA DE SOUSA FREITAS. &#8211; ORIENTA\u00c7\u00c3O: PROF\u00aa. MSC. MARIA IN\u00c1CIA LOPES.<\/p>\n<p>18-\u00a0<a href=\"https:\/\/catolicadeanapolis.edu.br\/biblioteca\/wp-content\/uploads\/2020\/02\/ANDREZZA-RESENDE-DA-SILVA.pdf\">A GEST\u00c3O PARTICIPATIVA NO CONTEXTO EDUCACIONAL BRASILEIRO.<\/a> &#8211;\u00a0ANDREZZA RESENDE DA SILVA. &#8211; ORIENTA\u00c7\u00c3O: PROF. ME. EDWARD M. LUZ.<\/p>\n<p>&nbsp;<\/p>\n<p>&nbsp;<\/p>\n<p>&nbsp;<\/p>\n","protected":false},"excerpt":{"rendered":"<p>1- A INFLU\u00caNCIA DOS PAR\u00c2METROS CURRICULARES NACIONAIS NA ORGANIZA\u00c7\u00c3O CURRICULAR DE UMA ESCOLA MUNICIPAL DE N\u00cdVEL FUNDAMENTAL EM AN\u00c1POLIS( FOCO: L\u00cdNGUA PORTUGUESA). &#8211; ISM\u00caNIA MARIA DE FRAN\u00c7A SOARES, N\u00c1DIA ROMANA DE OLIVEIRA RODOVALHO, S\u00d4NIA CANDIDA DE OLIVEIRA. &#8211;\u00a0 ORIENTA\u00c7\u00c3O: PROF. ME. EDWARD M. LUZ. 2- A IMPORT\u00c2NCIA DAS RELA\u00c7\u00d5ES INTERPESSOAIS NA CONSTRU\u00c7\u00c3O DA GEST\u00c3O DEMOCR\u00c1TICA. [&hellip;]<\/p>\n","protected":false},"author":4,"featured_media":0,"parent":392,"menu_order":0,"comment_status":"closed","ping_status":"closed","template":"","meta":[],"_links":{"self":[{"href":"https:\/\/catolicadeanapolis.edu.br\/biblioteca\/index.php?rest_route=\/wp\/v2\/pages\/2256"}],"collection":[{"href":"https:\/\/catolicadeanapolis.edu.br\/biblioteca\/index.php?rest_route=\/wp\/v2\/pages"}],"about":[{"href":"https:\/\/catolicadeanapolis.edu.br\/biblioteca\/index.php?rest_route=\/wp\/v2\/types\/page"}],"author":[{"embeddable":true,"href":"https:\/\/catolicadeanapolis.edu.br\/biblioteca\/index.php?rest_route=\/wp\/v2\/users\/4"}],"replies":[{"embeddable":true,"href":"https:\/\/catolicadeanapolis.edu.br\/biblioteca\/index.php?rest_route=%2Fwp%2Fv2%2Fcomments&post=2256"}],"version-history":[{"count":8,"href":"https:\/\/catolicadeanapolis.edu.br\/biblioteca\/index.php?rest_route=\/wp\/v2\/pages\/2256\/revisions"}],"predecessor-version":[{"id":2746,"href":"https:\/\/catolicadeanapolis.edu.br\/biblioteca\/index.php?rest_route=\/wp\/v2\/pages\/2256\/revisions\/2746"}],"up":[{"embeddable":true,"href":"https:\/\/catolicadeanapolis.edu.br\/biblioteca\/index.php?rest_route=\/wp\/v2\/pages\/392"}],"wp:attachment":[{"href":"https:\/\/catolicadeanapolis.edu.br\/biblioteca\/index.php?rest_route=%2Fwp%2Fv2%2Fmedia&parent=2256"}],"curies":[{"name":"wp","href":"https:\/\/api.w.org\/{rel}","templated":true}]}}