{"id":2259,"date":"2020-01-16T18:08:21","date_gmt":"2020-01-16T18:08:21","guid":{"rendered":"https:\/\/catolicadeanapolis.edu.br\/biblioteca\/?page_id=2259"},"modified":"2020-02-27T11:01:01","modified_gmt":"2020-02-27T11:01:01","slug":"2010-2","status":"publish","type":"page","link":"https:\/\/catolicadeanapolis.edu.br\/biblioteca\/?page_id=2259","title":{"rendered":"GEST\u00c3O EDUCACIONAL 2010"},"content":{"rendered":"<p>1- <a href=\"https:\/\/catolicadeanapolis.edu.br\/biblioteca\/wp-content\/uploads\/2019\/04\/projeto-de-pesquisa-gest\u00e3o-educacional-juliana.doc\">A PARTICIPA\u00c7\u00c3O DA COMUNIDADE ESCOLAR NO PROCESSO DE TOMADA DE DECIS\u00d5ES( NA ESCOLA PRESBITERIANA BOM SAMARITANO).<\/a> &#8211; JULIANA DE ARA\u00daJO RIBEIRO. &#8211; ORIENTA\u00c7\u00c3O: PROF\u00aa IVANA ALVES MONNERAT DE AZEVEDO.<\/p>\n<p>2- <a href=\"https:\/\/catolicadeanapolis.edu.br\/biblioteca\/wp-content\/uploads\/2019\/04\/TCC-Jocielma-Barbosa-de-Paula.docx\">INCLUS\u00c3O: O DESAFIO DO COTIDIANO ESCOLAR.<\/a> &#8211; JOCIELMA BARBOSA DE PAULA. &#8211; ORIENTA\u00c7\u00c3O: PROF\u00aa IVANA ALVES MONNERAT DE AZEVEDO.<\/p>\n<p>3- <a href=\"https:\/\/catolicadeanapolis.edu.br\/biblioteca\/wp-content\/uploads\/2019\/04\/MONOGRAFIA-ALICE-GON\u00c7ALVES-DA-PENHA.doc\">A IMPORT\u00c2NCIA DA PARTICIPA\u00c7\u00c3O DA COMUNIDADE PARA A EFETIVA\u00c7\u00c3O DA GEST\u00c3O DEMOCR\u00c1TICA.<\/a> &#8211; ALICE GON\u00c7ALVES DA PENHA. &#8211; ORIENTA\u00c7\u00c3O: PROF\u00aa IVANA ALVES MONNERAT DE AZEVEDO.<\/p>\n<p>4- <a href=\"https:\/\/catolicadeanapolis.edu.br\/biblioteca\/wp-content\/uploads\/2019\/04\/monorafia-correta.docx\">METODOLOGIA DO PROJETO DE GEST\u00c3O E ORIENTA\u00c7\u00c3O DE EST\u00c1GIO EVAS\u00c3O ESCOLAR.<\/a> &#8211; PATRICIA MOREIRA SIQUEIRA. &#8211; ORIENTA\u00c7\u00c3O: PROF\u00aa IVANA ALVES MONNERAT DE AZEVEDO.<\/p>\n<p>5-\u00a0<a href=\"https:\/\/catolicadeanapolis.edu.br\/biblioteca\/wp-content\/uploads\/2020\/02\/IRIN\u00c9IA-DE-CARVALHO-BRITO-FACULDADE-CAT\u00d3LICA-DE-AN\u00c1POLIS-monografia-final.pdf\">METODOLOGIA DO PROJETO DE GEST\u00c3O E ORIENTA\u00c7\u00c3O DE EST\u00c1GIO: LIMITA\u00c7\u00c3O DO ESPA\u00c7O F\u00cdSICO DA ESCOLA.<\/a> &#8211; IRIN\u00c9IA DE CARVALHO BRITO. &#8211;\u00a0ORIENTA\u00c7\u00c3O: PROF\u00aa IVANA ALVES MONNERAT DE AZEVEDO.<\/p>\n<p>6-<a href=\"https:\/\/catolicadeanapolis.edu.br\/biblioteca\/wp-content\/uploads\/2020\/02\/ADLANE-SOUZA-GEBRAIL.pdf\">\u00a0METODOLOGIA DO PROJETO DE GEST\u00c3O E ORIENTA\u00c7\u00c3O DE EST\u00c1GIO: A IMPORT\u00c2NCIA DA BIBLIOTECA ESCOLAR.<\/a> &#8211; ADLANE SOUZA GEBRAIL. &#8211;\u00a0ORIENTA\u00c7\u00c3O: PROF\u00aa IVANA ALVES MONNERAT DE AZEVEDO.<\/p>\n","protected":false},"excerpt":{"rendered":"<p>1- A PARTICIPA\u00c7\u00c3O DA COMUNIDADE ESCOLAR NO PROCESSO DE TOMADA DE DECIS\u00d5ES( NA ESCOLA PRESBITERIANA BOM SAMARITANO). &#8211; JULIANA DE ARA\u00daJO RIBEIRO. &#8211; ORIENTA\u00c7\u00c3O: PROF\u00aa IVANA ALVES MONNERAT DE AZEVEDO. 2- INCLUS\u00c3O: O DESAFIO DO COTIDIANO ESCOLAR. &#8211; JOCIELMA BARBOSA DE PAULA. &#8211; ORIENTA\u00c7\u00c3O: PROF\u00aa IVANA ALVES MONNERAT DE AZEVEDO. 3- A IMPORT\u00c2NCIA DA PARTICIPA\u00c7\u00c3O [&hellip;]<\/p>\n","protected":false},"author":4,"featured_media":0,"parent":392,"menu_order":1,"comment_status":"closed","ping_status":"closed","template":"","meta":[],"_links":{"self":[{"href":"https:\/\/catolicadeanapolis.edu.br\/biblioteca\/index.php?rest_route=\/wp\/v2\/pages\/2259"}],"collection":[{"href":"https:\/\/catolicadeanapolis.edu.br\/biblioteca\/index.php?rest_route=\/wp\/v2\/pages"}],"about":[{"href":"https:\/\/catolicadeanapolis.edu.br\/biblioteca\/index.php?rest_route=\/wp\/v2\/types\/page"}],"author":[{"embeddable":true,"href":"https:\/\/catolicadeanapolis.edu.br\/biblioteca\/index.php?rest_route=\/wp\/v2\/users\/4"}],"replies":[{"embeddable":true,"href":"https:\/\/catolicadeanapolis.edu.br\/biblioteca\/index.php?rest_route=%2Fwp%2Fv2%2Fcomments&post=2259"}],"version-history":[{"count":6,"href":"https:\/\/catolicadeanapolis.edu.br\/biblioteca\/index.php?rest_route=\/wp\/v2\/pages\/2259\/revisions"}],"predecessor-version":[{"id":2755,"href":"https:\/\/catolicadeanapolis.edu.br\/biblioteca\/index.php?rest_route=\/wp\/v2\/pages\/2259\/revisions\/2755"}],"up":[{"embeddable":true,"href":"https:\/\/catolicadeanapolis.edu.br\/biblioteca\/index.php?rest_route=\/wp\/v2\/pages\/392"}],"wp:attachment":[{"href":"https:\/\/catolicadeanapolis.edu.br\/biblioteca\/index.php?rest_route=%2Fwp%2Fv2%2Fmedia&parent=2259"}],"curies":[{"name":"wp","href":"https:\/\/api.w.org\/{rel}","templated":true}]}}