{"id":2261,"date":"2020-01-16T18:09:38","date_gmt":"2020-01-16T18:09:38","guid":{"rendered":"https:\/\/catolicadeanapolis.edu.br\/biblioteca\/?page_id=2261"},"modified":"2020-02-27T11:35:55","modified_gmt":"2020-02-27T11:35:55","slug":"2011-2","status":"publish","type":"page","link":"https:\/\/catolicadeanapolis.edu.br\/biblioteca\/?page_id=2261","title":{"rendered":"GEST\u00c3O EDUCACIONAL 2011"},"content":{"rendered":"<p>1- <a href=\"https:\/\/catolicadeanapolis.edu.br\/biblioteca\/wp-content\/uploads\/2019\/03\/TCC-Avalia\u00e7\u00e3o-do-Proc.-de-Ensino-Aprendizagem.pdf\">AVALIA\u00c7\u00c3O DO PROCESSO DE ENSINO DE APRENDIZAGEM.<\/a> &#8211; M\u00c1VEA ELAINE CARNEIRO MENDON\u00c7A, J\u00daLIA DE PINA SALUM JO\u00c3O. &#8211;\u00a0ORIENTA\u00c7\u00c3O: PROF\u00aa IVANA ALVES MONNERAT DE AZEVEDO.<\/p>\n<p>2- <a href=\"https:\/\/catolicadeanapolis.edu.br\/biblioteca\/wp-content\/uploads\/2019\/04\/trabalho_maria_luiza-2.doc\">A RECUPERA\u00c7\u00c3O ESCOLAR COMO FOCO PRINCIPAL DA GEST\u00c3O DEMOCR\u00c1TICA.<\/a> &#8211; MARIA LUIZA LIMA RODRIGUES. &#8211;\u00a0ORIENTA\u00c7\u00c3O: PROF\u00aa IVANA ALVES MONNERAT DE AZEVEDO.<\/p>\n<p>3- <a href=\"https:\/\/catolicadeanapolis.edu.br\/biblioteca\/wp-content\/uploads\/2019\/04\/MANOGRAFIA_NILZA-1.doc\">INDISCIPLINA EM SALA DE AULA &#8211; DESAFIOS DO COTIDIANO ESCOLAR.<\/a> &#8211;\u00a0 ANGELA MARIA CUNHA; NILZA VAZ DA CUNHA. &#8211; ORIENTA\u00c7\u00c3O: PROF\u00aa IVANA ALVES MONNERAT DE AZEVEDO.<\/p>\n<p>4-<a href=\"https:\/\/catolicadeanapolis.edu.br\/biblioteca\/wp-content\/uploads\/2019\/04\/maria-e-kisie-2.doc\"> A PARTICIPA\u00c7\u00c3O DA FAM\u00cdLIA NA CONSTRU\u00c7\u00c3O DA GEST\u00c3O DEMOCR\u00c1TICA.<\/a> &#8211; MARIA DARC DA SILVA; KIZIE VIEIRA DOS SANTOS. &#8211;\u00a0ORIENTA\u00c7\u00c3O: PROF\u00aa IVANA ALVES MONNERAT DE AZEVEDO.<\/p>\n<p>5-\u00a0<a href=\"https:\/\/catolicadeanapolis.edu.br\/biblioteca\/wp-content\/uploads\/2020\/02\/KARLA-ALVES-MOTA-E-LUC\u00c9LIA-DE-FREITAS-PAIX\u00c3O-COSTA.pdf\">METODOLOGIA DO PROJETO DE GEST\u00c3O E ORIENTA\u00c7\u00c3O DE EST\u00c1GIO: ORGANIZA\u00c7\u00c3O DO ESPA\u00c7O E DO TEMPO NA ESCOLA DE PER\u00cdODO INTEGRAL NA 1\u00aa FASE DO ENSINO FUNDAMENTAL.<\/a>\u00a0&#8211;\u00a0KARLA ALVES MOTA, LUC\u00c9LIA DE FREITAS PAIX\u00c3O COSTA. &#8211;\u00a0ORIENTA\u00c7\u00c3O: PROF\u00aa IVANA ALVES MONNERAT DE AZEVEDO.<\/p>\n<p>6-\u00a0<a href=\"https:\/\/catolicadeanapolis.edu.br\/biblioteca\/wp-content\/uploads\/2020\/02\/TIAGO-ALVES-SILVA-E-WESLEY-MIRANDA-ARA\u00daJO.pdf\">O PAPEL DO GESTOR ESCOLAR NA EDUCA\u00c7\u00c3O DOS MENORES INFRATORES.<\/a> &#8211; TIAGO ALVES SILVA, WESLEY MIRANDA ARA\u00daJO. &#8211;\u00a0ORIENTA\u00c7\u00c3O: PROF\u00aa IVANA ALVES MONNERAT DE AZEVEDO.<\/p>\n<p>7-\u00a0<a href=\"https:\/\/catolicadeanapolis.edu.br\/biblioteca\/wp-content\/uploads\/2020\/02\/C\u00c9LIA-LEONTINA-DE-OLIVEIRA.pdf\">METODOLOGIA DE PROJETO DE N GEST\u00c3O E EST\u00c1GIO EM GEST\u00c3O EDUCACIONAL: A PARTICIPA\u00c7\u00c3O DA FAM\u00cdLIA NO PROCESSO ENSINO E APRENDIZAGEM.<\/a>\u00a0&#8211; C\u00c9LIA LEONTINA DE OLIVEIRA. &#8211;\u00a0ORIENTA\u00c7\u00c3O: PROF\u00aa IVANA ALVES MONNERAT DE AZEVEDO.<\/p>\n<p>8-\u00a0<a href=\"https:\/\/catolicadeanapolis.edu.br\/biblioteca\/wp-content\/uploads\/2020\/02\/MARIA-IN\u00caS-DE-OLIVEIRA.pdf\">METODOLOGIA DO PROJETO DE GEST\u00c3O E ORIENTA\u00c7\u00c3O DE EST\u00c1GIO: BIBLIOTECA NAS ESCOLAS: UM INSTRUMENTO PARA FORMA\u00c7\u00c3O DE LEITORES.<\/a> &#8211; MARIA IN\u00caS DE OLIVEIRA. &#8211;\u00a0ORIENTA\u00c7\u00c3O: PROF\u00aa IVANA ALVES MONNERAT DE AZEVEDO.<\/p>\n<p>9-\u00a0<a href=\"https:\/\/catolicadeanapolis.edu.br\/biblioteca\/wp-content\/uploads\/2020\/02\/LUC\u00cdOLA-MARTINS-MORRINHO-VIANA-E-ROSANGELA-MARIA-FORZANI-VAZ-PARTICIPA\u00c7\u00c3O-DA-COMUNIDADE-ESCOLAR-NA-GEST\u00c3O-ESCOLAR.pdf\">METODOLOGIA DO PROJETO DE GEST\u00c3O E EST\u00c1GIO DE GEST\u00c3O EDUCACIONAL: PARTICIPA\u00c7\u00c3O DA COMUNIDADE ESCOLAR NA GEST\u00c3O ESCOLAR.<\/a> &#8211; LUC\u00cdOLA MARTINS MORRINHO VIANA, ROSANGELA MARIA FORZANI VAZ. &#8211;\u00a0ORIENTA\u00c7\u00c3O: PROF\u00aa IVANA ALVES MONNERAT DE AZEVEDO.<\/p>\n<p>10-\u00a0<a href=\"https:\/\/catolicadeanapolis.edu.br\/biblioteca\/wp-content\/uploads\/2020\/02\/TEREZINHA-PEREIRA-L\u00d4-CAMARGO.pdf\">METODOLOGIA DO PROJETO DE GEST\u00c3O E ORIENTA\u00c7\u00c3O DE EST\u00c1GIO EM GEST\u00c3O EDUCACIONAL: BRINQUEDOS E BRINCADEIRAS NA EDUCA\u00c7\u00c3O INFANTIL.<\/a> &#8211; TEREZINHA PEREIRA L\u00d4 CAMARGO. &#8211;\u00a0ORIENTA\u00c7\u00c3O: PROF\u00aa IVANA ALVES MONNERAT DE AZEVEDO.<\/p>\n","protected":false},"excerpt":{"rendered":"<p>1- AVALIA\u00c7\u00c3O DO PROCESSO DE ENSINO DE APRENDIZAGEM. &#8211; M\u00c1VEA ELAINE CARNEIRO MENDON\u00c7A, J\u00daLIA DE PINA SALUM JO\u00c3O. &#8211;\u00a0ORIENTA\u00c7\u00c3O: PROF\u00aa IVANA ALVES MONNERAT DE AZEVEDO. 2- A RECUPERA\u00c7\u00c3O ESCOLAR COMO FOCO PRINCIPAL DA GEST\u00c3O DEMOCR\u00c1TICA. &#8211; MARIA LUIZA LIMA RODRIGUES. &#8211;\u00a0ORIENTA\u00c7\u00c3O: PROF\u00aa IVANA ALVES MONNERAT DE AZEVEDO. 3- INDISCIPLINA EM SALA DE AULA &#8211; DESAFIOS [&hellip;]<\/p>\n","protected":false},"author":4,"featured_media":0,"parent":392,"menu_order":2,"comment_status":"closed","ping_status":"closed","template":"","meta":[],"_links":{"self":[{"href":"https:\/\/catolicadeanapolis.edu.br\/biblioteca\/index.php?rest_route=\/wp\/v2\/pages\/2261"}],"collection":[{"href":"https:\/\/catolicadeanapolis.edu.br\/biblioteca\/index.php?rest_route=\/wp\/v2\/pages"}],"about":[{"href":"https:\/\/catolicadeanapolis.edu.br\/biblioteca\/index.php?rest_route=\/wp\/v2\/types\/page"}],"author":[{"embeddable":true,"href":"https:\/\/catolicadeanapolis.edu.br\/biblioteca\/index.php?rest_route=\/wp\/v2\/users\/4"}],"replies":[{"embeddable":true,"href":"https:\/\/catolicadeanapolis.edu.br\/biblioteca\/index.php?rest_route=%2Fwp%2Fv2%2Fcomments&post=2261"}],"version-history":[{"count":7,"href":"https:\/\/catolicadeanapolis.edu.br\/biblioteca\/index.php?rest_route=\/wp\/v2\/pages\/2261\/revisions"}],"predecessor-version":[{"id":2759,"href":"https:\/\/catolicadeanapolis.edu.br\/biblioteca\/index.php?rest_route=\/wp\/v2\/pages\/2261\/revisions\/2759"}],"up":[{"embeddable":true,"href":"https:\/\/catolicadeanapolis.edu.br\/biblioteca\/index.php?rest_route=\/wp\/v2\/pages\/392"}],"wp:attachment":[{"href":"https:\/\/catolicadeanapolis.edu.br\/biblioteca\/index.php?rest_route=%2Fwp%2Fv2%2Fmedia&parent=2261"}],"curies":[{"name":"wp","href":"https:\/\/api.w.org\/{rel}","templated":true}]}}