{"id":2691,"date":"2020-01-24T22:06:04","date_gmt":"2020-01-24T22:06:04","guid":{"rendered":"https:\/\/catolicadeanapolis.edu.br\/biblioteca\/?page_id=2691"},"modified":"2022-06-03T13:56:23","modified_gmt":"2022-06-03T13:56:23","slug":"gestao-de-pessoas-p-o-e-coaching-2019","status":"publish","type":"page","link":"https:\/\/catolicadeanapolis.edu.br\/biblioteca\/?page_id=2691","title":{"rendered":"GEST\u00c3O DE PESSOAS P. O. E COACHING 2019"},"content":{"rendered":"<p>1-\u00a0<a href=\"https:\/\/catolicadeanapolis.edu.br\/biblioteca\/wp-content\/uploads\/2020\/01\/RAYSSA-CAROLINE-ALVES-MOTA.pdf\">O FEEDBACK COMO FERRAMENTA PARA O DESENVOLVIMENTO DA EMPRESA E DO COLABORADOR-\u00a0<\/a>RAYSSA CAROLINE ALVES MOTA.<\/p>\n<p>2-\u00a0<a href=\"https:\/\/catolicadeanapolis.edu.br\/biblioteca\/wp-content\/uploads\/2020\/01\/LAYS-SOARES-DO-NASCIMENTO-SAMARA-RODRIGUES-DE-OLIVEIRA-E-THAIS-DE-OLIVEIRA-ROMERO-FERNANDES..pdf\">OS IMPACTOS DE UM BOM CLIMA ORGANIZACIONAL PARA UMA EMPRESA DO RAMO DE COSMETICOS DA CIDADE DE AN\u00c1POLIS-<\/a>\u00a0LAYS SOARES DO NASCIMENTO, SAMARA RODRIGUES DE OLIVEIRA, THAIS DE OLIVEIRA ROMERO FERNANDES.<\/p>\n<p>3-\u00a0<a href=\"https:\/\/catolicadeanapolis.edu.br\/biblioteca\/wp-content\/uploads\/2020\/01\/GLEYCE-MICHELY-DE-SOUZA-MILENA-TAMIRES-MENDES-COSTA-E-RENATA-DE-SOUZA-FONSECA..pdf\">OS PRINCIPAIS BENEF\u00cdCIOS DA AVALIA\u00c7\u00c3O DE DESEMPENHO EM UMA EMPRESA FARMAC\u00caUTICA DE AN\u00c1POLIS-\u00a0<\/a>GLEYCE MICHELLY DE SOUZA, MILENA TAMIRES MENDES COSTA, RENATA DE SOUZA FONSECA.<\/p>\n<p>4-\u00a0<a href=\"https:\/\/catolicadeanapolis.edu.br\/biblioteca\/wp-content\/uploads\/2020\/01\/ELISEU-AIRES-CHAVES-E-NEIO-LUCIO-SOARES-MENDES.pdf\">BUROCRACIA ESCOLAR: PERCEP\u00c7\u00c3O DOS SEUS EFEITOS NO TRABALHO DOCENTE, EM INSTITUI\u00c7\u00c3O ESCOLAR PARTICULAR DE ENSINO PROFISSIONALIZANTE DA CIDADE DE AN\u00c1POLIS\/GO-\u00a0<\/a>ELISEU AIRES CHAVES, NEIO LUCIO SOARES MENDES.<\/p>\n<p>5-\u00a0<a href=\"https:\/\/catolicadeanapolis.edu.br\/biblioteca\/wp-content\/uploads\/2020\/01\/AUGUSTO-JOS\u00c9-DE-SOUSA-FREITAS-E-PEDRO-HEMRIQUE-PEREIRA-DE-MOURA..pdf\">CLIMA E CULTURA ORGANIZACIONAL NAS EMPRESAS BRASILEIRAS-\u00a0<\/a>AUGUSTO JOS\u00c9 DE SOUSA FREITAS, PEDRO HENRIQUE PEREIRA DE MOURA.<\/p>\n<p>6-\u00a0<a href=\"https:\/\/catolicadeanapolis.edu.br\/biblioteca\/wp-content\/uploads\/2020\/01\/ALINE-ALICE-DE-CARVALHO-JULIANA-MIGUELETE-SARAN-E-LEANDRO-BUENO-PEREIRA..pdf\">AN\u00c1LISE DA QUALIDADE DE VIDA NO TRABALHO DOS FUNCION\u00c1RIOS DO CONTROLE DE QUALIDADE DE UMA EMPRESA FARMACOQU\u00cdMICA DE\u00a0<\/a>AN\u00c1POLIS\/GO-\u00a0ALINE ALICE DE CARVALHO, JULIANA MIGUELETE SARAN, LEANDRO BUENO PEREIRA.<\/p>\n<p>7-\u00a0<a href=\"https:\/\/catolicadeanapolis.edu.br\/biblioteca\/wp-content\/uploads\/2021\/06\/JESSICA-INGRID-DE-OLIVEIRA-PIRES-RONALDO-HENRIQUE-LIMA-NASCIMENTO-PEDRO-HENRIQUE-MACEDO-FERREIRA..pdf\">LIDERAN\u00c7A: UMA AN\u00c1LISE DO ESTILO DE LIDERAN\u00c7A, NA VIS\u00c3O DOS L\u00cdDERES E LIDERADOS, NO DEPARTAMENTO DE LOG\u00cdSTICA EM UMA TRANSPORTADORA EM AN\u00c1POLIS.<\/a> &#8211;\u00a0JESSICA INGRID DE OLIVEIRA PIRES, RONALDO HENRIQUE LIMA NASCIMENTO, PEDRO HENRIQUE MACEDO FERREIRA. &#8211; ORIENTA\u00c7\u00c3O: PROF\u00ba DR\u00ba RAIMUNDO MARCIO MOTA DE CASTRO.<\/p>\n<p>8-\u00a0<a href=\"https:\/\/catolicadeanapolis.edu.br\/biblioteca\/wp-content\/uploads\/2021\/06\/JANAYNE-OLIVEIRA-SILVA-JULIANA-JACQUELINE-SILVA-PAULA-VANESSA-SIQUEIRA-GOMES..pdf\">OS DESDOBRAMENTOS DA REFORMA TRABALHISTA E SEUS REFLEXOS NA CONTRIBUI\u00c7\u00c3O SINDICAL.<\/a> &#8211;\u00a0JANAYNE OLIVEIRA SILVA, JULIANA JACQUELINE SILVA, PAULA VANESSA SIQUEIRA GOMES. &#8211;\u00a0ORIENTA\u00c7\u00c3O: PROF\u00ba DR\u00ba RAIMUNDO MARCIO MOTA DE CASTRO.<\/p>\n<p>9-\u00a0<a href=\"https:\/\/catolicadeanapolis.edu.br\/biblioteca\/wp-content\/uploads\/2021\/06\/GLAIDSON-NUNES-DE-ANDRADE-BRITO-KELLY-AMORIM-DOS-SANTOS.pdf\">RECRUTAMENTO E SELE\u00c7\u00c3O DE PESSOAS.<\/a> &#8211;\u00a0GLAIDSON NUNES DE ANDRADE BRITO, KELLY AMORIM DOS SANTOS. &#8211;\u00a0ORIENTA\u00c7\u00c3O: PROF\u00ba DR\u00ba RAIMUNDO MARCIO MOTA DE CASTRO.<\/p>\n<p>10-\u00a0<a href=\"https:\/\/catolicadeanapolis.edu.br\/biblioteca\/wp-content\/uploads\/2021\/06\/GERUSA-DA-SILVA-LOPES-POLIANA-MARTINS-PIRES-JUNG-YASMINE-CHAVES-FERREIRA..pdf\">A MULHER NO MERCADO DE TRABALHO: DIFICULDADES E DESAFIOS.<\/a> &#8211;\u00a0GERUSA DA SILVA LOPES, POLIANA MARTINS PIRES JUNG, YASMINE CHAVES FERREIRA. &#8211;\u00a0ORIENTA\u00c7\u00c3O: PROF\u00ba DR\u00ba RAIMUNDO MARCIO MOTA DE CASTRO.<\/p>\n<p>11-\u00a0<a href=\"https:\/\/catolicadeanapolis.edu.br\/biblioteca\/wp-content\/uploads\/2021\/06\/GABRIEL-GARCIA-COUTO-GUILHERME-ELIAS-BARBOSA-LUCAS-EDUARDO-DA-SILVA-FARIA..pdf\">A DIFICULDADE EM MANTER COLABORADORES MOTIVADOS.<\/a> &#8211;\u00a0GABRIEL GARCIA COUTO, GUILHERME ELIAS BARBOSA, LUCAS EDUARDO DA SILVA FARIA. &#8211;\u00a0ORIENTA\u00c7\u00c3O: PROF\u00ba DR\u00ba RAIMUNDO MARCIO MOTA DE CASTRO.<\/p>\n<p>12-\u00a0<a href=\"https:\/\/catolicadeanapolis.edu.br\/biblioteca\/wp-content\/uploads\/2021\/06\/FRANCIS-D\u2019STEPHANNE-PEREIRA-SANTOS-MARCOS-REIS-FERREIRA-DE-SOUSA-TIAGO-DE-PAULA-RODRIGUES.pdf\">AS CONTRIBUI\u00c7\u00d5ES DA INTELIG\u00caNCIA EMOCIONAL NA GEST\u00c3O DE PESSOAS.<\/a> &#8211;\u00a0FRANCIS D\u2019STEPHANNE PEREIRA SANTOS, MARCOS REIS FERREIRA DE SOUSA, TIAGO DE PAULA RODRIGUES. &#8211; ORIENTA\u00c7\u00c3O: PROF\u00ba ME. MAUR\u00cdCIO RESENDE RODOVALHO.<\/p>\n<p>13-\u00a0<a href=\"https:\/\/catolicadeanapolis.edu.br\/biblioteca\/wp-content\/uploads\/2021\/06\/FERNANDA-MOREIRA-DE-MORAES-GISELLE-MORAES-DOS-SANTOS-SILVA-THOMPSON-LE\u00c3O-DOS-SANTOS.pdf\">PERFIL E DESENVOLVIMENTO DA LIDERAN\u00c7A DE UMA EMPRESA DE REVENDA DE ELETROELETR\u00d4NICOS DA CIDADE DE AN\u00c1POLIS.<\/a> &#8211;\u00a0FERNANDA MOREIRA DE MORAES, GISELLE MORAES DOS SANTOS SILVA, THOMPSON LE\u00c3O DOS SANTOS. &#8211; ORIENTA\u00c7\u00c3O: ESP. HARIANE JACKELINE RODRIGUES SILVA.<\/p>\n<p>14-\u00a0<a href=\"https:\/\/catolicadeanapolis.edu.br\/biblioteca\/wp-content\/uploads\/2021\/06\/EVELYN-LORRANE-DORNELES-MAGALH\u00c3ES-JULIANA-DUTRA-FRAGA-CUNHA-M\u00c1RCIO-LOPES-DA-SILVA-LUZ.pdf\">AS PRINCIPAIS CARACTER\u00cdSTICAS DE UM L\u00cdDER IDEAL EM UMA IND\u00daSTRIA FARMAC\u00caUTICA NA CIDADE DE AN\u00c1POLIS.<\/a> &#8211;\u00a0EVELYN LORRANE DORNELES MAGALH\u00c3ES, JULIANA DUTRA FRAGA CUNHA, M\u00c1RCIO LOPES DA SILVA LUZ. &#8211;\u00a0ORIENTA\u00c7\u00c3O: ESP. HARIANE JACKELINE RODRIGUES SILVA.<\/p>\n<p>15-\u00a0<a href=\"https:\/\/catolicadeanapolis.edu.br\/biblioteca\/wp-content\/uploads\/2021\/06\/ELIANE-RAB\u00caLO-RESENDE-J\u00c9SSICA-FIBA-CORREIA-LET\u00cdCIA-SANTOS-DA-SILVA..pdf\">CULTURA ORGANIZACIONAL: LIDERAN\u00c7A E SUA INFLU\u00caNCIA.<\/a> &#8211;\u00a0ELIANE RAB\u00caLO RESENDE, J\u00c9SSICA FIBA CORREIA, LET\u00cdCIA SANTOS DA SILVA. &#8211;\u00a0ORIENTA\u00c7\u00c3O: ESP. HARIANE JACKELINE RODRIGUES SILVA.<\/p>\n<p>16-\u00a0<a href=\"https:\/\/catolicadeanapolis.edu.br\/biblioteca\/wp-content\/uploads\/2021\/06\/DENIS-MARTINS-DE-CARVALHO-SERGIO-GOMES-BRETAS..pdf\">A LIDERAN\u00c7A E AS RELA\u00c7\u00d5ES ENTRE L\u00cdDERES E LIDERADOS DA \u00c1REA DE LOG\u00cdSTICA EM UMA EMPRESA DO COM\u00c9RCIO ATACADISTA NA CIDADE DE AN\u00c1POLIS.<\/a> &#8211;\u00a0DENIS MARTINS DE CARVALHO, SERGIO GOMES BRETAS. &#8211;\u00a0ORIENTA\u00c7\u00c3O: PROF\u00ba ME. MAUR\u00cdCIO RESENDE RODOVALHO.<\/p>\n<p>17-\u00a0<a href=\"https:\/\/catolicadeanapolis.edu.br\/biblioteca\/wp-content\/uploads\/2021\/06\/DANIELA-RIBEIRO-PARENTE-PATR\u00cdCIA-FREITAS-RAFAELA-SARDINHA-DA-COSTA..pdf\">ROTATIVIDADE DE MOTORISTAS: UM ESTUDO DE CASO EM UMA EMPRESA DO SEGMENTO DE TRANSPORTES.<\/a> &#8211;\u00a0DANIELA RIBEIRO PARENTE, PATR\u00cdCIA FREITAS, RAFAELA SARDINHA DA COSTA. &#8211; ORIENTA\u00c7\u00c3O: PROF\u00aa ESP. ARACELLY RODRIGUES LOURES RANGEL.<\/p>\n<p>18-\u00a0<a href=\"https:\/\/catolicadeanapolis.edu.br\/biblioteca\/wp-content\/uploads\/2021\/06\/DANIELA-LAYANE-NASCIMENTO-COSTA-GABRIELA-RAQUEL-DOS-SANTOS-CORDEIRO.pdf\">SATISFA\u00c7\u00c3O NO TRABALHO E SA\u00daDE MENTAL: ESTUDO REALIZADO COM L\u00cdDERES DE UMA EMPRESA COLCHOEIRA EM AN\u00c1POLIS.<\/a> &#8211;\u00a0DANIELA LAYANE NASCIMENTO COSTA, GABRIELA RAQUEL DOS SANTOS CORDEIRO. &#8211;\u00a0ORIENTA\u00c7\u00c3O: ESP. HARIANE JACKELINE RODRIGUES SILVA.<\/p>\n<p>19-\u00a0<a href=\"https:\/\/catolicadeanapolis.edu.br\/biblioteca\/wp-content\/uploads\/2021\/06\/CRISTIANE-PONTES-MARCO-AUR\u00c9LIO-DE-SOUZA-SOARES-NAIRA-ALVES-DOS-SANTOS-SILVA.pdf\">OS IMPACTOS DA IMPLATA\u00c7\u00c3O DO PLANO DE CARGOS E SAL\u00c1RIOS EM UMA INSTITUI\u00c7\u00c3O COOPERATIVA FINANCEIRA DE AN\u00c1POLIS &#8211; GO.<\/a> &#8211;\u00a0CRISTIANE PONTES, MARCO AUR\u00c9LIO DE SOUZA SOARES, NAIRA ALVES DOS SANTOS SILVA. &#8211;\u00a0ORIENTA\u00c7\u00c3O: ESP. HARIANE JACKELINE RODRIGUES SILVA.<\/p>\n<p>20-\u00a0<a href=\"https:\/\/catolicadeanapolis.edu.br\/biblioteca\/wp-content\/uploads\/2021\/06\/BRUNA-DOS-SANTOS-DUTRA-DANIELA-PEREIRA-DOS-SANTOS-SOUZA.pdf\">COACHING EXECUTIVO: ESTRAT\u00c9GIAS PARA O DESENVOLVIMENTO DE COMPET\u00caNCIAS PROFISSIONAIS.<\/a> &#8211;\u00a0BRUNA DOS SANTOS DUTRA, DANIELA PEREIRA DOS SANTOS SOUZA. &#8211;\u00a0ORIENTA\u00c7\u00c3O: ESP. HARIANE JACKELINE RODRIGUES SILVA.<\/p>\n<p>21-\u00a0<a href=\"https:\/\/catolicadeanapolis.edu.br\/biblioteca\/wp-content\/uploads\/2021\/06\/ADRIANA-SANTOS-DE-LUCENA.pdf\">GEST\u00c3O DO TEMPO COM FOCO EM ALTA PERFORMANCE PROFISSIONAL.<\/a> &#8211;\u00a0ADRIANA SANTOS DE LUCENA. &#8211; ORIENTA\u00c7\u00c3O: PROF\u00ba ME. MAUR\u00cdCIO RESENDE RODOVALHO.<\/p>\n<p>22-\u00a0<a href=\"https:\/\/catolicadeanapolis.edu.br\/biblioteca\/wp-content\/uploads\/2021\/06\/LORRANE-SILVA-LIMA-MIDORI-ABE-BROTA..pdf\">O USO DO EMPOWERMENT NAS ORGANIZA\u00c7\u00d5ES.<\/a> &#8211;\u00a0LORRANE SILVA LIMA, MIDORI ABE BROTA. &#8211;\u00a0ORIENTA\u00c7\u00c3O: PROF\u00ba ME. MAUR\u00cdCIO RESENDE RODOVALHO.<\/p>\n<p>23-\u00a0<a href=\"https:\/\/catolicadeanapolis.edu.br\/biblioteca\/wp-content\/uploads\/2021\/06\/LOIDE-DA-ROCHA-BUENO-PEDRINA-MATOS-DE-ALC\u00c2NTARA-THAYS-MENDES-CARVALHO..pdf\">SA\u00daDE MENTAL NO AMBIENTE DE TRABALHO.<\/a> &#8211;\u00a0LOIDE DA ROCHA BUENO, PEDRINA MATOS DE ALC\u00c2NTARA, THAYS MENDES CARVALHO. &#8211;\u00a0ORIENTA\u00c7\u00c3O: PROF\u00ba ME. MAUR\u00cdCIO RESENDE RODOVALHO.<\/p>\n<p>24-\u00a0<a href=\"https:\/\/catolicadeanapolis.edu.br\/biblioteca\/wp-content\/uploads\/2021\/06\/THIAGO-DUARTE-DE-ANDRADE-WATSON-RODRIGUES-DOS-SANTOS.pdf\">ESTUDO COMPARATIVO DOS FATORES SATISFACIENTES DOS COLABORADORES DAS GERA\u00c7\u00d5ES X E Y DE UMA IND\u00daSTRIA FARMAC\u00caUTICA NO DISTRITO AGROINDUTRIAL DE AN\u00c1POLIS \u2013 DAIA.<\/a> &#8211; THIAGO DUARTE DE ANDRADE, WATSON RODRIGUES DOS SANTOS &#8211;\u00a0ORIENTA\u00c7\u00c3O: ESP. HARIANE JACKELINE RODRIGUES SILVA.<\/p>\n<p>25-\u00a0<a href=\"https:\/\/catolicadeanapolis.edu.br\/biblioteca\/wp-content\/uploads\/2021\/06\/RAYANE-RODRIGUES-DE-BRITO-SCHMITT-TELUANY-DA-MATA-CARVALHO..pdf\">A IMPORT\u00c2NCIA DA GEST\u00c3O DE PESSOAS NA QUEBRA DEVELHOS PARADIGMAS E A CRIA\u00c7\u00c3O DE NOVOS.<\/a> &#8211;\u00a0RAYANE RODRIGUES DE BRITO SCHMITT, TELUANY DA MATA CARVALHO. &#8211; ORIENTA\u00c7\u00c3O: PROF\u00aa ESP. ARACELLY LOURES.<\/p>\n<p>26-\u00a0<a href=\"https:\/\/catolicadeanapolis.edu.br\/biblioteca\/wp-content\/uploads\/2021\/06\/JHONATAN-CARLOS-ABADE-SILVA-JOLANE-DUTRA-DE-MORAIS-MOREIRA-MICHELE-CRISTINA-LOBO-SEGATO.pdf\">COACHING POTENCIAIS FERRAMENTAS PARA MELHORAR O CLIMA ORGANIZACIONAL DE UMA IND\u00daSTRIA FARMAC\u00caUTICA DA CIDADE DE AN\u00c1POLIS\/GO.<\/a> &#8211;\u00a0JHONATAN CARLOS ABADE SILVA, JOLANE DUTRA DE MORAIS MOREIRA, MICHELE CRISTINA LOBO SEGATO. &#8211;\u00a0ORIENTA\u00c7\u00c3O: ESP. HARIANE JACKELINE RODRIGUES SILVA.<\/p>\n<p>27-\u00a0<a href=\"https:\/\/catolicadeanapolis.edu.br\/biblioteca\/wp-content\/uploads\/2021\/06\/KARINE-LORRANY-CARRIJO-OLIVEIRA-SARA-RODRIGUES-FERREIRA.pdf\">MOTIVA\u00c7\u00c3O E LIDERAN\u00c7A: INFLU\u00caNCIA DA LIDERAN\u00c7A NA MOTIVA\u00c7\u00c3O E DESEMPENHO DAS EQUIPES.<\/a> &#8211;\u00a0KARINE LORRANY CARRIJO OLIVEIRA, SARA RODRIGUES FERREIRA. &#8211;\u00a0ORIENTA\u00c7\u00c3O: PROF\u00aa ESP. ARACELLY LOURES.<\/p>\n<p>28-\u00a0<a href=\"https:\/\/catolicadeanapolis.edu.br\/biblioteca\/wp-content\/uploads\/2021\/06\/LARICE-MELO-MATIAS.pdf\">GEST\u00c3O POR COMPET\u00caNCIAS: UMA FERRAMENTA PARA DESENVOLVIMENTO DE PESSOAS.<\/a> &#8211;\u00a0LARICE MELO MATIAS. &#8211; ORIENTA\u00c7\u00c3O: PROF\u00aa MA. MARISA ROVEDA.<\/p>\n<p>29-\u00a0<a href=\"https:\/\/catolicadeanapolis.edu.br\/biblioteca\/?attachment_id=3298\">O FEEDBACK COMO FERRAMENTA DE DESENVOLVIMENTO DE PESSOAS.<\/a> &#8211;\u00a0DANILO RODRIGUES DOS REIS; POLYANNE FLOR\u00caNCIO RODRIGUES DOS REIS. &#8211; ORIENTA\u00c7\u00c3O: PROF. ME. MAUR\u00cdCIO RESENDE RODOVALHO.<\/p>\n<p>30-\u00a0<a href=\"https:\/\/catolicadeanapolis.edu.br\/biblioteca\/?attachment_id=3299\">A INCLUS\u00c3O DO TRABALHADOR COM DEFICI\u00caNCIA AUDITIVA NO COM\u00c9RCIO VAREJISTA DA REGI\u00c3O CENTRAL DE AN\u00c1POLIS &#8211; GO.<\/a> &#8211;\u00a0MAIARA DE SOUSA SILVA; THAIS LORRANNE DOS SANTOS FERREIRA. &#8211; ORIENTA\u00c7\u00c3O: ESP. HARIANE JACKELINE RODRIGUES SILVA.<\/p>\n<p>&nbsp;<\/p>\n<p>&nbsp;<\/p>\n<p>&nbsp;<\/p>\n<p>&nbsp;<\/p>\n<p>&nbsp;<\/p>\n<p>&nbsp;<\/p>\n<p>&nbsp;<\/p>\n<p>&nbsp;<\/p>\n<p>&nbsp;<\/p>\n<p>&nbsp;<\/p>\n","protected":false},"excerpt":{"rendered":"<p>1-\u00a0O FEEDBACK COMO FERRAMENTA PARA O DESENVOLVIMENTO DA EMPRESA E DO COLABORADOR-\u00a0RAYSSA CAROLINE ALVES MOTA. 2-\u00a0OS IMPACTOS DE UM BOM CLIMA ORGANIZACIONAL PARA UMA EMPRESA DO RAMO DE COSMETICOS DA CIDADE DE AN\u00c1POLIS-\u00a0LAYS SOARES DO NASCIMENTO, SAMARA RODRIGUES DE OLIVEIRA, THAIS DE OLIVEIRA ROMERO FERNANDES. 3-\u00a0OS PRINCIPAIS BENEF\u00cdCIOS DA AVALIA\u00c7\u00c3O DE DESEMPENHO EM UMA EMPRESA [&hellip;]<\/p>\n","protected":false},"author":4,"featured_media":0,"parent":314,"menu_order":8,"comment_status":"closed","ping_status":"closed","template":"","meta":[],"_links":{"self":[{"href":"https:\/\/catolicadeanapolis.edu.br\/biblioteca\/index.php?rest_route=\/wp\/v2\/pages\/2691"}],"collection":[{"href":"https:\/\/catolicadeanapolis.edu.br\/biblioteca\/index.php?rest_route=\/wp\/v2\/pages"}],"about":[{"href":"https:\/\/catolicadeanapolis.edu.br\/biblioteca\/index.php?rest_route=\/wp\/v2\/types\/page"}],"author":[{"embeddable":true,"href":"https:\/\/catolicadeanapolis.edu.br\/biblioteca\/index.php?rest_route=\/wp\/v2\/users\/4"}],"replies":[{"embeddable":true,"href":"https:\/\/catolicadeanapolis.edu.br\/biblioteca\/index.php?rest_route=%2Fwp%2Fv2%2Fcomments&post=2691"}],"version-history":[{"count":4,"href":"https:\/\/catolicadeanapolis.edu.br\/biblioteca\/index.php?rest_route=\/wp\/v2\/pages\/2691\/revisions"}],"predecessor-version":[{"id":3311,"href":"https:\/\/catolicadeanapolis.edu.br\/biblioteca\/index.php?rest_route=\/wp\/v2\/pages\/2691\/revisions\/3311"}],"up":[{"embeddable":true,"href":"https:\/\/catolicadeanapolis.edu.br\/biblioteca\/index.php?rest_route=\/wp\/v2\/pages\/314"}],"wp:attachment":[{"href":"https:\/\/catolicadeanapolis.edu.br\/biblioteca\/index.php?rest_route=%2Fwp%2Fv2%2Fmedia&parent=2691"}],"curies":[{"name":"wp","href":"https:\/\/api.w.org\/{rel}","templated":true}]}}