{"id":2770,"date":"2020-03-10T12:58:55","date_gmt":"2020-03-10T12:58:55","guid":{"rendered":"https:\/\/catolicadeanapolis.edu.br\/biblioteca\/?page_id=2770"},"modified":"2022-06-09T12:35:19","modified_gmt":"2022-06-09T12:35:19","slug":"pedagogia-2018","status":"publish","type":"page","link":"https:\/\/catolicadeanapolis.edu.br\/biblioteca\/?page_id=2770","title":{"rendered":"PEDAGOGIA 2018"},"content":{"rendered":"<p>11- <a href=\"https:\/\/catolicadeanapolis.edu.br\/biblioteca\/wp-content\/uploads\/2020\/03\/MARIA-CRISTINA-SILVA-SUSANA-TATIANE-FERREIRA-DE-MORAIS-MOTA.pdf\">G\u00caNEROS TEXTUAIS NO ENSINO E APRENDIZAGEM NA ALFABETIZA\u00c7\u00c3O.<\/a> &#8211; MARIA CRISTINA SILVA SUSANA, TATIANE FERREIRA DE MORAIS MOTA. &#8211; ORIENTA\u00c7\u00c3O: PROF\u00ba. ME. RENATO ANT\u00d4NIO RIBEIRO.<\/p>\n<p>2-\u00a0<a href=\"https:\/\/catolicadeanapolis.edu.br\/biblioteca\/wp-content\/uploads\/2020\/03\/LUCIANE-GOMES-DE-SOUZA-SEM-DATA.pdf\">INTERDISCIPLINARIDADE: DESAFIOS E DIFICULDADES VIVIDAS PELO EDUCADOR DAS S\u00c9RIES INICIAIS DO ENSINO FUNDAMENTAL I.<\/a> &#8211; LUCIANE GOMES DE SOUZA. &#8211;\u00a0ORIENTA\u00c7\u00c3O: PROF\u00ba. ME. RENATO ANT\u00d4NIO RIBEIRO.<\/p>\n<p>3-\u00a0<a href=\"https:\/\/catolicadeanapolis.edu.br\/biblioteca\/wp-content\/uploads\/2020\/03\/J\u00c9SSICA-CASTRO-BATISTA-DA-SILVA-LURDES-DE-FATIMA-FERNANDES-SEM-DATA.pdf\">PR\u00c1TICAS DE G\u00caNEROS TEXTUAIS NA ALFABETIZA\u00c7\u00c3O.<\/a> &#8211; J\u00c9SSICA CASTRO BATISTA DA SILVA, LURDES DE F\u00c1TIMA FERNANDES. &#8211;\u00a0ORIENTA\u00c7\u00c3O: PROF\u00ba. ME. RENATO ANT\u00d4NIO RIBEIRO.<\/p>\n<p>4-\u00a0<a href=\"https:\/\/catolicadeanapolis.edu.br\/biblioteca\/wp-content\/uploads\/2020\/03\/ANA-KAROLINE-DIAS-SALLES-MARIANA-ROSA-GON\u00c7ALVES..pdf\">PEDAGOGIA DOMICIIAR: UMA REFLEX\u00c3O ACERCA DO PROCESSO ENSINO APRENDIZAGEM.<\/a> &#8211; ANA KAROLINE DIAS SALLES, MARIA ROSA GON\u00c7ALVES. &#8211;\u00a0ORIENTA\u00c7\u00c3O: PROF\u00ba. ME. RENATO ANT\u00d4NIO RIBEIRO.<\/p>\n<p>5- <a href=\"https:\/\/catolicadeanapolis.edu.br\/biblioteca\/wp-content\/uploads\/2021\/07\/DANIELA-DO-NASCIMENTO-TEIXEIRA-RENATA-DO-PRADO-DEZZEN-COURTE.pdf\">INSTRUMENTOS NORTEADORES DA AVALIA\u00c7\u00c3O DA APRENDIZAGEM NA EDUCA\u00c7\u00c3O INFANTIL.<\/a> &#8211; DANIELA DO NASCIMENTO TEIXEIRA, RENATA DO PRADO DEZZEN COURTE. &#8211; ORIENTA\u00c7\u00c3O: PROF. ME RENATO ANT\u00d4NIO RIBEIRO.<\/p>\n<p>6-\u00a0<a href=\"https:\/\/catolicadeanapolis.edu.br\/biblioteca\/?attachment_id=3393\">SISTEMA PREVENTIVO DE DOM BOSCO NA RESOLU\u00c7\u00c3O DA<\/a><br \/>\nINDISCIPLINA. &#8211;\u00a0Aline de Sousa Batista; Maria Gabriela Sch\u00e4fer. &#8211;\u00a0Orienta\u00e7\u00e3o: MSc. Renato Ant\u00f4nio Ribeiro.<\/p>\n<p>7-\u00a0<a href=\"https:\/\/catolicadeanapolis.edu.br\/biblioteca\/?attachment_id=3394\">EDUCA\u00c7\u00c3O INCLUSIVA: PERSPECTIVAS NA FORMA\u00c7\u00c3O EDUCACIONALPARA ALUNOS SURDOS.<\/a> &#8211;\u00a0Diva Dias dos Anjos Penna; Eidiana Santos Santos de Castro.\u00a0&#8211;\u00a0Orienta\u00e7\u00e3o: MSc. Renato Ant\u00f4nio Ribeiro<\/p>\n<p>8-\u00a0<a href=\"https:\/\/catolicadeanapolis.edu.br\/biblioteca\/?attachment_id=3395\">OS DESAFIOS NA FORMA\u00c7\u00c3O INICIAL E CONTINUADA DOS PROFESSORES DA EDUCA\u00c7\u00c3O DE JOVENS E ADULTOS.<\/a> &#8211; Elza Rocha Ferreira;\u00a0Maria C\u00edcera da Silva. &#8211;\u00a0Orienta\u00e7\u00e3o: MSc. Renato Ant\u00f4nio Ribeiro<\/p>\n<p>9-\u00a0<a href=\"https:\/\/catolicadeanapolis.edu.br\/biblioteca\/?attachment_id=3396\">UMA REFLEX\u00c3O ACERCA DA EFETIVIDADE DOS CURSOS DE FORMA\u00c7\u00c3O CONTINUADA DE PROFESSORES.<\/a> &#8211;\u00a0Francisca da Concei\u00e7ao L. de Souza. &#8211;\u00a0Orienta\u00e7\u00e3o: MSc. Renato Ant\u00f4nio Ribeiro.<\/p>\n<p>10-\u00a0<a href=\"https:\/\/catolicadeanapolis.edu.br\/biblioteca\/?attachment_id=3397\">A PR\u00c1TICA DOCENTE E A APRENDIZAGEM DE CRIAN\u00c7AS COM TRANSTORNO ESPECTRO AUTISTA.<\/a> &#8211;\u00a0Gabrielly Pereira Alves;\u00a0Rayane Hellen Silva Freitas. &#8211;\u00a0Orienta\u00e7\u00e3o: MSc. Renato Ant\u00f4nio Ribeiro.<\/p>\n<p>11-\u00a0<a href=\"https:\/\/catolicadeanapolis.edu.br\/biblioteca\/?attachment_id=3398\">OS DESAFIOS DA PROPOSTA CUIDAR E EDUCAR NA EDUCA\u00c7\u00c3O INFANTIL.<\/a> &#8211;\u00a0Maria Cristina Melo Costa;\u00a0Marinete Passos de Oliveira. &#8211;\u00a0Orienta\u00e7\u00e3o: MSc. Renato Ant\u00f4nio Ribeiro<\/p>\n<p>12-\u00a0<a href=\"https:\/\/catolicadeanapolis.edu.br\/biblioteca\/?attachment_id=3399\">O USO DA LITERATURA INFANTIL NA PR\u00c1TICA PEDAG\u00d3GICA DE PROFESSORES DA PR\u00c9-ESCOLA P\u00daBLICA E PARTICULAR: UM ESTUDO COMPARATIVO.<\/a> &#8211;\u00a0Marina Campos Saraiva Eug\u00eanio;\u00a0Thais Sousa Andrade de Castro. &#8211;\u00a0Orienta\u00e7\u00e3o: MSc. Renato Ant\u00f4nio Ribeiro<\/p>\n<p>13-\u00a0<a href=\"https:\/\/catolicadeanapolis.edu.br\/biblioteca\/?attachment_id=3406\">A DESMOTIVA\u00c7\u00c3O DOCENTE NAS S\u00c9RIES INICIAIS DO ENSINO FUNDAMENTAL I.<\/a> &#8211;\u00a0Let\u00edcia Lima Flor da Silva;\u00a0Val\u00e9ria de F\u00e1tima Nascimento \u2013\u00a0Orienta\u00e7\u00e3o: Prof\u00ba Me. Renato Ant\u00f4nio Ribeiro<\/p>\n","protected":false},"excerpt":{"rendered":"<p>11- G\u00caNEROS TEXTUAIS NO ENSINO E APRENDIZAGEM NA ALFABETIZA\u00c7\u00c3O. &#8211; MARIA CRISTINA SILVA SUSANA, TATIANE FERREIRA DE MORAIS MOTA. &#8211; ORIENTA\u00c7\u00c3O: PROF\u00ba. ME. RENATO ANT\u00d4NIO RIBEIRO. 2-\u00a0INTERDISCIPLINARIDADE: DESAFIOS E DIFICULDADES VIVIDAS PELO EDUCADOR DAS S\u00c9RIES INICIAIS DO ENSINO FUNDAMENTAL I. &#8211; LUCIANE GOMES DE SOUZA. &#8211;\u00a0ORIENTA\u00c7\u00c3O: PROF\u00ba. ME. RENATO ANT\u00d4NIO RIBEIRO. 3-\u00a0PR\u00c1TICAS DE G\u00caNEROS TEXTUAIS [&hellip;]<\/p>\n","protected":false},"author":4,"featured_media":0,"parent":1984,"menu_order":1,"comment_status":"closed","ping_status":"closed","template":"","meta":[],"_links":{"self":[{"href":"https:\/\/catolicadeanapolis.edu.br\/biblioteca\/index.php?rest_route=\/wp\/v2\/pages\/2770"}],"collection":[{"href":"https:\/\/catolicadeanapolis.edu.br\/biblioteca\/index.php?rest_route=\/wp\/v2\/pages"}],"about":[{"href":"https:\/\/catolicadeanapolis.edu.br\/biblioteca\/index.php?rest_route=\/wp\/v2\/types\/page"}],"author":[{"embeddable":true,"href":"https:\/\/catolicadeanapolis.edu.br\/biblioteca\/index.php?rest_route=\/wp\/v2\/users\/4"}],"replies":[{"embeddable":true,"href":"https:\/\/catolicadeanapolis.edu.br\/biblioteca\/index.php?rest_route=%2Fwp%2Fv2%2Fcomments&post=2770"}],"version-history":[{"count":8,"href":"https:\/\/catolicadeanapolis.edu.br\/biblioteca\/index.php?rest_route=\/wp\/v2\/pages\/2770\/revisions"}],"predecessor-version":[{"id":3431,"href":"https:\/\/catolicadeanapolis.edu.br\/biblioteca\/index.php?rest_route=\/wp\/v2\/pages\/2770\/revisions\/3431"}],"up":[{"embeddable":true,"href":"https:\/\/catolicadeanapolis.edu.br\/biblioteca\/index.php?rest_route=\/wp\/v2\/pages\/1984"}],"wp:attachment":[{"href":"https:\/\/catolicadeanapolis.edu.br\/biblioteca\/index.php?rest_route=%2Fwp%2Fv2%2Fmedia&parent=2770"}],"curies":[{"name":"wp","href":"https:\/\/api.w.org\/{rel}","templated":true}]}}