{"id":278,"date":"2018-03-08T22:37:21","date_gmt":"2018-03-08T22:37:21","guid":{"rendered":"https:\/\/catolicadeanapolis.edu.br\/biblioteca\/?page_id=278"},"modified":"2021-06-24T17:49:09","modified_gmt":"2021-06-24T17:49:09","slug":"filosofia-clinica-2016","status":"publish","type":"page","link":"https:\/\/catolicadeanapolis.edu.br\/biblioteca\/?page_id=278","title":{"rendered":"FILOSOFIA CL\u00cdNICA 2016"},"content":{"rendered":"<p>1- <a href=\"https:\/\/catolicadeanapolis.edu.br\/biblioteca\/wp-content\/uploads\/2018\/03\/ALGUMAS-CONSIDERA\u00c7\u00d5ES-SOBRE-IDEIA-DE-VERDADE-AO-LONGO-DA-HIST\u00d3RIA-DO-PENSAMENTO-FILOS\u00d3FICO-E-A-FILOSOFIA-CL\u00cdNICA.pdf\">ALGUMAS CONSIDERA\u00c7\u00d5ES SOBRE IDEIA DE VERDADE AO LONGO DA HIST\u00d3RIA DO PENSAMENTO FILOS\u00d3FICO E A FILOSOFIA CL\u00cdNICA.<\/a>\u00a0&#8211; MARCOS DELSON SIQUEIRA. &#8211; ORIENTA\u00c7\u00c3O: PROF\u00ba ME. DIOGO JANSER ROBEIRO.<\/p>\n<p>2-\u00a0<a href=\"https:\/\/catolicadeanapolis.edu.br\/biblioteca\/wp-content\/uploads\/2021\/06\/JOSEFINA-ANTUNES-DE-ANDRADE.pdf\">REFLEX\u00d5ES SOBRE O CONCEITO DE MENTE E A FILOSOFIA CL\u00cdNICA.<\/a> &#8211; JOSEFINA ANTUNES DE ANDRADE. &#8211; ORIENTA\u00c7\u00c3O:\u00a0ORIENTA\u00c7\u00c3O: PROF\u00ba ME. DIOGO JANSER ROBEIRO.<\/p>\n<p>3-<a href=\"https:\/\/catolicadeanapolis.edu.br\/biblioteca\/wp-content\/uploads\/2021\/06\/ALVINAN-MAGNO-LOPES-CAT\u00c3O-E-CARLA-BERTI-BONESSO-artigo-final-corrigido-ex.pdf\">\u00a0UM DI\u00c1LOGO ENTRE A ESCUTA EM FILOSOFIA CL\u00cdNICA E A ESCUTA PSICANAL\u00cdTICA.<\/a> &#8211;\u00a0ALVINAN MAGNO LOPES CAT\u00c3O, CARLA BERTI BONESSO. &#8211;\u00a0ORIENTA\u00c7\u00c3O:\u00a0ORIENTA\u00c7\u00c3O: PROF\u00ba ME. DIOGO JANSER ROBEIRO.<\/p>\n<p>&nbsp;<\/p>\n<p>&nbsp;<\/p>\n<p>&nbsp;<\/p>\n<p>&nbsp;<\/p>\n<p>&nbsp;<\/p>\n<p>&nbsp;<\/p>\n","protected":false},"excerpt":{"rendered":"<p>1- ALGUMAS CONSIDERA\u00c7\u00d5ES SOBRE IDEIA DE VERDADE AO LONGO DA HIST\u00d3RIA DO PENSAMENTO FILOS\u00d3FICO E A FILOSOFIA CL\u00cdNICA.\u00a0&#8211; MARCOS DELSON SIQUEIRA. &#8211; ORIENTA\u00c7\u00c3O: PROF\u00ba ME. DIOGO JANSER ROBEIRO. 2-\u00a0REFLEX\u00d5ES SOBRE O CONCEITO DE MENTE E A FILOSOFIA CL\u00cdNICA. &#8211; JOSEFINA ANTUNES DE ANDRADE. &#8211; ORIENTA\u00c7\u00c3O:\u00a0ORIENTA\u00c7\u00c3O: PROF\u00ba ME. DIOGO JANSER ROBEIRO. 3-\u00a0UM DI\u00c1LOGO ENTRE A ESCUTA [&hellip;]<\/p>\n","protected":false},"author":2,"featured_media":0,"parent":399,"menu_order":1,"comment_status":"open","ping_status":"open","template":"","meta":[],"_links":{"self":[{"href":"https:\/\/catolicadeanapolis.edu.br\/biblioteca\/index.php?rest_route=\/wp\/v2\/pages\/278"}],"collection":[{"href":"https:\/\/catolicadeanapolis.edu.br\/biblioteca\/index.php?rest_route=\/wp\/v2\/pages"}],"about":[{"href":"https:\/\/catolicadeanapolis.edu.br\/biblioteca\/index.php?rest_route=\/wp\/v2\/types\/page"}],"author":[{"embeddable":true,"href":"https:\/\/catolicadeanapolis.edu.br\/biblioteca\/index.php?rest_route=\/wp\/v2\/users\/2"}],"replies":[{"embeddable":true,"href":"https:\/\/catolicadeanapolis.edu.br\/biblioteca\/index.php?rest_route=%2Fwp%2Fv2%2Fcomments&post=278"}],"version-history":[{"count":6,"href":"https:\/\/catolicadeanapolis.edu.br\/biblioteca\/index.php?rest_route=\/wp\/v2\/pages\/278\/revisions"}],"predecessor-version":[{"id":2959,"href":"https:\/\/catolicadeanapolis.edu.br\/biblioteca\/index.php?rest_route=\/wp\/v2\/pages\/278\/revisions\/2959"}],"up":[{"embeddable":true,"href":"https:\/\/catolicadeanapolis.edu.br\/biblioteca\/index.php?rest_route=\/wp\/v2\/pages\/399"}],"wp:attachment":[{"href":"https:\/\/catolicadeanapolis.edu.br\/biblioteca\/index.php?rest_route=%2Fwp%2Fv2%2Fmedia&parent=278"}],"curies":[{"name":"wp","href":"https:\/\/api.w.org\/{rel}","templated":true}]}}