{"id":2783,"date":"2020-03-16T13:20:13","date_gmt":"2020-03-16T13:20:13","guid":{"rendered":"https:\/\/catolicadeanapolis.edu.br\/biblioteca\/?page_id=2783"},"modified":"2020-03-16T13:20:24","modified_gmt":"2020-03-16T13:20:24","slug":"recursos-humanos-2019","status":"publish","type":"page","link":"https:\/\/catolicadeanapolis.edu.br\/biblioteca\/?page_id=2783","title":{"rendered":"RECURSOS HUMANOS 2019"},"content":{"rendered":"<p>1-\u00a0<a href=\"https:\/\/catolicadeanapolis.edu.br\/biblioteca\/wp-content\/uploads\/2020\/03\/RITIELE-LANDIM-DOS-SANTOS-E-ROSANA-ALVES-DE-ALMEIDA.pdf\">AVALIA\u00c7\u00c3O DO CLIMA ORGANIZACIONAL EM UMA EMPRESA DE RAMO ALIMENT\u00cdCIO.<\/a>\u00a0&#8211;\u00a0RITIELE LANDIM DOS SANTOS, ROSANA ALVES DE ALMEIDA. &#8211; ORIENTA\u00c7\u00c3O: PROF. ME. WILTON ALVES FERREIRA J\u00daNIOR.<\/p>\n<p>2-\u00a0<a href=\"https:\/\/catolicadeanapolis.edu.br\/biblioteca\/wp-content\/uploads\/2020\/03\/ALINE-R\u00daBIA-PEREIRA-DA-CUNHA-FERNANDA-GON\u00c7ALVES-RIBEIRO-E-INEIDE-APARECIDA-DA-SILVA.pdf\">CLIMA ORGANIZACIONAL NO SETOR P\u00daBLICO MUNICIPAL.<\/a> &#8211;\u00a0ALINE R\u00daBIA PEREIRA DA CUNHA, FERNANDA GON\u00c7ALVES RIBEIRO, INEIDE APARECIDA DA SILVA. &#8211;\u00a0ORIENTA\u00c7\u00c3O: PROF. ME. WILTON ALVES FERREIRA J\u00daNIOR.<\/p>\n<p>&nbsp;<\/p>\n","protected":false},"excerpt":{"rendered":"<p>1-\u00a0AVALIA\u00c7\u00c3O DO CLIMA ORGANIZACIONAL EM UMA EMPRESA DE RAMO ALIMENT\u00cdCIO.\u00a0&#8211;\u00a0RITIELE LANDIM DOS SANTOS, ROSANA ALVES DE ALMEIDA. &#8211; ORIENTA\u00c7\u00c3O: PROF. ME. WILTON ALVES FERREIRA J\u00daNIOR. 2-\u00a0CLIMA ORGANIZACIONAL NO SETOR P\u00daBLICO MUNICIPAL. &#8211;\u00a0ALINE R\u00daBIA PEREIRA DA CUNHA, FERNANDA GON\u00c7ALVES RIBEIRO, INEIDE APARECIDA DA SILVA. &#8211;\u00a0ORIENTA\u00c7\u00c3O: PROF. ME. WILTON ALVES FERREIRA J\u00daNIOR. &nbsp;<\/p>\n","protected":false},"author":4,"featured_media":0,"parent":62,"menu_order":8,"comment_status":"closed","ping_status":"closed","template":"","meta":[],"_links":{"self":[{"href":"https:\/\/catolicadeanapolis.edu.br\/biblioteca\/index.php?rest_route=\/wp\/v2\/pages\/2783"}],"collection":[{"href":"https:\/\/catolicadeanapolis.edu.br\/biblioteca\/index.php?rest_route=\/wp\/v2\/pages"}],"about":[{"href":"https:\/\/catolicadeanapolis.edu.br\/biblioteca\/index.php?rest_route=\/wp\/v2\/types\/page"}],"author":[{"embeddable":true,"href":"https:\/\/catolicadeanapolis.edu.br\/biblioteca\/index.php?rest_route=\/wp\/v2\/users\/4"}],"replies":[{"embeddable":true,"href":"https:\/\/catolicadeanapolis.edu.br\/biblioteca\/index.php?rest_route=%2Fwp%2Fv2%2Fcomments&post=2783"}],"version-history":[{"count":1,"href":"https:\/\/catolicadeanapolis.edu.br\/biblioteca\/index.php?rest_route=\/wp\/v2\/pages\/2783\/revisions"}],"predecessor-version":[{"id":2784,"href":"https:\/\/catolicadeanapolis.edu.br\/biblioteca\/index.php?rest_route=\/wp\/v2\/pages\/2783\/revisions\/2784"}],"up":[{"embeddable":true,"href":"https:\/\/catolicadeanapolis.edu.br\/biblioteca\/index.php?rest_route=\/wp\/v2\/pages\/62"}],"wp:attachment":[{"href":"https:\/\/catolicadeanapolis.edu.br\/biblioteca\/index.php?rest_route=%2Fwp%2Fv2%2Fmedia&parent=2783"}],"curies":[{"name":"wp","href":"https:\/\/api.w.org\/{rel}","templated":true}]}}