{"id":2808,"date":"2020-03-16T13:48:17","date_gmt":"2020-03-16T13:48:17","guid":{"rendered":"https:\/\/catolicadeanapolis.edu.br\/biblioteca\/?page_id=2808"},"modified":"2020-03-16T13:49:12","modified_gmt":"2020-03-16T13:49:12","slug":"gestao-publica-2010","status":"publish","type":"page","link":"https:\/\/catolicadeanapolis.edu.br\/biblioteca\/?page_id=2808","title":{"rendered":"GEST\u00c3O P\u00daBLICA 2010"},"content":{"rendered":"<p>1-\u00a0<a href=\"https:\/\/catolicadeanapolis.edu.br\/biblioteca\/wp-content\/uploads\/2020\/03\/Lamartine-Ribeiro-de-Jesus-Levi-Tom\u00e1z-Ramos-J\u00fanior-Maria-dos-Anjos-Batista-Coelho.pdf\">DESCENTRALIZA\u00c7\u00c3O DE PARTE DO TERMINAL URBANO DE AN\u00c1POLIS.<\/a> &#8211; LAMARTINE RIBEIRO DE JESUS, LEVI TOM\u00c1Z RAMOS J\u00daNIOR, MARIA DOS ANJOS BATISTA COELHO. &#8211; ORIENTA\u00c7\u00c3O: PROF\u00aa. ESP. ADRIANA VALLE.<\/p>\n<p>2-\u00a0<a href=\"https:\/\/catolicadeanapolis.edu.br\/biblioteca\/wp-content\/uploads\/2020\/03\/JORCENI-SILVA-DE-PAULA-TEREZINHA-TEIXEIRA-E-LYS-COSTA.pdf\">RESGATE DE AMOR UM RELAT\u00d3RIO DE ATEN\u00c7\u00c3O ESPECIAL \u00c0S CRIAN\u00c7AS E AOS ADOLESCENTES INFRATORES E USU\u00c1RIOS DE DROGAS.<\/a> &#8211; JORCENI SILVA DE PAULA, TEREZINHA TEIXEIRA, LYS COSTA. &#8211;\u00a0ORIENTA\u00c7\u00c3O: PROF\u00aa. ESP. ADRIANA VALLE.<\/p>\n<p>3-\u00a0<a href=\"https:\/\/catolicadeanapolis.edu.br\/biblioteca\/wp-content\/uploads\/2020\/03\/ADRIANA-MATIAS-DE-OLIVEIRA-BRANQUINHO-DORILENE-FRANCISCA-PEREIRA-COSTA-E-SANDRA-M\u00c1RCIA-FERREIRA.pdf\">COLETA SELETIVA DE LIXO: UM ESTUDO DO DESENVOLVIMENTO SOCIAL E SEUS RESULTADOS NO MUNIC\u00cdPIO DE AN\u00c1POLIS.<\/a> &#8211; ADRIANA MATIAS DE OLIVEIRA BRANQUINHO, DORILENE FRANCISCA PEREIRA COSTA, SANDRA M\u00c1RCIA FERREIRA. &#8211;\u00a0ORIENTA\u00c7\u00c3O: PROF\u00aa. ESP. ADRIANA VALLE.<\/p>\n<p>4-\u00a0<a href=\"https:\/\/catolicadeanapolis.edu.br\/biblioteca\/wp-content\/uploads\/2020\/03\/CAMILA-RORIZ-PEREIRA-HEROLD-E-LUCIA-CARVALHO-RORIZ-FRANCO.pdf\">RELAT\u00d3RIO DE REVITALIZA\u00c7\u00c3O DO PARQUE ANT\u00d4NIO MARMO CANEDO \u201cPARQUE DA MATINHA\u201d.<\/a> &#8211; CAMILA RORIZ PEREIRA HEROLD, LUCIA CARVALHO RORIZ FRANCO. &#8211;\u00a0ORIENTA\u00c7\u00c3O: PROF\u00aa. ESP. ADRIANA VALLE.<\/p>\n<p>5-\u00a0<a href=\"https:\/\/catolicadeanapolis.edu.br\/biblioteca\/wp-content\/uploads\/2020\/03\/AL\u00c9CIA-VIEIRA-CAIXETA-CARMEM-CRISTINA-BORGES-DA-SILVA-E-FLAVIANE-ROSA-NUNES-DE-OLIVEIRA.pdf\">CNH \u2013 CARTEIRA NACIONAL DE HABILITA\u00c7\u00c3O POPULAR.<\/a> &#8211; AL\u00c9CIA VIEIRA CAIXETA, CARMEM CRISTINA BORGES DA SILVA, FLAVIANE ROSA NUNES DE OLIVEIRA. &#8211;\u00a0ORIENTA\u00c7\u00c3O: PROF\u00aa. ESP. ADRIANA VALLE.<\/p>\n<p>&nbsp;<\/p>\n<p>&nbsp;<\/p>\n","protected":false},"excerpt":{"rendered":"<p>1-\u00a0DESCENTRALIZA\u00c7\u00c3O DE PARTE DO TERMINAL URBANO DE AN\u00c1POLIS. &#8211; LAMARTINE RIBEIRO DE JESUS, LEVI TOM\u00c1Z RAMOS J\u00daNIOR, MARIA DOS ANJOS BATISTA COELHO. &#8211; ORIENTA\u00c7\u00c3O: PROF\u00aa. ESP. ADRIANA VALLE. 2-\u00a0RESGATE DE AMOR UM RELAT\u00d3RIO DE ATEN\u00c7\u00c3O ESPECIAL \u00c0S CRIAN\u00c7AS E AOS ADOLESCENTES INFRATORES E USU\u00c1RIOS DE DROGAS. &#8211; JORCENI SILVA DE PAULA, TEREZINHA TEIXEIRA, LYS COSTA. [&hellip;]<\/p>\n","protected":false},"author":4,"featured_media":0,"parent":1410,"menu_order":0,"comment_status":"closed","ping_status":"closed","template":"","meta":[],"_links":{"self":[{"href":"https:\/\/catolicadeanapolis.edu.br\/biblioteca\/index.php?rest_route=\/wp\/v2\/pages\/2808"}],"collection":[{"href":"https:\/\/catolicadeanapolis.edu.br\/biblioteca\/index.php?rest_route=\/wp\/v2\/pages"}],"about":[{"href":"https:\/\/catolicadeanapolis.edu.br\/biblioteca\/index.php?rest_route=\/wp\/v2\/types\/page"}],"author":[{"embeddable":true,"href":"https:\/\/catolicadeanapolis.edu.br\/biblioteca\/index.php?rest_route=\/wp\/v2\/users\/4"}],"replies":[{"embeddable":true,"href":"https:\/\/catolicadeanapolis.edu.br\/biblioteca\/index.php?rest_route=%2Fwp%2Fv2%2Fcomments&post=2808"}],"version-history":[{"count":1,"href":"https:\/\/catolicadeanapolis.edu.br\/biblioteca\/index.php?rest_route=\/wp\/v2\/pages\/2808\/revisions"}],"predecessor-version":[{"id":2809,"href":"https:\/\/catolicadeanapolis.edu.br\/biblioteca\/index.php?rest_route=\/wp\/v2\/pages\/2808\/revisions\/2809"}],"up":[{"embeddable":true,"href":"https:\/\/catolicadeanapolis.edu.br\/biblioteca\/index.php?rest_route=\/wp\/v2\/pages\/1410"}],"wp:attachment":[{"href":"https:\/\/catolicadeanapolis.edu.br\/biblioteca\/index.php?rest_route=%2Fwp%2Fv2%2Fmedia&parent=2808"}],"curies":[{"name":"wp","href":"https:\/\/api.w.org\/{rel}","templated":true}]}}