{"id":281,"date":"2018-03-08T22:38:14","date_gmt":"2018-03-08T22:38:14","guid":{"rendered":"https:\/\/catolicadeanapolis.edu.br\/biblioteca\/?page_id=281"},"modified":"2021-06-29T19:10:39","modified_gmt":"2021-06-29T19:10:39","slug":"mba-em-gestao-ambiental-2017","status":"publish","type":"page","link":"https:\/\/catolicadeanapolis.edu.br\/biblioteca\/?page_id=281","title":{"rendered":"MBA- MEIO AMBIENTE 2009"},"content":{"rendered":"<p>1- <a href=\"https:\/\/catolicadeanapolis.edu.br\/biblioteca\/wp-content\/uploads\/2018\/03\/IMPACTOS-AMBIENTAIS-CAUSADOS-PELA-HIDREL\u00c9TRICA-CORUMB\u00c1-IV.pdf\">IMPACTOS AMBIENTAIS CAUSADOS PE<\/a><a style=\"font-size: 1rem;\" href=\"https:\/\/catolicadeanapolis.edu.br\/biblioteca\/wp-content\/uploads\/2018\/03\/IMPACTOS-AMBIENTAIS-CAUSADOS-PELA-HIDREL\u00c9TRICA-CORUMB\u00c1-IV.pdf\">LA HIDREL\u00c9TRICA CORUMB\u00c1 IV.<\/a>\u00a0&#8211; IVAILDA SALVIANO DA SILVA, SILBENE FERREIRA CARDOSO DE OLIVEIRA. &#8211; ORIENTA\u00c7\u00c3O: PROF\u00aa. ME. ELAINE BARBOSA DA SILVA.<\/p>\n<p>2-\u00a0<a href=\"https:\/\/catolicadeanapolis.edu.br\/biblioteca\/wp-content\/uploads\/2020\/03\/Jacqueline-Gomes-dos-Santos.pdf\">GERENCIAMENTO DE RES\u00cdDUOS DE SERVI\u00c7OS DE SA\u00daDE: O CASO DO CONS\u00d3RCIO GC AMBIENTAL E DO HOSPITAL ONCOHEMATOL\u00d3GICO DE AN\u00c1POLIS-GO.<\/a> &#8211;\u00a0JACQUELINE GOMES DOS SANTOS. &#8211; ORIENTA\u00c7\u00c3O: PROF. ME. SC. ANTONIO FERNANDES DOS ANJOS.<\/p>\n<p>3-\u00a0<a href=\"https:\/\/catolicadeanapolis.edu.br\/biblioteca\/wp-content\/uploads\/2020\/03\/Gabriel-Augusto-de-oliveira.pdf\">A EDUCA\u00c7\u00c3O AMBIENTAL E O DESAFIO GLOBAL DO CONSUMO CONSCIENTE.<\/a> &#8211;\u00a0GABRIEL AUGUSTO DE OLIVEIRA. &#8211; ORIENTA\u00c7\u00c3O:\u00a0PROF\u00aa. ME. ELAINE BARBOSA DA SILVA.<\/p>\n<p>4-\u00a0<a href=\"https:\/\/catolicadeanapolis.edu.br\/biblioteca\/wp-content\/uploads\/2020\/03\/Lydiane-Gl\u00e9ria.pdf\">A PERCEP\u00c7\u00c3O DOS ALUNOS DO COL\u00c9GIO ESTADUAL POLIVALENTE GABRIEL ISSA EM RELA\u00c7\u00c3O AO LIXO ESCOLAR.<\/a> &#8211;\u00a0LYDIANE GL\u00c9RIA. &#8211;\u00a0ORIENTA\u00c7\u00c3O:\u00a0PROF\u00aa. ME. ELAINE BARBOSA DA SILVA.<\/p>\n<p>5- <a href=\"https:\/\/catolicadeanapolis.edu.br\/biblioteca\/wp-content\/uploads\/2020\/03\/Arlam-Cl\u00e1udio-Pereira.pdf\">USO DE FOSSAS NEGRAS NO BAIRRO LOS PAMPAS, NO MUNIC\u00cdPIO DE AN\u00c1POLIS- GO.<\/a> &#8211; ARLAM CL\u00c1UDIO PEREIRA. &#8211;\u00a0ORIENTA\u00c7\u00c3O: PROF. ME. SC. ANTONIO FERNANDES DOS ANJOS.<\/p>\n<p>6- <a href=\"https:\/\/catolicadeanapolis.edu.br\/biblioteca\/wp-content\/uploads\/2020\/03\/RACHEL-APARECIDA-DE-OLIVEIRA.pdf\">GERENCIAMENTO DOS RES\u00cdDUOS DE SERVI\u00c7O DE SA\u00daDE: EXEMPLOS DE IND\u00daSTRIAS FARMAC\u00caUTICAS E FARM\u00c1CIAS DE MANIPULA\u00c7\u00c3O DE AN\u00c1POLIS.<\/a> &#8211; RACHEL APARECIDA DE OLIVEIRA. &#8211;\u00a0ORIENTA\u00c7\u00c3O: PROF. ME. SC. ANTONIO FERNANDES DOS ANJOS.<\/p>\n<p>7-\u00a0<a href=\"https:\/\/catolicadeanapolis.edu.br\/biblioteca\/wp-content\/uploads\/2020\/03\/Nislaine-Caetano-Silva.pdf\">AN\u00c1LISE DA ARBORIZA\u00c7\u00c3O DE PRA\u00c7AS DO MUNIC\u00cdPIO DE AN\u00c1POLIS, GOI\u00c1S.<\/a> &#8211;\u00a0NISLAINE CAETANO SILVA. &#8211;\u00a0ORIENTA\u00c7\u00c3O:\u00a0PROF\u00aa. ME. ELAINE BARBOSA DA SILVA.<\/p>\n<p>8-\u00a0<a href=\"https:\/\/catolicadeanapolis.edu.br\/biblioteca\/wp-content\/uploads\/2020\/03\/Maria-de-oliveira.pdf\">APROVEITAMENTO DE RES\u00cdDUOS S\u00d3LIDOS NA ESCOLA (COL\u00c9GIO ESTADUAL COMENDADOR CHRIST\u00d3VAM DE OLIVEIRA).<\/a> &#8211; MARIA DE F\u00c1TIMA OLIVEIRA SOUSA PIRES. &#8211;\u00a0ORIENTA\u00c7\u00c3O:\u00a0PROF\u00aa. ME. ELAINE BARBOSA DA SILVA.<\/p>\n<p>9-<a href=\"https:\/\/catolicadeanapolis.edu.br\/biblioteca\/wp-content\/uploads\/2020\/03\/ANA-PAULA-CELESTINO-ROSA-MARTINS.pdf\"> IMPLANTA\u00c7\u00c3O DE COLETA SELETIVA: O CASO DA COOPERATIVA DA UNI\u00c3O DOS CATADORES DE AN\u00c1POLIS (COOPERS\u00d3LIDOS).<\/a> &#8211; ANA PAULA CELESTINO ROSA MARTINS. &#8211;\u00a0ORIENTA\u00c7\u00c3O: PROF. ME. SC. ANTONIO FERNANDES DOS ANJOS.<\/p>\n<p>10-<a href=\"https:\/\/catolicadeanapolis.edu.br\/biblioteca\/wp-content\/uploads\/2021\/06\/IVAILDA-SALVIANO-DA-SILVA-SILBENE-FERREIRA-CARDOSO-DE-OLIVEIRA.pdf\">\u00a0IMPACTOS AMBIENTAIS CAUSADOS PELA HIDREL\u00c9TRICA CORUMB\u00c1 IV.<\/a> &#8211;\u00a0IVAILDA SALVIANO DA SILVA, SILBENE FERREIRA CARDOSO DE OLIVEIRA. &#8211; ORIENTA\u00c7\u00c3O: PROF\u00aa ELAINE BARBOSA DA SILVA.<\/p>\n<p>&nbsp;<\/p>\n<p>&nbsp;<\/p>\n<p>&nbsp;<\/p>\n<p>&nbsp;<\/p>\n","protected":false},"excerpt":{"rendered":"<p>1- IMPACTOS AMBIENTAIS CAUSADOS PELA HIDREL\u00c9TRICA CORUMB\u00c1 IV.\u00a0&#8211; IVAILDA SALVIANO DA SILVA, SILBENE FERREIRA CARDOSO DE OLIVEIRA. &#8211; ORIENTA\u00c7\u00c3O: PROF\u00aa. ME. ELAINE BARBOSA DA SILVA. 2-\u00a0GERENCIAMENTO DE RES\u00cdDUOS DE SERVI\u00c7OS DE SA\u00daDE: O CASO DO CONS\u00d3RCIO GC AMBIENTAL E DO HOSPITAL ONCOHEMATOL\u00d3GICO DE AN\u00c1POLIS-GO. &#8211;\u00a0JACQUELINE GOMES DOS SANTOS. &#8211; ORIENTA\u00c7\u00c3O: PROF. ME. SC. ANTONIO FERNANDES [&hellip;]<\/p>\n","protected":false},"author":2,"featured_media":0,"parent":411,"menu_order":0,"comment_status":"open","ping_status":"open","template":"","meta":[],"_links":{"self":[{"href":"https:\/\/catolicadeanapolis.edu.br\/biblioteca\/index.php?rest_route=\/wp\/v2\/pages\/281"}],"collection":[{"href":"https:\/\/catolicadeanapolis.edu.br\/biblioteca\/index.php?rest_route=\/wp\/v2\/pages"}],"about":[{"href":"https:\/\/catolicadeanapolis.edu.br\/biblioteca\/index.php?rest_route=\/wp\/v2\/types\/page"}],"author":[{"embeddable":true,"href":"https:\/\/catolicadeanapolis.edu.br\/biblioteca\/index.php?rest_route=\/wp\/v2\/users\/2"}],"replies":[{"embeddable":true,"href":"https:\/\/catolicadeanapolis.edu.br\/biblioteca\/index.php?rest_route=%2Fwp%2Fv2%2Fcomments&post=281"}],"version-history":[{"count":10,"href":"https:\/\/catolicadeanapolis.edu.br\/biblioteca\/index.php?rest_route=\/wp\/v2\/pages\/281\/revisions"}],"predecessor-version":[{"id":3221,"href":"https:\/\/catolicadeanapolis.edu.br\/biblioteca\/index.php?rest_route=\/wp\/v2\/pages\/281\/revisions\/3221"}],"up":[{"embeddable":true,"href":"https:\/\/catolicadeanapolis.edu.br\/biblioteca\/index.php?rest_route=\/wp\/v2\/pages\/411"}],"wp:attachment":[{"href":"https:\/\/catolicadeanapolis.edu.br\/biblioteca\/index.php?rest_route=%2Fwp%2Fv2%2Fmedia&parent=281"}],"curies":[{"name":"wp","href":"https:\/\/api.w.org\/{rel}","templated":true}]}}