{"id":2893,"date":"2021-06-23T18:43:19","date_gmt":"2021-06-23T18:43:19","guid":{"rendered":"https:\/\/catolicadeanapolis.edu.br\/biblioteca\/?page_id=2893"},"modified":"2021-06-23T18:43:19","modified_gmt":"2021-06-23T18:43:19","slug":"gestao-de-pequenas-e-medias-empresas-2012","status":"publish","type":"page","link":"https:\/\/catolicadeanapolis.edu.br\/biblioteca\/?page_id=2893","title":{"rendered":"GEST\u00c3O DE PEQUENAS E M\u00c9DIAS EMPRESAS 2012"},"content":{"rendered":"<p>1-\u00a0<a href=\"https:\/\/catolicadeanapolis.edu.br\/biblioteca\/wp-content\/uploads\/2020\/03\/MARIA-JOS\u00c9-DE-SIQUEIRA-ABREU-M\u00c1RCIA-MORGANA-BRASIL-FURTADO-E-R\u00cdVILLA-J\u00c9SSICA-RODRIGUES.pdf\">AN\u00c1LISE COMPARATIVA DOS FATORES DE SUCESSO NA VIS\u00c3O DE DOIS EMPREENDEDORES.<\/a> &#8211;\u00a0MARIA JOS\u00c9 DE SIQUEIRA ABREU, M\u00c1RCIA MORGANA BRASIL FURTADO, R\u00cdVILLA J\u00c9SSICA RODRIGUES. &#8211; ORIENTA\u00c7\u00c3O: ESP. FRANCISCO JACOB DE OLIVEIRA FILHO.<\/p>\n<p>2-\u00a0<a href=\"https:\/\/catolicadeanapolis.edu.br\/biblioteca\/wp-content\/uploads\/2020\/03\/AMAURI-RODRIGUES-PINTO-E-DIONISIO-EVANGELISTA-DE-CASTRO.pdf\">AVALIA\u00c7\u00c3O DA GEST\u00c3O DO ESTOQUE EM UMA EMPRESA DO DISTRITO AGRO-IND\u00daSTRIAL DE AN\u00c1POLIS &#8211; DAIA.<\/a> &#8211;\u00a0AMAURI RODRIGUES PINTO, DIONISIO EVANGELISTA DE CASTRO. &#8211;\u00a0ORIENTA\u00c7\u00c3O: ESP. FRANCISCO JACOB DE OLIVEIRA FILHO.<\/p>\n<p>3-\u00a0<a href=\"https:\/\/catolicadeanapolis.edu.br\/biblioteca\/wp-content\/uploads\/2020\/03\/Marcelo-Jos\u00e9-Ribeiro-Raniere-Luiz-Torres-de-Lima-Tarc\u00edsio-Dias-Lima.pdf\">DIFICULDADES DE ACESSO \u00c0S LINHAS DE CR\u00c9DITO ENFRENTADAS PELAS MPE EM AN\u00c1POLIS.<\/a> &#8211;\u00a0MARCELO JOS\u00c9 RIBEIRO, RANIERE LUIZ TORRES DE LIMA, TARC\u00cdSIO DIAS LIMA. &#8211; ORIENTA\u00c7\u00c3O: ESP. FRANCISCO JACOB DE OLIVEIRA FILHO.<\/p>\n<p>4-\u00a0<a href=\"https:\/\/catolicadeanapolis.edu.br\/biblioteca\/wp-content\/uploads\/2020\/03\/KILCIANNE-NEVES-DE-MORAES-E-MARIANA-AVELINA-GOMES.pdf\">A INFLU\u00caNCIA DA REMUNERA\u00c7\u00c3O NO N\u00cdVEL DE SATISFA\u00c7\u00c3O \/ MOTIVA\u00c7\u00c3O DOS COLABORADORES DA PHARMUS \u2013 FARM\u00c1CIA DE MANIPULA\u00c7\u00c3O.<\/a> &#8211;\u00a0KILCIANNE NEVES DE MORAES, MARIANA AVELINA GOMES. &#8211;\u00a0ORIENTA\u00c7\u00c3O: ESP. FRANCISCO JACOB DE OLIVEIRA FILHO.<\/p>\n<p>5-\u00a0<a href=\"https:\/\/catolicadeanapolis.edu.br\/biblioteca\/wp-content\/uploads\/2020\/03\/KEYSI-RIBEIRO-DA-CUNHA.pdf\">AN\u00c1LISE DO PERFIL DO CLIENTE DE UMA MICROEMPRESA HOTELEIRA DA CIDADE DE AN\u00c1POLIS &#8211; GO.<\/a> &#8211;\u00a0KEYSI RIBEIRO DA CUNHA. &#8211;\u00a0ORIENTA\u00c7\u00c3O: ESP. FRANCISCO JACOB DE OLIVEIRA FILHO.<\/p>\n<p>6-\u00a0<a href=\"https:\/\/catolicadeanapolis.edu.br\/biblioteca\/wp-content\/uploads\/2020\/03\/ALESSANDRA-COSTA-DE-MORAIS-ELIZANE-APARECIDA-DIAS-E-MILTON-LISBOA-NEVES.pdf\">AVALIA\u00c7\u00c3O DAS ESTRAT\u00c9GIAS DAS PREFEITURAS PARA ATRAIR MICRO E PEQUENAS EMPRESAS.<\/a> &#8211;\u00a0ALESSANDRA COSTA DE MORAIS, ELIZANE APARECIDA DIAS, MILTON LISBOA NEVES. &#8211;\u00a0ORIENTA\u00c7\u00c3O: ESP. FRANCISCO JACOB DE OLIVEIRA FILHO.<\/p>\n","protected":false},"excerpt":{"rendered":"<p>1-\u00a0AN\u00c1LISE COMPARATIVA DOS FATORES DE SUCESSO NA VIS\u00c3O DE DOIS EMPREENDEDORES. &#8211;\u00a0MARIA JOS\u00c9 DE SIQUEIRA ABREU, M\u00c1RCIA MORGANA BRASIL FURTADO, R\u00cdVILLA J\u00c9SSICA RODRIGUES. &#8211; ORIENTA\u00c7\u00c3O: ESP. FRANCISCO JACOB DE OLIVEIRA FILHO. 2-\u00a0AVALIA\u00c7\u00c3O DA GEST\u00c3O DO ESTOQUE EM UMA EMPRESA DO DISTRITO AGRO-IND\u00daSTRIAL DE AN\u00c1POLIS &#8211; DAIA. &#8211;\u00a0AMAURI RODRIGUES PINTO, DIONISIO EVANGELISTA DE CASTRO. &#8211;\u00a0ORIENTA\u00c7\u00c3O: ESP. [&hellip;]<\/p>\n","protected":false},"author":4,"featured_media":0,"parent":2890,"menu_order":0,"comment_status":"closed","ping_status":"closed","template":"","meta":[],"_links":{"self":[{"href":"https:\/\/catolicadeanapolis.edu.br\/biblioteca\/index.php?rest_route=\/wp\/v2\/pages\/2893"}],"collection":[{"href":"https:\/\/catolicadeanapolis.edu.br\/biblioteca\/index.php?rest_route=\/wp\/v2\/pages"}],"about":[{"href":"https:\/\/catolicadeanapolis.edu.br\/biblioteca\/index.php?rest_route=\/wp\/v2\/types\/page"}],"author":[{"embeddable":true,"href":"https:\/\/catolicadeanapolis.edu.br\/biblioteca\/index.php?rest_route=\/wp\/v2\/users\/4"}],"replies":[{"embeddable":true,"href":"https:\/\/catolicadeanapolis.edu.br\/biblioteca\/index.php?rest_route=%2Fwp%2Fv2%2Fcomments&post=2893"}],"version-history":[{"count":1,"href":"https:\/\/catolicadeanapolis.edu.br\/biblioteca\/index.php?rest_route=\/wp\/v2\/pages\/2893\/revisions"}],"predecessor-version":[{"id":2894,"href":"https:\/\/catolicadeanapolis.edu.br\/biblioteca\/index.php?rest_route=\/wp\/v2\/pages\/2893\/revisions\/2894"}],"up":[{"embeddable":true,"href":"https:\/\/catolicadeanapolis.edu.br\/biblioteca\/index.php?rest_route=\/wp\/v2\/pages\/2890"}],"wp:attachment":[{"href":"https:\/\/catolicadeanapolis.edu.br\/biblioteca\/index.php?rest_route=%2Fwp%2Fv2%2Fmedia&parent=2893"}],"curies":[{"name":"wp","href":"https:\/\/api.w.org\/{rel}","templated":true}]}}