{"id":2908,"date":"2021-06-23T19:06:05","date_gmt":"2021-06-23T19:06:05","guid":{"rendered":"https:\/\/catolicadeanapolis.edu.br\/biblioteca\/?page_id=2908"},"modified":"2021-06-23T19:06:05","modified_gmt":"2021-06-23T19:06:05","slug":"mba-meio-ambiente-2011","status":"publish","type":"page","link":"https:\/\/catolicadeanapolis.edu.br\/biblioteca\/?page_id=2908","title":{"rendered":"MBA- MEIO AMBIENTE 2011"},"content":{"rendered":"<p>1-\u00a0<a href=\"https:\/\/catolicadeanapolis.edu.br\/biblioteca\/wp-content\/uploads\/2020\/03\/PAULO-HENRIQUE-CARVALHO-RODRIGUES.pdf\">PROTOCOLOS SUGERIDOS PARA CRIA\u00c7\u00c3O DE UMA TRILHA INTERPRETATIVA ADAPTADA AOS PORTADORES DE NECESSIDADES ESPECIAIS.<\/a> &#8211;\u00a0PAULO HENRIQUE CARVALHO RODRIGUES.- ORIENTA\u00c7\u00c3O: PROF\u00ba LUCIV\u00c2NIO OLIVEIRA SILVA.<\/p>\n<p>2-\u00a0<a href=\"https:\/\/catolicadeanapolis.edu.br\/biblioteca\/wp-content\/uploads\/2020\/03\/WILLIAM-DE-PAULA-E-SILVA.pdf\">MEIO AMBIENTE E TR\u00c2NSITO.<\/a> &#8211;\u00a0WILLIAM DE PAULA E SILVA. &#8211;\u00a0ORIENTA\u00c7\u00c3O: PROF\u00ba LUCIV\u00c2NIO OLIVEIRA SILVA.<\/p>\n<p>3-\u00a0<a href=\"https:\/\/catolicadeanapolis.edu.br\/biblioteca\/wp-content\/uploads\/2020\/03\/MARIA-HELENA-FERREIRA-ARTIGO-MHcorrigido.pdf\">SITUA\u00c7\u00c3O ATUAL DO MANEJO DOS RES\u00cdDUOS GERADOS PELAS FUNER\u00c1RIAS DE PADRE BERNARDO.<\/a> &#8211;\u00a0MARIA HELENA FERREIRA. &#8211; ORIENTA\u00c7\u00c3O: PROF\u00aa ADRIANA SOUSA DO NASCIMENTO.<\/p>\n<p>4-\u00a0<a href=\"https:\/\/catolicadeanapolis.edu.br\/biblioteca\/wp-content\/uploads\/2020\/03\/JOS\u00c9-GUILHERME-RODRIGUES-DE-FARIAS-M\u00c1RCIO-REGINALDO-PIRES-MACIEL-E-GET\u00daLIO-NASCIMENTO-ARTIGO-FINAL-CORRIGIDO-_2_.pdf\">USO DO PLANTIO DIRETO NA AGRICULTURA E PRESERVA\u00c7\u00c3O DO SOLO.<\/a> &#8211;\u00a0JOS\u00c9 GUILHERME RODRIGUES DE FARIAS, M\u00c1RCIO REGINALDO PIRES MACIEL, GET\u00daLIO NASCIMENTO. &#8211;\u00a0ORIENTA\u00c7\u00c3O: PROF\u00ba LUCIV\u00c2NIO OLIVEIRA SILVA.<\/p>\n<p>5-\u00a0<a href=\"https:\/\/catolicadeanapolis.edu.br\/biblioteca\/wp-content\/uploads\/2020\/03\/EDNA-REGINA-BATISTA-AIRES.pdf\">ASPECTOS DOS RES\u00cdDUOS S\u00d3LIDOS NA CIDADE DE PIREN\u00d3POLIS-GO. UMA PROPOSTA ECOL\u00d3GICA PARA CIDADES TUR\u00cdSTICAS.<\/a> &#8211;\u00a0EDNA REGINA BATISTA AIRES. &#8211;\u00a0ORIENTA\u00c7\u00c3O: PROF\u00ba LUCIV\u00c2NIO OLIVEIRA SILVA.<\/p>\n<p>6-\u00a0<a href=\"https:\/\/catolicadeanapolis.edu.br\/biblioteca\/wp-content\/uploads\/2020\/03\/Camilla-L.-Vieira.pdf\">RESIDUOS S\u00d3LIDOS NO AMBIENTE ESCOLAR: SENSIBILIZA\u00c7\u00c0O E RESPONSABILIDADE SOCIAL.<\/a> &#8211;\u00a0CAMILLA LOUREN\u00c7O VIEIRA. &#8211;\u00a0ORIENTA\u00c7\u00c3O: PROF\u00ba LUCIV\u00c2NIO OLIVEIRA SILVA.<\/p>\n<p>7-\u00a0<a href=\"https:\/\/catolicadeanapolis.edu.br\/biblioteca\/wp-content\/uploads\/2020\/03\/Ana-L\u00facia-dos-Santos-Barbosa.pdf\">SISTEMA DE GEST\u00c3O AMBIENTAL NO ESPA\u00c7O INDUSTRIAL DE GOI\u00c1S.<\/a> &#8211;\u00a0ANA LUCIA DOS SANTOS BARBOSA. &#8211;\u00a0ORIENTA\u00c7\u00c3O: PROF\u00ba LUCIV\u00c2NIO OLIVEIRA SILVA.<\/p>\n<p>&nbsp;<\/p>\n","protected":false},"excerpt":{"rendered":"<p>1-\u00a0PROTOCOLOS SUGERIDOS PARA CRIA\u00c7\u00c3O DE UMA TRILHA INTERPRETATIVA ADAPTADA AOS PORTADORES DE NECESSIDADES ESPECIAIS. &#8211;\u00a0PAULO HENRIQUE CARVALHO RODRIGUES.- ORIENTA\u00c7\u00c3O: PROF\u00ba LUCIV\u00c2NIO OLIVEIRA SILVA. 2-\u00a0MEIO AMBIENTE E TR\u00c2NSITO. &#8211;\u00a0WILLIAM DE PAULA E SILVA. &#8211;\u00a0ORIENTA\u00c7\u00c3O: PROF\u00ba LUCIV\u00c2NIO OLIVEIRA SILVA. 3-\u00a0SITUA\u00c7\u00c3O ATUAL DO MANEJO DOS RES\u00cdDUOS GERADOS PELAS FUNER\u00c1RIAS DE PADRE BERNARDO. &#8211;\u00a0MARIA HELENA FERREIRA. &#8211; ORIENTA\u00c7\u00c3O: PROF\u00aa [&hellip;]<\/p>\n","protected":false},"author":4,"featured_media":0,"parent":411,"menu_order":2,"comment_status":"closed","ping_status":"closed","template":"","meta":[],"_links":{"self":[{"href":"https:\/\/catolicadeanapolis.edu.br\/biblioteca\/index.php?rest_route=\/wp\/v2\/pages\/2908"}],"collection":[{"href":"https:\/\/catolicadeanapolis.edu.br\/biblioteca\/index.php?rest_route=\/wp\/v2\/pages"}],"about":[{"href":"https:\/\/catolicadeanapolis.edu.br\/biblioteca\/index.php?rest_route=\/wp\/v2\/types\/page"}],"author":[{"embeddable":true,"href":"https:\/\/catolicadeanapolis.edu.br\/biblioteca\/index.php?rest_route=\/wp\/v2\/users\/4"}],"replies":[{"embeddable":true,"href":"https:\/\/catolicadeanapolis.edu.br\/biblioteca\/index.php?rest_route=%2Fwp%2Fv2%2Fcomments&post=2908"}],"version-history":[{"count":1,"href":"https:\/\/catolicadeanapolis.edu.br\/biblioteca\/index.php?rest_route=\/wp\/v2\/pages\/2908\/revisions"}],"predecessor-version":[{"id":2909,"href":"https:\/\/catolicadeanapolis.edu.br\/biblioteca\/index.php?rest_route=\/wp\/v2\/pages\/2908\/revisions\/2909"}],"up":[{"embeddable":true,"href":"https:\/\/catolicadeanapolis.edu.br\/biblioteca\/index.php?rest_route=\/wp\/v2\/pages\/411"}],"wp:attachment":[{"href":"https:\/\/catolicadeanapolis.edu.br\/biblioteca\/index.php?rest_route=%2Fwp%2Fv2%2Fmedia&parent=2908"}],"curies":[{"name":"wp","href":"https:\/\/api.w.org\/{rel}","templated":true}]}}