{"id":2911,"date":"2021-06-23T19:10:31","date_gmt":"2021-06-23T19:10:31","guid":{"rendered":"https:\/\/catolicadeanapolis.edu.br\/biblioteca\/?page_id=2911"},"modified":"2021-06-23T19:10:31","modified_gmt":"2021-06-23T19:10:31","slug":"mba-meio-ambiente-2013","status":"publish","type":"page","link":"https:\/\/catolicadeanapolis.edu.br\/biblioteca\/?page_id=2911","title":{"rendered":"MBA- MEIO AMBIENTE 2013"},"content":{"rendered":"<p>1-\u00a0<a href=\"https:\/\/catolicadeanapolis.edu.br\/biblioteca\/wp-content\/uploads\/2020\/03\/DELDICA-MOREIRA-DA-SILVA.pdf\">OS RES\u00cdDUOS S\u00d3LIDOS E A SUA DESTINA\u00c7\u00c3O FINAL NO MUNIC\u00cdPIO DE URUA\u00c7U \u2013 GOI\u00c1S.<\/a> &#8211;\u00a0DELDICA MOREIRA DA SILVA. &#8211; ORIENTA\u00c7\u00c3O: PROF\u00aa ADRIANA SOUSA DO NASCIMENTO.<\/p>\n","protected":false},"excerpt":{"rendered":"<p>1-\u00a0OS RES\u00cdDUOS S\u00d3LIDOS E A SUA DESTINA\u00c7\u00c3O FINAL NO MUNIC\u00cdPIO DE URUA\u00c7U \u2013 GOI\u00c1S. &#8211;\u00a0DELDICA MOREIRA DA SILVA. &#8211; ORIENTA\u00c7\u00c3O: PROF\u00aa ADRIANA SOUSA DO NASCIMENTO.<\/p>\n","protected":false},"author":4,"featured_media":0,"parent":411,"menu_order":4,"comment_status":"closed","ping_status":"closed","template":"","meta":[],"_links":{"self":[{"href":"https:\/\/catolicadeanapolis.edu.br\/biblioteca\/index.php?rest_route=\/wp\/v2\/pages\/2911"}],"collection":[{"href":"https:\/\/catolicadeanapolis.edu.br\/biblioteca\/index.php?rest_route=\/wp\/v2\/pages"}],"about":[{"href":"https:\/\/catolicadeanapolis.edu.br\/biblioteca\/index.php?rest_route=\/wp\/v2\/types\/page"}],"author":[{"embeddable":true,"href":"https:\/\/catolicadeanapolis.edu.br\/biblioteca\/index.php?rest_route=\/wp\/v2\/users\/4"}],"replies":[{"embeddable":true,"href":"https:\/\/catolicadeanapolis.edu.br\/biblioteca\/index.php?rest_route=%2Fwp%2Fv2%2Fcomments&post=2911"}],"version-history":[{"count":1,"href":"https:\/\/catolicadeanapolis.edu.br\/biblioteca\/index.php?rest_route=\/wp\/v2\/pages\/2911\/revisions"}],"predecessor-version":[{"id":2912,"href":"https:\/\/catolicadeanapolis.edu.br\/biblioteca\/index.php?rest_route=\/wp\/v2\/pages\/2911\/revisions\/2912"}],"up":[{"embeddable":true,"href":"https:\/\/catolicadeanapolis.edu.br\/biblioteca\/index.php?rest_route=\/wp\/v2\/pages\/411"}],"wp:attachment":[{"href":"https:\/\/catolicadeanapolis.edu.br\/biblioteca\/index.php?rest_route=%2Fwp%2Fv2%2Fmedia&parent=2911"}],"curies":[{"name":"wp","href":"https:\/\/api.w.org\/{rel}","templated":true}]}}