{"id":2917,"date":"2021-06-23T19:24:34","date_gmt":"2021-06-23T19:24:34","guid":{"rendered":"https:\/\/catolicadeanapolis.edu.br\/biblioteca\/?page_id=2917"},"modified":"2021-06-23T19:24:34","modified_gmt":"2021-06-23T19:24:34","slug":"gestao-auditoria-e-pericia-ambiental-2013","status":"publish","type":"page","link":"https:\/\/catolicadeanapolis.edu.br\/biblioteca\/?page_id=2917","title":{"rendered":"GEST\u00c3O AUDITORIA E PER\u00cdCIA AMBIENTAL 2013"},"content":{"rendered":"<p>1-\u00a0<a href=\"https:\/\/catolicadeanapolis.edu.br\/biblioteca\/wp-content\/uploads\/2020\/03\/T\u00e2nia-Regina-A.C.Godoy-E-Vanda-C\u00e2ndida-Mariano.pdf\">SENSIBILIZA\u00c7\u00c3O AMBIENTAL: UTILIZA\u00c7\u00c3O E REAPROVEITAMENTO DE MATERIAIS RECICL\u00c1VEIS GARRAFA PET.<\/a> &#8211; T\u00c2NIA REGINA A. C. GODOY, VANDA C\u00c2NDIDA MARIANO. &#8211; ORIENTA\u00c7\u00c3O: MS. JULIANA RODRIGUES.<\/p>\n<p>2-<a href=\"https:\/\/catolicadeanapolis.edu.br\/biblioteca\/wp-content\/uploads\/2020\/03\/Michelle-Pereira-dos-Santos-Renata-Assun\u00e7\u00e3o-Rocha-Santos.pdf\">\u00a0IDENTIFICA\u00c7\u00c3O E AVALIA\u00c7\u00c3O DOS IMPACTOS AMBIENTAIS EM UM FRAGMENTO DO C\u00d3RREGO \u00c1GUA FRIA EM AN\u00c1POLIS-GO.<\/a> &#8211;\u00a0MICHELLE PEREIRA DOS SANTOS, RENATA ASSUN\u00c7\u00c3O ROCHA SANTOS. &#8211;\u00a0ORIENTA\u00c7\u00c3O: MS. JULIANA RODRIGUES.<\/p>\n<p>3-\u00a0<a href=\"https:\/\/catolicadeanapolis.edu.br\/biblioteca\/wp-content\/uploads\/2020\/03\/J\u00daLIO-C\u00c9SAR-DUTRA-DE-OLIVEIRA-E-LUCIMAR-MARTINS-DA-SILVA.pdf\">LEVANTAMENTO DOS IMPACTOS AMBIENTAIS GERADOS PELO LIX\u00c3O DO MUNIC\u00cdPIO DE CAMPO LIMPO \u2013 GO<\/a>. &#8211;\u00a0J\u00daLIO C\u00c9SAR DUTRA DE OLIVEIRA, LUCIMAR MARTINS DA SILVA. &#8211;\u00a0ORIENTA\u00c7\u00c3O: MS. JULIANA RODRIGUES.<\/p>\n<p>4-<a href=\"https:\/\/catolicadeanapolis.edu.br\/biblioteca\/wp-content\/uploads\/2020\/03\/JULIANA-SARA-FERREIRA-DE-MORAES-E-KELLY-CHRISTINNE-FELIPE-Preserva\u00e7\u00e3o-das-Nascentes-do-Clube-Recreativo-Ipiranga-na-Cidade-de-An\u00e1polis-GO-1.pdf\">\u00a0PRESERVA\u00c7\u00c3O DAS NASCENTES DO CLUBE RECREATIVO IPIRANGA NA CIDADE DE AN\u00c1POLIS &#8211; GO.<\/a> &#8211;\u00a0JULIANA SARA FERREIRA DE MORAES, KELLY CHRISTINNE FELIPE. &#8211;\u00a0ORIENTA\u00c7\u00c3O: MS. JULIANA RODRIGUES.<\/p>\n<p>5-\u00a0<a href=\"https:\/\/catolicadeanapolis.edu.br\/biblioteca\/wp-content\/uploads\/2020\/03\/ADAIR-SOARES-FERREIRA.pdf\">O USO DE PNEUS DE FORMA SUSTENT\u00c1VEL.<\/a> &#8211;\u00a0ADAIR SOARES FERREIRA. &#8211; ORIENTA\u00c7\u00c3O: MS. DIEGO TARLEY FERREIRA.<\/p>\n<p>6-\u00a0<a href=\"https:\/\/catolicadeanapolis.edu.br\/biblioteca\/wp-content\/uploads\/2020\/03\/ANTONIO-AUGUSTO-M\u00dcLLER-DE-OLIVEIRA.pdf\">EXTRATIVISMO E ACEITA\u00c7\u00c2O DO BARU EM PIREN\u00d3POLIS &#8211; GOI\u00c1S.<\/a> &#8211;\u00a0ANTONIO AUGUSTO M\u00dcLLER DE OLIVEIRA.-\u00a0ORIENTA\u00c7\u00c3O: MS. JULIANA RODRIGUES.<\/p>\n<p>7-\u00a0<a href=\"https:\/\/catolicadeanapolis.edu.br\/biblioteca\/wp-content\/uploads\/2020\/03\/ANNA-CATHARINA-DO-CARMO-BRAND\u00c3O.pdf\">CERTIFICA\u00c7\u00c3O AMBIENTAL EM EMPREENDIMENTOS TUR\u00cdSTICOS.<\/a> &#8211;\u00a0ANNA CATHARINA DO CARMO BRAND\u00c3O.-\u00a0ORIENTA\u00c7\u00c3O: MS. JULIANA RODRIGUES.<\/p>\n<p>8-\u00a0<a href=\"https:\/\/catolicadeanapolis.edu.br\/biblioteca\/wp-content\/uploads\/2020\/03\/AMANDA-ZAPACOSTA-MAZALI-ANNE-RUTH-NINCE-RAMOS-MACHADO-E-POLLYANNA-APARECIDA-DE-SOUZA.pdf\">POTENCIAL POLUIDOR DAS IND\u00daSTRIAS INSTALADAS NO DISTRITO AGROINDUSTRIAL DE AN\u00c1POLIS (DAIA).<\/a> &#8211;\u00a0AMANDA ZAPACOSTA MAZALI, ANNE RUTH NINCE RAMOS MACHADO, POLLYANNA APARECIDA DE SOUZA. &#8211;\u00a0ORIENTA\u00c7\u00c3O: MS. DIEGO TARLEY FERREIRA.<\/p>\n<p>&nbsp;<\/p>\n<p>&nbsp;<\/p>\n","protected":false},"excerpt":{"rendered":"<p>1-\u00a0SENSIBILIZA\u00c7\u00c3O AMBIENTAL: UTILIZA\u00c7\u00c3O E REAPROVEITAMENTO DE MATERIAIS RECICL\u00c1VEIS GARRAFA PET. &#8211; T\u00c2NIA REGINA A. C. GODOY, VANDA C\u00c2NDIDA MARIANO. &#8211; ORIENTA\u00c7\u00c3O: MS. JULIANA RODRIGUES. 2-\u00a0IDENTIFICA\u00c7\u00c3O E AVALIA\u00c7\u00c3O DOS IMPACTOS AMBIENTAIS EM UM FRAGMENTO DO C\u00d3RREGO \u00c1GUA FRIA EM AN\u00c1POLIS-GO. &#8211;\u00a0MICHELLE PEREIRA DOS SANTOS, RENATA ASSUN\u00c7\u00c3O ROCHA SANTOS. &#8211;\u00a0ORIENTA\u00c7\u00c3O: MS. JULIANA RODRIGUES. 3-\u00a0LEVANTAMENTO DOS IMPACTOS AMBIENTAIS [&hellip;]<\/p>\n","protected":false},"author":4,"featured_media":0,"parent":2914,"menu_order":0,"comment_status":"closed","ping_status":"closed","template":"","meta":[],"_links":{"self":[{"href":"https:\/\/catolicadeanapolis.edu.br\/biblioteca\/index.php?rest_route=\/wp\/v2\/pages\/2917"}],"collection":[{"href":"https:\/\/catolicadeanapolis.edu.br\/biblioteca\/index.php?rest_route=\/wp\/v2\/pages"}],"about":[{"href":"https:\/\/catolicadeanapolis.edu.br\/biblioteca\/index.php?rest_route=\/wp\/v2\/types\/page"}],"author":[{"embeddable":true,"href":"https:\/\/catolicadeanapolis.edu.br\/biblioteca\/index.php?rest_route=\/wp\/v2\/users\/4"}],"replies":[{"embeddable":true,"href":"https:\/\/catolicadeanapolis.edu.br\/biblioteca\/index.php?rest_route=%2Fwp%2Fv2%2Fcomments&post=2917"}],"version-history":[{"count":1,"href":"https:\/\/catolicadeanapolis.edu.br\/biblioteca\/index.php?rest_route=\/wp\/v2\/pages\/2917\/revisions"}],"predecessor-version":[{"id":2918,"href":"https:\/\/catolicadeanapolis.edu.br\/biblioteca\/index.php?rest_route=\/wp\/v2\/pages\/2917\/revisions\/2918"}],"up":[{"embeddable":true,"href":"https:\/\/catolicadeanapolis.edu.br\/biblioteca\/index.php?rest_route=\/wp\/v2\/pages\/2914"}],"wp:attachment":[{"href":"https:\/\/catolicadeanapolis.edu.br\/biblioteca\/index.php?rest_route=%2Fwp%2Fv2%2Fmedia&parent=2917"}],"curies":[{"name":"wp","href":"https:\/\/api.w.org\/{rel}","templated":true}]}}