{"id":2920,"date":"2021-06-23T19:39:14","date_gmt":"2021-06-23T19:39:14","guid":{"rendered":"https:\/\/catolicadeanapolis.edu.br\/biblioteca\/?page_id=2920"},"modified":"2021-06-23T19:40:41","modified_gmt":"2021-06-23T19:40:41","slug":"gestao-auditoria-e-pericia-ambiental-2014","status":"publish","type":"page","link":"https:\/\/catolicadeanapolis.edu.br\/biblioteca\/?page_id=2920","title":{"rendered":"GEST\u00c3O AUDITORIA E PER\u00cdCIA AMBIENTAL 2014"},"content":{"rendered":"<p>1-\u00a0<a href=\"https:\/\/catolicadeanapolis.edu.br\/biblioteca\/wp-content\/uploads\/2020\/03\/LUCIMAR-CASTILHO-SILVA.pdf\">AN\u00c1LISE DA QUALIDADE DA \u00c1GUA UTILIZADA EM UMA IND\u00daSTRIA FARMAC\u00caUTICA EM AN\u00c1POLIS &#8211; GOI\u00c1S.<\/a> &#8211;\u00a0LUCIMAR CASTILHO SILVA. &#8211; ORIENTA\u00c7\u00c3O: PROF\u00ba GABRIEL TENAGLIA CARNEIRO.<\/p>\n<p>2-\u00a0<a href=\"https:\/\/catolicadeanapolis.edu.br\/biblioteca\/wp-content\/uploads\/2020\/03\/CAROLINE-DE-ALMEIDA-JANSEN.pdf\">LEVANTAMENTO DAS \u00c1REAS IRREGULARES DE DISPOSI\u00c7\u00c3O DE RES\u00cdDUOS S\u00d3LIDOS DE CONSTRU\u00c7\u00c3O CIVIL (RCC) NO MUNIC\u00cdPIO DE AN\u00c1POLIS- GO.<\/a> &#8211; CAROLINE DE ALMEIDA JANSEN. &#8211;\u00a0ORIENTA\u00c7\u00c3O: PROF\u00ba GABRIEL TENAGLIA CARNEIRO.<\/p>\n<p>3-\u00a0<a href=\"https:\/\/catolicadeanapolis.edu.br\/biblioteca\/wp-content\/uploads\/2020\/03\/CLAYTON-LOPES-DA-SILVA-ELIZABETH-DA-SILVA-COSTA-E-LUCIENE-APARECIDA-PEREIRA-DA-SILVA.pdf\">A IMPORT\u00c2NCIA DA EDUCA\u00c7\u00c3O AMBIENTAL E DO AMBIENTE LIMPO NAS ESCOLAS NA FORMA\u00c7\u00c3O DE MULTIPLICADORES SOCIOAMBIENTAIS.<\/a> &#8211; CLAYTON LOPES DA SILVA, ELIZABETH DA SILVA COSTA, LUCIENE APARECIDA PEREIRA DA SILVA. &#8211;\u00a0ORIENTA\u00c7\u00c3O: PROF\u00ba ME. DIEGO TARLEY FERREIRA NASCIMENTO.<\/p>\n<p>4-\u00a0<a href=\"https:\/\/catolicadeanapolis.edu.br\/biblioteca\/wp-content\/uploads\/2020\/03\/JORGE-ANTONIO-DO-PRADO-E-JOSE-BENEDITO-CONCEI\u00c7\u00c3O-NETO.pdf\">ESTUDO DE CASO: CRIME AMBIENTAL OCORRIDO EM UMA \u00c1REA DE PRESERVA\u00c7\u00c3O PERMANENTE DA CIDADE DE AN\u00c1POLIS.<\/a> &#8211;\u00a0JORGE ANTONIO DO PRADO, JOSE BENEDITO CONCEI\u00c7\u00c3O NETO.- ORIANTA\u00c7\u00c3O: PROF\u00aa JULIANA RODRIGUES.<\/p>\n","protected":false},"excerpt":{"rendered":"<p>1-\u00a0AN\u00c1LISE DA QUALIDADE DA \u00c1GUA UTILIZADA EM UMA IND\u00daSTRIA FARMAC\u00caUTICA EM AN\u00c1POLIS &#8211; GOI\u00c1S. &#8211;\u00a0LUCIMAR CASTILHO SILVA. &#8211; ORIENTA\u00c7\u00c3O: PROF\u00ba GABRIEL TENAGLIA CARNEIRO. 2-\u00a0LEVANTAMENTO DAS \u00c1REAS IRREGULARES DE DISPOSI\u00c7\u00c3O DE RES\u00cdDUOS S\u00d3LIDOS DE CONSTRU\u00c7\u00c3O CIVIL (RCC) NO MUNIC\u00cdPIO DE AN\u00c1POLIS- GO. &#8211; CAROLINE DE ALMEIDA JANSEN. &#8211;\u00a0ORIENTA\u00c7\u00c3O: PROF\u00ba GABRIEL TENAGLIA CARNEIRO. 3-\u00a0A IMPORT\u00c2NCIA DA EDUCA\u00c7\u00c3O [&hellip;]<\/p>\n","protected":false},"author":4,"featured_media":0,"parent":2914,"menu_order":1,"comment_status":"closed","ping_status":"closed","template":"","meta":[],"_links":{"self":[{"href":"https:\/\/catolicadeanapolis.edu.br\/biblioteca\/index.php?rest_route=\/wp\/v2\/pages\/2920"}],"collection":[{"href":"https:\/\/catolicadeanapolis.edu.br\/biblioteca\/index.php?rest_route=\/wp\/v2\/pages"}],"about":[{"href":"https:\/\/catolicadeanapolis.edu.br\/biblioteca\/index.php?rest_route=\/wp\/v2\/types\/page"}],"author":[{"embeddable":true,"href":"https:\/\/catolicadeanapolis.edu.br\/biblioteca\/index.php?rest_route=\/wp\/v2\/users\/4"}],"replies":[{"embeddable":true,"href":"https:\/\/catolicadeanapolis.edu.br\/biblioteca\/index.php?rest_route=%2Fwp%2Fv2%2Fcomments&post=2920"}],"version-history":[{"count":3,"href":"https:\/\/catolicadeanapolis.edu.br\/biblioteca\/index.php?rest_route=\/wp\/v2\/pages\/2920\/revisions"}],"predecessor-version":[{"id":2923,"href":"https:\/\/catolicadeanapolis.edu.br\/biblioteca\/index.php?rest_route=\/wp\/v2\/pages\/2920\/revisions\/2923"}],"up":[{"embeddable":true,"href":"https:\/\/catolicadeanapolis.edu.br\/biblioteca\/index.php?rest_route=\/wp\/v2\/pages\/2914"}],"wp:attachment":[{"href":"https:\/\/catolicadeanapolis.edu.br\/biblioteca\/index.php?rest_route=%2Fwp%2Fv2%2Fmedia&parent=2920"}],"curies":[{"name":"wp","href":"https:\/\/api.w.org\/{rel}","templated":true}]}}