{"id":2925,"date":"2021-06-23T20:06:54","date_gmt":"2021-06-23T20:06:54","guid":{"rendered":"https:\/\/catolicadeanapolis.edu.br\/biblioteca\/?page_id=2925"},"modified":"2021-06-23T20:06:54","modified_gmt":"2021-06-23T20:06:54","slug":"gestao-auditoria-e-pericia-ambiental-2015","status":"publish","type":"page","link":"https:\/\/catolicadeanapolis.edu.br\/biblioteca\/?page_id=2925","title":{"rendered":"GEST\u00c3O AUDITORIA E PER\u00cdCIA AMBIENTAL 2015"},"content":{"rendered":"<p>1-\u00a0<a href=\"https:\/\/catolicadeanapolis.edu.br\/biblioteca\/wp-content\/uploads\/2020\/03\/LAYARA-ROBERTA-MARQUES-SOUZA-SIQUEIRA-E-S\u00c9FORA-SILV\u00c9RIO-FACULDADE-CAT\u00d3LICA-DE-AN\u00c1POLIS.pdf\">A MICRORREGI\u00c3O DO SUDOESTE GOIANO: MUDAN\u00c7AS NO ESPA\u00c7O RURAL E URBANO OCASIONADOS PELA PRODU\u00c7\u00c3O AGR\u00cdCOLA DE 1990 A 2013.<\/a> &#8211;\u00a0LAYARA ROBERTA MARQUES SOUZA SIQUEIRA, S\u00c9FORA SILV\u00c9RIO. &#8211; ORIENTA\u00c7\u00c3O: PROF\u00ba DR. GABRIEL TENAGLIA CARNEIRO.<\/p>\n<p>2-\u00a0<a href=\"https:\/\/catolicadeanapolis.edu.br\/biblioteca\/wp-content\/uploads\/2020\/03\/JESSICA-LORRANE-MARQUES-DE-SOUSA-E-ROBERTA-ALVES-FERREIRA-DE-ARA\u00daJO-MARTINS-TCC-CD-Pronto-17-08-15-4.pdf\">PARQUES AMBIENTAIS EM AN\u00c1POLIS\/GO &#8211; ESTUDO DE CASO DO PARQUE AMBIENTAL IPIRANGA.<\/a> &#8211;\u00a0J\u00c9SSYCA LORRANE MARQUES DE SOUSA, ROBERTA ALVES FERREIRA DE ARA\u00daJO MARTINS. &#8211; ORIENTA\u00c7\u00c3O: PROF\u00aa JULIANA RODRIGUES.<\/p>\n<p>3-\u00a0<a href=\"https:\/\/catolicadeanapolis.edu.br\/biblioteca\/wp-content\/uploads\/2020\/03\/GISELE-OLIVEIRA-HUGO-REZENDE-DE-SOUZA-TEREZINHA-RUBIA-CARQUEIJA-DA-SILVA.pdf\">AN\u00c1LISE DA QUALIDADE DA \u00c1GUA DE ABASTECIMENTO DO MUNIC\u00cdPIO DE SANTA ROSA DE GOI\u00c1S &#8211; GO.<\/a> &#8211;\u00a0GISELE OLIVEIRA, HUGO REZENDE DE SOUZA, TEREZINHA RUBIA CARQUEIJA DA SILVA. &#8211;\u00a0ORIENTA\u00c7\u00c3O: PROF\u00ba DR. GABRIEL TENAGLIA CARNEIRO.<\/p>\n<p>4-\u00a0<a href=\"https:\/\/catolicadeanapolis.edu.br\/biblioteca\/wp-content\/uploads\/2020\/03\/FRANCISCA-EDILZA-LIMA-NOBRE-L\u00cdVIA-MAYARA-BANDEIRA-E-ORLANDO-MENEZES-J\u00daNIOR.-Tcc.pdf\">COMPOSTAGEM COMO ALTERNATIVA NO TRATAMENTO DE RES\u00cdDUOS INDUSTRIAIS.<\/a> &#8211; FRANCISCA EDILZA LIMA NOBRE, L\u00cdVIA MAYRA BANDEIRA, ORLANDO MENEZES J\u00daNIOR. &#8211; ORIENTA\u00c7\u00c3O: PROF\u00ba ME. DIEGO TARLEY FERREIRA.<\/p>\n<p>5-\u00a0<a href=\"https:\/\/catolicadeanapolis.edu.br\/biblioteca\/wp-content\/uploads\/2020\/03\/FERNANDA-L\u00d4BO-MATIAS-E-ANG\u00c9LIZA-DE-OLIVEIRA-VEN\u00c2NCIO-FINAL-1.pdf\">A ATIVIDADE MINER\u00c1RIA E SEUS REFLEXOS: IMPACTOS SOCIOAMBIENTAIS DAS MINAS TERRA SANTA E TE\u00d3FILO SANTA BARBARA DE GOI\u00c1S E AVELIN\u00d3POLIS -GO.<\/a> &#8211; FERNANDA L\u00d4BO MATIAS, ANG\u00c9LICA DE OLIVEIRA VEN\u00c2NCIO. &#8211; ORIENTA\u00c7\u00c3O: PROF\u00ba ME. DIEGO TARLEY FERREIRA.<\/p>\n<p>6-\u00a0<a href=\"https:\/\/catolicadeanapolis.edu.br\/biblioteca\/wp-content\/uploads\/2020\/03\/ELIANE-JAIME-PIEDADE-FERNANDA-GON\u00c7ALVES-FIGUEIREDO-E-FL\u00daVIO-COSTA-ALVES-TCC-Fluvio-PDF.pdf\">GERENCIAMENTO DOS RES\u00cdDUOS S\u00d3LIDOS DO MUNIC\u00cdPIO DE GAMELEIRA DE GOI\u00c1S-GO.<\/a> &#8211;\u00a0ELIANE JAIME PIEDADE, FERNANDA GON\u00c7ALVES FIGUEIREDO, FL\u00daVIO COSTA ALVES. &#8211;\u00a0ORIENTA\u00c7\u00c3O: PROF\u00ba DR. GABRIEL TENAGLIA CARNEIRO.<\/p>\n<p>7-\u00a0<a href=\"https:\/\/catolicadeanapolis.edu.br\/biblioteca\/wp-content\/uploads\/2020\/03\/EDNA-ALMADA-DAYANE-DE-BESSA-MORGANA-BERNARDES-E-RONALDO-RODRIGUES.-PROPOSTA-DE-RECUPERA\u00c7\u00c3O-DE-UMA-\u00c1REA-DE-PRESERVA\u00c7\u00c3O-PERMANENT.pdf\">PROPOSTA DE RECUPERA\u00c7\u00c3O DE UMA \u00c1REA DE PRESERVA\u00c7\u00c3O PERMANENTE NO BAIRRO JARDINS DO LAGO EM AN\u00c1POLIS \u2013 GOI\u00c1S.<\/a> &#8211;\u00a0EDNA ALMADA, MORGANA BERNARDES, RONALDO RODRIGUES. &#8211; ORIENTA\u00c7\u00c3O: ME. SILVIO BRAZ DE SOUSA.<\/p>\n<p>8-\u00a0<a href=\"https:\/\/catolicadeanapolis.edu.br\/biblioteca\/wp-content\/uploads\/2020\/03\/ANA-PAULA-CARDOSO-ANDRADE-DOS-REIS-SEBASTIANA-FERREIRA-DA-SILVA-E-VERA-L\u00daCIA-GON\u00c7ALVES-FERREIRA-BASTOS-TCC-HOA-26.08.15doc.pdf\">AN\u00c1LISE DO GERENCIAMENTO DE RES\u00cdDUOS DE SERVI\u00c7OS DE SA\u00daDE DO HOSPITAL OFTALMOL\u00d3GICO DE AN\u00c1POLIS-GO.<\/a> &#8211;\u00a0ANA PAULA CARDOSO ANDRADE DOS REIS, SEBASTIANA FERREIRA DA SILVA, VERA L\u00daCIA GON\u00c7ALVES FERREIRA BASTOS. &#8211;\u00a0ORIENTA\u00c7\u00c3O: PROF\u00ba DR. GABRIEL TENAGLIA CARNEIRO.<\/p>\n<p>9- <a href=\"https:\/\/catolicadeanapolis.edu.br\/biblioteca\/wp-content\/uploads\/2020\/03\/ALLISON-SOARES-DA-SILVA-F\u00c1BIO-JACINTO-DA-SILVA-E-S\u00cdLVIO-ALVES-DA-SILVA-TCC-Vers\u00e3o-Impressa-Capa-Dura-FINAL.pdf\">BIOMONITORAMENTO DA QUALIDADE DA \u00c1GUA NO RIBEIR\u00c3O DAS ANTAS, AN\u00c1POLIS \u2013 GO, COM A UTILIZA\u00c7\u00c3O DE MACROINVERTEBRADOS \u201cBENT\u00d4NICOS\u201d.<\/a> &#8211;\u00a0ALLISON SOARES DA SILVA, F\u00c1BIO JACINTO DA SILVA, S\u00cdLVIO ALVES DA SILVA.-\u00a0ORIENTA\u00c7\u00c3O: PROF\u00ba DR. GABRIEL TENAGLIA CARNEIRO.<\/p>\n<p>&nbsp;<\/p>\n<p>&nbsp;<\/p>\n<p>&nbsp;<\/p>\n","protected":false},"excerpt":{"rendered":"<p>1-\u00a0A MICRORREGI\u00c3O DO SUDOESTE GOIANO: MUDAN\u00c7AS NO ESPA\u00c7O RURAL E URBANO OCASIONADOS PELA PRODU\u00c7\u00c3O AGR\u00cdCOLA DE 1990 A 2013. &#8211;\u00a0LAYARA ROBERTA MARQUES SOUZA SIQUEIRA, S\u00c9FORA SILV\u00c9RIO. &#8211; ORIENTA\u00c7\u00c3O: PROF\u00ba DR. GABRIEL TENAGLIA CARNEIRO. 2-\u00a0PARQUES AMBIENTAIS EM AN\u00c1POLIS\/GO &#8211; ESTUDO DE CASO DO PARQUE AMBIENTAL IPIRANGA. &#8211;\u00a0J\u00c9SSYCA LORRANE MARQUES DE SOUSA, ROBERTA ALVES FERREIRA DE ARA\u00daJO [&hellip;]<\/p>\n","protected":false},"author":4,"featured_media":0,"parent":2914,"menu_order":2,"comment_status":"closed","ping_status":"closed","template":"","meta":[],"_links":{"self":[{"href":"https:\/\/catolicadeanapolis.edu.br\/biblioteca\/index.php?rest_route=\/wp\/v2\/pages\/2925"}],"collection":[{"href":"https:\/\/catolicadeanapolis.edu.br\/biblioteca\/index.php?rest_route=\/wp\/v2\/pages"}],"about":[{"href":"https:\/\/catolicadeanapolis.edu.br\/biblioteca\/index.php?rest_route=\/wp\/v2\/types\/page"}],"author":[{"embeddable":true,"href":"https:\/\/catolicadeanapolis.edu.br\/biblioteca\/index.php?rest_route=\/wp\/v2\/users\/4"}],"replies":[{"embeddable":true,"href":"https:\/\/catolicadeanapolis.edu.br\/biblioteca\/index.php?rest_route=%2Fwp%2Fv2%2Fcomments&post=2925"}],"version-history":[{"count":1,"href":"https:\/\/catolicadeanapolis.edu.br\/biblioteca\/index.php?rest_route=\/wp\/v2\/pages\/2925\/revisions"}],"predecessor-version":[{"id":2926,"href":"https:\/\/catolicadeanapolis.edu.br\/biblioteca\/index.php?rest_route=\/wp\/v2\/pages\/2925\/revisions\/2926"}],"up":[{"embeddable":true,"href":"https:\/\/catolicadeanapolis.edu.br\/biblioteca\/index.php?rest_route=\/wp\/v2\/pages\/2914"}],"wp:attachment":[{"href":"https:\/\/catolicadeanapolis.edu.br\/biblioteca\/index.php?rest_route=%2Fwp%2Fv2%2Fmedia&parent=2925"}],"curies":[{"name":"wp","href":"https:\/\/api.w.org\/{rel}","templated":true}]}}