{"id":2928,"date":"2021-06-23T20:10:46","date_gmt":"2021-06-23T20:10:46","guid":{"rendered":"https:\/\/catolicadeanapolis.edu.br\/biblioteca\/?page_id=2928"},"modified":"2021-06-23T20:10:46","modified_gmt":"2021-06-23T20:10:46","slug":"gestao-auditoria-e-pericia-ambiental-2016","status":"publish","type":"page","link":"https:\/\/catolicadeanapolis.edu.br\/biblioteca\/?page_id=2928","title":{"rendered":"GEST\u00c3O AUDITORIA E PER\u00cdCIA AMBIENTAL 2016"},"content":{"rendered":"<p>1-\u00a0<a href=\"https:\/\/catolicadeanapolis.edu.br\/biblioteca\/wp-content\/uploads\/2020\/03\/EMANUEL-PINHEIRO-DE-FARIA.pdf\">INVESTIGA\u00c7\u00c3O DE PASSIVO AMBIENTAL NO LOTEAMENTO RESIDENCIAL MORADA DOS SONHOS NO MUNIC\u00cdPIO DE NIQUEL\u00c2NDIA GO.<\/a> &#8211;\u00a0EMANUEL PINHEIRO DE FARIA. &#8211; ORIENTA\u00c7\u00c3O:\u00a0 PROF\u00aa MA. ADRIANA SOUSA NASCIMENTO \u00c1VILA.<\/p>\n<p>2-\u00a0<a href=\"https:\/\/catolicadeanapolis.edu.br\/biblioteca\/wp-content\/uploads\/2020\/03\/THAMARA-MISSEL-PEREIRA-DA-SILVA-TEODORO.pdf\">FOCOS DE QUEIMA NO BIOMA CERRADO NO PER\u00cdODO DE 2005-2016.<\/a> &#8211;\u00a0THAMARA MISSEL PEREIRA DA SILVA TEODORO. &#8211; ORIENTA\u00c7\u00c3O: PROF\u00aa ALLYNE CHAVEIRO FARINHA.<\/p>\n<p>&nbsp;<\/p>\n<p>&nbsp;<\/p>\n","protected":false},"excerpt":{"rendered":"<p>1-\u00a0INVESTIGA\u00c7\u00c3O DE PASSIVO AMBIENTAL NO LOTEAMENTO RESIDENCIAL MORADA DOS SONHOS NO MUNIC\u00cdPIO DE NIQUEL\u00c2NDIA GO. &#8211;\u00a0EMANUEL PINHEIRO DE FARIA. &#8211; ORIENTA\u00c7\u00c3O:\u00a0 PROF\u00aa MA. ADRIANA SOUSA NASCIMENTO \u00c1VILA. 2-\u00a0FOCOS DE QUEIMA NO BIOMA CERRADO NO PER\u00cdODO DE 2005-2016. &#8211;\u00a0THAMARA MISSEL PEREIRA DA SILVA TEODORO. &#8211; ORIENTA\u00c7\u00c3O: PROF\u00aa ALLYNE CHAVEIRO FARINHA. &nbsp; &nbsp;<\/p>\n","protected":false},"author":4,"featured_media":0,"parent":2914,"menu_order":3,"comment_status":"closed","ping_status":"closed","template":"","meta":[],"_links":{"self":[{"href":"https:\/\/catolicadeanapolis.edu.br\/biblioteca\/index.php?rest_route=\/wp\/v2\/pages\/2928"}],"collection":[{"href":"https:\/\/catolicadeanapolis.edu.br\/biblioteca\/index.php?rest_route=\/wp\/v2\/pages"}],"about":[{"href":"https:\/\/catolicadeanapolis.edu.br\/biblioteca\/index.php?rest_route=\/wp\/v2\/types\/page"}],"author":[{"embeddable":true,"href":"https:\/\/catolicadeanapolis.edu.br\/biblioteca\/index.php?rest_route=\/wp\/v2\/users\/4"}],"replies":[{"embeddable":true,"href":"https:\/\/catolicadeanapolis.edu.br\/biblioteca\/index.php?rest_route=%2Fwp%2Fv2%2Fcomments&post=2928"}],"version-history":[{"count":1,"href":"https:\/\/catolicadeanapolis.edu.br\/biblioteca\/index.php?rest_route=\/wp\/v2\/pages\/2928\/revisions"}],"predecessor-version":[{"id":2929,"href":"https:\/\/catolicadeanapolis.edu.br\/biblioteca\/index.php?rest_route=\/wp\/v2\/pages\/2928\/revisions\/2929"}],"up":[{"embeddable":true,"href":"https:\/\/catolicadeanapolis.edu.br\/biblioteca\/index.php?rest_route=\/wp\/v2\/pages\/2914"}],"wp:attachment":[{"href":"https:\/\/catolicadeanapolis.edu.br\/biblioteca\/index.php?rest_route=%2Fwp%2Fv2%2Fmedia&parent=2928"}],"curies":[{"name":"wp","href":"https:\/\/api.w.org\/{rel}","templated":true}]}}